{"id":2906,"date":"2025-09-01T09:56:22","date_gmt":"2025-09-01T09:56:22","guid":{"rendered":"https:\/\/www.stanleypackage.com\/?post_type=product&#038;p=2906"},"modified":"2025-09-01T09:56:27","modified_gmt":"2025-09-01T09:56:27","slug":"custom-resealable-packaging-bags","status":"publish","type":"product","link":"https:\/\/www.stanleypackage.com\/fr\/product\/custom-resealable-packaging-bags\/","title":{"rendered":"Sacs d'emballage refermables personnalis\u00e9s pour kit de soins bucco-dentaires de voyage"},"content":{"rendered":"<div class=\"wp-block-columns is-layout-flex wp-container-core-columns-is-layout-9d6595d7 wp-block-columns-is-layout-flex\">\n<div class=\"wp-block-column is-layout-flow wp-block-column-is-layout-flow\">\n<h2 class=\"wp-block-heading\">Caract\u00e9ristiques des sacs d'emballage refermables sur mesure<\/h2>\n\n\n\n<ul class=\"wp-block-list\">\n<li><strong>Pochettes debout, faciles \u00e0 pr\u00e9senter et \u00e0 ranger :<\/strong> Ces sacs d'emballage refermables personnalis\u00e9s ont une structure de base lisse, qui am\u00e9liore la pr\u00e9sentation en rayon, \u00e9conomise l'espace de stockage et facilite les ventes finales.<\/li>\n\n\n\n<li><strong>Ouverture de la fen\u00eatre : <\/strong>Nos sacs d'emballage pour kits de soins bucco-dentaires de voyage sont dot\u00e9s d'une fen\u00eatre, ce qui permet une pr\u00e9sentation claire du produit et facilite la s\u00e9lection par les clients.<\/li>\n\n\n\n<li><strong>Conception facile \u00e0 d\u00e9chirer, \u00e9quip\u00e9e d'une fermeture \u00e0 glissi\u00e8re : <\/strong>Nos sacs d'emballage refermables personnalis\u00e9s sont dot\u00e9s d'une fermeture \u00e0 glissi\u00e8re et d'un syst\u00e8me de d\u00e9chirement facile, ce qui facilite l'ouverture et permet de tirer plusieurs fois sur le sac.<\/li>\n\n\n\n<li><strong>La conception du trou de supermarch\u00e9 est pratique pour l'exposition : <\/strong>Nos sacs d'emballage de kits de soins bucco-dentaires de voyage personnalis\u00e9s sont con\u00e7us avec des trous de supermarch\u00e9, qui peuvent \u00eatre accroch\u00e9s sur les \u00e9tag\u00e8res. Cela permet non seulement de faciliter la pr\u00e9sentation, mais aussi d'\u00e9conomiser de l'espace.<\/li>\n\n\n\n<li><strong>Utiliser des mat\u00e9riaux sp\u00e9ciaux : <\/strong>Ces sacs d'emballage refermables personnalis\u00e9s sont fabriqu\u00e9s \u00e0 partir d'un film de sable dor\u00e9, qui renforce la tridimensionnalit\u00e9 m\u00e9tallique du sac et a un tr\u00e8s bon effet visuel. Ils am\u00e9liorent la qualit\u00e9 du produit et stimulent le d\u00e9sir d'achat des consommateurs.<\/li>\n\n\n\n<li><strong>Soutenir la personnalisation de la marque pour r\u00e9pondre aux divers besoins en mati\u00e8re d'emballage : <\/strong>Nos sacs d'emballage de kits de soins bucco-dentaires de voyage personnalis\u00e9s peuvent \u00eatre imprim\u00e9s en gros, avec des motifs et une capacit\u00e9 permettant de r\u00e9pondre aux besoins uniques des clients en mati\u00e8re d'emballage.<\/li>\n<\/ul>\n\n\n\n<div class=\"wp-block-columns is-layout-flex wp-container-core-columns-is-layout-9d6595d7 wp-block-columns-is-layout-flex\">\n<div class=\"wp-block-column is-layout-flow wp-block-column-is-layout-flow\">\n<figure class=\"wp-block-image size-full\"><img decoding=\"async\" width=\"750\" height=\"750\" src=\"https:\/\/www.stanleypackage.com\/wp-content\/uploads\/2025\/09\/Custom-Children-Care-Packaging-Bag-Wholesale-Stand-Up-Pouches-With-Zipper-5.jpg\" alt=\"\" class=\"wp-image-2907\" srcset=\"https:\/\/www.stanleypackage.com\/wp-content\/uploads\/2025\/09\/Custom-Children-Care-Packaging-Bag-Wholesale-Stand-Up-Pouches-With-Zipper-5.jpg 750w, https:\/\/www.stanleypackage.com\/wp-content\/uploads\/2025\/09\/Custom-Children-Care-Packaging-Bag-Wholesale-Stand-Up-Pouches-With-Zipper-5-300x300.jpg 300w, https:\/\/www.stanleypackage.com\/wp-content\/uploads\/2025\/09\/Custom-Children-Care-Packaging-Bag-Wholesale-Stand-Up-Pouches-With-Zipper-5-150x150.jpg 150w, https:\/\/www.stanleypackage.com\/wp-content\/uploads\/2025\/09\/Custom-Children-Care-Packaging-Bag-Wholesale-Stand-Up-Pouches-With-Zipper-5-12x12.jpg 12w, https:\/\/www.stanleypackage.com\/wp-content\/uploads\/2025\/09\/Custom-Children-Care-Packaging-Bag-Wholesale-Stand-Up-Pouches-With-Zipper-5-600x600.jpg 600w, https:\/\/www.stanleypackage.com\/wp-content\/uploads\/2025\/09\/Custom-Children-Care-Packaging-Bag-Wholesale-Stand-Up-Pouches-With-Zipper-5-100x100.jpg 100w\" sizes=\"(max-width: 750px) 100vw, 750px\" \/><\/figure>\n<\/div>\n\n\n\n<div class=\"wp-block-column is-layout-flow wp-block-column-is-layout-flow\">\n<figure class=\"wp-block-image size-full\"><img decoding=\"async\" width=\"750\" height=\"750\" src=\"https:\/\/www.stanleypackage.com\/wp-content\/uploads\/2025\/09\/Custom-Children-Care-Packaging-Bag-Wholesale-Stand-Up-Pouches-With-Zipper-7.jpg\" alt=\"\" class=\"wp-image-2908\" srcset=\"https:\/\/www.stanleypackage.com\/wp-content\/uploads\/2025\/09\/Custom-Children-Care-Packaging-Bag-Wholesale-Stand-Up-Pouches-With-Zipper-7.jpg 750w, https:\/\/www.stanleypackage.com\/wp-content\/uploads\/2025\/09\/Custom-Children-Care-Packaging-Bag-Wholesale-Stand-Up-Pouches-With-Zipper-7-300x300.jpg 300w, https:\/\/www.stanleypackage.com\/wp-content\/uploads\/2025\/09\/Custom-Children-Care-Packaging-Bag-Wholesale-Stand-Up-Pouches-With-Zipper-7-150x150.jpg 150w, https:\/\/www.stanleypackage.com\/wp-content\/uploads\/2025\/09\/Custom-Children-Care-Packaging-Bag-Wholesale-Stand-Up-Pouches-With-Zipper-7-12x12.jpg 12w, https:\/\/www.stanleypackage.com\/wp-content\/uploads\/2025\/09\/Custom-Children-Care-Packaging-Bag-Wholesale-Stand-Up-Pouches-With-Zipper-7-600x600.jpg 600w, https:\/\/www.stanleypackage.com\/wp-content\/uploads\/2025\/09\/Custom-Children-Care-Packaging-Bag-Wholesale-Stand-Up-Pouches-With-Zipper-7-100x100.jpg 100w\" sizes=\"(max-width: 750px) 100vw, 750px\" \/><\/figure>\n<\/div>\n<\/div>\n<\/div>\n<\/div>","protected":false},"excerpt":{"rendered":"<p>Nous vous invitons \u00e0 commander des sacs d'emballage refermables personnalis\u00e9s. Nos sacs d'emballage pour kits de soins bucco-dentaires de voyage sont dot\u00e9s d'une fen\u00eatre \u00e0 encoche facile \u00e0 d\u00e9chirer, d'une fermeture \u00e0 glissi\u00e8re et de trous de supermarch\u00e9 qui permettent une impression personnalis\u00e9e.<\/p>\n<table style=\"border-collapse: collapse; width: 327.77pt;\" border=\"0\" width=\"437\" cellspacing=\"0\" cellpadding=\"0\">\n<tbody>\n<tr style=\"height: 12.75pt;\">\n<td class=\"et2\" style=\"height: 12.75pt; width: 91.40pt;\" width=\"121\" height=\"17\">Fabricant<\/td>\n<td class=\"et2\" style=\"width: 237.00pt;\" width=\"316\">Stanley<\/td>\n<\/tr>\n<tr style=\"height: 12.75pt;\">\n<td class=\"et2\" style=\"height: 12.75pt; width: 91.40pt;\" width=\"121\" height=\"17\">Types de pochettes<\/td>\n<td class=\"et3\">Pochette de rangement, pochette \u00e0 fermeture \u00e9clair<\/td>\n<\/tr>\n<tr style=\"height: 12.75pt;\">\n<td class=\"et2\" style=\"height: 12.75pt; width: 91.40pt;\" width=\"121\" height=\"17\">Mat\u00e9riau<\/td>\n<td class=\"et2\" style=\"width: 237.00pt;\" width=\"316\">55\u03bc Golden Sand Film \/ 12\u03bc PET \/ 50\u03bc PE<\/td>\n<\/tr>\n<tr style=\"height: 12.75pt;\">\n<td class=\"et2\" style=\"height: 12.75pt; width: 91.40pt;\" width=\"121\" height=\"17\">Dossier sp\u00e9cial<\/td>\n<td class=\"et2\" style=\"width: 237.00pt;\" width=\"316\">Pochette debout, pochette \u00e0 fermeture \u00e9clair, encoche facile \u00e0 d\u00e9chirer, fen\u00eatre transparente<\/td>\n<\/tr>\n<tr style=\"height: 12.75pt;\">\n<td class=\"et2\" style=\"height: 12.75pt; width: 91.40pt;\" width=\"121\" height=\"17\">Manipulation de surface<\/td>\n<td class=\"et2\" style=\"width: 237.00pt;\" width=\"316\">Impression en h\u00e9liogravure<\/td>\n<\/tr>\n<tr style=\"height: 12.75pt;\">\n<td class=\"et2\" style=\"height: 12.75pt; width: 91.40pt;\" width=\"121\" height=\"17\">Couleur<\/td>\n<td class=\"et2\" style=\"width: 237.00pt;\" width=\"316\">Jusqu'\u00e0 10 couleurs<\/td>\n<\/tr>\n<tr style=\"height: 12.75pt;\">\n<td class=\"et2\" style=\"height: 12.75pt; width: 91.40pt;\" width=\"121\" height=\"17\">Utilisation<\/td>\n<td class=\"et3\">Kit de soins bucco-dentaires de voyage, kit de commodit\u00e9s d'h\u00f4tel, kit dentaire<\/td>\n<\/tr>\n<tr style=\"height: 12.75pt;\">\n<td class=\"et2\" style=\"height: 12.75pt; width: 91.40pt;\" width=\"121\" height=\"17\">MOQ<\/td>\n<td class=\"et2\" style=\"width: 237.00pt;\" width=\"316\">50 000 pi\u00e8ces<\/td>\n<\/tr>\n<tr style=\"height: 12.75pt;\">\n<td class=\"et2\" style=\"height: 12.75pt; width: 91.40pt;\" width=\"121\" height=\"17\">Commande personnalis\u00e9e<\/td>\n<td class=\"et2\" style=\"width: 237.00pt;\" width=\"316\">Acceptation de l'OEM, prise en charge de l'\u00e9chantillonnage gratuit<\/td>\n<\/tr>\n<\/tbody>\n<\/table>","protected":false},"featured_media":2910,"comment_status":"closed","ping_status":"closed","template":"","meta":{"_acf_changed":false},"product_brand":[],"product_cat":[18,30],"product_tag":[],"class_list":{"0":"post-2906","1":"product","2":"type-product","3":"status-publish","4":"has-post-thumbnail","6":"product_cat-zipper-pouch-manufacturer","7":"product_cat-stand-up-pouch-manufacturer","8":"pa_non-food-packaging-hotel-supplies-packaging","10":"first","11":"instock","12":"shipping-taxable","13":"product-type-simple"},"acf":[],"_links":{"self":[{"href":"https:\/\/www.stanleypackage.com\/fr\/wp-json\/wp\/v2\/product\/2906","targetHints":{"allow":["GET"]}}],"collection":[{"href":"https:\/\/www.stanleypackage.com\/fr\/wp-json\/wp\/v2\/product"}],"about":[{"href":"https:\/\/www.stanleypackage.com\/fr\/wp-json\/wp\/v2\/types\/product"}],"replies":[{"embeddable":true,"href":"https:\/\/www.stanleypackage.com\/fr\/wp-json\/wp\/v2\/comments?post=2906"}],"wp:featuredmedia":[{"embeddable":true,"href":"https:\/\/www.stanleypackage.com\/fr\/wp-json\/wp\/v2\/media\/2910"}],"wp:attachment":[{"href":"https:\/\/www.stanleypackage.com\/fr\/wp-json\/wp\/v2\/media?parent=2906"}],"wp:term":[{"taxonomy":"product_brand","embeddable":true,"href":"https:\/\/www.stanleypackage.com\/fr\/wp-json\/wp\/v2\/product_brand?post=2906"},{"taxonomy":"product_cat","embeddable":true,"href":"https:\/\/www.stanleypackage.com\/fr\/wp-json\/wp\/v2\/product_cat?post=2906"},{"taxonomy":"product_tag","embeddable":true,"href":"https:\/\/www.stanleypackage.com\/fr\/wp-json\/wp\/v2\/product_tag?post=2906"}],"curies":[{"name":"wp","href":"https:\/\/api.w.org\/{rel}","templated":true}]}}