{"id":2921,"date":"2025-09-09T07:11:06","date_gmt":"2025-09-09T07:11:06","guid":{"rendered":"https:\/\/www.stanleypackage.com\/?post_type=product&#038;p=2921"},"modified":"2025-09-09T07:11:13","modified_gmt":"2025-09-09T07:11:13","slug":"hotel-amenities-packaging","status":"publish","type":"product","link":"https:\/\/www.stanleypackage.com\/fr\/product\/hotel-amenities-packaging\/","title":{"rendered":"Emballage personnalis\u00e9 pour peignes \u00e0 cheveux et cotons-tiges dans l'h\u00f4tellerie"},"content":{"rendered":"<div class=\"wp-block-columns is-layout-flex wp-container-core-columns-is-layout-9d6595d7 wp-block-columns-is-layout-flex\">\n<div class=\"wp-block-column is-layout-flow wp-block-column-is-layout-flow\">\n<h2 class=\"wp-block-heading\">Caract\u00e9ristiques de l'emballage des \u00e9quipements h\u00f4teliers sur mesure<\/h2>\n\n\n\n<ul class=\"wp-block-list\">\n<li><strong>Bords rugueux pour le pressage, garantissant la qualit\u00e9 :<\/strong> Les motifs d'emballage de nos emballages d'\u00e9quipements h\u00f4teliers personnalis\u00e9s ont des bords lisses et ne sont pas susceptibles de se fissurer, ce qui garantit la qualit\u00e9 de nos produits.<\/li>\n\n\n\n<li><strong>La conception de la d\u00e9chirure facilite l'ouverture : <\/strong>Nos emballages de produits h\u00f4teliers personnalis\u00e9s sont dot\u00e9s d'une encoche facile \u00e0 d\u00e9chirer, les consommateurs peuvent facilement ouvrir l'emballage sans ciseaux ou autres outils, et l'exp\u00e9rience d'utilisation est plus pratique.<\/li>\n\n\n\n<li><strong>Emballage compact, facile \u00e0 transporter :<\/strong> Notre emballage en gros sous forme de pochette scell\u00e9e sur trois c\u00f4t\u00e9s est compact. Que vous voyagiez ou que vous partiez en voyage, il est tr\u00e8s portable et ne prend pas beaucoup de place lorsqu'il est plac\u00e9 dans un sac.<\/li>\n\n\n\n<li><strong>Remplissage par le bas pour am\u00e9liorer l'efficacit\u00e9 : <\/strong>La m\u00e9thode de remplissage par le bas de cette pochette scell\u00e9e sur trois c\u00f4t\u00e9s convient aux \u00e9quipements d'emballage automatiques, ce qui am\u00e9liore l'efficacit\u00e9 de la production et r\u00e9duit les co\u00fbts de main-d'\u0153uvre.<\/li>\n\n\n\n<li><strong>Prise en charge de l'impression et des sp\u00e9cifications personnalis\u00e9es<\/strong>: Nos emballages de produits h\u00f4teliers personnalis\u00e9s peuvent adapter la taille du sac et le contenu de l'impression aux besoins de la marque afin d'am\u00e9liorer la reconnaissance de la marque et la comp\u00e9titivit\u00e9 sur le march\u00e9.<\/li>\n<\/ul>\n\n\n\n<div class=\"wp-block-columns is-layout-flex wp-container-core-columns-is-layout-9d6595d7 wp-block-columns-is-layout-flex\">\n<div class=\"wp-block-column is-layout-flow wp-block-column-is-layout-flow\">\n<figure class=\"wp-block-image size-full\"><img decoding=\"async\" width=\"750\" height=\"750\" src=\"https:\/\/www.stanleypackage.com\/wp-content\/uploads\/2025\/09\/Customized-Hotel-Product-Packaging-Bag-Wholesale-Three-sided-Sealing-Pouch-4.jpg\" alt=\"\" class=\"wp-image-2922\" srcset=\"https:\/\/www.stanleypackage.com\/wp-content\/uploads\/2025\/09\/Customized-Hotel-Product-Packaging-Bag-Wholesale-Three-sided-Sealing-Pouch-4.jpg 750w, https:\/\/www.stanleypackage.com\/wp-content\/uploads\/2025\/09\/Customized-Hotel-Product-Packaging-Bag-Wholesale-Three-sided-Sealing-Pouch-4-300x300.jpg 300w, https:\/\/www.stanleypackage.com\/wp-content\/uploads\/2025\/09\/Customized-Hotel-Product-Packaging-Bag-Wholesale-Three-sided-Sealing-Pouch-4-150x150.jpg 150w, https:\/\/www.stanleypackage.com\/wp-content\/uploads\/2025\/09\/Customized-Hotel-Product-Packaging-Bag-Wholesale-Three-sided-Sealing-Pouch-4-12x12.jpg 12w, https:\/\/www.stanleypackage.com\/wp-content\/uploads\/2025\/09\/Customized-Hotel-Product-Packaging-Bag-Wholesale-Three-sided-Sealing-Pouch-4-600x600.jpg 600w, https:\/\/www.stanleypackage.com\/wp-content\/uploads\/2025\/09\/Customized-Hotel-Product-Packaging-Bag-Wholesale-Three-sided-Sealing-Pouch-4-100x100.jpg 100w\" sizes=\"(max-width: 750px) 100vw, 750px\" \/><\/figure>\n<\/div>\n\n\n\n<div class=\"wp-block-column is-layout-flow wp-block-column-is-layout-flow\">\n<figure class=\"wp-block-image size-full\"><img decoding=\"async\" width=\"750\" height=\"750\" src=\"https:\/\/www.stanleypackage.com\/wp-content\/uploads\/2025\/09\/Customized-Hotel-Product-Packaging-Bag-Wholesale-Three-sided-Sealing-Pouch-5.jpg\" alt=\"\" class=\"wp-image-2923\" srcset=\"https:\/\/www.stanleypackage.com\/wp-content\/uploads\/2025\/09\/Customized-Hotel-Product-Packaging-Bag-Wholesale-Three-sided-Sealing-Pouch-5.jpg 750w, https:\/\/www.stanleypackage.com\/wp-content\/uploads\/2025\/09\/Customized-Hotel-Product-Packaging-Bag-Wholesale-Three-sided-Sealing-Pouch-5-300x300.jpg 300w, https:\/\/www.stanleypackage.com\/wp-content\/uploads\/2025\/09\/Customized-Hotel-Product-Packaging-Bag-Wholesale-Three-sided-Sealing-Pouch-5-150x150.jpg 150w, https:\/\/www.stanleypackage.com\/wp-content\/uploads\/2025\/09\/Customized-Hotel-Product-Packaging-Bag-Wholesale-Three-sided-Sealing-Pouch-5-12x12.jpg 12w, https:\/\/www.stanleypackage.com\/wp-content\/uploads\/2025\/09\/Customized-Hotel-Product-Packaging-Bag-Wholesale-Three-sided-Sealing-Pouch-5-600x600.jpg 600w, https:\/\/www.stanleypackage.com\/wp-content\/uploads\/2025\/09\/Customized-Hotel-Product-Packaging-Bag-Wholesale-Three-sided-Sealing-Pouch-5-100x100.jpg 100w\" sizes=\"(max-width: 750px) 100vw, 750px\" \/><\/figure>\n<\/div>\n<\/div>\n<\/div>\n<\/div>","protected":false},"excerpt":{"rendered":"<p>Nous vous invitons \u00e0 commander des emballages de produits h\u00f4teliers personnalis\u00e9s. Nos sachets scell\u00e9s sur trois c\u00f4t\u00e9s sont dot\u00e9s d'une encoche facile \u00e0 d\u00e9chirer et les bords sont lisses et plats, ce qui garantit la qualit\u00e9. En outre, nous pouvons personnaliser les sacs d'emballage de diff\u00e9rentes sp\u00e9cifications, couleurs et formes en fonction des exigences des clients.<\/p>\n<table style=\"border-collapse: collapse; width: 365.02pt;\" border=\"0\" width=\"365\" cellspacing=\"0\" cellpadding=\"0\">\n<tbody>\n<tr style=\"height: 16.00pt;\">\n<td class=\"et2\" style=\"height: 16.00pt; width: 97.50pt;\" width=\"97\" height=\"16\">Fabricant<\/td>\n<td class=\"et2\" style=\"width: 267.50pt;\" width=\"267\">Stanley<\/td>\n<\/tr>\n<tr style=\"height: 16.00pt;\">\n<td class=\"et2\" style=\"height: 16.00pt; width: 97.50pt;\" width=\"97\" height=\"16\">Types de pochettes<\/td>\n<td class=\"et3\">Pochette scell\u00e9e sur trois c\u00f4t\u00e9s<\/td>\n<\/tr>\n<tr style=\"height: 16.00pt;\">\n<td class=\"et2\" style=\"height: 16.00pt; width: 97.50pt;\" width=\"97\" height=\"16\">Mat\u00e9riau<\/td>\n<td class=\"et2\" style=\"width: 267.50pt;\" width=\"267\">Laser PET12\/VMPET12\/PE56 (effet 3D))<\/td>\n<\/tr>\n<tr style=\"height: 16.00pt;\">\n<td class=\"et2\" style=\"height: 16.00pt; width: 97.50pt;\" width=\"97\" height=\"16\">Dossier sp\u00e9cial<\/td>\n<td class=\"et2\" style=\"width: 267.50pt;\" width=\"267\">Encoche de d\u00e9chirure, remplissage du fond<\/td>\n<\/tr>\n<tr style=\"height: 16.00pt;\">\n<td class=\"et2\" style=\"height: 16.00pt; width: 97.50pt;\" width=\"97\" height=\"16\">Manipulation de surface<\/td>\n<td class=\"et2\" style=\"width: 267.50pt;\" width=\"267\">Impression en h\u00e9liogravure<\/td>\n<\/tr>\n<tr style=\"height: 16.00pt;\">\n<td class=\"et2\" style=\"height: 16.00pt; width: 97.50pt;\" width=\"97\" height=\"16\">Couleur<\/td>\n<td class=\"et2\" style=\"width: 267.50pt;\" width=\"267\">Impression recto-verso, jusqu'\u00e0 10 couleurs<\/td>\n<\/tr>\n<tr style=\"height: 16.00pt;\">\n<td class=\"et2\" style=\"height: 16.00pt; width: 97.50pt;\" width=\"97\" height=\"16\">Utilisation<\/td>\n<td class=\"et2\" style=\"width: 267.50pt;\" width=\"267\">peigne, coton-tige, cure-dents<\/td>\n<\/tr>\n<tr style=\"height: 16.00pt;\">\n<td class=\"et2\" style=\"height: 16.00pt; width: 97.50pt;\" width=\"97\" height=\"16\">MOQ<\/td>\n<td class=\"et2\" style=\"width: 267.50pt;\" width=\"267\">50 000 pi\u00e8ces<\/td>\n<\/tr>\n<tr style=\"height: 16.00pt;\">\n<td class=\"et2\" style=\"height: 16.00pt; width: 97.50pt;\" width=\"97\" height=\"16\">Commande personnalis\u00e9e<\/td>\n<td class=\"et2\" style=\"width: 267.50pt;\" width=\"267\">Acceptation de l'OEM, prise en charge de l'\u00e9chantillonnage gratuit<\/td>\n<\/tr>\n<\/tbody>\n<\/table>\n<p>&nbsp;<\/p>","protected":false},"featured_media":2924,"comment_status":"closed","ping_status":"closed","template":"","meta":{"_acf_changed":false},"product_brand":[],"product_cat":[31,28],"product_tag":[],"class_list":{"0":"post-2921","1":"product","2":"type-product","3":"status-publish","4":"has-post-thumbnail","6":"product_cat-lay-flat-pouch-manufacturer","7":"product_cat-three-side-seal-pouch-manufacturer","8":"pa_non-food-packaging-hotel-supplies-packaging","10":"first","11":"instock","12":"shipping-taxable","13":"product-type-simple"},"acf":[],"_links":{"self":[{"href":"https:\/\/www.stanleypackage.com\/fr\/wp-json\/wp\/v2\/product\/2921","targetHints":{"allow":["GET"]}}],"collection":[{"href":"https:\/\/www.stanleypackage.com\/fr\/wp-json\/wp\/v2\/product"}],"about":[{"href":"https:\/\/www.stanleypackage.com\/fr\/wp-json\/wp\/v2\/types\/product"}],"replies":[{"embeddable":true,"href":"https:\/\/www.stanleypackage.com\/fr\/wp-json\/wp\/v2\/comments?post=2921"}],"wp:featuredmedia":[{"embeddable":true,"href":"https:\/\/www.stanleypackage.com\/fr\/wp-json\/wp\/v2\/media\/2924"}],"wp:attachment":[{"href":"https:\/\/www.stanleypackage.com\/fr\/wp-json\/wp\/v2\/media?parent=2921"}],"wp:term":[{"taxonomy":"product_brand","embeddable":true,"href":"https:\/\/www.stanleypackage.com\/fr\/wp-json\/wp\/v2\/product_brand?post=2921"},{"taxonomy":"product_cat","embeddable":true,"href":"https:\/\/www.stanleypackage.com\/fr\/wp-json\/wp\/v2\/product_cat?post=2921"},{"taxonomy":"product_tag","embeddable":true,"href":"https:\/\/www.stanleypackage.com\/fr\/wp-json\/wp\/v2\/product_tag?post=2921"}],"curies":[{"name":"wp","href":"https:\/\/api.w.org\/{rel}","templated":true}]}}