{"id":2930,"date":"2025-09-15T06:27:17","date_gmt":"2025-09-15T06:27:17","guid":{"rendered":"https:\/\/www.stanleypackage.com\/?post_type=product&#038;p=2930"},"modified":"2025-09-15T06:27:24","modified_gmt":"2025-09-15T06:27:24","slug":"three-side-seal-pouch","status":"publish","type":"product","link":"https:\/\/www.stanleypackage.com\/fr\/product\/three-side-seal-pouch\/","title":{"rendered":"Pochette \u00e0 sceller imprim\u00e9e sur trois c\u00f4t\u00e9s pour trousse de toilette d'h\u00f4tel"},"content":{"rendered":"<div class=\"wp-block-columns is-layout-flex wp-container-core-columns-is-layout-9d6595d7 wp-block-columns-is-layout-flex\">\n<div class=\"wp-block-column is-layout-flow wp-block-column-is-layout-flow\">\n<h2 class=\"wp-block-heading\">Caract\u00e9ristiques de la pochette scell\u00e9e \u00e0 trois c\u00f4t\u00e9s imprim\u00e9e sur mesure<\/h2>\n\n\n\n<ul class=\"wp-block-list\">\n<li><strong>Bords rugueux pour le pressage, garantissant la qualit\u00e9 : <\/strong>Les mod\u00e8les d'emballage de notre pochette personnalis\u00e9e \u00e0 trois c\u00f4t\u00e9s pour trousse de toilette d'h\u00f4tel ont des bords lisses et ne sont pas susceptibles de se fissurer, ce qui garantit la qualit\u00e9 de nos produits.<\/li>\n\n\n\n<li><strong>La conception de la d\u00e9chirure facilite l'ouverture : <\/strong>Nos emballages de produits h\u00f4teliers en gros sont con\u00e7us avec une encoche facile \u00e0 d\u00e9chirer, les consommateurs peuvent facilement d\u00e9chirer l'emballage sans ciseaux ou autres outils, et l'exp\u00e9rience d'utilisation est plus pratique.<\/li>\n\n\n\n<li><strong>Emballage compact, facile \u00e0 transporter :<\/strong> Notre pochette \u00e0 trois fermetures lat\u00e9rales est compacte. Que vous voyagiez ou que vous partiez en voyage, elle est tr\u00e8s portable et ne prend pas beaucoup de place lorsqu'elle est plac\u00e9e dans un sac.<\/li>\n\n\n\n<li><strong>Un motif transparent sur une face :<\/strong> Notre pochette scell\u00e9e sur trois c\u00f4t\u00e9s pour trousse de toilette d'h\u00f4tel est transparente, ce qui permet de pr\u00e9senter les produits \u00e0 l'int\u00e9rieur et de faciliter le choix des clients.<\/li>\n\n\n\n<li><strong>Prise en charge de l'impression et des sp\u00e9cifications personnalis\u00e9es : <\/strong>Nos emballages de produits h\u00f4teliers en gros peuvent personnaliser la taille du sac et le contenu de l'impression en fonction des besoins de la marque afin d'am\u00e9liorer la reconnaissance de la marque et la comp\u00e9titivit\u00e9 sur le march\u00e9.<\/li>\n<\/ul>\n\n\n\n<div class=\"wp-block-columns is-layout-flex wp-container-core-columns-is-layout-9d6595d7 wp-block-columns-is-layout-flex\">\n<div class=\"wp-block-column is-layout-flow wp-block-column-is-layout-flow\">\n<figure class=\"wp-block-image size-full\"><img decoding=\"async\" width=\"750\" height=\"750\" src=\"https:\/\/www.stanleypackage.com\/wp-content\/uploads\/2025\/09\/Customized-Three-sided-Sealing-Pouch-Wholesale-Hotel-Product-Packaging-Bag-2.jpg\" alt=\"Pochette \u00e0 sceller imprim\u00e9e sur trois c\u00f4t\u00e9s pour trousse de toilette d&#039;h\u00f4tel\" class=\"wp-image-2935\" srcset=\"https:\/\/www.stanleypackage.com\/wp-content\/uploads\/2025\/09\/Customized-Three-sided-Sealing-Pouch-Wholesale-Hotel-Product-Packaging-Bag-2.jpg 750w, https:\/\/www.stanleypackage.com\/wp-content\/uploads\/2025\/09\/Customized-Three-sided-Sealing-Pouch-Wholesale-Hotel-Product-Packaging-Bag-2-300x300.jpg 300w, https:\/\/www.stanleypackage.com\/wp-content\/uploads\/2025\/09\/Customized-Three-sided-Sealing-Pouch-Wholesale-Hotel-Product-Packaging-Bag-2-150x150.jpg 150w, https:\/\/www.stanleypackage.com\/wp-content\/uploads\/2025\/09\/Customized-Three-sided-Sealing-Pouch-Wholesale-Hotel-Product-Packaging-Bag-2-12x12.jpg 12w, https:\/\/www.stanleypackage.com\/wp-content\/uploads\/2025\/09\/Customized-Three-sided-Sealing-Pouch-Wholesale-Hotel-Product-Packaging-Bag-2-600x600.jpg 600w, https:\/\/www.stanleypackage.com\/wp-content\/uploads\/2025\/09\/Customized-Three-sided-Sealing-Pouch-Wholesale-Hotel-Product-Packaging-Bag-2-100x100.jpg 100w\" sizes=\"(max-width: 750px) 100vw, 750px\" \/><\/figure>\n<\/div>\n\n\n\n<div class=\"wp-block-column is-layout-flow wp-block-column-is-layout-flow\">\n<figure class=\"wp-block-image size-full\"><img decoding=\"async\" width=\"750\" height=\"750\" src=\"https:\/\/www.stanleypackage.com\/wp-content\/uploads\/2025\/09\/Customized-Three-sided-Sealing-Pouch-Wholesale-Hotel-Product-Packaging-Bag.jpg\" alt=\"\" class=\"wp-image-2932\" srcset=\"https:\/\/www.stanleypackage.com\/wp-content\/uploads\/2025\/09\/Customized-Three-sided-Sealing-Pouch-Wholesale-Hotel-Product-Packaging-Bag.jpg 750w, https:\/\/www.stanleypackage.com\/wp-content\/uploads\/2025\/09\/Customized-Three-sided-Sealing-Pouch-Wholesale-Hotel-Product-Packaging-Bag-300x300.jpg 300w, https:\/\/www.stanleypackage.com\/wp-content\/uploads\/2025\/09\/Customized-Three-sided-Sealing-Pouch-Wholesale-Hotel-Product-Packaging-Bag-150x150.jpg 150w, https:\/\/www.stanleypackage.com\/wp-content\/uploads\/2025\/09\/Customized-Three-sided-Sealing-Pouch-Wholesale-Hotel-Product-Packaging-Bag-12x12.jpg 12w, https:\/\/www.stanleypackage.com\/wp-content\/uploads\/2025\/09\/Customized-Three-sided-Sealing-Pouch-Wholesale-Hotel-Product-Packaging-Bag-600x600.jpg 600w, https:\/\/www.stanleypackage.com\/wp-content\/uploads\/2025\/09\/Customized-Three-sided-Sealing-Pouch-Wholesale-Hotel-Product-Packaging-Bag-100x100.jpg 100w\" sizes=\"(max-width: 750px) 100vw, 750px\" \/><\/figure>\n<\/div>\n<\/div>\n<\/div>\n<\/div>","protected":false},"excerpt":{"rendered":"<p>Vous recherchez une pochette \u00e0 trois soudures personnalis\u00e9e pour les trousses de toilette d'h\u00f4tel ? Nos pochettes imprim\u00e9es personnalis\u00e9es sont dot\u00e9es d'encoches faciles \u00e0 d\u00e9chirer, d'une fen\u00eatre transparente et de bords lisses et plats, gages de qualit\u00e9. Nous proposons des pochettes souples personnalis\u00e9es de diff\u00e9rentes sp\u00e9cifications, couleurs et formes en fonction des besoins du client.<\/p>\n<table style=\"border-collapse: collapse; width: 365.02pt;\" border=\"0\" width=\"365\" cellspacing=\"0\" cellpadding=\"0\">\n<tbody>\n<tr style=\"height: 16.00pt;\">\n<td class=\"et2\" style=\"height: 16.00pt; width: 97.50pt;\" width=\"97\" height=\"16\">Fabricant<\/td>\n<td class=\"et2\" style=\"width: 267.50pt;\" width=\"267\">Stanley<\/td>\n<\/tr>\n<tr style=\"height: 16.00pt;\">\n<td class=\"et2\" style=\"height: 16.00pt; width: 97.50pt;\" width=\"97\" height=\"16\">Types de pochettes<\/td>\n<td class=\"et3\">Pochette \u00e0 sceller sur trois c\u00f4t\u00e9s<\/td>\n<\/tr>\n<tr style=\"height: 16.00pt;\">\n<td class=\"et2\" style=\"height: 16.00pt; width: 97.50pt;\" width=\"97\" height=\"16\">Mat\u00e9riau<\/td>\n<td class=\"et2\" style=\"width: 267.50pt;\" width=\"267\">Papier kraft 32g \/ CPP20<\/td>\n<\/tr>\n<tr style=\"height: 16.00pt;\">\n<td class=\"et2\" style=\"height: 16.00pt; width: 97.50pt;\" width=\"97\" height=\"16\">Dossier sp\u00e9cial<\/td>\n<td class=\"et2\" style=\"width: 267.50pt;\" width=\"267\">Encoche de d\u00e9chirure, fen\u00eatre transparente<\/td>\n<\/tr>\n<tr style=\"height: 16.00pt;\">\n<td class=\"et2\" style=\"height: 16.00pt; width: 97.50pt;\" width=\"97\" height=\"16\">Manipulation de surface<\/td>\n<td class=\"et2\" style=\"width: 267.50pt;\" width=\"267\">Impression en h\u00e9liogravure<\/td>\n<\/tr>\n<tr style=\"height: 16.00pt;\">\n<td class=\"et2\" style=\"height: 16.00pt; width: 97.50pt;\" width=\"97\" height=\"16\">Couleur<\/td>\n<td class=\"et2\" style=\"width: 267.50pt;\" width=\"267\">Impression recto-verso, jusqu'\u00e0 10 couleurs<\/td>\n<\/tr>\n<tr style=\"height: 16.00pt;\">\n<td class=\"et2\" style=\"height: 16.00pt; width: 97.50pt;\" width=\"97\" height=\"16\">Utilisation<\/td>\n<td class=\"et2\" style=\"width: 267.50pt;\" width=\"267\">Peigne \u00e0 cheveux, coton-tige, coton-tige, brosse \u00e0 dents, rasoir<\/td>\n<\/tr>\n<tr style=\"height: 16.00pt;\">\n<td class=\"et2\" style=\"height: 16.00pt; width: 97.50pt;\" width=\"97\" height=\"16\">MOQ<\/td>\n<td class=\"et2\" style=\"width: 267.50pt;\" width=\"267\">50 000 pi\u00e8ces<\/td>\n<\/tr>\n<tr style=\"height: 16.00pt;\">\n<td class=\"et2\" style=\"height: 16.00pt; width: 97.50pt;\" width=\"97\" height=\"16\">Commande personnalis\u00e9e<\/td>\n<td class=\"et2\" style=\"width: 267.50pt;\" width=\"267\">Acceptation de l'OEM, prise en charge de l'\u00e9chantillonnage gratuit<\/td>\n<\/tr>\n<\/tbody>\n<\/table>\n<p>&nbsp;<\/p>","protected":false},"featured_media":2934,"comment_status":"closed","ping_status":"closed","template":"","meta":{"_acf_changed":false},"product_brand":[],"product_cat":[31,28],"product_tag":[],"class_list":{"0":"post-2930","1":"product","2":"type-product","3":"status-publish","4":"has-post-thumbnail","6":"product_cat-lay-flat-pouch-manufacturer","7":"product_cat-three-side-seal-pouch-manufacturer","8":"pa_non-food-packaging-hotel-supplies-packaging","10":"first","11":"instock","12":"shipping-taxable","13":"product-type-simple"},"acf":[],"_links":{"self":[{"href":"https:\/\/www.stanleypackage.com\/fr\/wp-json\/wp\/v2\/product\/2930","targetHints":{"allow":["GET"]}}],"collection":[{"href":"https:\/\/www.stanleypackage.com\/fr\/wp-json\/wp\/v2\/product"}],"about":[{"href":"https:\/\/www.stanleypackage.com\/fr\/wp-json\/wp\/v2\/types\/product"}],"replies":[{"embeddable":true,"href":"https:\/\/www.stanleypackage.com\/fr\/wp-json\/wp\/v2\/comments?post=2930"}],"wp:featuredmedia":[{"embeddable":true,"href":"https:\/\/www.stanleypackage.com\/fr\/wp-json\/wp\/v2\/media\/2934"}],"wp:attachment":[{"href":"https:\/\/www.stanleypackage.com\/fr\/wp-json\/wp\/v2\/media?parent=2930"}],"wp:term":[{"taxonomy":"product_brand","embeddable":true,"href":"https:\/\/www.stanleypackage.com\/fr\/wp-json\/wp\/v2\/product_brand?post=2930"},{"taxonomy":"product_cat","embeddable":true,"href":"https:\/\/www.stanleypackage.com\/fr\/wp-json\/wp\/v2\/product_cat?post=2930"},{"taxonomy":"product_tag","embeddable":true,"href":"https:\/\/www.stanleypackage.com\/fr\/wp-json\/wp\/v2\/product_tag?post=2930"}],"curies":[{"name":"wp","href":"https:\/\/api.w.org\/{rel}","templated":true}]}}