{"id":2936,"date":"2025-09-15T06:08:20","date_gmt":"2025-09-15T06:08:20","guid":{"rendered":"https:\/\/www.stanleypackage.com\/?post_type=product&#038;p=2936"},"modified":"2025-09-15T06:12:41","modified_gmt":"2025-09-15T06:12:41","slug":"custom-stand-up-pouch-packaging","status":"publish","type":"product","link":"https:\/\/www.stanleypackage.com\/fr\/product\/custom-stand-up-pouch-packaging\/","title":{"rendered":"Sacs d'emballage personnalis\u00e9s pour kits dentaires pour enfants"},"content":{"rendered":"<div class=\"wp-block-columns is-layout-flex wp-container-core-columns-is-layout-9d6595d7 wp-block-columns-is-layout-flex\">\n<div class=\"wp-block-column is-layout-flow wp-block-column-is-layout-flow\">\n<h2 class=\"wp-block-heading\">Caract\u00e9ristiques de l'emballage de pochettes sur mesure<\/h2>\n\n\n\n<ul class=\"wp-block-list\">\n<li><strong>Conception 3D des bords lat\u00e9raux : <\/strong>Le c\u00f4t\u00e9 de notre emballage en pochette sur pied personnalis\u00e9e adopte un design 3D, ce qui donne \u00e0 notre emballage un aspect plus tridimensionnel et plus beau, attirant ainsi l'attention des clients.<\/li>\n\n\n\n<li><strong>Conception du fond stable : <\/strong>Ces sacs scell\u00e9s sur 8 c\u00f4t\u00e9s garantissent une position stable sur les \u00e9tag\u00e8res ou les pr\u00e9sentoirs, am\u00e9liorant ainsi l'apparence des \u00e9tag\u00e8res tout en maximisant la capacit\u00e9 interne.<\/li>\n\n\n\n<li><strong>Construction polyvalente et pratique :<\/strong> Notre emballage en pochette sur pied personnalis\u00e9e est \u00e9quip\u00e9 d'une encoche facile \u00e0 d\u00e9chirer qui permet aux consommateurs de l'ouvrir facilement, et le trou de suspension permet de le suspendre pour l'exposer.<\/li>\n\n\n\n<li><strong>Prise en charge de la personnalisation de la taille et de la marque :\u00a0<\/strong>Nos sacs scell\u00e9s \u00e0 8 c\u00f4t\u00e9s peuvent \u00eatre personnalis\u00e9s en termes de taille, de motif d'impression et de type de sac en fonction des exigences du produit afin de cr\u00e9er une solution d'emballage unique pour la marque.<\/li>\n\n\n\n<li><strong>Forme et effet sp\u00e9ciaux :<\/strong> Nos emballages en gros de sachets debout personnalis\u00e9s offrent la possibilit\u00e9 de personnaliser la forme des sachets ainsi que les effets d'impression, tels que les UV, les effets mats, les effets brillants, etc.<\/li>\n<\/ul>\n\n\n\n<div class=\"wp-block-columns is-layout-flex wp-container-core-columns-is-layout-9d6595d7 wp-block-columns-is-layout-flex\">\n<div class=\"wp-block-column is-layout-flow wp-block-column-is-layout-flow\">\n<figure class=\"wp-block-image size-full\"><img decoding=\"async\" width=\"750\" height=\"750\" src=\"https:\/\/www.stanleypackage.com\/wp-content\/uploads\/2025\/09\/Custom-Stand-Up-Pouch-Packaging-Wholesale-Childrens-Toiletries-8-Side-Sealed-Bag-2.jpg\" alt=\"\" class=\"wp-image-2990\" srcset=\"https:\/\/www.stanleypackage.com\/wp-content\/uploads\/2025\/09\/Custom-Stand-Up-Pouch-Packaging-Wholesale-Childrens-Toiletries-8-Side-Sealed-Bag-2.jpg 750w, https:\/\/www.stanleypackage.com\/wp-content\/uploads\/2025\/09\/Custom-Stand-Up-Pouch-Packaging-Wholesale-Childrens-Toiletries-8-Side-Sealed-Bag-2-300x300.jpg 300w, https:\/\/www.stanleypackage.com\/wp-content\/uploads\/2025\/09\/Custom-Stand-Up-Pouch-Packaging-Wholesale-Childrens-Toiletries-8-Side-Sealed-Bag-2-150x150.jpg 150w, https:\/\/www.stanleypackage.com\/wp-content\/uploads\/2025\/09\/Custom-Stand-Up-Pouch-Packaging-Wholesale-Childrens-Toiletries-8-Side-Sealed-Bag-2-12x12.jpg 12w, https:\/\/www.stanleypackage.com\/wp-content\/uploads\/2025\/09\/Custom-Stand-Up-Pouch-Packaging-Wholesale-Childrens-Toiletries-8-Side-Sealed-Bag-2-600x600.jpg 600w, https:\/\/www.stanleypackage.com\/wp-content\/uploads\/2025\/09\/Custom-Stand-Up-Pouch-Packaging-Wholesale-Childrens-Toiletries-8-Side-Sealed-Bag-2-100x100.jpg 100w\" sizes=\"(max-width: 750px) 100vw, 750px\" \/><\/figure>\n<\/div>\n\n\n\n<div class=\"wp-block-column is-layout-flow wp-block-column-is-layout-flow\">\n<figure class=\"wp-block-image size-full\"><img decoding=\"async\" width=\"750\" height=\"750\" src=\"https:\/\/www.stanleypackage.com\/wp-content\/uploads\/2025\/09\/Custom-Stand-Up-Pouch-Packaging-Wholesale-Childrens-Toiletries-8-Side-Sealed-Bag-5.jpg\" alt=\"\" class=\"wp-image-2991\" srcset=\"https:\/\/www.stanleypackage.com\/wp-content\/uploads\/2025\/09\/Custom-Stand-Up-Pouch-Packaging-Wholesale-Childrens-Toiletries-8-Side-Sealed-Bag-5.jpg 750w, https:\/\/www.stanleypackage.com\/wp-content\/uploads\/2025\/09\/Custom-Stand-Up-Pouch-Packaging-Wholesale-Childrens-Toiletries-8-Side-Sealed-Bag-5-300x300.jpg 300w, https:\/\/www.stanleypackage.com\/wp-content\/uploads\/2025\/09\/Custom-Stand-Up-Pouch-Packaging-Wholesale-Childrens-Toiletries-8-Side-Sealed-Bag-5-150x150.jpg 150w, https:\/\/www.stanleypackage.com\/wp-content\/uploads\/2025\/09\/Custom-Stand-Up-Pouch-Packaging-Wholesale-Childrens-Toiletries-8-Side-Sealed-Bag-5-12x12.jpg 12w, https:\/\/www.stanleypackage.com\/wp-content\/uploads\/2025\/09\/Custom-Stand-Up-Pouch-Packaging-Wholesale-Childrens-Toiletries-8-Side-Sealed-Bag-5-600x600.jpg 600w, https:\/\/www.stanleypackage.com\/wp-content\/uploads\/2025\/09\/Custom-Stand-Up-Pouch-Packaging-Wholesale-Childrens-Toiletries-8-Side-Sealed-Bag-5-100x100.jpg 100w\" sizes=\"(max-width: 750px) 100vw, 750px\" \/><\/figure>\n<\/div>\n<\/div>\n<\/div>\n<\/div>","protected":false},"excerpt":{"rendered":"<p>Nous vous invitons \u00e0 commander des sachets d'emballage personnalis\u00e9s. Notre sac scell\u00e9 \u00e0 8 c\u00f4t\u00e9s pour produits de toilette pour enfants est dot\u00e9 d'un trou de suspension et d'une encoche facile \u00e0 d\u00e9chirer. Notre emballage adopte un design tridimensionnel et permet de personnaliser la taille et la marque.<\/p>\n<table style=\"border-collapse: collapse; width: 365.02pt;\" border=\"0\" width=\"365\" cellspacing=\"0\" cellpadding=\"0\">\n<tbody>\n<tr style=\"height: 16.00pt;\">\n<td class=\"et2\" style=\"height: 16.00pt; width: 97.50pt;\" width=\"97\" height=\"16\">Fabricant<\/td>\n<td class=\"et2\" style=\"width: 267.50pt;\" width=\"267\">Stanley<\/td>\n<\/tr>\n<tr style=\"height: 16.00pt;\">\n<td class=\"et2\" style=\"height: 16.00pt; width: 97.50pt;\" width=\"97\" height=\"16\">Types de pochettes<\/td>\n<td class=\"et2\" style=\"width: 267.50pt;\" width=\"267\">Pochette \u00e0 fond plat \u00e0 8 soudures lat\u00e9rales<\/td>\n<\/tr>\n<tr style=\"height: 31.00pt;\">\n<td class=\"et2\" style=\"height: 31.00pt; width: 97.50pt;\" width=\"97\" height=\"31\">Mat\u00e9riau<\/td>\n<td class=\"et2\" style=\"width: 267.50pt;\" width=\"267\">PET12\/PE85<\/td>\n<\/tr>\n<tr style=\"height: 16.00pt;\">\n<td class=\"et2\" style=\"height: 16.00pt; width: 97.50pt;\" width=\"97\" height=\"16\">Dossier sp\u00e9cial<\/td>\n<td class=\"et2\" style=\"width: 267.50pt;\" width=\"267\">8 Joint lat\u00e9ral, trou de suspension, encoche de d\u00e9chirure, fen\u00eatre transparente<\/td>\n<\/tr>\n<tr style=\"height: 16.00pt;\">\n<td class=\"et2\" style=\"height: 16.00pt; width: 97.50pt;\" width=\"97\" height=\"16\">Manipulation de surface<\/td>\n<td class=\"et2\" style=\"width: 267.50pt;\" width=\"267\">Impression en h\u00e9liogravure<\/td>\n<\/tr>\n<tr style=\"height: 16.00pt;\">\n<td class=\"et2\" style=\"height: 16.00pt; width: 97.50pt;\" width=\"97\" height=\"16\">Couleur<\/td>\n<td class=\"et2\" style=\"width: 267.50pt;\" width=\"267\">Jusqu'\u00e0 10 couleurs<\/td>\n<\/tr>\n<tr style=\"height: 16.00pt;\">\n<td class=\"et2\" style=\"height: 16.00pt; width: 97.50pt;\" width=\"97\" height=\"16\">Utilisation<\/td>\n<td class=\"et2\" style=\"width: 267.50pt;\" width=\"267\">Trousse dentaire, Trousse de toilette<\/td>\n<\/tr>\n<tr style=\"height: 16.00pt;\">\n<td class=\"et2\" style=\"height: 16.00pt; width: 97.50pt;\" width=\"97\" height=\"16\">MOQ<\/td>\n<td class=\"et2\" style=\"width: 267.50pt;\" width=\"267\">50 000 pi\u00e8ces<\/td>\n<\/tr>\n<tr style=\"height: 16.00pt;\">\n<td class=\"et2\" style=\"height: 16.00pt; width: 97.50pt;\" width=\"97\" height=\"16\">Commande personnalis\u00e9e<\/td>\n<td class=\"et2\" style=\"width: 267.50pt;\" width=\"267\">Accepter le support OEM \u00c9chantillon gratuit<\/td>\n<\/tr>\n<\/tbody>\n<\/table>","protected":false},"featured_media":2992,"comment_status":"closed","ping_status":"closed","template":"","meta":{"_acf_changed":false},"product_brand":[],"product_cat":[24],"product_tag":[],"class_list":{"0":"post-2936","1":"product","2":"type-product","3":"status-publish","4":"has-post-thumbnail","6":"product_cat-flat-bottom-pouch-manufacturer","7":"pa_non-food-packaging-tool-accessories-pouch","8":"pa_non-food-packaging-hotel-supplies-packaging","10":"first","11":"instock","12":"shipping-taxable","13":"product-type-simple"},"acf":[],"_links":{"self":[{"href":"https:\/\/www.stanleypackage.com\/fr\/wp-json\/wp\/v2\/product\/2936","targetHints":{"allow":["GET"]}}],"collection":[{"href":"https:\/\/www.stanleypackage.com\/fr\/wp-json\/wp\/v2\/product"}],"about":[{"href":"https:\/\/www.stanleypackage.com\/fr\/wp-json\/wp\/v2\/types\/product"}],"replies":[{"embeddable":true,"href":"https:\/\/www.stanleypackage.com\/fr\/wp-json\/wp\/v2\/comments?post=2936"}],"wp:featuredmedia":[{"embeddable":true,"href":"https:\/\/www.stanleypackage.com\/fr\/wp-json\/wp\/v2\/media\/2992"}],"wp:attachment":[{"href":"https:\/\/www.stanleypackage.com\/fr\/wp-json\/wp\/v2\/media?parent=2936"}],"wp:term":[{"taxonomy":"product_brand","embeddable":true,"href":"https:\/\/www.stanleypackage.com\/fr\/wp-json\/wp\/v2\/product_brand?post=2936"},{"taxonomy":"product_cat","embeddable":true,"href":"https:\/\/www.stanleypackage.com\/fr\/wp-json\/wp\/v2\/product_cat?post=2936"},{"taxonomy":"product_tag","embeddable":true,"href":"https:\/\/www.stanleypackage.com\/fr\/wp-json\/wp\/v2\/product_tag?post=2936"}],"curies":[{"name":"wp","href":"https:\/\/api.w.org\/{rel}","templated":true}]}}