{"id":2998,"date":"2025-09-11T03:52:29","date_gmt":"2025-09-11T03:52:29","guid":{"rendered":"https:\/\/www.stanleypackage.com\/?post_type=product&#038;p=2998"},"modified":"2025-10-15T07:16:56","modified_gmt":"2025-10-15T07:16:56","slug":"custom-foil-pouches","status":"publish","type":"product","link":"https:\/\/www.stanleypackage.com\/fr\/product\/custom-foil-pouches\/","title":{"rendered":"Pochettes en aluminium personnalis\u00e9es pour lave-linge, pochettes \u00e0 fermeture \u00e9clair \u00e0 soulever"},"content":{"rendered":"<div class=\"wp-block-columns is-layout-flex wp-container-core-columns-is-layout-9d6595d7 wp-block-columns-is-layout-flex\">\n<div class=\"wp-block-column is-layout-flow wp-block-column-is-layout-flow\">\n<h2 class=\"wp-block-heading\">Caract\u00e9ristiques des pochettes en aluminium personnalis\u00e9es pour les sachets de lessive<\/h2>\n\n\n\n<ul class=\"wp-block-list\">\n<li><strong>Conception d'un fond de sac autoportant :<\/strong> Ces sachets en aluminium personnalis\u00e9s pour les dosettes de lessive sont dot\u00e9s d'un fond autoportant durable, qui peut tenir debout de mani\u00e8re stable, est pratique pour la mise en rayon et am\u00e9liore l'effet de pr\u00e9sentation du produit.<\/li>\n\n\n\n<li><strong>Structure de remplissage sup\u00e9rieure :<\/strong> Ces sachets en gros pour dosettes de lessive adoptent une conception de remplissage par le haut, qui est pratique pour le remplissage m\u00e9canique ou manuel, convient \u00e0 diff\u00e9rents processus de production et est plus efficace.<\/li>\n\n\n\n<li><strong>Facile \u00e0 d\u00e9chirer : <\/strong>Ces sachets en aluminium personnalis\u00e9s pour les dosettes de lessive sont dot\u00e9s d'une encoche de d\u00e9chirure facile, qui permet aux consommateurs de les ouvrir facilement, sans aucun outil, et ils sont pratiques \u00e0 utiliser.<\/li>\n\n\n\n<li><strong>\u00c9quip\u00e9 d'une fermeture \u00e0 glissi\u00e8re :<\/strong> Nos sacs d'emballage personnalis\u00e9s pour les dosettes de lessive sont dot\u00e9s d'une fermeture \u00e0 glissi\u00e8re r\u00e9utilisable permettant de multiples ouvertures et fermetures.<\/li>\n\n\n\n<li><strong>Un service personnalis\u00e9 pour r\u00e9pondre aux besoins :\u00a0<\/strong>Nous proposons une grande vari\u00e9t\u00e9 d'options de personnalisation pour les sachets en aluminium personnalis\u00e9s et pouvons concevoir diff\u00e9rentes formes, tailles et motifs d'impression en fonction des besoins du client afin d'am\u00e9liorer la personnalisation de la marque et la comp\u00e9titivit\u00e9 du march\u00e9.<\/li>\n\n\n\n<li><strong>Prise en charge de l'impression personnalis\u00e9e recto-verso :<\/strong> Nos sachets en gros sont imprim\u00e9s en h\u00e9liogravure et le motif de la marque est clairement pr\u00e9sent\u00e9 afin d'aider les clients \u00e0 cr\u00e9er un syst\u00e8me d'identification visuelle exclusif.<\/li>\n\n\n\n<li><strong>Adopte la conception du bord d'or : <\/strong>Nos sachets en aluminium personnalis\u00e9s sont dot\u00e9s d'une bordure dor\u00e9e, ce qui rend les couleurs de l'emballage plus vives et plus attrayantes, attirant ainsi l'attention des consommateurs.<\/li>\n<\/ul>\n\n\n\n<div class=\"wp-block-columns is-layout-flex wp-container-core-columns-is-layout-9d6595d7 wp-block-columns-is-layout-flex\">\n<div class=\"wp-block-column is-layout-flow wp-block-column-is-layout-flow\">\n<figure class=\"wp-block-image size-full\"><img decoding=\"async\" width=\"750\" height=\"750\" src=\"https:\/\/www.stanleypackage.com\/wp-content\/uploads\/2025\/09\/Resealable-Stand-Up-Packaging-Bags-Wholesale-for-Laundry-Pods-3.jpg\" alt=\"\" class=\"wp-image-2999\" srcset=\"https:\/\/www.stanleypackage.com\/wp-content\/uploads\/2025\/09\/Resealable-Stand-Up-Packaging-Bags-Wholesale-for-Laundry-Pods-3.jpg 750w, https:\/\/www.stanleypackage.com\/wp-content\/uploads\/2025\/09\/Resealable-Stand-Up-Packaging-Bags-Wholesale-for-Laundry-Pods-3-300x300.jpg 300w, https:\/\/www.stanleypackage.com\/wp-content\/uploads\/2025\/09\/Resealable-Stand-Up-Packaging-Bags-Wholesale-for-Laundry-Pods-3-150x150.jpg 150w, https:\/\/www.stanleypackage.com\/wp-content\/uploads\/2025\/09\/Resealable-Stand-Up-Packaging-Bags-Wholesale-for-Laundry-Pods-3-12x12.jpg 12w, https:\/\/www.stanleypackage.com\/wp-content\/uploads\/2025\/09\/Resealable-Stand-Up-Packaging-Bags-Wholesale-for-Laundry-Pods-3-600x600.jpg 600w, https:\/\/www.stanleypackage.com\/wp-content\/uploads\/2025\/09\/Resealable-Stand-Up-Packaging-Bags-Wholesale-for-Laundry-Pods-3-100x100.jpg 100w\" sizes=\"(max-width: 750px) 100vw, 750px\" \/><\/figure>\n<\/div>\n\n\n\n<div class=\"wp-block-column is-layout-flow wp-block-column-is-layout-flow\">\n<figure class=\"wp-block-image size-full\"><img decoding=\"async\" width=\"750\" height=\"750\" src=\"https:\/\/www.stanleypackage.com\/wp-content\/uploads\/2025\/09\/Resealable-Stand-Up-Packaging-Bags-Wholesale-for-Laundry-Pods.jpg\" alt=\"\" class=\"wp-image-3000\" srcset=\"https:\/\/www.stanleypackage.com\/wp-content\/uploads\/2025\/09\/Resealable-Stand-Up-Packaging-Bags-Wholesale-for-Laundry-Pods.jpg 750w, https:\/\/www.stanleypackage.com\/wp-content\/uploads\/2025\/09\/Resealable-Stand-Up-Packaging-Bags-Wholesale-for-Laundry-Pods-300x300.jpg 300w, https:\/\/www.stanleypackage.com\/wp-content\/uploads\/2025\/09\/Resealable-Stand-Up-Packaging-Bags-Wholesale-for-Laundry-Pods-150x150.jpg 150w, https:\/\/www.stanleypackage.com\/wp-content\/uploads\/2025\/09\/Resealable-Stand-Up-Packaging-Bags-Wholesale-for-Laundry-Pods-12x12.jpg 12w, https:\/\/www.stanleypackage.com\/wp-content\/uploads\/2025\/09\/Resealable-Stand-Up-Packaging-Bags-Wholesale-for-Laundry-Pods-600x600.jpg 600w, https:\/\/www.stanleypackage.com\/wp-content\/uploads\/2025\/09\/Resealable-Stand-Up-Packaging-Bags-Wholesale-for-Laundry-Pods-100x100.jpg 100w\" sizes=\"(max-width: 750px) 100vw, 750px\" \/><\/figure>\n<\/div>\n<\/div>\n<\/div>\n<\/div>\n\n\n\n<p><\/p>","protected":false},"excerpt":{"rendered":"<p>Nous vous invitons \u00e0 acheter en gros des sachets \u00e0 fond plat. Nos sachets en aluminium personnalis\u00e9s pour les dosettes de lessive sont \u00e9quip\u00e9s d'une fermeture \u00e0 glissi\u00e8re et d'un design facile \u00e0 d\u00e9chirer, ce qui est pratique \u00e0 ouvrir et \u00e0 utiliser. Possibilit\u00e9 de personnalisation compl\u00e8te.<\/p>\n<table style=\"border-collapse: collapse; width: 365.02pt;\" border=\"0\" width=\"365\" cellspacing=\"0\" cellpadding=\"0\">\n<tbody>\n<tr style=\"height: 16.00pt;\">\n<td class=\"et2\" style=\"height: 16.00pt; width: 97.50pt;\" width=\"97\" height=\"16\">Fabricant<\/td>\n<td class=\"et2\" style=\"width: 267.50pt;\" width=\"267\">Stanley<\/td>\n<\/tr>\n<tr style=\"height: 16.00pt;\">\n<td class=\"et2\" style=\"height: 16.00pt; width: 97.50pt;\" width=\"97\" height=\"16\">Types de pochettes<\/td>\n<td class=\"et2\" style=\"width: 267.50pt;\" width=\"267\">Stand Up Pouch, pochette \u00e0 fermeture \u00e9clair<\/td>\n<\/tr>\n<tr style=\"height: 16.00pt;\">\n<td class=\"et2\" style=\"height: 16.00pt; width: 97.50pt;\" width=\"97\" height=\"16\">Mat\u00e9riau<\/td>\n<td class=\"et2\" style=\"width: 267.50pt;\" width=\"267\">BOPP28\/VMPET12\/PE55<\/td>\n<\/tr>\n<tr style=\"height: 16.00pt;\">\n<td class=\"et2\" style=\"height: 16.00pt; width: 97.50pt;\" width=\"97\" height=\"16\">Dossier sp\u00e9cial<\/td>\n<td class=\"et2\" style=\"width: 267.50pt;\" width=\"267\">Rembourrage par le haut, encoche de d\u00e9chirure, fermeture \u00e0 glissi\u00e8re<\/td>\n<\/tr>\n<tr style=\"height: 16.00pt;\">\n<td class=\"et2\" style=\"height: 16.00pt; width: 97.50pt;\" width=\"97\" height=\"16\">Manipulation de surface<\/td>\n<td class=\"et2\" style=\"width: 267.50pt;\" width=\"267\">Impression en h\u00e9liogravure<\/td>\n<\/tr>\n<tr style=\"height: 16.00pt;\">\n<td class=\"et2\" style=\"height: 16.00pt; width: 97.50pt;\" width=\"97\" height=\"16\">Couleur<\/td>\n<td class=\"et2\" style=\"width: 267.50pt;\" width=\"267\">Impression recto-verso, jusqu'\u00e0 10 couleurs<\/td>\n<\/tr>\n<tr style=\"height: 16.00pt;\">\n<td class=\"et2\" style=\"height: 16.00pt; width: 97.50pt;\" width=\"97\" height=\"16\">Utilisation<\/td>\n<td class=\"et2\" style=\"width: 267.50pt;\" width=\"267\">Landry D\u00e9tergent en dosettes, poudre \u00e0 laver, savon\u00a0<\/td>\n<\/tr>\n<tr style=\"height: 16.00pt;\">\n<td class=\"et2\" style=\"height: 16.00pt; width: 97.50pt;\" width=\"97\" height=\"16\">MOQ<\/td>\n<td class=\"et2\" style=\"width: 267.50pt;\" width=\"267\">50 000 pi\u00e8ces<\/td>\n<\/tr>\n<tr style=\"height: 16.00pt;\">\n<td class=\"et2\" style=\"height: 16.00pt; width: 97.50pt;\" width=\"97\" height=\"16\">Commande personnalis\u00e9e<\/td>\n<td class=\"et2\" style=\"width: 267.50pt;\" width=\"267\">Acceptation de l'OEM ,\u00c9chantillon gratuit<\/td>\n<\/tr>\n<\/tbody>\n<\/table>","protected":false},"featured_media":3001,"comment_status":"closed","ping_status":"closed","template":"","meta":{"_acf_changed":false},"product_brand":[],"product_cat":[30,18],"product_tag":[],"class_list":{"0":"post-2998","1":"product","2":"type-product","3":"status-publish","4":"has-post-thumbnail","6":"product_cat-stand-up-pouch-manufacturer","7":"product_cat-zipper-pouch-manufacturer","8":"pa_non-food-packaging-soap-detergent-pouches","10":"first","11":"instock","12":"shipping-taxable","13":"product-type-simple"},"acf":[],"_links":{"self":[{"href":"https:\/\/www.stanleypackage.com\/fr\/wp-json\/wp\/v2\/product\/2998","targetHints":{"allow":["GET"]}}],"collection":[{"href":"https:\/\/www.stanleypackage.com\/fr\/wp-json\/wp\/v2\/product"}],"about":[{"href":"https:\/\/www.stanleypackage.com\/fr\/wp-json\/wp\/v2\/types\/product"}],"replies":[{"embeddable":true,"href":"https:\/\/www.stanleypackage.com\/fr\/wp-json\/wp\/v2\/comments?post=2998"}],"wp:featuredmedia":[{"embeddable":true,"href":"https:\/\/www.stanleypackage.com\/fr\/wp-json\/wp\/v2\/media\/3001"}],"wp:attachment":[{"href":"https:\/\/www.stanleypackage.com\/fr\/wp-json\/wp\/v2\/media?parent=2998"}],"wp:term":[{"taxonomy":"product_brand","embeddable":true,"href":"https:\/\/www.stanleypackage.com\/fr\/wp-json\/wp\/v2\/product_brand?post=2998"},{"taxonomy":"product_cat","embeddable":true,"href":"https:\/\/www.stanleypackage.com\/fr\/wp-json\/wp\/v2\/product_cat?post=2998"},{"taxonomy":"product_tag","embeddable":true,"href":"https:\/\/www.stanleypackage.com\/fr\/wp-json\/wp\/v2\/product_tag?post=2998"}],"curies":[{"name":"wp","href":"https:\/\/api.w.org\/{rel}","templated":true}]}}