{"id":3005,"date":"2025-09-11T03:21:09","date_gmt":"2025-09-11T03:21:09","guid":{"rendered":"https:\/\/www.stanleypackage.com\/?post_type=product&#038;p=3005"},"modified":"2025-09-19T08:00:31","modified_gmt":"2025-09-19T08:00:31","slug":"pet-food-pouch-wholesale","status":"publish","type":"product","link":"https:\/\/www.stanleypackage.com\/fr\/product\/pet-food-pouch-wholesale\/","title":{"rendered":"Pet Food Pouch Wholesale, Sachets scell\u00e9s \u00e0 l'arri\u00e8re imprim\u00e9s sur mesure"},"content":{"rendered":"<div class=\"wp-block-columns is-layout-flex wp-container-core-columns-is-layout-9d6595d7 wp-block-columns-is-layout-flex\">\n<div class=\"wp-block-column is-layout-flow wp-block-column-is-layout-flow\">\n<h2 class=\"wp-block-heading\">Caract\u00e9ristiques de la pochette de nourriture pour animaux de compagnie en gros<\/h2>\n\n\n\n<ul class=\"wp-block-list\">\n<li><strong>Structure mat\u00e9rielle de haute qualit\u00e9 :<\/strong> Cette pochette de nourriture pour animaux de compagnie adopte une structure composite BOPP20\/BOPA15\/MBPE130, avec une bonne barri\u00e8re, une r\u00e9sistance \u00e0 l'humidit\u00e9 et une r\u00e9sistance \u00e0 la perforation, afin de garantir la fra\u00eecheur et la s\u00e9curit\u00e9 des aliments.<\/li>\n\n\n\n<li><strong>Conception du joint arri\u00e8re : <\/strong>La structure du joint arri\u00e8re de ces emballages personnalis\u00e9s pour aliments pour animaux de compagnie est belle et nette, adapt\u00e9e aux machines d'emballage automatiques, pratique pour la production de masse et am\u00e9liorant l'efficacit\u00e9 de l'emballage.<\/li>\n\n\n\n<li><strong>Garniture sup\u00e9rieure : <\/strong>Con\u00e7ue pour un remplissage par le haut, cette pochette imprim\u00e9e pour aliments pour animaux de compagnie convient \u00e0 divers types de lignes d'emballage automatis\u00e9es. Le processus de remplissage est efficace et pratique, et les co\u00fbts de main-d'\u0153uvre sont r\u00e9duits.<\/li>\n\n\n\n<li><strong>Impression en h\u00e9liogravure double face : <\/strong>Nos sachets d'emballage d'aliments pour animaux de compagnie personnalis\u00e9s permettent une impression couleur double face exquise, avec des motifs clairs et complets, am\u00e9liorant l'image de marque et l'attrait en rayon.<\/li>\n\n\n\n<li><strong>Divers services personnalis\u00e9s : <\/strong>La taille, le motif d'impression, le type de sachet et la structure fonctionnelle de nos sachets pour aliments pour animaux de compagnie peuvent \u00eatre personnalis\u00e9s en fonction des besoins des clients afin de r\u00e9pondre aux besoins d'emballage de divers produits.<\/li>\n<\/ul>\n\n\n\n<div class=\"wp-block-columns is-layout-flex wp-container-core-columns-is-layout-9d6595d7 wp-block-columns-is-layout-flex\">\n<div class=\"wp-block-column is-layout-flow wp-block-column-is-layout-flow\">\n<figure class=\"wp-block-image size-full\"><img decoding=\"async\" width=\"750\" height=\"750\" src=\"https:\/\/www.stanleypackage.com\/wp-content\/uploads\/2025\/09\/Custom-Back-Seal-Flexible-Packaging-Bag-for-Snacks-Pet-Food-4.jpg\" alt=\"\" class=\"wp-image-3006\" srcset=\"https:\/\/www.stanleypackage.com\/wp-content\/uploads\/2025\/09\/Custom-Back-Seal-Flexible-Packaging-Bag-for-Snacks-Pet-Food-4.jpg 750w, https:\/\/www.stanleypackage.com\/wp-content\/uploads\/2025\/09\/Custom-Back-Seal-Flexible-Packaging-Bag-for-Snacks-Pet-Food-4-300x300.jpg 300w, https:\/\/www.stanleypackage.com\/wp-content\/uploads\/2025\/09\/Custom-Back-Seal-Flexible-Packaging-Bag-for-Snacks-Pet-Food-4-150x150.jpg 150w, https:\/\/www.stanleypackage.com\/wp-content\/uploads\/2025\/09\/Custom-Back-Seal-Flexible-Packaging-Bag-for-Snacks-Pet-Food-4-12x12.jpg 12w, https:\/\/www.stanleypackage.com\/wp-content\/uploads\/2025\/09\/Custom-Back-Seal-Flexible-Packaging-Bag-for-Snacks-Pet-Food-4-600x600.jpg 600w, https:\/\/www.stanleypackage.com\/wp-content\/uploads\/2025\/09\/Custom-Back-Seal-Flexible-Packaging-Bag-for-Snacks-Pet-Food-4-100x100.jpg 100w\" sizes=\"(max-width: 750px) 100vw, 750px\" \/><\/figure>\n<\/div>\n\n\n\n<div class=\"wp-block-column is-layout-flow wp-block-column-is-layout-flow\">\n<figure class=\"wp-block-image size-full\"><img decoding=\"async\" width=\"750\" height=\"750\" src=\"https:\/\/www.stanleypackage.com\/wp-content\/uploads\/2025\/09\/Custom-Back-Seal-Flexible-Packaging-Bag-for-Snacks-Pet-Food-5.jpg\" alt=\"\" class=\"wp-image-3007\" srcset=\"https:\/\/www.stanleypackage.com\/wp-content\/uploads\/2025\/09\/Custom-Back-Seal-Flexible-Packaging-Bag-for-Snacks-Pet-Food-5.jpg 750w, https:\/\/www.stanleypackage.com\/wp-content\/uploads\/2025\/09\/Custom-Back-Seal-Flexible-Packaging-Bag-for-Snacks-Pet-Food-5-300x300.jpg 300w, https:\/\/www.stanleypackage.com\/wp-content\/uploads\/2025\/09\/Custom-Back-Seal-Flexible-Packaging-Bag-for-Snacks-Pet-Food-5-150x150.jpg 150w, https:\/\/www.stanleypackage.com\/wp-content\/uploads\/2025\/09\/Custom-Back-Seal-Flexible-Packaging-Bag-for-Snacks-Pet-Food-5-12x12.jpg 12w, https:\/\/www.stanleypackage.com\/wp-content\/uploads\/2025\/09\/Custom-Back-Seal-Flexible-Packaging-Bag-for-Snacks-Pet-Food-5-600x600.jpg 600w, https:\/\/www.stanleypackage.com\/wp-content\/uploads\/2025\/09\/Custom-Back-Seal-Flexible-Packaging-Bag-for-Snacks-Pet-Food-5-100x100.jpg 100w\" sizes=\"(max-width: 750px) 100vw, 750px\" \/><\/figure>\n<\/div>\n<\/div>\n<\/div>\n<\/div>\n\n\n\n<p><\/p>","protected":false},"excerpt":{"rendered":"<p>Nous vous invitons \u00e0 acheter des sachets d'emballage d'aliments pour animaux de compagnie personnalis\u00e9s. Nos sachets d'aliments pour animaux de compagnie personnalis\u00e9s ont une bonne capacit\u00e9 de scellage et d'impression, un remplissage par le haut et conviennent aux lignes d'emballage automatis\u00e9es. Ils sont enti\u00e8rement personnalisables.<\/p>\n<table style=\"border-collapse: collapse; width: 365.02pt;\" border=\"0\" width=\"365\" cellspacing=\"0\" cellpadding=\"0\">\n<tbody>\n<tr style=\"height: 16.00pt;\">\n<td class=\"et2\" style=\"height: 16.00pt; width: 97.50pt;\" width=\"97\" height=\"16\">Fabricant<\/td>\n<td class=\"et2\" style=\"width: 267.50pt;\" width=\"267\">Stanley<\/td>\n<\/tr>\n<tr style=\"height: 16.00pt;\">\n<td class=\"et2\" style=\"height: 16.00pt; width: 97.50pt;\" width=\"97\" height=\"16\">Types de pochettes<\/td>\n<td class=\"et2\" style=\"width: 267.50pt;\" width=\"267\">Pochette de fermeture arri\u00e8re, pochette \u00e0 soufflet<\/td>\n<\/tr>\n<tr style=\"height: 16.00pt;\">\n<td class=\"et2\" style=\"height: 16.00pt; width: 97.50pt;\" width=\"97\" height=\"16\">Mat\u00e9riau<\/td>\n<td class=\"et2\" style=\"width: 267.50pt;\" width=\"267\">BOPP20\/BOPA15\/MBPE130<\/td>\n<\/tr>\n<tr style=\"height: 16.00pt;\">\n<td class=\"et2\" style=\"height: 16.00pt; width: 97.50pt;\" width=\"97\" height=\"16\">Dossier sp\u00e9cial<\/td>\n<td class=\"et2\" style=\"width: 267.50pt;\" width=\"267\">Remplissage sup\u00e9rieur<\/td>\n<\/tr>\n<tr style=\"height: 16.00pt;\">\n<td class=\"et2\" style=\"height: 16.00pt; width: 97.50pt;\" width=\"97\" height=\"16\">Manipulation de surface<\/td>\n<td class=\"et2\" style=\"width: 267.50pt;\" width=\"267\">Impression en h\u00e9liogravure<\/td>\n<\/tr>\n<tr style=\"height: 16.00pt;\">\n<td class=\"et2\" style=\"height: 16.00pt; width: 97.50pt;\" width=\"97\" height=\"16\">Couleur<\/td>\n<td class=\"et2\" style=\"width: 267.50pt;\" width=\"267\">Impression recto-verso, jusqu'\u00e0 10 couleurs<\/td>\n<\/tr>\n<tr style=\"height: 16.00pt;\">\n<td class=\"et2\" style=\"height: 16.00pt; width: 97.50pt;\" width=\"97\" height=\"16\">Utilisation<\/td>\n<td class=\"et2\" style=\"width: 267.50pt;\" width=\"267\">Aliments pour animaux de compagnie, snacks, aliments secs<\/td>\n<\/tr>\n<tr style=\"height: 16.00pt;\">\n<td class=\"et2\" style=\"height: 16.00pt; width: 97.50pt;\" width=\"97\" height=\"16\">MOQ<\/td>\n<td class=\"et2\" style=\"width: 267.50pt;\" width=\"267\">50 000 pi\u00e8ces<\/td>\n<\/tr>\n<tr style=\"height: 16.00pt;\">\n<td class=\"et2\" style=\"height: 16.00pt; width: 97.50pt;\" width=\"97\" height=\"16\">Commande personnalis\u00e9e<\/td>\n<td class=\"et2\" style=\"width: 267.50pt;\" width=\"267\">Acceptation de l'OEM, prise en charge de l'\u00e9chantillonnage gratuit<\/td>\n<\/tr>\n<\/tbody>\n<\/table>\n<p>&nbsp;<\/p>","protected":false},"featured_media":3008,"comment_status":"closed","ping_status":"closed","template":"","meta":{"_acf_changed":false},"product_brand":[],"product_cat":[59,31,17],"product_tag":[],"class_list":{"0":"post-3005","1":"product","2":"type-product","3":"status-publish","4":"has-post-thumbnail","6":"product_cat-pillow-pouch-manufacturer","7":"product_cat-lay-flat-pouch-manufacturer","8":"product_cat-gusset-bag-manufacturer","9":"pa_food-packaging-baby-food-packaging","10":"pa_food-packaging-pet-food-pouches","11":"pa_food-packaging-ready-meal-pouch","13":"first","14":"instock","15":"shipping-taxable","16":"product-type-simple"},"acf":[],"_links":{"self":[{"href":"https:\/\/www.stanleypackage.com\/fr\/wp-json\/wp\/v2\/product\/3005","targetHints":{"allow":["GET"]}}],"collection":[{"href":"https:\/\/www.stanleypackage.com\/fr\/wp-json\/wp\/v2\/product"}],"about":[{"href":"https:\/\/www.stanleypackage.com\/fr\/wp-json\/wp\/v2\/types\/product"}],"replies":[{"embeddable":true,"href":"https:\/\/www.stanleypackage.com\/fr\/wp-json\/wp\/v2\/comments?post=3005"}],"wp:featuredmedia":[{"embeddable":true,"href":"https:\/\/www.stanleypackage.com\/fr\/wp-json\/wp\/v2\/media\/3008"}],"wp:attachment":[{"href":"https:\/\/www.stanleypackage.com\/fr\/wp-json\/wp\/v2\/media?parent=3005"}],"wp:term":[{"taxonomy":"product_brand","embeddable":true,"href":"https:\/\/www.stanleypackage.com\/fr\/wp-json\/wp\/v2\/product_brand?post=3005"},{"taxonomy":"product_cat","embeddable":true,"href":"https:\/\/www.stanleypackage.com\/fr\/wp-json\/wp\/v2\/product_cat?post=3005"},{"taxonomy":"product_tag","embeddable":true,"href":"https:\/\/www.stanleypackage.com\/fr\/wp-json\/wp\/v2\/product_tag?post=3005"}],"curies":[{"name":"wp","href":"https:\/\/api.w.org\/{rel}","templated":true}]}}