{"id":3024,"date":"2025-09-11T03:00:13","date_gmt":"2025-09-11T03:00:13","guid":{"rendered":"https:\/\/www.stanleypackage.com\/?post_type=product&#038;p=3024"},"modified":"2025-09-19T07:59:46","modified_gmt":"2025-09-19T07:59:46","slug":"customized-fruit-purees-spout-pouch-packaging","status":"publish","type":"product","link":"https:\/\/www.stanleypackage.com\/fr\/product\/customized-fruit-purees-spout-pouch-packaging\/","title":{"rendered":"Emballage anti-\u00e9tranglement pour pur\u00e9e de fruits \u00e0 bec personnalis\u00e9"},"content":{"rendered":"<div class=\"wp-block-columns is-layout-flex wp-container-core-columns-is-layout-9d6595d7 wp-block-columns-is-layout-flex\">\n<div class=\"wp-block-column is-layout-flow wp-block-column-is-layout-flow\">\n<h2 class=\"wp-block-heading\">Caract\u00e9ristiques de l'emballage \u00e0 bec des pur\u00e9es de fruits sur mesure<\/h2>\n\n\n\n<ul class=\"wp-block-list\">\n<li><strong>Bouchons anti-avalements pour enfants, pour plus de s\u00e9curit\u00e9 : <\/strong>Ces emballages personnalis\u00e9s de pur\u00e9es de fruits avec bouchons anti-avalement pour b\u00e9b\u00e9s et enfants en bas \u00e2ge r\u00e9duisent efficacement le risque d'avalement accidentel et am\u00e9liorent le niveau de s\u00e9curit\u00e9 de l'emballage.<\/li>\n\n\n\n<li><strong>Conception lat\u00e9rale en 3D : <\/strong>Ce sachet press\u00e9 \u00e0 goulot personnalis\u00e9 pr\u00e9sente un design lat\u00e9ral unique en 3D, qui non seulement renforce la dimensionnalit\u00e9 de l'emballage, mais am\u00e9liore \u00e9galement son attrait esth\u00e9tique et sa nouveaut\u00e9.<\/li>\n\n\n\n<li><strong>Film imprim\u00e9 mat, texture d\u00e9licate et haut de gamme : <\/strong>Notre film mat ext\u00e9rieur d'emballage de pur\u00e9e de fruits \u00e0 bec personnalis\u00e9 permet une impression de haute qualit\u00e9, une vision plus douce et une sensation plus confortable, am\u00e9liorant ainsi l'image haut de gamme de la marque.<\/li>\n\n\n\n<li><strong>Pochette souple, facile \u00e0 utiliser pour les enfants :<\/strong> La structure de cette pochette \u00e0 boisson personnalis\u00e9e permet aux petites mains de la saisir et de la sucer facilement, ce qui permet aux nourrissons et aux enfants en bas \u00e2ge de manger de mani\u00e8re autonome.<\/li>\n\n\n\n<li><strong>Convient aux pur\u00e9es, aux boissons g\u00e9lifi\u00e9es et \u00e0 de nombreux autres produits :<\/strong> Ces emballages personnalis\u00e9s \u00e0 bec pour pur\u00e9es de fruits conviennent aux pur\u00e9es pour b\u00e9b\u00e9s, aux boissons g\u00e9lifi\u00e9es pour enfants, aux sauces \u00e0 base de fruits et de l\u00e9gumes et \u00e0 d'autres aliments fluides ou semi-fluides, largement utilis\u00e9s sur le march\u00e9 des produits pour la m\u00e8re et l'enfant et des aliments di\u00e9t\u00e9tiques.<\/li>\n\n\n\n<li><strong>Possibilit\u00e9 de personnaliser la taille et l'impression :\u00a0<\/strong>La taille, le motif d'impression et les d\u00e9tails du type de sac peuvent \u00eatre personnalis\u00e9s en fonction des exigences du produit afin de cr\u00e9er une solution d'emballage unique pour la marque.<\/li>\n<\/ul>\n\n\n\n<div class=\"wp-block-columns is-layout-flex wp-container-core-columns-is-layout-9d6595d7 wp-block-columns-is-layout-flex\">\n<div class=\"wp-block-column is-layout-flow wp-block-column-is-layout-flow\">\n<figure class=\"wp-block-image size-full\"><img decoding=\"async\" width=\"750\" height=\"750\" src=\"https:\/\/www.stanleypackage.com\/wp-content\/uploads\/2025\/09\/Customized-Stand-Up-Squeeze-Pouches-Wholesale-Packaging-Bag-For-Drink-2.jpg\" alt=\"\" class=\"wp-image-3025\" srcset=\"https:\/\/www.stanleypackage.com\/wp-content\/uploads\/2025\/09\/Customized-Stand-Up-Squeeze-Pouches-Wholesale-Packaging-Bag-For-Drink-2.jpg 750w, https:\/\/www.stanleypackage.com\/wp-content\/uploads\/2025\/09\/Customized-Stand-Up-Squeeze-Pouches-Wholesale-Packaging-Bag-For-Drink-2-300x300.jpg 300w, https:\/\/www.stanleypackage.com\/wp-content\/uploads\/2025\/09\/Customized-Stand-Up-Squeeze-Pouches-Wholesale-Packaging-Bag-For-Drink-2-150x150.jpg 150w, https:\/\/www.stanleypackage.com\/wp-content\/uploads\/2025\/09\/Customized-Stand-Up-Squeeze-Pouches-Wholesale-Packaging-Bag-For-Drink-2-12x12.jpg 12w, https:\/\/www.stanleypackage.com\/wp-content\/uploads\/2025\/09\/Customized-Stand-Up-Squeeze-Pouches-Wholesale-Packaging-Bag-For-Drink-2-600x600.jpg 600w, https:\/\/www.stanleypackage.com\/wp-content\/uploads\/2025\/09\/Customized-Stand-Up-Squeeze-Pouches-Wholesale-Packaging-Bag-For-Drink-2-100x100.jpg 100w\" sizes=\"(max-width: 750px) 100vw, 750px\" \/><\/figure>\n<\/div>\n\n\n\n<div class=\"wp-block-column is-layout-flow wp-block-column-is-layout-flow\">\n<figure class=\"wp-block-image size-full\"><img decoding=\"async\" width=\"750\" height=\"750\" src=\"https:\/\/www.stanleypackage.com\/wp-content\/uploads\/2025\/09\/Customized-Stand-Up-Squeeze-Pouches-Wholesale-Packaging-Bag-For-Drink-6.jpg\" alt=\"\" class=\"wp-image-3026\" srcset=\"https:\/\/www.stanleypackage.com\/wp-content\/uploads\/2025\/09\/Customized-Stand-Up-Squeeze-Pouches-Wholesale-Packaging-Bag-For-Drink-6.jpg 750w, https:\/\/www.stanleypackage.com\/wp-content\/uploads\/2025\/09\/Customized-Stand-Up-Squeeze-Pouches-Wholesale-Packaging-Bag-For-Drink-6-300x300.jpg 300w, https:\/\/www.stanleypackage.com\/wp-content\/uploads\/2025\/09\/Customized-Stand-Up-Squeeze-Pouches-Wholesale-Packaging-Bag-For-Drink-6-150x150.jpg 150w, https:\/\/www.stanleypackage.com\/wp-content\/uploads\/2025\/09\/Customized-Stand-Up-Squeeze-Pouches-Wholesale-Packaging-Bag-For-Drink-6-12x12.jpg 12w, https:\/\/www.stanleypackage.com\/wp-content\/uploads\/2025\/09\/Customized-Stand-Up-Squeeze-Pouches-Wholesale-Packaging-Bag-For-Drink-6-600x600.jpg 600w, https:\/\/www.stanleypackage.com\/wp-content\/uploads\/2025\/09\/Customized-Stand-Up-Squeeze-Pouches-Wholesale-Packaging-Bag-For-Drink-6-100x100.jpg 100w\" sizes=\"(max-width: 750px) 100vw, 750px\" \/><\/figure>\n<\/div>\n<\/div>\n<\/div>\n<\/div>","protected":false},"excerpt":{"rendered":"<p>Bienvenue dans le domaine des sachets \u00e0 bec verseur personnalis\u00e9s. Cet emballage de pur\u00e9e de fruits \u00e0 bec personnalis\u00e9 est con\u00e7u avec un bouchon anti-avalement, r\u00e9duisant le risque d'ingestion accidentelle et am\u00e9liorant le niveau de s\u00e9curit\u00e9 de l'emballage.<\/p>\n<table style=\"border-collapse: collapse; width: 365.02pt;\" border=\"0\" width=\"365\" cellspacing=\"0\" cellpadding=\"0\">\n<tbody>\n<tr style=\"height: 16.00pt;\">\n<td class=\"et2\" style=\"height: 16.00pt; width: 97.50pt;\" width=\"97\" height=\"16\">Fabricant<\/td>\n<td class=\"et2\" style=\"width: 267.50pt;\" width=\"267\">Stanley<\/td>\n<\/tr>\n<tr style=\"height: 16.00pt;\">\n<td class=\"et2\" style=\"height: 16.00pt; width: 97.50pt;\" width=\"97\" height=\"16\">Types de pochettes<\/td>\n<td class=\"et3\">Squeeze Pouch, Spout Pouch, Flat Bottom Pouch<\/td>\n<\/tr>\n<tr style=\"height: 16.00pt;\">\n<td class=\"et2\" style=\"height: 16.00pt; width: 97.50pt;\" width=\"97\" height=\"16\">Mat\u00e9riau<\/td>\n<td class=\"et2\" style=\"width: 267.50pt;\" width=\"267\">BOPP28\/VMPET12\/PE95<\/td>\n<\/tr>\n<tr style=\"height: 16.00pt;\">\n<td class=\"et2\" style=\"height: 16.00pt; width: 97.50pt;\" width=\"97\" height=\"16\">Dossier sp\u00e9cial<\/td>\n<td class=\"et2\" style=\"width: 267.50pt;\" width=\"267\">Bec, bouchon anti-\u00e9tranglement, fond debout<\/td>\n<\/tr>\n<tr style=\"height: 16.00pt;\">\n<td class=\"et2\" style=\"height: 16.00pt; width: 97.50pt;\" width=\"97\" height=\"16\">Manipulation de surface<\/td>\n<td class=\"et2\" style=\"width: 267.50pt;\" width=\"267\">Impression en h\u00e9liogravure<\/td>\n<\/tr>\n<tr style=\"height: 16.00pt;\">\n<td class=\"et2\" style=\"height: 16.00pt; width: 97.50pt;\" width=\"97\" height=\"16\">Couleur<\/td>\n<td class=\"et2\" style=\"width: 267.50pt;\" width=\"267\">Impression recto-verso, jusqu'\u00e0 10 couleurs<\/td>\n<\/tr>\n<tr style=\"height: 16.00pt;\">\n<td class=\"et2\" style=\"height: 16.00pt; width: 97.50pt;\" width=\"97\" height=\"16\">Utilisation<\/td>\n<td class=\"et2\" style=\"width: 267.50pt;\" width=\"267\">Pur\u00e9es de fruits, boissons, boissons g\u00e9lifi\u00e9es, pur\u00e9es pour b\u00e9b\u00e9s<\/td>\n<\/tr>\n<tr style=\"height: 16.00pt;\">\n<td class=\"et2\" style=\"height: 16.00pt; width: 97.50pt;\" width=\"97\" height=\"16\">MOQ<\/td>\n<td class=\"et2\" style=\"width: 267.50pt;\" width=\"267\">50 000 pi\u00e8ces<\/td>\n<\/tr>\n<tr style=\"height: 16.00pt;\">\n<td class=\"et2\" style=\"height: 16.00pt; width: 97.50pt;\" width=\"97\" height=\"16\">Commande personnalis\u00e9e<\/td>\n<td class=\"et2\" style=\"width: 267.50pt;\" width=\"267\">Acceptation de l'OEM, prise en charge de l'\u00e9chantillonnage gratuit<\/td>\n<\/tr>\n<\/tbody>\n<\/table>","protected":false},"featured_media":3027,"comment_status":"closed","ping_status":"closed","template":"","meta":{"_acf_changed":false},"product_brand":[],"product_cat":[61,32,24],"product_tag":[],"class_list":{"0":"post-3024","1":"product","2":"type-product","3":"status-publish","4":"has-post-thumbnail","6":"product_cat-squeeze-pouch-manufacturer","7":"product_cat-spout-pouch-manufacturer","8":"product_cat-flat-bottom-pouch-manufacturer","9":"pa_food-packaging-baby-food-packaging","10":"pa_food-packaging-drink-beverage-pouch","12":"first","13":"instock","14":"shipping-taxable","15":"product-type-simple"},"acf":[],"_links":{"self":[{"href":"https:\/\/www.stanleypackage.com\/fr\/wp-json\/wp\/v2\/product\/3024","targetHints":{"allow":["GET"]}}],"collection":[{"href":"https:\/\/www.stanleypackage.com\/fr\/wp-json\/wp\/v2\/product"}],"about":[{"href":"https:\/\/www.stanleypackage.com\/fr\/wp-json\/wp\/v2\/types\/product"}],"replies":[{"embeddable":true,"href":"https:\/\/www.stanleypackage.com\/fr\/wp-json\/wp\/v2\/comments?post=3024"}],"wp:featuredmedia":[{"embeddable":true,"href":"https:\/\/www.stanleypackage.com\/fr\/wp-json\/wp\/v2\/media\/3027"}],"wp:attachment":[{"href":"https:\/\/www.stanleypackage.com\/fr\/wp-json\/wp\/v2\/media?parent=3024"}],"wp:term":[{"taxonomy":"product_brand","embeddable":true,"href":"https:\/\/www.stanleypackage.com\/fr\/wp-json\/wp\/v2\/product_brand?post=3024"},{"taxonomy":"product_cat","embeddable":true,"href":"https:\/\/www.stanleypackage.com\/fr\/wp-json\/wp\/v2\/product_cat?post=3024"},{"taxonomy":"product_tag","embeddable":true,"href":"https:\/\/www.stanleypackage.com\/fr\/wp-json\/wp\/v2\/product_tag?post=3024"}],"curies":[{"name":"wp","href":"https:\/\/api.w.org\/{rel}","templated":true}]}}