{"id":3035,"date":"2025-09-11T02:42:36","date_gmt":"2025-09-11T02:42:36","guid":{"rendered":"https:\/\/www.stanleypackage.com\/?post_type=product&#038;p=3035"},"modified":"2025-09-11T02:43:01","modified_gmt":"2025-09-11T02:43:01","slug":"custom-printed-food-packaging-bags","status":"publish","type":"product","link":"https:\/\/www.stanleypackage.com\/fr\/product\/custom-printed-food-packaging-bags\/","title":{"rendered":"Sacs d'emballage alimentaire imprim\u00e9s sur mesure pour les comprim\u00e9s effervescents"},"content":{"rendered":"<div class=\"wp-block-columns is-layout-flex wp-container-core-columns-is-layout-9d6595d7 wp-block-columns-is-layout-flex\">\n<div class=\"wp-block-column is-layout-flow wp-block-column-is-layout-flow\">\n<h2 class=\"wp-block-heading\">Caract\u00e9ristiques des sacs d'emballage alimentaire imprim\u00e9s sur mesure<\/h2>\n\n\n\n<ul class=\"wp-block-list\">\n<li><strong>Fermeture \u00e0 glissi\u00e8re, excellente \u00e9tanch\u00e9it\u00e9 :<\/strong> La fermeture \u00e0 glissi\u00e8re de nos sacs d'emballage alimentaire imprim\u00e9s personnalis\u00e9s garantit une fermeture herm\u00e9tique, bloquant efficacement l'air et l'humidit\u00e9.<\/li>\n\n\n\n<li><strong>Mat\u00e9riau composite \u00e0 haute barri\u00e8re : <\/strong>Ces sachets personnalis\u00e9s pour comprim\u00e9s effervescents sont fabriqu\u00e9s \u00e0 partir d'un mat\u00e9riau composite PET12\/AL7\/PE100 mat, offrant une excellente r\u00e9sistance \u00e0 l'humidit\u00e9 et \u00e0 l'oxydation, ainsi qu'\u00e0 la d\u00e9chirure et \u00e0 l'\u00e9crasement.<\/li>\n\n\n\n<li><strong>Design facile \u00e0 d\u00e9chirer : <\/strong>Ces sacs d'emballage alimentaire imprim\u00e9s personnalis\u00e9s sont dot\u00e9s d'une encoche facile \u00e0 d\u00e9chirer, permettant une ouverture ais\u00e9e sans ciseaux ni couteaux, ce qui am\u00e9liore l'exp\u00e9rience et la commodit\u00e9 de l'utilisateur.<\/li>\n\n\n\n<li><strong>Forme unique :\u00a0<\/strong>Ces sachets pour comprim\u00e9s effervescents sont dot\u00e9s d'une forme unique qui garantit la reconnaissance du produit et la popularit\u00e9 des marques dans les rayons.<\/li>\n\n\n\n<li><strong>Personnalisation flexible : <\/strong>Nos sacs d'emballage alimentaire imprim\u00e9s sur mesure offrent des options de personnalisation compl\u00e8tes en termes de taille, de capacit\u00e9, de graphisme et d'impression, r\u00e9pondant ainsi aux besoins d'emballage de diverses marques et de divers produits.<\/li>\n<\/ul>\n\n\n\n<div class=\"wp-block-columns is-layout-flex wp-container-core-columns-is-layout-9d6595d7 wp-block-columns-is-layout-flex\">\n<div class=\"wp-block-column is-layout-flow wp-block-column-is-layout-flow\">\n<figure class=\"wp-block-image size-full\"><img decoding=\"async\" width=\"750\" height=\"750\" src=\"https:\/\/www.stanleypackage.com\/wp-content\/uploads\/2025\/09\/Special-Shape-Custom-Packaging-Bags-Bulk-Candy-Pouches-With-Zipper.jpg\" alt=\"\" class=\"wp-image-3036\" srcset=\"https:\/\/www.stanleypackage.com\/wp-content\/uploads\/2025\/09\/Special-Shape-Custom-Packaging-Bags-Bulk-Candy-Pouches-With-Zipper.jpg 750w, https:\/\/www.stanleypackage.com\/wp-content\/uploads\/2025\/09\/Special-Shape-Custom-Packaging-Bags-Bulk-Candy-Pouches-With-Zipper-300x300.jpg 300w, https:\/\/www.stanleypackage.com\/wp-content\/uploads\/2025\/09\/Special-Shape-Custom-Packaging-Bags-Bulk-Candy-Pouches-With-Zipper-150x150.jpg 150w, https:\/\/www.stanleypackage.com\/wp-content\/uploads\/2025\/09\/Special-Shape-Custom-Packaging-Bags-Bulk-Candy-Pouches-With-Zipper-12x12.jpg 12w, https:\/\/www.stanleypackage.com\/wp-content\/uploads\/2025\/09\/Special-Shape-Custom-Packaging-Bags-Bulk-Candy-Pouches-With-Zipper-600x600.jpg 600w, https:\/\/www.stanleypackage.com\/wp-content\/uploads\/2025\/09\/Special-Shape-Custom-Packaging-Bags-Bulk-Candy-Pouches-With-Zipper-100x100.jpg 100w\" sizes=\"(max-width: 750px) 100vw, 750px\" \/><\/figure>\n<\/div>\n\n\n\n<div class=\"wp-block-column is-layout-flow wp-block-column-is-layout-flow\">\n<figure class=\"wp-block-image size-full\"><img decoding=\"async\" width=\"750\" height=\"750\" src=\"https:\/\/www.stanleypackage.com\/wp-content\/uploads\/2025\/09\/Special-Shape-Custom-Packaging-Bags-Bulk-Candy-Pouches-With-Zipper-3.jpg\" alt=\"\" class=\"wp-image-3037\" srcset=\"https:\/\/www.stanleypackage.com\/wp-content\/uploads\/2025\/09\/Special-Shape-Custom-Packaging-Bags-Bulk-Candy-Pouches-With-Zipper-3.jpg 750w, https:\/\/www.stanleypackage.com\/wp-content\/uploads\/2025\/09\/Special-Shape-Custom-Packaging-Bags-Bulk-Candy-Pouches-With-Zipper-3-300x300.jpg 300w, https:\/\/www.stanleypackage.com\/wp-content\/uploads\/2025\/09\/Special-Shape-Custom-Packaging-Bags-Bulk-Candy-Pouches-With-Zipper-3-150x150.jpg 150w, https:\/\/www.stanleypackage.com\/wp-content\/uploads\/2025\/09\/Special-Shape-Custom-Packaging-Bags-Bulk-Candy-Pouches-With-Zipper-3-12x12.jpg 12w, https:\/\/www.stanleypackage.com\/wp-content\/uploads\/2025\/09\/Special-Shape-Custom-Packaging-Bags-Bulk-Candy-Pouches-With-Zipper-3-600x600.jpg 600w, https:\/\/www.stanleypackage.com\/wp-content\/uploads\/2025\/09\/Special-Shape-Custom-Packaging-Bags-Bulk-Candy-Pouches-With-Zipper-3-100x100.jpg 100w\" sizes=\"(max-width: 750px) 100vw, 750px\" \/><\/figure>\n<\/div>\n<\/div>\n<\/div>\n<\/div>\n\n\n\n<p><\/p>","protected":false},"excerpt":{"rendered":"<p>Nous vous invitons \u00e0 commander des sacs d'emballage alimentaire imprim\u00e9s sur mesure. Ces sachets d'emballage pour comprim\u00e9s effervescents \u00e0 haute barri\u00e8re sont dot\u00e9s d'une fermeture \u00e0 glissi\u00e8re et d'une encoche facile \u00e0 d\u00e9chirer. Fabriqu\u00e9s en PET12\/AL7\/PE100 mat, l'impression personnalis\u00e9e est disponible.<\/p>\n<table style=\"border-collapse: collapse; width: 312.77pt;\" border=\"0\" width=\"417\" cellspacing=\"0\" cellpadding=\"0\">\n<tbody>\n<tr style=\"height: 12.75pt;\">\n<td class=\"et2\" style=\"height: 12.75pt; width: 91.40pt;\" width=\"121\" height=\"17\">Fabricant<\/td>\n<td class=\"et2\" style=\"width: 222.00pt;\" width=\"296\">Stanley<\/td>\n<\/tr>\n<tr style=\"height: 12.75pt;\">\n<td class=\"et2\" style=\"height: 12.75pt; width: 91.40pt;\" width=\"121\" height=\"17\">Types de pochettes<\/td>\n<td class=\"et3\">Pochette scell\u00e9e sur trois c\u00f4t\u00e9s, pochette en forme, pochette \u00e0 fermeture \u00e9clair<\/td>\n<\/tr>\n<tr style=\"height: 12.75pt;\">\n<td class=\"et2\" style=\"height: 12.75pt; width: 91.40pt;\" width=\"121\" height=\"17\">Mat\u00e9riau<\/td>\n<td class=\"et2\" style=\"width: 222.00pt;\" width=\"296\">PET12\/AL7\/PE100<\/td>\n<\/tr>\n<tr style=\"height: 25.50pt;\">\n<td class=\"et2\" style=\"height: 25.50pt; width: 91.40pt;\" width=\"121\" height=\"34\">Dossier sp\u00e9cial<\/td>\n<td class=\"et2\" style=\"width: 222.00pt;\" width=\"296\">Haute barri\u00e8re, encoche facile \u00e0 d\u00e9chirer, fermeture \u00e0 glissi\u00e8re, forme sp\u00e9ciale<\/td>\n<\/tr>\n<tr style=\"height: 12.75pt;\">\n<td class=\"et2\" style=\"height: 12.75pt; width: 91.40pt;\" width=\"121\" height=\"17\">Manipulation de surface<\/td>\n<td class=\"et2\" style=\"width: 222.00pt;\" width=\"296\">Impression en h\u00e9liogravure<\/td>\n<\/tr>\n<tr style=\"height: 12.75pt;\">\n<td class=\"et2\" style=\"height: 12.75pt; width: 91.40pt;\" width=\"121\" height=\"17\">Couleur<\/td>\n<td class=\"et2\" style=\"width: 222.00pt;\" width=\"296\">Jusqu'\u00e0 10 couleurs<\/td>\n<\/tr>\n<tr style=\"height: 12.75pt;\">\n<td class=\"et2\" style=\"height: 12.75pt; width: 91.40pt;\" width=\"121\" height=\"17\">Utilisation<\/td>\n<td class=\"et3\">Bonbons, vitamines<\/td>\n<\/tr>\n<tr style=\"height: 12.75pt;\">\n<td class=\"et2\" style=\"height: 12.75pt; width: 91.40pt;\" width=\"121\" height=\"17\">MOQ<\/td>\n<td class=\"et2\" style=\"width: 222.00pt;\" width=\"296\">50 000 pi\u00e8ces<\/td>\n<\/tr>\n<tr style=\"height: 12.75pt;\">\n<td class=\"et2\" style=\"height: 12.75pt; width: 91.40pt;\" width=\"121\" height=\"17\">Commande personnalis\u00e9e<\/td>\n<td class=\"et2\" style=\"width: 222.00pt;\" width=\"296\">Acceptation de l'OEM, prise en charge de l'\u00e9chantillonnage gratuit<\/td>\n<\/tr>\n<\/tbody>\n<\/table>\n<p>&nbsp;<\/p>","protected":false},"featured_media":3038,"comment_status":"closed","ping_status":"closed","template":"","meta":{"_acf_changed":false},"product_brand":[],"product_cat":[28,31,22,18],"product_tag":[],"class_list":{"0":"post-3035","1":"product","2":"type-product","3":"status-publish","4":"has-post-thumbnail","6":"product_cat-three-side-seal-pouch-manufacturer","7":"product_cat-lay-flat-pouch-manufacturer","8":"product_cat-shaped-pouches-factory","9":"product_cat-zipper-pouch-manufacturer","11":"first","12":"instock","13":"shipping-taxable","14":"product-type-simple"},"acf":[],"_links":{"self":[{"href":"https:\/\/www.stanleypackage.com\/fr\/wp-json\/wp\/v2\/product\/3035","targetHints":{"allow":["GET"]}}],"collection":[{"href":"https:\/\/www.stanleypackage.com\/fr\/wp-json\/wp\/v2\/product"}],"about":[{"href":"https:\/\/www.stanleypackage.com\/fr\/wp-json\/wp\/v2\/types\/product"}],"replies":[{"embeddable":true,"href":"https:\/\/www.stanleypackage.com\/fr\/wp-json\/wp\/v2\/comments?post=3035"}],"wp:featuredmedia":[{"embeddable":true,"href":"https:\/\/www.stanleypackage.com\/fr\/wp-json\/wp\/v2\/media\/3038"}],"wp:attachment":[{"href":"https:\/\/www.stanleypackage.com\/fr\/wp-json\/wp\/v2\/media?parent=3035"}],"wp:term":[{"taxonomy":"product_brand","embeddable":true,"href":"https:\/\/www.stanleypackage.com\/fr\/wp-json\/wp\/v2\/product_brand?post=3035"},{"taxonomy":"product_cat","embeddable":true,"href":"https:\/\/www.stanleypackage.com\/fr\/wp-json\/wp\/v2\/product_cat?post=3035"},{"taxonomy":"product_tag","embeddable":true,"href":"https:\/\/www.stanleypackage.com\/fr\/wp-json\/wp\/v2\/product_tag?post=3035"}],"curies":[{"name":"wp","href":"https:\/\/api.w.org\/{rel}","templated":true}]}}