{"id":3040,"date":"2025-09-09T07:50:35","date_gmt":"2025-09-09T07:50:35","guid":{"rendered":"https:\/\/www.stanleypackage.com\/?post_type=product&#038;p=3040"},"modified":"2025-09-09T07:50:58","modified_gmt":"2025-09-09T07:50:58","slug":"custom-shaped-spout-pouches","status":"publish","type":"product","link":"https:\/\/www.stanleypackage.com\/fr\/product\/custom-shaped-spout-pouches\/","title":{"rendered":"Pochettes \u00e0 bec de forme personnalis\u00e9e, emballage de pochettes de sauces irr\u00e9guli\u00e8res"},"content":{"rendered":"<div class=\"wp-block-columns is-layout-flex wp-container-core-columns-is-layout-9d6595d7 wp-block-columns-is-layout-flex\">\n<div class=\"wp-block-column is-layout-flow wp-block-column-is-layout-flow\">\n<h2 class=\"wp-block-heading\">Caract\u00e9ristiques des pochettes \u00e0 bec de forme personnalis\u00e9e<\/h2>\n\n\n\n<ul class=\"wp-block-list\">\n<li><strong>Forme irr\u00e9guli\u00e8re : <\/strong>Ces sachets \u00e0 bec personnalis\u00e9s sont dot\u00e9s d'une forme unique qui garantit la reconnaissance du produit et la popularit\u00e9 de la marque dans les rayons.<\/li>\n\n\n\n<li><strong>Structure du bec pour un versement facile : <\/strong>Cet emballage de sauce personnalis\u00e9 est sp\u00e9cialement con\u00e7u avec une buse rotative, ce qui permet aux clients de contr\u00f4ler facilement la quantit\u00e9 d'utilisation et les condiments utilis\u00e9s avec pr\u00e9cision.<\/li>\n\n\n\n<li><strong>Le fond de l'appareil est debout, l'affichage est stable : <\/strong>La structure de nos sachets \u00e0 bec de forme personnalis\u00e9e rend l'emballage plus stable et plus adapt\u00e9 \u00e0 une pr\u00e9sentation en rayon ou sur un comptoir.<\/li>\n\n\n\n<li><strong>Impression recto-verso de haute qualit\u00e9 : <\/strong>Nos emballages de sauces personnalis\u00e9s offrent des motifs personnalis\u00e9s sur les deux faces avec des couleurs riches et claires pour afficher pleinement la vision de la marque.<\/li>\n\n\n\n<li><strong>Structure du mat\u00e9riau de barri\u00e8re multicouche :<\/strong> Ces sachets \u00e0 bec de forme personnalis\u00e9e utilisent une combinaison de mat\u00e9riaux PET12\/AL7\/BOPA15\/RCPP70 pour isoler efficacement l'humidit\u00e9 et l'air et maintenir la fra\u00eecheur du produit.<\/li>\n\n\n\n<li><strong>Convient \u00e0 une grande vari\u00e9t\u00e9 d'aliments : <\/strong>Ce mod\u00e8le d'emballage de sauce personnalis\u00e9 est largement utilis\u00e9 pour le sel, la poudre de chili, l'essence de poulet, la gel\u00e9e et d'autres produits alimentaires afin de r\u00e9pondre \u00e0 divers besoins d'emballage.<\/li>\n<\/ul>\n\n\n\n<div class=\"wp-block-columns is-layout-flex wp-container-core-columns-is-layout-9d6595d7 wp-block-columns-is-layout-flex\">\n<div class=\"wp-block-column is-layout-flow wp-block-column-is-layout-flow\">\n<figure class=\"wp-block-image size-full\"><img decoding=\"async\" width=\"750\" height=\"750\" src=\"https:\/\/www.stanleypackage.com\/wp-content\/uploads\/2025\/09\/Irregular-Shape-Custom-Spout-Pouches-For-Condiments-2.jpg\" alt=\"\" class=\"wp-image-3041\" srcset=\"https:\/\/www.stanleypackage.com\/wp-content\/uploads\/2025\/09\/Irregular-Shape-Custom-Spout-Pouches-For-Condiments-2.jpg 750w, https:\/\/www.stanleypackage.com\/wp-content\/uploads\/2025\/09\/Irregular-Shape-Custom-Spout-Pouches-For-Condiments-2-300x300.jpg 300w, https:\/\/www.stanleypackage.com\/wp-content\/uploads\/2025\/09\/Irregular-Shape-Custom-Spout-Pouches-For-Condiments-2-150x150.jpg 150w, https:\/\/www.stanleypackage.com\/wp-content\/uploads\/2025\/09\/Irregular-Shape-Custom-Spout-Pouches-For-Condiments-2-12x12.jpg 12w, https:\/\/www.stanleypackage.com\/wp-content\/uploads\/2025\/09\/Irregular-Shape-Custom-Spout-Pouches-For-Condiments-2-600x600.jpg 600w, https:\/\/www.stanleypackage.com\/wp-content\/uploads\/2025\/09\/Irregular-Shape-Custom-Spout-Pouches-For-Condiments-2-100x100.jpg 100w\" sizes=\"(max-width: 750px) 100vw, 750px\" \/><\/figure>\n<\/div>\n\n\n\n<div class=\"wp-block-column is-layout-flow wp-block-column-is-layout-flow\">\n<figure class=\"wp-block-image size-full\"><img decoding=\"async\" width=\"750\" height=\"750\" src=\"https:\/\/www.stanleypackage.com\/wp-content\/uploads\/2025\/09\/Irregular-Shape-Custom-Spout-Pouches-For-Condiments-6.jpg\" alt=\"\" class=\"wp-image-3042\" srcset=\"https:\/\/www.stanleypackage.com\/wp-content\/uploads\/2025\/09\/Irregular-Shape-Custom-Spout-Pouches-For-Condiments-6.jpg 750w, https:\/\/www.stanleypackage.com\/wp-content\/uploads\/2025\/09\/Irregular-Shape-Custom-Spout-Pouches-For-Condiments-6-300x300.jpg 300w, https:\/\/www.stanleypackage.com\/wp-content\/uploads\/2025\/09\/Irregular-Shape-Custom-Spout-Pouches-For-Condiments-6-150x150.jpg 150w, https:\/\/www.stanleypackage.com\/wp-content\/uploads\/2025\/09\/Irregular-Shape-Custom-Spout-Pouches-For-Condiments-6-12x12.jpg 12w, https:\/\/www.stanleypackage.com\/wp-content\/uploads\/2025\/09\/Irregular-Shape-Custom-Spout-Pouches-For-Condiments-6-600x600.jpg 600w, https:\/\/www.stanleypackage.com\/wp-content\/uploads\/2025\/09\/Irregular-Shape-Custom-Spout-Pouches-For-Condiments-6-100x100.jpg 100w\" sizes=\"(max-width: 750px) 100vw, 750px\" \/><\/figure>\n<\/div>\n<\/div>\n<\/div>\n<\/div>","protected":false},"excerpt":{"rendered":"<p>Nous vous invitons \u00e0 commander des poches \u00e0 bec de forme personnalis\u00e9e. Ce sachet de sauce en gros avec une fonction autoportante est fabriqu\u00e9 \u00e0 partir d'un mat\u00e9riau multicouche \u00e0 haute barri\u00e8re, qui convient parfaitement \u00e0 l'emballage de divers aliments tels que le ketchup, la moutarde, la sauce chili, la sauce barbecue, etc.<\/p>\n<table style=\"border-collapse: collapse; width: 365.02pt;\" border=\"0\" width=\"365\" cellspacing=\"0\" cellpadding=\"0\">\n<tbody>\n<tr style=\"height: 16.00pt;\">\n<td class=\"et2\" style=\"height: 16.00pt; width: 97.50pt;\" width=\"97\" height=\"16\">Fabricant<\/td>\n<td class=\"et2\" style=\"width: 267.50pt;\" width=\"267\">Stanley<\/td>\n<\/tr>\n<tr style=\"height: 16.00pt;\">\n<td class=\"et2\" style=\"height: 16.00pt; width: 97.50pt;\" width=\"97\" height=\"16\">Types de pochettes<\/td>\n<td class=\"et2\" style=\"width: 267.50pt;\" width=\"267\">Pochette \u00e0 bec, pochette debout, pochette irr\u00e9guli\u00e8re<\/td>\n<\/tr>\n<tr style=\"height: 16.00pt;\">\n<td class=\"et2\" style=\"height: 16.00pt; width: 97.50pt;\" width=\"97\" height=\"16\">Mat\u00e9riau<\/td>\n<td class=\"et2\" style=\"width: 267.50pt;\" width=\"267\">PET12\/AL7\/BOPA15\/RCPP70<\/td>\n<\/tr>\n<tr style=\"height: 16.00pt;\">\n<td class=\"et2\" style=\"height: 16.00pt; width: 97.50pt;\" width=\"97\" height=\"16\">Dossier sp\u00e9cial<\/td>\n<td class=\"et2\" style=\"width: 267.50pt;\" width=\"267\">Bec verseur, fond debout, poche irr\u00e9guli\u00e8re<\/td>\n<\/tr>\n<tr style=\"height: 16.00pt;\">\n<td class=\"et2\" style=\"height: 16.00pt; width: 97.50pt;\" width=\"97\" height=\"16\">Manipulation de surface<\/td>\n<td class=\"et2\" style=\"width: 267.50pt;\" width=\"267\">Impression en h\u00e9liogravure<\/td>\n<\/tr>\n<tr style=\"height: 16.00pt;\">\n<td class=\"et2\" style=\"height: 16.00pt; width: 97.50pt;\" width=\"97\" height=\"16\">Couleur<\/td>\n<td class=\"et2\" style=\"width: 267.50pt;\" width=\"267\">Impression recto-verso, jusqu'\u00e0 10 couleurs<\/td>\n<\/tr>\n<tr style=\"height: 16.00pt;\">\n<td class=\"et2\" style=\"height: 16.00pt; width: 97.50pt;\" width=\"97\" height=\"16\">Utilisation<\/td>\n<td class=\"et2\" style=\"width: 267.50pt;\" width=\"267\">Ketchup, moutarde, sauce barbecue<\/td>\n<\/tr>\n<tr style=\"height: 16.00pt;\">\n<td class=\"et2\" style=\"height: 16.00pt; width: 97.50pt;\" width=\"97\" height=\"16\">MOQ<\/td>\n<td class=\"et2\" style=\"width: 267.50pt;\" width=\"267\">50 000 pi\u00e8ces<\/td>\n<\/tr>\n<tr style=\"height: 16.00pt;\">\n<td class=\"et2\" style=\"height: 16.00pt; width: 97.50pt;\" width=\"97\" height=\"16\">Commande personnalis\u00e9e<\/td>\n<td class=\"et2\" style=\"width: 267.50pt;\" width=\"267\">Acceptation de l'OEM, prise en charge de l'\u00e9chantillonnage gratuit<\/td>\n<\/tr>\n<\/tbody>\n<\/table>","protected":false},"featured_media":3043,"comment_status":"closed","ping_status":"closed","template":"","meta":{"_acf_changed":false},"product_brand":[],"product_cat":[32,61,30,22],"product_tag":[],"class_list":{"0":"post-3040","1":"product","2":"type-product","3":"status-publish","4":"has-post-thumbnail","6":"product_cat-spout-pouch-manufacturer","7":"product_cat-squeeze-pouch-manufacturer","8":"product_cat-stand-up-pouch-manufacturer","9":"product_cat-shaped-pouches-factory","10":"pa_food-packaging-sauce-condiment-pouches","12":"first","13":"instock","14":"shipping-taxable","15":"product-type-simple"},"acf":[],"_links":{"self":[{"href":"https:\/\/www.stanleypackage.com\/fr\/wp-json\/wp\/v2\/product\/3040","targetHints":{"allow":["GET"]}}],"collection":[{"href":"https:\/\/www.stanleypackage.com\/fr\/wp-json\/wp\/v2\/product"}],"about":[{"href":"https:\/\/www.stanleypackage.com\/fr\/wp-json\/wp\/v2\/types\/product"}],"replies":[{"embeddable":true,"href":"https:\/\/www.stanleypackage.com\/fr\/wp-json\/wp\/v2\/comments?post=3040"}],"wp:featuredmedia":[{"embeddable":true,"href":"https:\/\/www.stanleypackage.com\/fr\/wp-json\/wp\/v2\/media\/3043"}],"wp:attachment":[{"href":"https:\/\/www.stanleypackage.com\/fr\/wp-json\/wp\/v2\/media?parent=3040"}],"wp:term":[{"taxonomy":"product_brand","embeddable":true,"href":"https:\/\/www.stanleypackage.com\/fr\/wp-json\/wp\/v2\/product_brand?post=3040"},{"taxonomy":"product_cat","embeddable":true,"href":"https:\/\/www.stanleypackage.com\/fr\/wp-json\/wp\/v2\/product_cat?post=3040"},{"taxonomy":"product_tag","embeddable":true,"href":"https:\/\/www.stanleypackage.com\/fr\/wp-json\/wp\/v2\/product_tag?post=3040"}],"curies":[{"name":"wp","href":"https:\/\/api.w.org\/{rel}","templated":true}]}}