{"id":3049,"date":"2025-09-09T08:20:21","date_gmt":"2025-09-09T08:20:21","guid":{"rendered":"https:\/\/www.stanleypackage.com\/?post_type=product&#038;p=3049"},"modified":"2025-09-09T08:21:20","modified_gmt":"2025-09-09T08:21:20","slug":"coffee-bags-wholesale","status":"publish","type":"product","link":"https:\/\/www.stanleypackage.com\/fr\/product\/coffee-bags-wholesale\/","title":{"rendered":"Sacs \u00e0 caf\u00e9 imprim\u00e9s sur mesure avec fond de bo\u00eete en gros avec valve"},"content":{"rendered":"<div class=\"wp-block-columns is-layout-flex wp-container-core-columns-is-layout-9d6595d7 wp-block-columns-is-layout-flex\">\n<div class=\"wp-block-column is-layout-flow wp-block-column-is-layout-flow\">\n<h2 class=\"wp-block-heading\">Caract\u00e9ristiques des sacs \u00e0 caf\u00e9 personnalis\u00e9s en gros<\/h2>\n\n\n\n<ul class=\"wp-block-list\">\n<li><strong>Structure de joint \u00e0 huit c\u00f4t\u00e9s : <\/strong>La structure de scellage \u00e0 huit c\u00f4t\u00e9s de ces sacs \u00e0 caf\u00e9 avec valve augmente la stabilit\u00e9 et l'aspect visuel de la forme du sac, et le rend attrayant pour les rayons.<\/li>\n\n\n\n<li><strong>Fermeture \u00e0 glissi\u00e8re refermable : <\/strong>Ces sachets d'emballage de caf\u00e9 personnalis\u00e9s avec valve sont \u00e9quip\u00e9s d'une fermeture \u00e0 glissi\u00e8re de haute qualit\u00e9, facile \u00e0 ouvrir et \u00e0 fermer et \u00e0 r\u00e9utiliser, ce qui augmente la dur\u00e9e de conservation du produit.<\/li>\n\n\n\n<li><strong>Mat\u00e9riau multicouche \u00e0 haute barri\u00e8re : <\/strong>Le recto et le verso de ces sacs \u00e0 caf\u00e9 avec valve sont fabriqu\u00e9s en PET12\/AL7\/PE100, un mat\u00e9riau r\u00e9sistant \u00e0 l'humidit\u00e9, \u00e0 l'oxydation et \u00e0 la lumi\u00e8re pour prot\u00e9ger le go\u00fbt frais du caf\u00e9.<\/li>\n\n\n\n<li><strong>Valve + conception de remplissage par le bas : <\/strong>La conception de la valve de ces sachets est destin\u00e9e \u00e0 lib\u00e9rer de l'air, emp\u00eachant l'air et l'humidit\u00e9 de p\u00e9n\u00e9trer \u00e0 l'int\u00e9rieur de l'emballage, ce qui emp\u00eache le caf\u00e9 de s'oxyder et de se d\u00e9t\u00e9riorer. Le remplissage par le bas est adapt\u00e9 aux lignes de production automatis\u00e9es, ce qui rend l'ensachage efficace et pratique.<\/li>\n\n\n\n<li><strong>Impression en h\u00e9liogravure jusqu'\u00e0 10 couleurs : <\/strong>Nos sacs \u00e0 caf\u00e9 en gros avec valve supportent une impression en h\u00e9liogravure multicolore de haute pr\u00e9cision, avec des motifs fins et des couleurs vives, pour promouvoir l'image de la marque.<\/li>\n\n\n\n<li><strong>S'adapter \u00e0 de multiples besoins personnalis\u00e9s :<\/strong> Les dimensions, l'impression et le type de fermeture \u00e9clair de nos sachets d'emballage de caf\u00e9 personnalis\u00e9s peuvent \u00eatre adapt\u00e9s \u00e0 la demande aux diff\u00e9rentes exigences de plusieurs marques et au positionnement sur le march\u00e9.<\/li>\n<\/ul>\n\n\n\n<div class=\"wp-block-columns is-layout-flex wp-container-core-columns-is-layout-9d6595d7 wp-block-columns-is-layout-flex\">\n<div class=\"wp-block-column is-layout-flow wp-block-column-is-layout-flow\">\n<figure class=\"wp-block-image size-full\"><img decoding=\"async\" width=\"750\" height=\"750\" src=\"https:\/\/www.stanleypackage.com\/wp-content\/uploads\/2025\/09\/Custom-Coffee-Bags-with-Valve-Wholesale-Stand-Up-Pouches-6.jpg\" alt=\"\" class=\"wp-image-3050\" srcset=\"https:\/\/www.stanleypackage.com\/wp-content\/uploads\/2025\/09\/Custom-Coffee-Bags-with-Valve-Wholesale-Stand-Up-Pouches-6.jpg 750w, https:\/\/www.stanleypackage.com\/wp-content\/uploads\/2025\/09\/Custom-Coffee-Bags-with-Valve-Wholesale-Stand-Up-Pouches-6-300x300.jpg 300w, https:\/\/www.stanleypackage.com\/wp-content\/uploads\/2025\/09\/Custom-Coffee-Bags-with-Valve-Wholesale-Stand-Up-Pouches-6-150x150.jpg 150w, https:\/\/www.stanleypackage.com\/wp-content\/uploads\/2025\/09\/Custom-Coffee-Bags-with-Valve-Wholesale-Stand-Up-Pouches-6-12x12.jpg 12w, https:\/\/www.stanleypackage.com\/wp-content\/uploads\/2025\/09\/Custom-Coffee-Bags-with-Valve-Wholesale-Stand-Up-Pouches-6-600x600.jpg 600w, https:\/\/www.stanleypackage.com\/wp-content\/uploads\/2025\/09\/Custom-Coffee-Bags-with-Valve-Wholesale-Stand-Up-Pouches-6-100x100.jpg 100w\" sizes=\"(max-width: 750px) 100vw, 750px\" \/><\/figure>\n<\/div>\n\n\n\n<div class=\"wp-block-column is-layout-flow wp-block-column-is-layout-flow\">\n<figure class=\"wp-block-image size-full\"><img decoding=\"async\" width=\"750\" height=\"750\" src=\"https:\/\/www.stanleypackage.com\/wp-content\/uploads\/2025\/09\/Custom-Coffee-Bags-with-Valve-Wholesale-Stand-Up-Pouches-2.jpg\" alt=\"\" class=\"wp-image-3051\" srcset=\"https:\/\/www.stanleypackage.com\/wp-content\/uploads\/2025\/09\/Custom-Coffee-Bags-with-Valve-Wholesale-Stand-Up-Pouches-2.jpg 750w, https:\/\/www.stanleypackage.com\/wp-content\/uploads\/2025\/09\/Custom-Coffee-Bags-with-Valve-Wholesale-Stand-Up-Pouches-2-300x300.jpg 300w, https:\/\/www.stanleypackage.com\/wp-content\/uploads\/2025\/09\/Custom-Coffee-Bags-with-Valve-Wholesale-Stand-Up-Pouches-2-150x150.jpg 150w, https:\/\/www.stanleypackage.com\/wp-content\/uploads\/2025\/09\/Custom-Coffee-Bags-with-Valve-Wholesale-Stand-Up-Pouches-2-12x12.jpg 12w, https:\/\/www.stanleypackage.com\/wp-content\/uploads\/2025\/09\/Custom-Coffee-Bags-with-Valve-Wholesale-Stand-Up-Pouches-2-600x600.jpg 600w, https:\/\/www.stanleypackage.com\/wp-content\/uploads\/2025\/09\/Custom-Coffee-Bags-with-Valve-Wholesale-Stand-Up-Pouches-2-100x100.jpg 100w\" sizes=\"(max-width: 750px) 100vw, 750px\" \/><\/figure>\n<\/div>\n<\/div>\n<\/div>\n<\/div>","protected":false},"excerpt":{"rendered":"<p>Nous vous invitons \u00e0 acheter des sacs \u00e0 caf\u00e9 en gros. Nos sacs d'emballage de caf\u00e9 personnalis\u00e9s avec valves ont d'excellentes propri\u00e9t\u00e9s de pr\u00e9servation de la fra\u00eecheur et d'\u00e9tanch\u00e9it\u00e9 et conviennent \u00e0 l'emballage de toute forme de caf\u00e9, comme les grains de caf\u00e9, le caf\u00e9 en poudre, ainsi qu'\u00e0 des produits tels que l'avoine.<\/p>\n<table style=\"border-collapse: collapse; width: 365.02pt;\" border=\"0\" width=\"365\" cellspacing=\"0\" cellpadding=\"0\">\n<tbody>\n<tr style=\"height: 16.00pt;\">\n<td class=\"et2\" style=\"height: 16.00pt; width: 97.50pt;\" width=\"97\" height=\"16\">Fabricant<\/td>\n<td class=\"et2\" style=\"width: 267.50pt;\" width=\"267\">Stanley<\/td>\n<\/tr>\n<tr style=\"height: 16.00pt;\">\n<td class=\"et2\" style=\"height: 16.00pt; width: 97.50pt;\" width=\"97\" height=\"16\">Types de pochettes<\/td>\n<td class=\"et3\">Pochette \u00e0 fond plat \u00e0 8 soudures lat\u00e9rales, pochette \u00e0 fermeture \u00e9clair<\/td>\n<\/tr>\n<tr style=\"height: 31.00pt;\">\n<td class=\"et2\" style=\"height: 31.00pt; width: 97.50pt;\" width=\"97\" height=\"31\">Mat\u00e9riau<\/td>\n<td class=\"et2\" style=\"width: 267.50pt;\" width=\"267\">PET12\/AL7\/PE100<\/td>\n<\/tr>\n<tr style=\"height: 16.00pt;\">\n<td class=\"et2\" style=\"height: 16.00pt; width: 97.50pt;\" width=\"97\" height=\"16\">Dossier sp\u00e9cial<\/td>\n<td class=\"et2\" style=\"width: 267.50pt;\" width=\"267\">Fermeture \u00e0 glissi\u00e8re, valve, remplissage par le bas<\/td>\n<\/tr>\n<tr style=\"height: 16.00pt;\">\n<td class=\"et2\" style=\"height: 16.00pt; width: 97.50pt;\" width=\"97\" height=\"16\">Manipulation de surface<\/td>\n<td class=\"et2\" style=\"width: 267.50pt;\" width=\"267\">Impression en h\u00e9liogravure<\/td>\n<\/tr>\n<tr style=\"height: 16.00pt;\">\n<td class=\"et2\" style=\"height: 16.00pt; width: 97.50pt;\" width=\"97\" height=\"16\">Couleur<\/td>\n<td class=\"et2\" style=\"width: 267.50pt;\" width=\"267\">Impression recto-verso, jusqu'\u00e0 10 couleurs<\/td>\n<\/tr>\n<tr style=\"height: 16.00pt;\">\n<td class=\"et2\" style=\"height: 16.00pt; width: 97.50pt;\" width=\"97\" height=\"16\">Utilisation<\/td>\n<td class=\"et2\" style=\"width: 267.50pt;\" width=\"267\">Grains de caf\u00e9, caf\u00e9 en poudre, farine d'avoine<\/td>\n<\/tr>\n<tr style=\"height: 16.00pt;\">\n<td class=\"et2\" style=\"height: 16.00pt; width: 97.50pt;\" width=\"97\" height=\"16\">MOQ<\/td>\n<td class=\"et2\" style=\"width: 267.50pt;\" width=\"267\">50 000 pi\u00e8ces<\/td>\n<\/tr>\n<tr style=\"height: 16.00pt;\">\n<td class=\"et2\" style=\"height: 16.00pt; width: 97.50pt;\" width=\"97\" height=\"16\">Commande personnalis\u00e9e<\/td>\n<td class=\"et2\" style=\"width: 267.50pt;\" width=\"267\">Acceptation de l'OEM, prise en charge de l'\u00e9chantillonnage gratuit<\/td>\n<\/tr>\n<\/tbody>\n<\/table>\n<p>&nbsp;<\/p>","protected":false},"featured_media":3052,"comment_status":"closed","ping_status":"closed","template":"","meta":{"_acf_changed":false},"product_brand":[],"product_cat":[24,18],"product_tag":[],"class_list":{"0":"post-3049","1":"product","2":"type-product","3":"status-publish","4":"has-post-thumbnail","6":"product_cat-flat-bottom-pouch-manufacturer","7":"product_cat-zipper-pouch-manufacturer","8":"pa_food-packaging-food-powder-packaging","9":"pa_food-packaging-oatmeal-pouch","10":"pa_food-packaging-coffee-packaging-pouch","12":"first","13":"instock","14":"shipping-taxable","15":"product-type-simple"},"acf":[],"_links":{"self":[{"href":"https:\/\/www.stanleypackage.com\/fr\/wp-json\/wp\/v2\/product\/3049","targetHints":{"allow":["GET"]}}],"collection":[{"href":"https:\/\/www.stanleypackage.com\/fr\/wp-json\/wp\/v2\/product"}],"about":[{"href":"https:\/\/www.stanleypackage.com\/fr\/wp-json\/wp\/v2\/types\/product"}],"replies":[{"embeddable":true,"href":"https:\/\/www.stanleypackage.com\/fr\/wp-json\/wp\/v2\/comments?post=3049"}],"wp:featuredmedia":[{"embeddable":true,"href":"https:\/\/www.stanleypackage.com\/fr\/wp-json\/wp\/v2\/media\/3052"}],"wp:attachment":[{"href":"https:\/\/www.stanleypackage.com\/fr\/wp-json\/wp\/v2\/media?parent=3049"}],"wp:term":[{"taxonomy":"product_brand","embeddable":true,"href":"https:\/\/www.stanleypackage.com\/fr\/wp-json\/wp\/v2\/product_brand?post=3049"},{"taxonomy":"product_cat","embeddable":true,"href":"https:\/\/www.stanleypackage.com\/fr\/wp-json\/wp\/v2\/product_cat?post=3049"},{"taxonomy":"product_tag","embeddable":true,"href":"https:\/\/www.stanleypackage.com\/fr\/wp-json\/wp\/v2\/product_tag?post=3049"}],"curies":[{"name":"wp","href":"https:\/\/api.w.org\/{rel}","templated":true}]}}