{"id":3130,"date":"2025-09-26T02:55:47","date_gmt":"2025-09-26T02:55:47","guid":{"rendered":"https:\/\/www.stanleypackage.com\/?post_type=product&#038;p=3130"},"modified":"2025-09-26T02:55:54","modified_gmt":"2025-09-26T02:55:54","slug":"food-pouches-wholesale","status":"publish","type":"product","link":"https:\/\/www.stanleypackage.com\/fr\/product\/food-pouches-wholesale\/","title":{"rendered":"Sachets alimentaires debout Wholesale, Sac d'emballage de poudre sur mesure"},"content":{"rendered":"<div class=\"wp-block-columns is-layout-flex wp-container-core-columns-is-layout-9d6595d7 wp-block-columns-is-layout-flex\">\n<div class=\"wp-block-column is-layout-flow wp-block-column-is-layout-flow\">\n<h2 class=\"wp-block-heading\">Caract\u00e9ristiques des Stand Up Food Pouches Wholesale<\/h2>\n\n\n\n<ul class=\"wp-block-list\">\n<li><strong>S\u00e9curit\u00e9 alimentaire de haut niveau :<\/strong> Nos sachets alimentaires \u00e0 fermeture \u00e9clair utilisent une structure composite multicouche en PET12\/MBPE110, offrant d'excellentes propri\u00e9t\u00e9s de r\u00e9sistance \u00e0 l'humidit\u00e9, \u00e0 l'oxydation et \u00e0 la lumi\u00e8re. Ils isolent efficacement l'air et l'humidit\u00e9, prolongeant ainsi la dur\u00e9e de conservation des aliments.<\/li>\n\n\n\n<li><strong>Possibilit\u00e9 de personnaliser la taille et l'impression :\u00a0<\/strong>Nos sacs d'emballage de poudre personnalis\u00e9s peuvent \u00eatre adapt\u00e9s en termes de taille, de motif d'impression et de type de sac en fonction des exigences du produit afin de cr\u00e9er une solution d'emballage unique pour la marque.<\/li>\n\n\n\n<li><strong>Conception conviviale : <\/strong>Ces sachets alimentaires \u00e0 fermeture \u00e9clair peuvent facilement \u00eatre plac\u00e9s sur des \u00e9tag\u00e8res. La fermeture \u00e0 glissi\u00e8re permet des ouvertures et des fermetures r\u00e9p\u00e9t\u00e9es, pr\u00e9servant ainsi la fra\u00eecheur du contenu. L'encoche facile \u00e0 d\u00e9chirer permet une ouverture ais\u00e9e, am\u00e9liorant ainsi l'exp\u00e9rience de l'utilisateur.<\/li>\n\n\n\n<li><strong>Permet l'impression personnalis\u00e9e en plusieurs couleurs : <\/strong>Nos sacs d'emballage de poudre personnalis\u00e9s peuvent \u00eatre magnifiquement imprim\u00e9s jusqu'\u00e0 10 couleurs, s'adaptant \u00e0 des motifs complexes et \u00e0 des effets de d\u00e9grad\u00e9, faisant de l'emballage un puissant vecteur de promotion de la marque.<\/li>\n\n\n\n<li><strong>Applications multi-sc\u00e9narios : <\/strong>En plus de l'emballage du sel de mer, ces sachets alimentaires \u00e0 fermeture \u00e9clair conviennent \u00e9galement aux noix, aux fruits secs, au th\u00e9, aux grains de caf\u00e9, aux bonbons, aux snacks, etc. Les commer\u00e7ants peuvent ainsi \u00e9largir leur gamme de produits avec le m\u00eame emballage, ce qui permet de r\u00e9duire les co\u00fbts tout en maintenant une image de marque coh\u00e9rente.<\/li>\n<\/ul>\n\n\n\n<div class=\"wp-block-columns is-layout-flex wp-container-core-columns-is-layout-9d6595d7 wp-block-columns-is-layout-flex\">\n<div class=\"wp-block-column is-layout-flow wp-block-column-is-layout-flow\">\n<figure class=\"wp-block-image size-full\"><img decoding=\"async\" width=\"3024\" height=\"3030\" src=\"https:\/\/www.stanleypackage.com\/wp-content\/uploads\/2025\/09\/Stand-Up-Zip-Pouches-Wholesale-Custom-Packaging-Bag-For-Food-6.jpg\" alt=\"Sachets alimentaires debout Wholesale, Sac d&#039;emballage de poudre sur mesure\" class=\"wp-image-3131\" srcset=\"https:\/\/www.stanleypackage.com\/wp-content\/uploads\/2025\/09\/Stand-Up-Zip-Pouches-Wholesale-Custom-Packaging-Bag-For-Food-6.jpg 3024w, https:\/\/www.stanleypackage.com\/wp-content\/uploads\/2025\/09\/Stand-Up-Zip-Pouches-Wholesale-Custom-Packaging-Bag-For-Food-6-300x300.jpg 300w, https:\/\/www.stanleypackage.com\/wp-content\/uploads\/2025\/09\/Stand-Up-Zip-Pouches-Wholesale-Custom-Packaging-Bag-For-Food-6-150x150.jpg 150w, https:\/\/www.stanleypackage.com\/wp-content\/uploads\/2025\/09\/Stand-Up-Zip-Pouches-Wholesale-Custom-Packaging-Bag-For-Food-6-768x770.jpg 768w, https:\/\/www.stanleypackage.com\/wp-content\/uploads\/2025\/09\/Stand-Up-Zip-Pouches-Wholesale-Custom-Packaging-Bag-For-Food-6-12x12.jpg 12w, https:\/\/www.stanleypackage.com\/wp-content\/uploads\/2025\/09\/Stand-Up-Zip-Pouches-Wholesale-Custom-Packaging-Bag-For-Food-6-1200x1202.jpg 1200w, https:\/\/www.stanleypackage.com\/wp-content\/uploads\/2025\/09\/Stand-Up-Zip-Pouches-Wholesale-Custom-Packaging-Bag-For-Food-6-600x601.jpg 600w, https:\/\/www.stanleypackage.com\/wp-content\/uploads\/2025\/09\/Stand-Up-Zip-Pouches-Wholesale-Custom-Packaging-Bag-For-Food-6-100x100.jpg 100w\" sizes=\"(max-width: 3024px) 100vw, 3024px\" \/><\/figure>\n<\/div>\n\n\n\n<div class=\"wp-block-column is-layout-flow wp-block-column-is-layout-flow\">\n<figure class=\"wp-block-image size-full\"><img decoding=\"async\" width=\"634\" height=\"631\" src=\"https:\/\/www.stanleypackage.com\/wp-content\/uploads\/2025\/09\/Stand-Up-Zip-Pouches-Wholesale-Custom-Packaging-Bag-For-Food-2.png\" alt=\"\" class=\"wp-image-3132\" srcset=\"https:\/\/www.stanleypackage.com\/wp-content\/uploads\/2025\/09\/Stand-Up-Zip-Pouches-Wholesale-Custom-Packaging-Bag-For-Food-2.png 634w, https:\/\/www.stanleypackage.com\/wp-content\/uploads\/2025\/09\/Stand-Up-Zip-Pouches-Wholesale-Custom-Packaging-Bag-For-Food-2-300x300.png 300w, https:\/\/www.stanleypackage.com\/wp-content\/uploads\/2025\/09\/Stand-Up-Zip-Pouches-Wholesale-Custom-Packaging-Bag-For-Food-2-150x150.png 150w, https:\/\/www.stanleypackage.com\/wp-content\/uploads\/2025\/09\/Stand-Up-Zip-Pouches-Wholesale-Custom-Packaging-Bag-For-Food-2-12x12.png 12w, https:\/\/www.stanleypackage.com\/wp-content\/uploads\/2025\/09\/Stand-Up-Zip-Pouches-Wholesale-Custom-Packaging-Bag-For-Food-2-600x597.png 600w, https:\/\/www.stanleypackage.com\/wp-content\/uploads\/2025\/09\/Stand-Up-Zip-Pouches-Wholesale-Custom-Packaging-Bag-For-Food-2-100x100.png 100w\" sizes=\"(max-width: 634px) 100vw, 634px\" \/><\/figure>\n<\/div>\n<\/div>\n<\/div>\n<\/div>","protected":false},"excerpt":{"rendered":"<p>Nous vous invitons \u00e0 commander en gros des sachets d'emballage de poudre pour aliments. Nos sachets alimentaires \u00e0 fermeture \u00e9clair peuvent \u00eatre personnalis\u00e9s en termes de taille, de motif d'impression et de type de sac en fonction des exigences du produit.<\/p>\n<table style=\"border-collapse: collapse; width: 312.77pt;\" border=\"0\" width=\"417\" cellspacing=\"0\" cellpadding=\"0\">\n<tbody>\n<tr style=\"height: 12.75pt;\">\n<td class=\"et2\" style=\"height: 12.75pt; width: 91.40pt;\" width=\"121\" height=\"17\">Fabricant<\/td>\n<td class=\"et2\" style=\"width: 222.00pt;\" width=\"296\">Stanley<\/td>\n<\/tr>\n<tr style=\"height: 12.75pt;\">\n<td class=\"et2\" style=\"height: 12.75pt; width: 91.40pt;\" width=\"121\" height=\"17\">Types de pochettes<\/td>\n<td class=\"et3\">Stand Up Pouch, Zipper Pouch<\/td>\n<\/tr>\n<tr style=\"height: 12.75pt;\">\n<td class=\"et2\" style=\"height: 12.75pt; width: 91.40pt;\" width=\"121\" height=\"17\">Mat\u00e9riau<\/td>\n<td class=\"et2\" style=\"width: 222.00pt;\" width=\"296\">PET12\/MBPE110<\/td>\n<\/tr>\n<tr style=\"height: 25.50pt;\">\n<td class=\"et2\" style=\"height: 25.50pt; width: 91.40pt;\" width=\"121\" height=\"34\">Dossier sp\u00e9cial<\/td>\n<td class=\"et2\" style=\"width: 222.00pt;\" width=\"296\">Bas montant, fermeture \u00e0 glissi\u00e8re, encoche facile \u00e0 d\u00e9chirer<\/td>\n<\/tr>\n<tr style=\"height: 12.75pt;\">\n<td class=\"et2\" style=\"height: 12.75pt; width: 91.40pt;\" width=\"121\" height=\"17\">Manipulation de surface<\/td>\n<td class=\"et2\" style=\"width: 222.00pt;\" width=\"296\">Impression en h\u00e9liogravure<\/td>\n<\/tr>\n<tr style=\"height: 12.75pt;\">\n<td class=\"et2\" style=\"height: 12.75pt; width: 91.40pt;\" width=\"121\" height=\"17\">Couleur<\/td>\n<td class=\"et2\" style=\"width: 222.00pt;\" width=\"296\">Jusqu'\u00e0 10 couleurs<\/td>\n<\/tr>\n<tr style=\"height: 12.75pt;\">\n<td class=\"et2\" style=\"height: 12.75pt; width: 91.40pt;\" width=\"121\" height=\"17\">Utilisation<\/td>\n<td class=\"et3\">Suppl\u00e9ment en poudre, boisson solide, assaisonnement<\/td>\n<\/tr>\n<tr style=\"height: 12.75pt;\">\n<td class=\"et2\" style=\"height: 12.75pt; width: 91.40pt;\" width=\"121\" height=\"17\">MOQ<\/td>\n<td class=\"et2\" style=\"width: 222.00pt;\" width=\"296\">50 000 pi\u00e8ces<\/td>\n<\/tr>\n<tr style=\"height: 12.75pt;\">\n<td class=\"et2\" style=\"height: 12.75pt; width: 91.40pt;\" width=\"121\" height=\"17\">Commande personnalis\u00e9e<\/td>\n<td class=\"et2\" style=\"width: 222.00pt;\" width=\"296\">Acceptation de l'OEM, prise en charge de l'\u00e9chantillonnage gratuit<\/td>\n<\/tr>\n<\/tbody>\n<\/table>\n<p>&nbsp;<\/p>","protected":false},"featured_media":3133,"comment_status":"closed","ping_status":"closed","template":"","meta":{"_acf_changed":false},"product_brand":[],"product_cat":[30,18],"product_tag":[],"class_list":{"0":"post-3130","1":"product","2":"type-product","3":"status-publish","4":"has-post-thumbnail","6":"product_cat-stand-up-pouch-manufacturer","7":"product_cat-zipper-pouch-manufacturer","8":"pa_food-packaging-food-powder-packaging","9":"pa_food-packaging-sauce-condiment-pouches","11":"first","12":"instock","13":"shipping-taxable","14":"product-type-simple"},"acf":[],"_links":{"self":[{"href":"https:\/\/www.stanleypackage.com\/fr\/wp-json\/wp\/v2\/product\/3130","targetHints":{"allow":["GET"]}}],"collection":[{"href":"https:\/\/www.stanleypackage.com\/fr\/wp-json\/wp\/v2\/product"}],"about":[{"href":"https:\/\/www.stanleypackage.com\/fr\/wp-json\/wp\/v2\/types\/product"}],"replies":[{"embeddable":true,"href":"https:\/\/www.stanleypackage.com\/fr\/wp-json\/wp\/v2\/comments?post=3130"}],"wp:featuredmedia":[{"embeddable":true,"href":"https:\/\/www.stanleypackage.com\/fr\/wp-json\/wp\/v2\/media\/3133"}],"wp:attachment":[{"href":"https:\/\/www.stanleypackage.com\/fr\/wp-json\/wp\/v2\/media?parent=3130"}],"wp:term":[{"taxonomy":"product_brand","embeddable":true,"href":"https:\/\/www.stanleypackage.com\/fr\/wp-json\/wp\/v2\/product_brand?post=3130"},{"taxonomy":"product_cat","embeddable":true,"href":"https:\/\/www.stanleypackage.com\/fr\/wp-json\/wp\/v2\/product_cat?post=3130"},{"taxonomy":"product_tag","embeddable":true,"href":"https:\/\/www.stanleypackage.com\/fr\/wp-json\/wp\/v2\/product_tag?post=3130"}],"curies":[{"name":"wp","href":"https:\/\/api.w.org\/{rel}","templated":true}]}}