{"id":3145,"date":"2025-09-26T03:25:17","date_gmt":"2025-09-26T03:25:17","guid":{"rendered":"https:\/\/www.stanleypackage.com\/?post_type=product&#038;p=3145"},"modified":"2025-09-26T03:25:24","modified_gmt":"2025-09-26T03:25:24","slug":"custom-printed-stand-up-pouches-2","status":"publish","type":"product","link":"https:\/\/www.stanleypackage.com\/fr\/product\/custom-printed-stand-up-pouches-2\/","title":{"rendered":"Pochettes imprim\u00e9es sur mesure pour l'emballage des snacks"},"content":{"rendered":"<div class=\"wp-block-columns is-layout-flex wp-container-core-columns-is-layout-9d6595d7 wp-block-columns-is-layout-flex\">\n<div class=\"wp-block-column is-layout-flow wp-block-column-is-layout-flow\">\n<h2 class=\"wp-block-heading\">Caract\u00e9ristiques des pochettes imprim\u00e9es sur mesure<\/h2>\n\n\n\n<ul class=\"wp-block-list\">\n<li><strong>Texture mate, toucher haut de gamme : <\/strong>Ces pochettes imprim\u00e9es personnalis\u00e9es ont une texture mate qui am\u00e9liore la qualit\u00e9 visuelle, offre une r\u00e9sistance aux rayures et est facile \u00e0 imprimer, mettant parfaitement en valeur l'image de premier ordre de votre marque.<\/li>\n\n\n\n<li><strong>Conception conviviale, commode et pratique : <\/strong>Nos sachets d'emballage de snacks personnalis\u00e9s sont dot\u00e9s d'une encoche facile \u00e0 d\u00e9chirer pour une ouverture ais\u00e9e, d'une fen\u00eatre transparente d\u00e9grad\u00e9e pour pr\u00e9senter le contenu tout en pr\u00e9servant le secret, et de coins arrondis pour une meilleure r\u00e9sistance \u00e0 la perforation.<\/li>\n\n\n\n<li><strong>Mat\u00e9riau tr\u00e8s r\u00e9sistant, protection compl\u00e8te : <\/strong>Les sachets imprim\u00e9s personnalis\u00e9s sont fabriqu\u00e9s \u00e0 partir d'une structure composite PET\/PE qui bloque compl\u00e8tement l'humidit\u00e9, l'oxyg\u00e8ne et les rayons UV, prolongeant ainsi la dur\u00e9e de conservation de vos snacks. Ils sont r\u00e9sistants \u00e0 la perforation et parfaits pour les aliments fragiles.<\/li>\n\n\n\n<li><strong>Personnalisation flexible, autonomisation de la marque : <\/strong>Ces sachets d'emballage pour snacks sont enti\u00e8rement personnalisables en termes de taille, de motif et de logo, offrant ainsi une solution d'emballage diff\u00e9renci\u00e9e qui aide les marques \u00e0 se d\u00e9marquer dans les rayons.<\/li>\n\n\n\n<li><strong>\u00c9chantillons gratuits + assistance OEM :<\/strong> Nous fournissons des \u00e9chantillons gratuits pour confirmer la qualit\u00e9 des pochettes imprim\u00e9es personnalis\u00e9es. Un service OEM professionnel r\u00e9pond aux besoins de personnalisation des petits lots. Le seuil de coop\u00e9ration est bas et la r\u00e9ponse est efficace.<\/li>\n<\/ul>\n\n\n\n<div class=\"wp-block-columns is-layout-flex wp-container-core-columns-is-layout-9d6595d7 wp-block-columns-is-layout-flex\">\n<div class=\"wp-block-column is-layout-flow wp-block-column-is-layout-flow\">\n<figure class=\"wp-block-image size-full\"><img decoding=\"async\" width=\"750\" height=\"750\" src=\"https:\/\/www.stanleypackage.com\/wp-content\/uploads\/2025\/09\/Customized-Standing-Pouch-Wholesale-For-Jelly-2.jpg\" alt=\"\" class=\"wp-image-3146\" srcset=\"https:\/\/www.stanleypackage.com\/wp-content\/uploads\/2025\/09\/Customized-Standing-Pouch-Wholesale-For-Jelly-2.jpg 750w, https:\/\/www.stanleypackage.com\/wp-content\/uploads\/2025\/09\/Customized-Standing-Pouch-Wholesale-For-Jelly-2-300x300.jpg 300w, https:\/\/www.stanleypackage.com\/wp-content\/uploads\/2025\/09\/Customized-Standing-Pouch-Wholesale-For-Jelly-2-150x150.jpg 150w, https:\/\/www.stanleypackage.com\/wp-content\/uploads\/2025\/09\/Customized-Standing-Pouch-Wholesale-For-Jelly-2-12x12.jpg 12w, https:\/\/www.stanleypackage.com\/wp-content\/uploads\/2025\/09\/Customized-Standing-Pouch-Wholesale-For-Jelly-2-600x600.jpg 600w, https:\/\/www.stanleypackage.com\/wp-content\/uploads\/2025\/09\/Customized-Standing-Pouch-Wholesale-For-Jelly-2-100x100.jpg 100w\" sizes=\"(max-width: 750px) 100vw, 750px\" \/><\/figure>\n<\/div>\n\n\n\n<div class=\"wp-block-column is-layout-flow wp-block-column-is-layout-flow\">\n<figure class=\"wp-block-image size-full\"><img decoding=\"async\" width=\"750\" height=\"750\" src=\"https:\/\/www.stanleypackage.com\/wp-content\/uploads\/2025\/09\/Customized-Standing-Pouch-Wholesale-For-Jelly-3.jpg\" alt=\"\" class=\"wp-image-3147\" srcset=\"https:\/\/www.stanleypackage.com\/wp-content\/uploads\/2025\/09\/Customized-Standing-Pouch-Wholesale-For-Jelly-3.jpg 750w, https:\/\/www.stanleypackage.com\/wp-content\/uploads\/2025\/09\/Customized-Standing-Pouch-Wholesale-For-Jelly-3-300x300.jpg 300w, https:\/\/www.stanleypackage.com\/wp-content\/uploads\/2025\/09\/Customized-Standing-Pouch-Wholesale-For-Jelly-3-150x150.jpg 150w, https:\/\/www.stanleypackage.com\/wp-content\/uploads\/2025\/09\/Customized-Standing-Pouch-Wholesale-For-Jelly-3-12x12.jpg 12w, https:\/\/www.stanleypackage.com\/wp-content\/uploads\/2025\/09\/Customized-Standing-Pouch-Wholesale-For-Jelly-3-600x600.jpg 600w, https:\/\/www.stanleypackage.com\/wp-content\/uploads\/2025\/09\/Customized-Standing-Pouch-Wholesale-For-Jelly-3-100x100.jpg 100w\" sizes=\"(max-width: 750px) 100vw, 750px\" \/><\/figure>\n<\/div>\n<\/div>\n<\/div>\n<\/div>\n\n\n\n<p><\/p>","protected":false},"excerpt":{"rendered":"<p>Nos pochettes imprim\u00e9es personnalis\u00e9es sont sp\u00e9cialement con\u00e7ues pour les snacks et sont fabriqu\u00e9es \u00e0 partir d'un mat\u00e9riau composite PET\/PE mat, offrant une \u00e9tanch\u00e9it\u00e9 et une durabilit\u00e9 sup\u00e9rieures. Elles sont dot\u00e9es d'une encoche facile \u00e0 d\u00e9chirer, d'une fen\u00eatre transparente d\u00e9grad\u00e9e et de coins arrondis.<\/p>\n<table style=\"border-collapse: collapse; width: 365.02pt;\" border=\"0\" width=\"365\" cellspacing=\"0\" cellpadding=\"0\">\n<tbody>\n<tr style=\"height: 16.00pt;\">\n<td class=\"et2\" style=\"height: 16.00pt; width: 97.50pt;\" width=\"97\" height=\"16\">Fabricant<\/td>\n<td class=\"et2\" style=\"width: 267.50pt;\" width=\"267\">Stanley<\/td>\n<\/tr>\n<tr style=\"height: 16.00pt;\">\n<td class=\"et2\" style=\"height: 16.00pt; width: 97.50pt;\" width=\"97\" height=\"16\">Types de pochettes<\/td>\n<td class=\"et2\" style=\"width: 267.50pt;\" width=\"267\">Pochette de rangement,\u00a0<\/td>\n<\/tr>\n<tr style=\"height: 16.00pt;\">\n<td class=\"et2\" style=\"height: 16.00pt; width: 97.50pt;\" width=\"97\" height=\"16\">Mat\u00e9riau<\/td>\n<td class=\"et2\" style=\"width: 267.50pt;\" width=\"267\">Mat PET15\/PE100<\/td>\n<\/tr>\n<tr style=\"height: 16.00pt;\">\n<td class=\"et2\" style=\"height: 16.00pt; width: 97.50pt;\" width=\"97\" height=\"16\">Dossier sp\u00e9cial<\/td>\n<td class=\"et2\" style=\"width: 267.50pt;\" width=\"267\">Encoche de d\u00e9chirure, impression transparente en d\u00e9grad\u00e9, coin arrondi<\/td>\n<\/tr>\n<tr style=\"height: 16.00pt;\">\n<td class=\"et2\" style=\"height: 16.00pt; width: 97.50pt;\" width=\"97\" height=\"16\">Manipulation de surface<\/td>\n<td class=\"et2\" style=\"width: 267.50pt;\" width=\"267\">Impression en h\u00e9liogravure<\/td>\n<\/tr>\n<tr style=\"height: 16.00pt;\">\n<td class=\"et2\" style=\"height: 16.00pt; width: 97.50pt;\" width=\"97\" height=\"16\">Couleur<\/td>\n<td class=\"et2\" style=\"width: 267.50pt;\" width=\"267\">Impression recto-verso, jusqu'\u00e0 10 couleurs<\/td>\n<\/tr>\n<tr style=\"height: 16.00pt;\">\n<td class=\"et2\" style=\"height: 16.00pt; width: 97.50pt;\" width=\"97\" height=\"16\">Utilisation<\/td>\n<td class=\"et2\" style=\"width: 267.50pt;\" width=\"267\">Gel\u00e9e, Bonbons, Snacks<\/td>\n<\/tr>\n<tr style=\"height: 16.00pt;\">\n<td class=\"et2\" style=\"height: 16.00pt; width: 97.50pt;\" width=\"97\" height=\"16\">MOQ<\/td>\n<td class=\"et2\" style=\"width: 267.50pt;\" width=\"267\">50 000 pi\u00e8ces<\/td>\n<\/tr>\n<tr style=\"height: 16.00pt;\">\n<td class=\"et2\" style=\"height: 16.00pt; width: 97.50pt;\" width=\"97\" height=\"16\">Commande personnalis\u00e9e<\/td>\n<td class=\"et2\" style=\"width: 267.50pt;\" width=\"267\">Acceptation de l'OEM, prise en charge de l'\u00e9chantillonnage gratuit<\/td>\n<\/tr>\n<\/tbody>\n<\/table>","protected":false},"featured_media":3148,"comment_status":"closed","ping_status":"closed","template":"","meta":{"_acf_changed":false},"product_brand":[],"product_cat":[30],"product_tag":[],"class_list":{"0":"post-3145","1":"product","2":"type-product","3":"status-publish","4":"has-post-thumbnail","6":"product_cat-stand-up-pouch-manufacturer","7":"pa_food-packaging-snack-food-pouch","8":"pa_food-packaging-drink-beverage-pouch","10":"first","11":"instock","12":"shipping-taxable","13":"product-type-simple"},"acf":[],"_links":{"self":[{"href":"https:\/\/www.stanleypackage.com\/fr\/wp-json\/wp\/v2\/product\/3145","targetHints":{"allow":["GET"]}}],"collection":[{"href":"https:\/\/www.stanleypackage.com\/fr\/wp-json\/wp\/v2\/product"}],"about":[{"href":"https:\/\/www.stanleypackage.com\/fr\/wp-json\/wp\/v2\/types\/product"}],"replies":[{"embeddable":true,"href":"https:\/\/www.stanleypackage.com\/fr\/wp-json\/wp\/v2\/comments?post=3145"}],"wp:featuredmedia":[{"embeddable":true,"href":"https:\/\/www.stanleypackage.com\/fr\/wp-json\/wp\/v2\/media\/3148"}],"wp:attachment":[{"href":"https:\/\/www.stanleypackage.com\/fr\/wp-json\/wp\/v2\/media?parent=3145"}],"wp:term":[{"taxonomy":"product_brand","embeddable":true,"href":"https:\/\/www.stanleypackage.com\/fr\/wp-json\/wp\/v2\/product_brand?post=3145"},{"taxonomy":"product_cat","embeddable":true,"href":"https:\/\/www.stanleypackage.com\/fr\/wp-json\/wp\/v2\/product_cat?post=3145"},{"taxonomy":"product_tag","embeddable":true,"href":"https:\/\/www.stanleypackage.com\/fr\/wp-json\/wp\/v2\/product_tag?post=3145"}],"curies":[{"name":"wp","href":"https:\/\/api.w.org\/{rel}","templated":true}]}}