{"id":3189,"date":"2025-09-26T06:13:02","date_gmt":"2025-09-26T06:13:02","guid":{"rendered":"https:\/\/www.stanleypackage.com\/?post_type=product&#038;p=3189"},"modified":"2025-09-26T06:13:09","modified_gmt":"2025-09-26T06:13:09","slug":"custom-fresh-fruit-bags","status":"publish","type":"product","link":"https:\/\/www.stanleypackage.com\/fr\/product\/custom-fresh-fruit-bags\/","title":{"rendered":"Sacs \u00e0 fruits frais personnalis\u00e9s, sacs \u00e0 fruits ventil\u00e9s en gros"},"content":{"rendered":"<div class=\"wp-block-columns is-layout-flex wp-container-core-columns-is-layout-9d6595d7 wp-block-columns-is-layout-flex\">\n<div class=\"wp-block-column is-layout-flow wp-block-column-is-layout-flow\">\n<h2 class=\"wp-block-heading\">Caract\u00e9ristiques des sacs de fruits frais personnalis\u00e9s<\/h2>\n\n\n\n<ul class=\"wp-block-list\">\n<li><strong>La respiration intelligente pr\u00e9serve la fra\u00eecheur et r\u00e9duit efficacement les pertes : <\/strong>Nos sacs de fruits frais personnalis\u00e9s sont dot\u00e9s de trous de respiration strat\u00e9giquement plac\u00e9s qui \u00e9vacuent la chaleur et l'humidit\u00e9 des fruits et l\u00e9gumes r\u00e9colt\u00e9s, r\u00e9gulant ainsi efficacement le microclimat \u00e0 l'int\u00e9rieur du sac et am\u00e9liorant la dur\u00e9e de conservation.<\/li>\n\n\n\n<li><strong>Une conception conviviale am\u00e9liore l'exp\u00e9rience : <\/strong>Nos sacs \u00e0 fruits et l\u00e9gumes ventil\u00e9s pour le commerce de gros sont dot\u00e9s d'une poign\u00e9e facile \u00e0 transporter et d'une fermeture \u00e9clair refermable pour conserver la fra\u00eecheur des fruits et permettre de multiples utilisations.<\/li>\n\n\n\n<li><strong>Le mat\u00e9riau hautement transparent affiche parfaitement la qualit\u00e9 du produit :<\/strong> Ces sacs personnalis\u00e9s pour fruits frais sont fabriqu\u00e9s \u00e0 partir d'un mat\u00e9riau composite PET\/CPP de premi\u00e8re qualit\u00e9, d'une brillance et d'une clart\u00e9 excellentes, qui met en valeur la couleur naturelle et la texture fra\u00eeche des fruits et des l\u00e9gumes.<\/li>\n\n\n\n<li><strong>De fortes capacit\u00e9s de personnalisation renforcent l'image de marque :<\/strong> Nous offrons des services de personnalisation complets pour les sacs \u00e0 produits ventil\u00e9s en gros, de la taille et de l'impression aux logos, afin d'aider votre marque \u00e0 se d\u00e9marquer dans les rayons.<\/li>\n\n\n\n<li><strong>Prix de gros et soutien aux \u00e9chantillons, coop\u00e9ration sans risque : <\/strong>En tant que fabricant de sacs de fruits frais personnalis\u00e9s, nous proposons des prix tr\u00e8s comp\u00e9titifs. Les \u00e9chantillons gratuits vous permettent \u00e9galement de confirmer pleinement la qualit\u00e9 avant de passer une commande en gros, ce qui garantit une coop\u00e9ration sans souci.<\/li>\n<\/ul>\n\n\n\n<div class=\"wp-block-columns is-layout-flex wp-container-core-columns-is-layout-9d6595d7 wp-block-columns-is-layout-flex\">\n<div class=\"wp-block-column is-layout-flow wp-block-column-is-layout-flow\">\n<figure class=\"wp-block-image size-full\"><img decoding=\"async\" width=\"750\" height=\"750\" src=\"https:\/\/www.stanleypackage.com\/wp-content\/uploads\/2025\/09\/Produce-Bags-Wholesale-Custom-Fruit-Packaging-Pouch-2.jpg\" alt=\"Sacs \u00e0 fruits frais personnalis\u00e9s, sacs \u00e0 fruits ventil\u00e9s en gros\" class=\"wp-image-3190\" srcset=\"https:\/\/www.stanleypackage.com\/wp-content\/uploads\/2025\/09\/Produce-Bags-Wholesale-Custom-Fruit-Packaging-Pouch-2.jpg 750w, https:\/\/www.stanleypackage.com\/wp-content\/uploads\/2025\/09\/Produce-Bags-Wholesale-Custom-Fruit-Packaging-Pouch-2-300x300.jpg 300w, https:\/\/www.stanleypackage.com\/wp-content\/uploads\/2025\/09\/Produce-Bags-Wholesale-Custom-Fruit-Packaging-Pouch-2-150x150.jpg 150w, https:\/\/www.stanleypackage.com\/wp-content\/uploads\/2025\/09\/Produce-Bags-Wholesale-Custom-Fruit-Packaging-Pouch-2-12x12.jpg 12w, https:\/\/www.stanleypackage.com\/wp-content\/uploads\/2025\/09\/Produce-Bags-Wholesale-Custom-Fruit-Packaging-Pouch-2-600x600.jpg 600w, https:\/\/www.stanleypackage.com\/wp-content\/uploads\/2025\/09\/Produce-Bags-Wholesale-Custom-Fruit-Packaging-Pouch-2-100x100.jpg 100w\" sizes=\"(max-width: 750px) 100vw, 750px\" \/><\/figure>\n<\/div>\n\n\n\n<div class=\"wp-block-column is-layout-flow wp-block-column-is-layout-flow\">\n<figure class=\"wp-block-image size-full\"><img decoding=\"async\" width=\"750\" height=\"750\" src=\"https:\/\/www.stanleypackage.com\/wp-content\/uploads\/2025\/09\/Produce-Bags-Wholesale-Custom-Fruit-Packaging-Pouch.jpg\" alt=\"\" class=\"wp-image-3191\" srcset=\"https:\/\/www.stanleypackage.com\/wp-content\/uploads\/2025\/09\/Produce-Bags-Wholesale-Custom-Fruit-Packaging-Pouch.jpg 750w, https:\/\/www.stanleypackage.com\/wp-content\/uploads\/2025\/09\/Produce-Bags-Wholesale-Custom-Fruit-Packaging-Pouch-300x300.jpg 300w, https:\/\/www.stanleypackage.com\/wp-content\/uploads\/2025\/09\/Produce-Bags-Wholesale-Custom-Fruit-Packaging-Pouch-150x150.jpg 150w, https:\/\/www.stanleypackage.com\/wp-content\/uploads\/2025\/09\/Produce-Bags-Wholesale-Custom-Fruit-Packaging-Pouch-12x12.jpg 12w, https:\/\/www.stanleypackage.com\/wp-content\/uploads\/2025\/09\/Produce-Bags-Wholesale-Custom-Fruit-Packaging-Pouch-600x600.jpg 600w, https:\/\/www.stanleypackage.com\/wp-content\/uploads\/2025\/09\/Produce-Bags-Wholesale-Custom-Fruit-Packaging-Pouch-100x100.jpg 100w\" sizes=\"(max-width: 750px) 100vw, 750px\" \/><\/figure>\n<\/div>\n<\/div>\n<\/div>\n<\/div>","protected":false},"excerpt":{"rendered":"<p>Nous vous invitons \u00e0 acheter en gros des sacs ventil\u00e9s pour fruits et l\u00e9gumes. Nos sacs \u00e0 fruits frais personnalis\u00e9s sont fabriqu\u00e9s \u00e0 partir d'un mat\u00e9riau hautement transparent, sont dot\u00e9s d'une fermeture facile \u00e0 tirer pour des utilisations multiples et sont munis de trous pour les poign\u00e9es. Nous offrons une personnalisation compl\u00e8te et des \u00e9chantillons gratuits.<\/p>\n<table style=\"border-collapse: collapse; width: 327.77pt;\" border=\"0\" width=\"437\" cellspacing=\"0\" cellpadding=\"0\">\n<tbody>\n<tr style=\"height: 12.75pt;\">\n<td class=\"et2\" style=\"height: 12.75pt; width: 91.40pt;\" width=\"121\" height=\"17\">Fabricant<\/td>\n<td class=\"et2\" style=\"width: 237.00pt;\" width=\"316\">Stanley<\/td>\n<\/tr>\n<tr style=\"height: 12.75pt;\">\n<td class=\"et2\" style=\"height: 12.75pt; width: 91.40pt;\" width=\"121\" height=\"17\">Types de pochettes<\/td>\n<td class=\"et3\">Sacs de fruits et l\u00e9gumes ventil\u00e9s, pochette \u00e0 fermeture \u00e9clair<\/td>\n<\/tr>\n<tr style=\"height: 12.75pt;\">\n<td class=\"et2\" style=\"height: 12.75pt; width: 91.40pt;\" width=\"121\" height=\"17\">Mat\u00e9riau<\/td>\n<td class=\"et2\" style=\"width: 237.00pt;\" width=\"316\">PET12\/CPP45<\/td>\n<\/tr>\n<tr style=\"height: 12.75pt;\">\n<td class=\"et2\" style=\"height: 12.75pt; width: 91.40pt;\" width=\"121\" height=\"17\">Dossier sp\u00e9cial<\/td>\n<td class=\"et2\" style=\"width: 237.00pt;\" width=\"316\">Trous d'a\u00e9ration, fermeture \u00e0 glissi\u00e8re, trou pour la poign\u00e9e<\/td>\n<\/tr>\n<tr style=\"height: 12.75pt;\">\n<td class=\"et2\" style=\"height: 12.75pt; width: 91.40pt;\" width=\"121\" height=\"17\">Manipulation de surface<\/td>\n<td class=\"et2\" style=\"width: 237.00pt;\" width=\"316\">Impression en h\u00e9liogravure<\/td>\n<\/tr>\n<tr style=\"height: 12.75pt;\">\n<td class=\"et2\" style=\"height: 12.75pt; width: 91.40pt;\" width=\"121\" height=\"17\">Couleur<\/td>\n<td class=\"et2\" style=\"width: 237.00pt;\" width=\"316\">Jusqu'\u00e0 10 couleurs<\/td>\n<\/tr>\n<tr style=\"height: 12.75pt;\">\n<td class=\"et2\" style=\"height: 12.75pt; width: 91.40pt;\" width=\"121\" height=\"17\">Utilisation<\/td>\n<td class=\"et3\">Pomme, poire, p\u00eache, autres fruits<\/td>\n<\/tr>\n<tr style=\"height: 12.75pt;\">\n<td class=\"et2\" style=\"height: 12.75pt; width: 91.40pt;\" width=\"121\" height=\"17\">MOQ<\/td>\n<td class=\"et2\" style=\"width: 237.00pt;\" width=\"316\">50 000 pi\u00e8ces<\/td>\n<\/tr>\n<tr style=\"height: 12.75pt;\">\n<td class=\"et2\" style=\"height: 12.75pt; width: 91.40pt;\" width=\"121\" height=\"17\">Commande personnalis\u00e9e<\/td>\n<td class=\"et2\" style=\"width: 237.00pt;\" width=\"316\">Acceptation de l'OEM, prise en charge de l'\u00e9chantillonnage gratuit<\/td>\n<\/tr>\n<\/tbody>\n<\/table>","protected":false},"featured_media":3192,"comment_status":"closed","ping_status":"closed","template":"","meta":{"_acf_changed":false},"product_brand":[],"product_cat":[18],"product_tag":[],"class_list":{"0":"post-3189","1":"product","2":"type-product","3":"status-publish","4":"has-post-thumbnail","6":"product_cat-zipper-pouch-manufacturer","7":"pa_food-packaging-vented-produce-pouch","9":"first","10":"instock","11":"shipping-taxable","12":"product-type-simple"},"acf":[],"_links":{"self":[{"href":"https:\/\/www.stanleypackage.com\/fr\/wp-json\/wp\/v2\/product\/3189","targetHints":{"allow":["GET"]}}],"collection":[{"href":"https:\/\/www.stanleypackage.com\/fr\/wp-json\/wp\/v2\/product"}],"about":[{"href":"https:\/\/www.stanleypackage.com\/fr\/wp-json\/wp\/v2\/types\/product"}],"replies":[{"embeddable":true,"href":"https:\/\/www.stanleypackage.com\/fr\/wp-json\/wp\/v2\/comments?post=3189"}],"wp:featuredmedia":[{"embeddable":true,"href":"https:\/\/www.stanleypackage.com\/fr\/wp-json\/wp\/v2\/media\/3192"}],"wp:attachment":[{"href":"https:\/\/www.stanleypackage.com\/fr\/wp-json\/wp\/v2\/media?parent=3189"}],"wp:term":[{"taxonomy":"product_brand","embeddable":true,"href":"https:\/\/www.stanleypackage.com\/fr\/wp-json\/wp\/v2\/product_brand?post=3189"},{"taxonomy":"product_cat","embeddable":true,"href":"https:\/\/www.stanleypackage.com\/fr\/wp-json\/wp\/v2\/product_cat?post=3189"},{"taxonomy":"product_tag","embeddable":true,"href":"https:\/\/www.stanleypackage.com\/fr\/wp-json\/wp\/v2\/product_tag?post=3189"}],"curies":[{"name":"wp","href":"https:\/\/api.w.org\/{rel}","templated":true}]}}