{"id":3203,"date":"2025-10-14T09:05:32","date_gmt":"2025-10-14T09:05:32","guid":{"rendered":"https:\/\/www.stanleypackage.com\/?post_type=product&#038;p=3203"},"modified":"2025-10-14T09:06:24","modified_gmt":"2025-10-14T09:06:24","slug":"custom-hotel-amenity-packages","status":"publish","type":"product","link":"https:\/\/www.stanleypackage.com\/fr\/product\/custom-hotel-amenity-packages\/","title":{"rendered":"Packages d'\u00e9quipements h\u00f4teliers personnalis\u00e9s, Packages d'articles de toilette d\u00e9gradables"},"content":{"rendered":"<div class=\"wp-block-columns is-layout-flex wp-container-core-columns-is-layout-9d6595d7 wp-block-columns-is-layout-flex\">\n<div class=\"wp-block-column is-layout-flow wp-block-column-is-layout-flow\">\n<h2 class=\"wp-block-heading\">Caract\u00e9ristiques des packs d'\u00e9quipements h\u00f4teliers personnalis\u00e9s<\/h2>\n\n\n\n<ul class=\"wp-block-list\">\n<li><strong>Mat\u00e9riaux \u00e9cologiques, prot\u00e9geant l'environnement :<\/strong> Ces paquets d'\u00e9quipements h\u00f4teliers personnalis\u00e9s sont fabriqu\u00e9s en papier de canne \u00e0 sucre, un mat\u00e9riau respectueux de l'environnement. Cela permet non seulement d'\u00e9conomiser les ressources en bois et de r\u00e9duire la pollution de l'environnement, mais aussi de diminuer les co\u00fbts de production. En outre, les sacs d'emballage en papier de canne \u00e0 sucre sont tr\u00e8s r\u00e9sistants et tr\u00e8s brillants.<\/li>\n\n\n\n<li><strong>La conception de la d\u00e9chirure facilite l'ouverture :<\/strong> Nos emballages de produits de toilette d\u00e9gradables personnalis\u00e9s pour h\u00f4tels sont dot\u00e9s d'une encoche facile \u00e0 d\u00e9chirer. Les consommateurs peuvent facilement ouvrir l'emballage sans ciseaux ou autres outils, et l'exp\u00e9rience d'utilisation est plus pratique.<\/li>\n\n\n\n<li><strong>Emballage compact, facile \u00e0 transporter : <\/strong>Nos paquets d'\u00e9quipements h\u00f4teliers personnalis\u00e9s en vrac sont compacts. Que vous voyagiez ou que vous partiez en voyage, ils sont tr\u00e8s portables et ne prennent pas beaucoup de place lorsqu'ils sont plac\u00e9s dans un sac.<\/li>\n\n\n\n<li><strong>Remplissage par le bas pour am\u00e9liorer l'efficacit\u00e9 : <\/strong>La m\u00e9thode de remplissage par le bas de cet emballage flexible d\u00e9gradable en gros convient aux \u00e9quipements d'emballage automatiques, ce qui am\u00e9liore l'efficacit\u00e9 de la production et r\u00e9duit les co\u00fbts de main-d'\u0153uvre.<\/li>\n\n\n\n<li><strong>Prise en charge de l'impression et des sp\u00e9cifications personnalis\u00e9es : <\/strong>Nos packs d'\u00e9quipements h\u00f4teliers personnalis\u00e9s permettent d'adapter la taille du sac et le contenu de l'impression aux besoins de la marque afin d'am\u00e9liorer la reconnaissance de la marque et la comp\u00e9titivit\u00e9 sur le march\u00e9.<\/li>\n<\/ul>\n\n\n\n<div class=\"wp-block-columns is-layout-flex wp-container-core-columns-is-layout-9d6595d7 wp-block-columns-is-layout-flex\">\n<div class=\"wp-block-column is-layout-flow wp-block-column-is-layout-flow\">\n<figure class=\"wp-block-image size-full\"><img decoding=\"async\" width=\"750\" height=\"750\" src=\"https:\/\/www.stanleypackage.com\/wp-content\/uploads\/2025\/10\/Custom-Hotel-Amenities-Packaging-for-Personal-Care-Bag-3.jpg\" alt=\"\" class=\"wp-image-3204\" srcset=\"https:\/\/www.stanleypackage.com\/wp-content\/uploads\/2025\/10\/Custom-Hotel-Amenities-Packaging-for-Personal-Care-Bag-3.jpg 750w, https:\/\/www.stanleypackage.com\/wp-content\/uploads\/2025\/10\/Custom-Hotel-Amenities-Packaging-for-Personal-Care-Bag-3-300x300.jpg 300w, https:\/\/www.stanleypackage.com\/wp-content\/uploads\/2025\/10\/Custom-Hotel-Amenities-Packaging-for-Personal-Care-Bag-3-150x150.jpg 150w, https:\/\/www.stanleypackage.com\/wp-content\/uploads\/2025\/10\/Custom-Hotel-Amenities-Packaging-for-Personal-Care-Bag-3-12x12.jpg 12w, https:\/\/www.stanleypackage.com\/wp-content\/uploads\/2025\/10\/Custom-Hotel-Amenities-Packaging-for-Personal-Care-Bag-3-600x600.jpg 600w, https:\/\/www.stanleypackage.com\/wp-content\/uploads\/2025\/10\/Custom-Hotel-Amenities-Packaging-for-Personal-Care-Bag-3-100x100.jpg 100w\" sizes=\"(max-width: 750px) 100vw, 750px\" \/><\/figure>\n<\/div>\n\n\n\n<div class=\"wp-block-column is-layout-flow wp-block-column-is-layout-flow\">\n<figure class=\"wp-block-image size-full\"><img decoding=\"async\" width=\"750\" height=\"750\" src=\"https:\/\/www.stanleypackage.com\/wp-content\/uploads\/2025\/10\/Custom-Hotel-Amenities-Packaging-for-Personal-Care-Bag-7.jpg\" alt=\"\" class=\"wp-image-3205\" srcset=\"https:\/\/www.stanleypackage.com\/wp-content\/uploads\/2025\/10\/Custom-Hotel-Amenities-Packaging-for-Personal-Care-Bag-7.jpg 750w, https:\/\/www.stanleypackage.com\/wp-content\/uploads\/2025\/10\/Custom-Hotel-Amenities-Packaging-for-Personal-Care-Bag-7-300x300.jpg 300w, https:\/\/www.stanleypackage.com\/wp-content\/uploads\/2025\/10\/Custom-Hotel-Amenities-Packaging-for-Personal-Care-Bag-7-150x150.jpg 150w, https:\/\/www.stanleypackage.com\/wp-content\/uploads\/2025\/10\/Custom-Hotel-Amenities-Packaging-for-Personal-Care-Bag-7-12x12.jpg 12w, https:\/\/www.stanleypackage.com\/wp-content\/uploads\/2025\/10\/Custom-Hotel-Amenities-Packaging-for-Personal-Care-Bag-7-600x600.jpg 600w, https:\/\/www.stanleypackage.com\/wp-content\/uploads\/2025\/10\/Custom-Hotel-Amenities-Packaging-for-Personal-Care-Bag-7-100x100.jpg 100w\" sizes=\"(max-width: 750px) 100vw, 750px\" \/><\/figure>\n<\/div>\n<\/div>\n<\/div>\n<\/div>\n\n\n\n<p><\/p>","protected":false},"excerpt":{"rendered":"<p>Nous vous invitons \u00e0 commander des paquets d'\u00e9quipements h\u00f4teliers personnalis\u00e9s. Nos sachets d\u00e9gradables \u00e0 sceller sur trois c\u00f4t\u00e9s sont dot\u00e9s d'une encoche facile \u00e0 d\u00e9chirer et utilisent des mat\u00e9riaux \u00e9cologiques, r\u00e9duisant ainsi la pollution de l'environnement.<\/p>\n<table style=\"border-collapse: collapse; width: 365.02pt;\" border=\"0\" width=\"365\" cellspacing=\"0\" cellpadding=\"0\">\n<tbody>\n<tr style=\"height: 16.00pt;\">\n<td class=\"et2\" style=\"height: 16.00pt; width: 97.50pt;\" width=\"97\" height=\"16\">Fabricant<\/td>\n<td class=\"et2\" style=\"width: 267.50pt;\" width=\"267\">Stanley<\/td>\n<\/tr>\n<tr style=\"height: 16.00pt;\">\n<td class=\"et2\" style=\"height: 16.00pt; width: 97.50pt;\" width=\"97\" height=\"16\">Types de pochettes<\/td>\n<td class=\"et3\">Pochette scell\u00e9e sur trois c\u00f4t\u00e9s<\/td>\n<\/tr>\n<tr style=\"height: 16.00pt;\">\n<td class=\"et2\" style=\"height: 16.00pt; width: 97.50pt;\" width=\"97\" height=\"16\">Mat\u00e9riau<\/td>\n<td class=\"et2\" style=\"width: 267.50pt;\" width=\"267\">80g de papier canne enduit de colle \u00e0 base d'eau<\/td>\n<\/tr>\n<tr style=\"height: 16.00pt;\">\n<td class=\"et2\" style=\"height: 16.00pt; width: 97.50pt;\" width=\"97\" height=\"16\">Dossier sp\u00e9cial<\/td>\n<td class=\"et2\" style=\"width: 267.50pt;\" width=\"267\">Encoche de d\u00e9chirure, remplissage par le bas, mat\u00e9riaux respectueux de l'environnement<\/td>\n<\/tr>\n<tr style=\"height: 16.00pt;\">\n<td class=\"et2\" style=\"height: 16.00pt; width: 97.50pt;\" width=\"97\" height=\"16\">Manipulation de surface<\/td>\n<td class=\"et2\" style=\"width: 267.50pt;\" width=\"267\">Impression en h\u00e9liogravure<\/td>\n<\/tr>\n<tr style=\"height: 16.00pt;\">\n<td class=\"et2\" style=\"height: 16.00pt; width: 97.50pt;\" width=\"97\" height=\"16\">Couleur<\/td>\n<td class=\"et2\" style=\"width: 267.50pt;\" width=\"267\">Impression recto-verso, jusqu'\u00e0 10 couleurs<\/td>\n<\/tr>\n<tr style=\"height: 16.00pt;\">\n<td class=\"et2\" style=\"height: 16.00pt; width: 97.50pt;\" width=\"97\" height=\"16\">Utilisation<\/td>\n<td class=\"et2\" style=\"width: 267.50pt;\" width=\"267\">peigne, coton-tige, cure-dents<\/td>\n<\/tr>\n<tr style=\"height: 16.00pt;\">\n<td class=\"et2\" style=\"height: 16.00pt; width: 97.50pt;\" width=\"97\" height=\"16\">MOQ<\/td>\n<td class=\"et2\" style=\"width: 267.50pt;\" width=\"267\">50 000 pi\u00e8ces<\/td>\n<\/tr>\n<tr style=\"height: 16.00pt;\">\n<td class=\"et2\" style=\"height: 16.00pt; width: 97.50pt;\" width=\"97\" height=\"16\">Commande personnalis\u00e9e<\/td>\n<td class=\"et2\" style=\"width: 267.50pt;\" width=\"267\">Acceptation de l'OEM, prise en charge de l'\u00e9chantillonnage gratuit<\/td>\n<\/tr>\n<\/tbody>\n<\/table>\n<p>&nbsp;<\/p>","protected":false},"featured_media":3206,"comment_status":"closed","ping_status":"closed","template":"","meta":{"_acf_changed":false},"product_brand":[],"product_cat":[31,28],"product_tag":[],"class_list":{"0":"post-3203","1":"product","2":"type-product","3":"status-publish","4":"has-post-thumbnail","6":"product_cat-lay-flat-pouch-manufacturer","7":"product_cat-three-side-seal-pouch-manufacturer","8":"pa_material-biodegradable","9":"pa_non-food-packaging-hotel-supplies-packaging","11":"first","12":"instock","13":"shipping-taxable","14":"product-type-simple"},"acf":[],"_links":{"self":[{"href":"https:\/\/www.stanleypackage.com\/fr\/wp-json\/wp\/v2\/product\/3203","targetHints":{"allow":["GET"]}}],"collection":[{"href":"https:\/\/www.stanleypackage.com\/fr\/wp-json\/wp\/v2\/product"}],"about":[{"href":"https:\/\/www.stanleypackage.com\/fr\/wp-json\/wp\/v2\/types\/product"}],"replies":[{"embeddable":true,"href":"https:\/\/www.stanleypackage.com\/fr\/wp-json\/wp\/v2\/comments?post=3203"}],"wp:featuredmedia":[{"embeddable":true,"href":"https:\/\/www.stanleypackage.com\/fr\/wp-json\/wp\/v2\/media\/3206"}],"wp:attachment":[{"href":"https:\/\/www.stanleypackage.com\/fr\/wp-json\/wp\/v2\/media?parent=3203"}],"wp:term":[{"taxonomy":"product_brand","embeddable":true,"href":"https:\/\/www.stanleypackage.com\/fr\/wp-json\/wp\/v2\/product_brand?post=3203"},{"taxonomy":"product_cat","embeddable":true,"href":"https:\/\/www.stanleypackage.com\/fr\/wp-json\/wp\/v2\/product_cat?post=3203"},{"taxonomy":"product_tag","embeddable":true,"href":"https:\/\/www.stanleypackage.com\/fr\/wp-json\/wp\/v2\/product_tag?post=3203"}],"curies":[{"name":"wp","href":"https:\/\/api.w.org\/{rel}","templated":true}]}}