{"id":3219,"date":"2025-10-14T09:27:38","date_gmt":"2025-10-14T09:27:38","guid":{"rendered":"https:\/\/www.stanleypackage.com\/?post_type=product&#038;p=3219"},"modified":"2025-10-14T09:27:45","modified_gmt":"2025-10-14T09:27:45","slug":"custom-pouches-wholesale","status":"publish","type":"product","link":"https:\/\/www.stanleypackage.com\/fr\/product\/custom-pouches-wholesale\/","title":{"rendered":"Pochettes personnalis\u00e9es de qualit\u00e9 alimentaire Wholesale, Snack Stand Up Pouch"},"content":{"rendered":"<div class=\"wp-block-columns is-layout-flex wp-container-core-columns-is-layout-9d6595d7 wp-block-columns-is-layout-flex\">\n<div class=\"wp-block-column is-layout-flow wp-block-column-is-layout-flow\">\n<h2 class=\"wp-block-heading\">Caract\u00e9ristiques des pochettes personnalis\u00e9es en gros<\/h2>\n\n\n\n<ul class=\"wp-block-list\">\n<li><strong>Pochettes debout, faciles \u00e0 pr\u00e9senter et \u00e0 ranger : <\/strong>Ces sachets personnalis\u00e9s de qualit\u00e9 alimentaire ont une structure de base durable, qui am\u00e9liore la pr\u00e9sentation en rayon, \u00e9conomise de l'espace de stockage et facilite les ventes finales.<\/li>\n\n\n\n<li><strong>\u00c9quip\u00e9 d'une fermeture \u00e0 glissi\u00e8re : <\/strong>Nos sachets d'emballage pour snacks en gros sont \u00e9quip\u00e9s d'une fermeture \u00e0 glissi\u00e8re pour des ouvertures et fermetures multiples.<\/li>\n\n\n\n<li><strong>Facile \u00e0 d\u00e9chirer : <\/strong>Nos pochettes personnalis\u00e9es de qualit\u00e9 alimentaire adoptent une d\u00e9chirure facile, simple et non publique, ce qui facilite l'ouverture pour les clients.<\/li>\n\n\n\n<li><strong>La conception du trou de supermarch\u00e9 est pratique pour l'exposition : <\/strong>Nos sachets d'emballage de snacks en gros sont con\u00e7us avec des trous de supermarch\u00e9, qui peuvent \u00eatre accroch\u00e9s sur les \u00e9tag\u00e8res. Cela permet non seulement de faciliter la pr\u00e9sentation, mais aussi d'\u00e9conomiser de l'espace.<\/li>\n\n\n\n<li><strong>Soutenir la personnalisation de la marque pour r\u00e9pondre aux divers besoins en mati\u00e8re d'emballage :<\/strong> Nos sachets personnalis\u00e9s de qualit\u00e9 alimentaire sont disponibles en gros pour l'impression, les motifs et la capacit\u00e9 afin de r\u00e9pondre aux besoins uniques des clients en mati\u00e8re d'emballage.<\/li>\n<\/ul>\n\n\n\n<div class=\"wp-block-columns is-layout-flex wp-container-core-columns-is-layout-9d6595d7 wp-block-columns-is-layout-flex\">\n<div class=\"wp-block-column is-layout-flow wp-block-column-is-layout-flow\">\n<figure class=\"wp-block-image size-full\"><img decoding=\"async\" width=\"750\" height=\"750\" src=\"https:\/\/www.stanleypackage.com\/wp-content\/uploads\/2025\/10\/Custom-Food-Packaging-Bags-Snack-Stand-Up-Pouch-Wholesale-5.jpg\" alt=\"\" class=\"wp-image-3220\" srcset=\"https:\/\/www.stanleypackage.com\/wp-content\/uploads\/2025\/10\/Custom-Food-Packaging-Bags-Snack-Stand-Up-Pouch-Wholesale-5.jpg 750w, https:\/\/www.stanleypackage.com\/wp-content\/uploads\/2025\/10\/Custom-Food-Packaging-Bags-Snack-Stand-Up-Pouch-Wholesale-5-300x300.jpg 300w, https:\/\/www.stanleypackage.com\/wp-content\/uploads\/2025\/10\/Custom-Food-Packaging-Bags-Snack-Stand-Up-Pouch-Wholesale-5-150x150.jpg 150w, https:\/\/www.stanleypackage.com\/wp-content\/uploads\/2025\/10\/Custom-Food-Packaging-Bags-Snack-Stand-Up-Pouch-Wholesale-5-12x12.jpg 12w, https:\/\/www.stanleypackage.com\/wp-content\/uploads\/2025\/10\/Custom-Food-Packaging-Bags-Snack-Stand-Up-Pouch-Wholesale-5-600x600.jpg 600w, https:\/\/www.stanleypackage.com\/wp-content\/uploads\/2025\/10\/Custom-Food-Packaging-Bags-Snack-Stand-Up-Pouch-Wholesale-5-100x100.jpg 100w\" sizes=\"(max-width: 750px) 100vw, 750px\" \/><\/figure>\n<\/div>\n\n\n\n<div class=\"wp-block-column is-layout-flow wp-block-column-is-layout-flow\">\n<figure class=\"wp-block-image size-full\"><img decoding=\"async\" width=\"750\" height=\"750\" src=\"https:\/\/www.stanleypackage.com\/wp-content\/uploads\/2025\/10\/Custom-Food-Packaging-Bags-Snack-Stand-Up-Pouch-Wholesale-1.jpg\" alt=\"\" class=\"wp-image-3223\" srcset=\"https:\/\/www.stanleypackage.com\/wp-content\/uploads\/2025\/10\/Custom-Food-Packaging-Bags-Snack-Stand-Up-Pouch-Wholesale-1.jpg 750w, https:\/\/www.stanleypackage.com\/wp-content\/uploads\/2025\/10\/Custom-Food-Packaging-Bags-Snack-Stand-Up-Pouch-Wholesale-1-300x300.jpg 300w, https:\/\/www.stanleypackage.com\/wp-content\/uploads\/2025\/10\/Custom-Food-Packaging-Bags-Snack-Stand-Up-Pouch-Wholesale-1-150x150.jpg 150w, https:\/\/www.stanleypackage.com\/wp-content\/uploads\/2025\/10\/Custom-Food-Packaging-Bags-Snack-Stand-Up-Pouch-Wholesale-1-12x12.jpg 12w, https:\/\/www.stanleypackage.com\/wp-content\/uploads\/2025\/10\/Custom-Food-Packaging-Bags-Snack-Stand-Up-Pouch-Wholesale-1-600x600.jpg 600w, https:\/\/www.stanleypackage.com\/wp-content\/uploads\/2025\/10\/Custom-Food-Packaging-Bags-Snack-Stand-Up-Pouch-Wholesale-1-100x100.jpg 100w\" sizes=\"(max-width: 750px) 100vw, 750px\" \/><\/figure>\n<\/div>\n<\/div>\n<\/div>\n<\/div>","protected":false},"excerpt":{"rendered":"<p>Nous vous invitons \u00e0 acheter en gros des sachets personnalis\u00e9s. Ces sachets d'emballage pour snacks sont dot\u00e9s d'un design facile \u00e0 d\u00e9chirer, d'une fermeture \u00e0 glissi\u00e8re et de trous de supermarch\u00e9 qui permettent une impression personnalis\u00e9e.<\/p>\n<table style=\"border-collapse: collapse; width: 327.77pt;\" border=\"0\" width=\"437\" cellspacing=\"0\" cellpadding=\"0\">\n<tbody>\n<tr style=\"height: 12.75pt;\">\n<td class=\"et2\" style=\"height: 12.75pt; width: 91.40pt;\" width=\"121\" height=\"17\">Fabricant<\/td>\n<td class=\"et2\" style=\"width: 237.00pt;\" width=\"316\">Stanley<\/td>\n<\/tr>\n<tr style=\"height: 12.75pt;\">\n<td class=\"et2\" style=\"height: 12.75pt; width: 91.40pt;\" width=\"121\" height=\"17\">Types de pochettes<\/td>\n<td class=\"et3\">Pochette \u00e0 main, pochette \u00e0 glissi\u00e8re<\/td>\n<\/tr>\n<tr style=\"height: 12.75pt;\">\n<td class=\"et2\" style=\"height: 12.75pt; width: 91.40pt;\" width=\"121\" height=\"17\">Mat\u00e9riau<\/td>\n<td class=\"et2\" style=\"width: 237.00pt;\" width=\"316\">PET12\/VMPET12\/PE100<\/td>\n<\/tr>\n<tr style=\"height: 12.75pt;\">\n<td class=\"et2\" style=\"height: 12.75pt; width: 91.40pt;\" width=\"121\" height=\"17\">Dossier sp\u00e9cial<\/td>\n<td class=\"et2\" style=\"width: 237.00pt;\" width=\"316\">Fond debout, Encoche facile \u00e0 d\u00e9chirer, Fermeture \u00e0 glissi\u00e8re\u00a0<\/td>\n<\/tr>\n<tr style=\"height: 12.75pt;\">\n<td class=\"et2\" style=\"height: 12.75pt; width: 91.40pt;\" width=\"121\" height=\"17\">Manipulation de surface<\/td>\n<td class=\"et2\" style=\"width: 237.00pt;\" width=\"316\">Impression en h\u00e9liogravure<\/td>\n<\/tr>\n<tr style=\"height: 12.75pt;\">\n<td class=\"et2\" style=\"height: 12.75pt; width: 91.40pt;\" width=\"121\" height=\"17\">Couleur<\/td>\n<td class=\"et2\" style=\"width: 237.00pt;\" width=\"316\">Jusqu'\u00e0 10 couleurs<\/td>\n<\/tr>\n<tr style=\"height: 12.75pt;\">\n<td class=\"et2\" style=\"height: 12.75pt; width: 91.40pt;\" width=\"121\" height=\"17\">Utilisation<\/td>\n<td class=\"et3\">Bonbons, Noix, Snacks, Produits sal\u00e9s<\/td>\n<\/tr>\n<tr style=\"height: 12.75pt;\">\n<td class=\"et2\" style=\"height: 12.75pt; width: 91.40pt;\" width=\"121\" height=\"17\">MOQ<\/td>\n<td class=\"et2\" style=\"width: 237.00pt;\" width=\"316\">50 000 pi\u00e8ces<\/td>\n<\/tr>\n<tr style=\"height: 12.75pt;\">\n<td class=\"et2\" style=\"height: 12.75pt; width: 91.40pt;\" width=\"121\" height=\"17\">Commande personnalis\u00e9e<\/td>\n<td class=\"et2\" style=\"width: 237.00pt;\" width=\"316\">Acceptation de l'OEM, prise en charge de l'\u00e9chantillonnage gratuit<\/td>\n<\/tr>\n<\/tbody>\n<\/table>","protected":false},"featured_media":3221,"comment_status":"closed","ping_status":"closed","template":"","meta":{"_acf_changed":false},"product_brand":[],"product_cat":[30,18],"product_tag":[],"class_list":{"0":"post-3219","1":"product","2":"type-product","3":"status-publish","4":"has-post-thumbnail","6":"product_cat-stand-up-pouch-manufacturer","7":"product_cat-zipper-pouch-manufacturer","8":"pa_food-packaging-snack-food-pouch","9":"pa_food-packaging-ready-meal-pouch","11":"first","12":"instock","13":"shipping-taxable","14":"product-type-simple"},"acf":[],"_links":{"self":[{"href":"https:\/\/www.stanleypackage.com\/fr\/wp-json\/wp\/v2\/product\/3219","targetHints":{"allow":["GET"]}}],"collection":[{"href":"https:\/\/www.stanleypackage.com\/fr\/wp-json\/wp\/v2\/product"}],"about":[{"href":"https:\/\/www.stanleypackage.com\/fr\/wp-json\/wp\/v2\/types\/product"}],"replies":[{"embeddable":true,"href":"https:\/\/www.stanleypackage.com\/fr\/wp-json\/wp\/v2\/comments?post=3219"}],"wp:featuredmedia":[{"embeddable":true,"href":"https:\/\/www.stanleypackage.com\/fr\/wp-json\/wp\/v2\/media\/3221"}],"wp:attachment":[{"href":"https:\/\/www.stanleypackage.com\/fr\/wp-json\/wp\/v2\/media?parent=3219"}],"wp:term":[{"taxonomy":"product_brand","embeddable":true,"href":"https:\/\/www.stanleypackage.com\/fr\/wp-json\/wp\/v2\/product_brand?post=3219"},{"taxonomy":"product_cat","embeddable":true,"href":"https:\/\/www.stanleypackage.com\/fr\/wp-json\/wp\/v2\/product_cat?post=3219"},{"taxonomy":"product_tag","embeddable":true,"href":"https:\/\/www.stanleypackage.com\/fr\/wp-json\/wp\/v2\/product_tag?post=3219"}],"curies":[{"name":"wp","href":"https:\/\/api.w.org\/{rel}","templated":true}]}}