{"id":3229,"date":"2025-10-14T09:39:01","date_gmt":"2025-10-14T09:39:01","guid":{"rendered":"https:\/\/www.stanleypackage.com\/?post_type=product&#038;p=3229"},"modified":"2025-10-14T09:39:09","modified_gmt":"2025-10-14T09:39:09","slug":"custom-amenities-packages","status":"publish","type":"product","link":"https:\/\/www.stanleypackage.com\/fr\/product\/custom-amenities-packages\/","title":{"rendered":"Emballages de produits d'accueil personnalis\u00e9s, emballages flexibles de sets de bain pour l'h\u00f4tellerie"},"content":{"rendered":"<div class=\"wp-block-columns is-layout-flex wp-container-core-columns-is-layout-9d6595d7 wp-block-columns-is-layout-flex\">\n<div class=\"wp-block-column is-layout-flow wp-block-column-is-layout-flow\">\n<h2 class=\"wp-block-heading\">Caract\u00e9ristiques des ensembles d'\u00e9quipements personnalis\u00e9s<\/h2>\n\n\n\n<ul class=\"wp-block-list\">\n<li><strong>Bords rugueux pour le pressage, garantissant la qualit\u00e9 :<\/strong> Les motifs d'emballage de nos emballages d'agr\u00e9ment personnalis\u00e9s ont des bords lisses et ne sont pas susceptibles de se fissurer, ce qui garantit la qualit\u00e9 de nos produits.<\/li>\n\n\n\n<li><strong>La conception de la d\u00e9chirure facilite l'ouverture : <\/strong>Nos emballages de produits h\u00f4teliers en gros sont con\u00e7us avec une encoche facile \u00e0 d\u00e9chirer, les consommateurs peuvent facilement d\u00e9chirer l'emballage sans ciseaux ou autres outils, et l'exp\u00e9rience d'utilisation est plus pratique.<\/li>\n\n\n\n<li><strong>Emballage compact, facile \u00e0 transporter :<\/strong> Nos packs d'\u00e9quipements h\u00f4teliers personnalis\u00e9s sont compacts. Que vous voyagiez ou que vous partiez en voyage, ils sont tr\u00e8s faciles \u00e0 transporter et ne prennent pas beaucoup de place lorsqu'ils sont plac\u00e9s dans un sac.<\/li>\n\n\n\n<li><strong>Effet laser, attirant l'attention : <\/strong>Notre pochette scell\u00e9e sur trois c\u00f4t\u00e9s pour les ensembles de bain d'h\u00f4tel est dot\u00e9e d'un effet laser, qui peut attirer l'attention des clients et renforcer leur d\u00e9sir d'acheter.<\/li>\n\n\n\n<li><strong>Prise en charge de l'impression et des sp\u00e9cifications personnalis\u00e9es :<\/strong> Nos emballages d'accessoires personnalis\u00e9s en gros peuvent \u00eatre adapt\u00e9s \u00e0 la taille du sac et au contenu de l'impression en fonction des besoins de la marque, afin d'am\u00e9liorer la reconnaissance de la marque et la comp\u00e9titivit\u00e9 sur le march\u00e9.<\/li>\n<\/ul>\n\n\n\n<div class=\"wp-block-columns is-layout-flex wp-container-core-columns-is-layout-9d6595d7 wp-block-columns-is-layout-flex\">\n<div class=\"wp-block-column is-layout-flow wp-block-column-is-layout-flow\">\n<figure class=\"wp-block-image size-full\"><img decoding=\"async\" width=\"750\" height=\"750\" src=\"https:\/\/www.stanleypackage.com\/wp-content\/uploads\/2025\/10\/Custom-Printed-Three-Side-Seal-Pouch-for-Hotel-Bath-Set-5.jpg\" alt=\"\" class=\"wp-image-3230\" srcset=\"https:\/\/www.stanleypackage.com\/wp-content\/uploads\/2025\/10\/Custom-Printed-Three-Side-Seal-Pouch-for-Hotel-Bath-Set-5.jpg 750w, https:\/\/www.stanleypackage.com\/wp-content\/uploads\/2025\/10\/Custom-Printed-Three-Side-Seal-Pouch-for-Hotel-Bath-Set-5-300x300.jpg 300w, https:\/\/www.stanleypackage.com\/wp-content\/uploads\/2025\/10\/Custom-Printed-Three-Side-Seal-Pouch-for-Hotel-Bath-Set-5-150x150.jpg 150w, https:\/\/www.stanleypackage.com\/wp-content\/uploads\/2025\/10\/Custom-Printed-Three-Side-Seal-Pouch-for-Hotel-Bath-Set-5-12x12.jpg 12w, https:\/\/www.stanleypackage.com\/wp-content\/uploads\/2025\/10\/Custom-Printed-Three-Side-Seal-Pouch-for-Hotel-Bath-Set-5-600x600.jpg 600w, https:\/\/www.stanleypackage.com\/wp-content\/uploads\/2025\/10\/Custom-Printed-Three-Side-Seal-Pouch-for-Hotel-Bath-Set-5-100x100.jpg 100w\" sizes=\"(max-width: 750px) 100vw, 750px\" \/><\/figure>\n<\/div>\n\n\n\n<div class=\"wp-block-column is-layout-flow wp-block-column-is-layout-flow\">\n<figure class=\"wp-block-image size-full\"><img decoding=\"async\" width=\"750\" height=\"750\" src=\"https:\/\/www.stanleypackage.com\/wp-content\/uploads\/2025\/10\/Custom-Printed-Three-Side-Seal-Pouch-for-Hotel-Bath-Set-2.jpg\" alt=\"\" class=\"wp-image-3231\" srcset=\"https:\/\/www.stanleypackage.com\/wp-content\/uploads\/2025\/10\/Custom-Printed-Three-Side-Seal-Pouch-for-Hotel-Bath-Set-2.jpg 750w, https:\/\/www.stanleypackage.com\/wp-content\/uploads\/2025\/10\/Custom-Printed-Three-Side-Seal-Pouch-for-Hotel-Bath-Set-2-300x300.jpg 300w, https:\/\/www.stanleypackage.com\/wp-content\/uploads\/2025\/10\/Custom-Printed-Three-Side-Seal-Pouch-for-Hotel-Bath-Set-2-150x150.jpg 150w, https:\/\/www.stanleypackage.com\/wp-content\/uploads\/2025\/10\/Custom-Printed-Three-Side-Seal-Pouch-for-Hotel-Bath-Set-2-12x12.jpg 12w, https:\/\/www.stanleypackage.com\/wp-content\/uploads\/2025\/10\/Custom-Printed-Three-Side-Seal-Pouch-for-Hotel-Bath-Set-2-600x600.jpg 600w, https:\/\/www.stanleypackage.com\/wp-content\/uploads\/2025\/10\/Custom-Printed-Three-Side-Seal-Pouch-for-Hotel-Bath-Set-2-100x100.jpg 100w\" sizes=\"(max-width: 750px) 100vw, 750px\" \/><\/figure>\n<\/div>\n<\/div>\n<\/div>\n<\/div>","protected":false},"excerpt":{"rendered":"<p>Vous recherchez des ensembles d'accessoires personnalis\u00e9s ? Nos paquets d'articles de bain imprim\u00e9s sur mesure sont dot\u00e9s d'encoches faciles \u00e0 d\u00e9chirer et de bords lisses et plats, gage de qualit\u00e9. Nous proposons des pochettes souples personnalis\u00e9es de diff\u00e9rentes sp\u00e9cifications, couleurs et formes en fonction des besoins du client.<\/p>\n<table style=\"border-collapse: collapse; width: 365.02pt;\" border=\"0\" width=\"365\" cellspacing=\"0\" cellpadding=\"0\">\n<tbody>\n<tr style=\"height: 16.00pt;\">\n<td class=\"et2\" style=\"height: 16.00pt; width: 97.50pt;\" width=\"97\" height=\"16\">Fabricant<\/td>\n<td class=\"et2\" style=\"width: 267.50pt;\" width=\"267\">Stanley<\/td>\n<\/tr>\n<tr style=\"height: 16.00pt;\">\n<td class=\"et2\" style=\"height: 16.00pt; width: 97.50pt;\" width=\"97\" height=\"16\">Types de pochettes<\/td>\n<td class=\"et3\">Pochette \u00e0 sceller sur trois c\u00f4t\u00e9s<\/td>\n<\/tr>\n<tr style=\"height: 16.00pt;\">\n<td class=\"et2\" style=\"height: 16.00pt; width: 97.50pt;\" width=\"97\" height=\"16\">Mat\u00e9riau<\/td>\n<td class=\"et2\" style=\"width: 267.50pt;\" width=\"267\">Laser PET12\/VMPET12\/PE56 (effet 3D)<\/td>\n<\/tr>\n<tr style=\"height: 16.00pt;\">\n<td class=\"et2\" style=\"height: 16.00pt; width: 97.50pt;\" width=\"97\" height=\"16\">Dossier sp\u00e9cial<\/td>\n<td class=\"et2\" style=\"width: 267.50pt;\" width=\"267\">Encoche de d\u00e9chirure, effet laser<\/td>\n<\/tr>\n<tr style=\"height: 16.00pt;\">\n<td class=\"et2\" style=\"height: 16.00pt; width: 97.50pt;\" width=\"97\" height=\"16\">Manipulation de surface<\/td>\n<td class=\"et2\" style=\"width: 267.50pt;\" width=\"267\">Impression en h\u00e9liogravure<\/td>\n<\/tr>\n<tr style=\"height: 16.00pt;\">\n<td class=\"et2\" style=\"height: 16.00pt; width: 97.50pt;\" width=\"97\" height=\"16\">Couleur<\/td>\n<td class=\"et2\" style=\"width: 267.50pt;\" width=\"267\">Impression recto-verso, jusqu'\u00e0 10 couleurs<\/td>\n<\/tr>\n<tr style=\"height: 16.00pt;\">\n<td class=\"et2\" style=\"height: 16.00pt; width: 97.50pt;\" width=\"97\" height=\"16\">Utilisation<\/td>\n<td class=\"et2\" style=\"width: 267.50pt;\" width=\"267\">Brosse \u00e0 dents, bonnet de douche, rasoir<\/td>\n<\/tr>\n<tr style=\"height: 16.00pt;\">\n<td class=\"et2\" style=\"height: 16.00pt; width: 97.50pt;\" width=\"97\" height=\"16\">MOQ<\/td>\n<td class=\"et2\" style=\"width: 267.50pt;\" width=\"267\">50 000 pi\u00e8ces<\/td>\n<\/tr>\n<tr style=\"height: 16.00pt;\">\n<td class=\"et2\" style=\"height: 16.00pt; width: 97.50pt;\" width=\"97\" height=\"16\">Commande personnalis\u00e9e<\/td>\n<td class=\"et2\" style=\"width: 267.50pt;\" width=\"267\">Acceptation de l'OEM, prise en charge de l'\u00e9chantillonnage gratuit<\/td>\n<\/tr>\n<\/tbody>\n<\/table>\n<p>&nbsp;<\/p>","protected":false},"featured_media":3232,"comment_status":"closed","ping_status":"closed","template":"","meta":{"_acf_changed":false},"product_brand":[],"product_cat":[31,28],"product_tag":[],"class_list":{"0":"post-3229","1":"product","2":"type-product","3":"status-publish","4":"has-post-thumbnail","6":"product_cat-lay-flat-pouch-manufacturer","7":"product_cat-three-side-seal-pouch-manufacturer","8":"pa_non-food-packaging-hotel-supplies-packaging","10":"first","11":"instock","12":"shipping-taxable","13":"product-type-simple"},"acf":[],"_links":{"self":[{"href":"https:\/\/www.stanleypackage.com\/fr\/wp-json\/wp\/v2\/product\/3229","targetHints":{"allow":["GET"]}}],"collection":[{"href":"https:\/\/www.stanleypackage.com\/fr\/wp-json\/wp\/v2\/product"}],"about":[{"href":"https:\/\/www.stanleypackage.com\/fr\/wp-json\/wp\/v2\/types\/product"}],"replies":[{"embeddable":true,"href":"https:\/\/www.stanleypackage.com\/fr\/wp-json\/wp\/v2\/comments?post=3229"}],"wp:featuredmedia":[{"embeddable":true,"href":"https:\/\/www.stanleypackage.com\/fr\/wp-json\/wp\/v2\/media\/3232"}],"wp:attachment":[{"href":"https:\/\/www.stanleypackage.com\/fr\/wp-json\/wp\/v2\/media?parent=3229"}],"wp:term":[{"taxonomy":"product_brand","embeddable":true,"href":"https:\/\/www.stanleypackage.com\/fr\/wp-json\/wp\/v2\/product_brand?post=3229"},{"taxonomy":"product_cat","embeddable":true,"href":"https:\/\/www.stanleypackage.com\/fr\/wp-json\/wp\/v2\/product_cat?post=3229"},{"taxonomy":"product_tag","embeddable":true,"href":"https:\/\/www.stanleypackage.com\/fr\/wp-json\/wp\/v2\/product_tag?post=3229"}],"curies":[{"name":"wp","href":"https:\/\/api.w.org\/{rel}","templated":true}]}}