{"id":3252,"date":"2025-10-08T09:16:51","date_gmt":"2025-10-08T09:16:51","guid":{"rendered":"https:\/\/www.stanleypackage.com\/?post_type=product&#038;p=3252"},"modified":"2025-10-08T09:16:58","modified_gmt":"2025-10-08T09:16:58","slug":"plastic-pouch-with-spout-wholesale","status":"publish","type":"product","link":"https:\/\/www.stanleypackage.com\/fr\/product\/plastic-pouch-with-spout-wholesale\/","title":{"rendered":"Pochette plastique monomati\u00e8re avec bec grossiste pour lotion"},"content":{"rendered":"<div class=\"wp-block-columns is-layout-flex wp-container-core-columns-is-layout-9d6595d7 wp-block-columns-is-layout-flex\">\n<div class=\"wp-block-column is-layout-flow wp-block-column-is-layout-flow\">\n<h2 class=\"wp-block-heading\">Caract\u00e9ristiques de la pochette en plastique avec bec verseur Wholesale<\/h2>\n\n\n\n<ul class=\"wp-block-list\">\n<li><strong>Respectueux de l'environnement et recyclable, en accord avec les tendances durables : <\/strong>Cette pochette en plastique avec bec verseur adopte une structure en mat\u00e9riau PE unique, qui est facile \u00e0 recycler et r\u00e9pond \u00e0 la demande du march\u00e9 en mati\u00e8re de protection de l'environnement et de d\u00e9veloppement durable.<\/li>\n\n\n\n<li><strong>Design arrondi \u00e0 quatre coins : <\/strong>Nos sachets d'emballage mono-mat\u00e9riau ont des coins arrondis sur les quatre c\u00f4t\u00e9s, ce qui \u00e9vite les blessures aux mains lors de l'utilisation du produit et am\u00e9liore le confort d'utilisation.<\/li>\n\n\n\n<li><strong>Structure de remplissage par le bas pour am\u00e9liorer l'efficacit\u00e9 du remplissage : <\/strong>La conception du remplissage par le bas de cette poche plastique avec bec en gros facilite le remplissage rapide et le scellement ferme de la ligne de production, ce qui convient aux processus d'emballage automatis\u00e9s.<\/li>\n\n\n\n<li><strong>Le couvercle de la buse est muni d'une courroie de liaison pour \u00e9viter les pertes : <\/strong>Notre couvercle de buse pour pochettes d'emballage personnalis\u00e9es est dot\u00e9 d'une courroie de connexion pour \u00e9viter qu'il ne se perde ou ne tombe pendant l'utilisation. La conception r\u00e9fl\u00e9chie am\u00e9liore l'exp\u00e9rience de l'utilisateur.<\/li>\n\n\n\n<li><strong>Soutenir la personnalisation de la marque pour r\u00e9pondre aux divers besoins en mati\u00e8re d'emballage : <\/strong>Nos sachets en plastique avec bec verseur sont disponibles en gros avec des sp\u00e9cifications d'impression, de motifs, de capacit\u00e9 et d'embout pour r\u00e9pondre aux besoins d'emballage uniques d'industries diversifi\u00e9es telles que les produits chimiques quotidiens, les cosm\u00e9tiques et les soins personnels.<\/li>\n<\/ul>\n\n\n\n<div class=\"wp-block-columns is-layout-flex wp-container-core-columns-is-layout-9d6595d7 wp-block-columns-is-layout-flex\">\n<div class=\"wp-block-column is-layout-flow wp-block-column-is-layout-flow\">\n<figure class=\"wp-block-image size-full\"><img decoding=\"async\" width=\"750\" height=\"750\" src=\"https:\/\/www.stanleypackage.com\/wp-content\/uploads\/2025\/10\/Custom-Wholesale-Spout-Pouch-Mono-Material-Packaging-Bags-2.jpg\" alt=\"\" class=\"wp-image-3253\" srcset=\"https:\/\/www.stanleypackage.com\/wp-content\/uploads\/2025\/10\/Custom-Wholesale-Spout-Pouch-Mono-Material-Packaging-Bags-2.jpg 750w, https:\/\/www.stanleypackage.com\/wp-content\/uploads\/2025\/10\/Custom-Wholesale-Spout-Pouch-Mono-Material-Packaging-Bags-2-300x300.jpg 300w, https:\/\/www.stanleypackage.com\/wp-content\/uploads\/2025\/10\/Custom-Wholesale-Spout-Pouch-Mono-Material-Packaging-Bags-2-150x150.jpg 150w, https:\/\/www.stanleypackage.com\/wp-content\/uploads\/2025\/10\/Custom-Wholesale-Spout-Pouch-Mono-Material-Packaging-Bags-2-12x12.jpg 12w, https:\/\/www.stanleypackage.com\/wp-content\/uploads\/2025\/10\/Custom-Wholesale-Spout-Pouch-Mono-Material-Packaging-Bags-2-600x600.jpg 600w, https:\/\/www.stanleypackage.com\/wp-content\/uploads\/2025\/10\/Custom-Wholesale-Spout-Pouch-Mono-Material-Packaging-Bags-2-100x100.jpg 100w\" sizes=\"(max-width: 750px) 100vw, 750px\" \/><\/figure>\n<\/div>\n\n\n\n<div class=\"wp-block-column is-layout-flow wp-block-column-is-layout-flow\">\n<figure class=\"wp-block-image size-full\"><img decoding=\"async\" width=\"750\" height=\"750\" src=\"https:\/\/www.stanleypackage.com\/wp-content\/uploads\/2025\/10\/Custom-Wholesale-Spout-Pouch-Mono-Material-Packaging-Bags-6.jpg\" alt=\"\" class=\"wp-image-3254\" srcset=\"https:\/\/www.stanleypackage.com\/wp-content\/uploads\/2025\/10\/Custom-Wholesale-Spout-Pouch-Mono-Material-Packaging-Bags-6.jpg 750w, https:\/\/www.stanleypackage.com\/wp-content\/uploads\/2025\/10\/Custom-Wholesale-Spout-Pouch-Mono-Material-Packaging-Bags-6-300x300.jpg 300w, https:\/\/www.stanleypackage.com\/wp-content\/uploads\/2025\/10\/Custom-Wholesale-Spout-Pouch-Mono-Material-Packaging-Bags-6-150x150.jpg 150w, https:\/\/www.stanleypackage.com\/wp-content\/uploads\/2025\/10\/Custom-Wholesale-Spout-Pouch-Mono-Material-Packaging-Bags-6-12x12.jpg 12w, https:\/\/www.stanleypackage.com\/wp-content\/uploads\/2025\/10\/Custom-Wholesale-Spout-Pouch-Mono-Material-Packaging-Bags-6-600x600.jpg 600w, https:\/\/www.stanleypackage.com\/wp-content\/uploads\/2025\/10\/Custom-Wholesale-Spout-Pouch-Mono-Material-Packaging-Bags-6-100x100.jpg 100w\" sizes=\"(max-width: 750px) 100vw, 750px\" \/><\/figure>\n<\/div>\n<\/div>\n<\/div>\n<\/div>","protected":false},"excerpt":{"rendered":"<p>Bienvenue sur le site des pochettes d'emballage en vrac. Notre pochette plastique mono-mat\u00e9riau personnalis\u00e9e avec bec en gros a des coins arrondis sur les quatre c\u00f4t\u00e9s, ce qui \u00e9vite les blessures aux mains lors de l'utilisation du produit. Le couvercle du bec est dot\u00e9 d'une courroie de liaison qui emp\u00eache efficacement la perte du couvercle.<\/p>\n<table style=\"border-collapse: collapse; width: 365.02pt;\" border=\"0\" width=\"365\" cellspacing=\"0\" cellpadding=\"0\">\n<tbody>\n<tr style=\"height: 16.00pt;\">\n<td class=\"et2\" style=\"height: 16.00pt; width: 97.50pt;\" width=\"97\" height=\"16\">Fabricant<\/td>\n<td class=\"et2\" style=\"width: 267.50pt;\" width=\"267\">Stanley<\/td>\n<\/tr>\n<tr style=\"height: 16.00pt;\">\n<td class=\"et2\" style=\"height: 16.00pt; width: 97.50pt;\" width=\"97\" height=\"16\">Types de pochettes<\/td>\n<td class=\"et3\">Pochette \u00e0 bec<\/td>\n<\/tr>\n<tr style=\"height: 16.00pt;\">\n<td class=\"et2\" style=\"height: 16.00pt; width: 97.50pt;\" width=\"97\" height=\"16\">Mat\u00e9riau<\/td>\n<td class=\"et2\" style=\"width: 267.50pt;\" width=\"267\">PE (mono-mat\u00e9riau)<\/td>\n<\/tr>\n<tr style=\"height: 16.00pt;\">\n<td class=\"et2\" style=\"height: 16.00pt; width: 97.50pt;\" width=\"97\" height=\"16\">Dossier sp\u00e9cial<\/td>\n<td class=\"et2\" style=\"width: 267.50pt;\" width=\"267\">Bec, scellement lat\u00e9ral, recyclable<\/td>\n<\/tr>\n<tr style=\"height: 16.00pt;\">\n<td class=\"et2\" style=\"height: 16.00pt; width: 97.50pt;\" width=\"97\" height=\"16\">Manipulation de surface<\/td>\n<td class=\"et2\" style=\"width: 267.50pt;\" width=\"267\">Impression en h\u00e9liogravure<\/td>\n<\/tr>\n<tr style=\"height: 16.00pt;\">\n<td class=\"et2\" style=\"height: 16.00pt; width: 97.50pt;\" width=\"97\" height=\"16\">Couleur<\/td>\n<td class=\"et2\" style=\"width: 267.50pt;\" width=\"267\">Impression recto-verso, jusqu'\u00e0 10 couleurs<\/td>\n<\/tr>\n<tr style=\"height: 16.00pt;\">\n<td class=\"et2\" style=\"height: 16.00pt; width: 97.50pt;\" width=\"97\" height=\"16\">Utilisation<\/td>\n<td class=\"et2\" style=\"width: 267.50pt;\" width=\"267\">Cr\u00e8me, Lotion, Cosm\u00e9tique<\/td>\n<\/tr>\n<tr style=\"height: 16.00pt;\">\n<td class=\"et2\" style=\"height: 16.00pt; width: 97.50pt;\" width=\"97\" height=\"16\">MOQ<\/td>\n<td class=\"et2\" style=\"width: 267.50pt;\" width=\"267\">50 000 pi\u00e8ces<\/td>\n<\/tr>\n<tr style=\"height: 16.00pt;\">\n<td class=\"et2\" style=\"height: 16.00pt; width: 97.50pt;\" width=\"97\" height=\"16\">Commande personnalis\u00e9e<\/td>\n<td class=\"et2\" style=\"width: 267.50pt;\" width=\"267\">Acceptation de l'OEM, prise en charge de l'\u00e9chantillonnage gratuit<\/td>\n<\/tr>\n<\/tbody>\n<\/table>","protected":false},"featured_media":3255,"comment_status":"closed","ping_status":"closed","template":"","meta":{"_acf_changed":false},"product_brand":[],"product_cat":[32],"product_tag":[],"class_list":{"0":"post-3252","1":"product","2":"type-product","3":"status-publish","4":"has-post-thumbnail","6":"product_cat-spout-pouch-manufacturer","7":"pa_material-mono-material","8":"pa_non-food-packaging-cosmetic-packaging-pouches","9":"pa_non-food-packaging-hotel-supplies-packaging","11":"first","12":"instock","13":"shipping-taxable","14":"product-type-simple"},"acf":[],"_links":{"self":[{"href":"https:\/\/www.stanleypackage.com\/fr\/wp-json\/wp\/v2\/product\/3252","targetHints":{"allow":["GET"]}}],"collection":[{"href":"https:\/\/www.stanleypackage.com\/fr\/wp-json\/wp\/v2\/product"}],"about":[{"href":"https:\/\/www.stanleypackage.com\/fr\/wp-json\/wp\/v2\/types\/product"}],"replies":[{"embeddable":true,"href":"https:\/\/www.stanleypackage.com\/fr\/wp-json\/wp\/v2\/comments?post=3252"}],"wp:featuredmedia":[{"embeddable":true,"href":"https:\/\/www.stanleypackage.com\/fr\/wp-json\/wp\/v2\/media\/3255"}],"wp:attachment":[{"href":"https:\/\/www.stanleypackage.com\/fr\/wp-json\/wp\/v2\/media?parent=3252"}],"wp:term":[{"taxonomy":"product_brand","embeddable":true,"href":"https:\/\/www.stanleypackage.com\/fr\/wp-json\/wp\/v2\/product_brand?post=3252"},{"taxonomy":"product_cat","embeddable":true,"href":"https:\/\/www.stanleypackage.com\/fr\/wp-json\/wp\/v2\/product_cat?post=3252"},{"taxonomy":"product_tag","embeddable":true,"href":"https:\/\/www.stanleypackage.com\/fr\/wp-json\/wp\/v2\/product_tag?post=3252"}],"curies":[{"name":"wp","href":"https:\/\/api.w.org\/{rel}","templated":true}]}}