{"id":3277,"date":"2025-10-14T10:06:27","date_gmt":"2025-10-14T10:06:27","guid":{"rendered":"https:\/\/www.stanleypackage.com\/?post_type=product&#038;p=3277"},"modified":"2025-10-14T10:06:34","modified_gmt":"2025-10-14T10:06:34","slug":"printed-pouches-wholesale","status":"publish","type":"product","link":"https:\/\/www.stanleypackage.com\/fr\/product\/printed-pouches-wholesale\/","title":{"rendered":"Pochettes imprim\u00e9es sur mesure en gros pour masques et cosm\u00e9tiques"},"content":{"rendered":"<div class=\"wp-block-columns is-layout-flex wp-container-core-columns-is-layout-9d6595d7 wp-block-columns-is-layout-flex\">\n<div class=\"wp-block-column is-layout-flow wp-block-column-is-layout-flow\">\n<h2 class=\"wp-block-heading\">Features of Custom Printed Pouches Wholesale<\/h2>\n\n\n\n<ul class=\"wp-block-list\">\n<li><strong>Forme sp\u00e9ciale, forme accrocheuse : <\/strong>Our custom printed pouches wholesale for facial masks offer a variety of customized contours and bag types, breaking the constraints of traditional packaging, enhancing brand recognition and shelf appeal.<\/li>\n\n\n\n<li><strong>Structure mat\u00e9rielle tr\u00e8s performante :<\/strong> Our custom-shaped facial mask packaging pouches use PET12\/AL7\/PE82 three-layer composite material, which has good barrier properties, and effectively prevent water loss.<\/li>\n\n\n\n<li><strong>Facile \u00e0 d\u00e9chirer, facile \u00e0 ouvrir : <\/strong>This custom printed pouches wholesale is equipped with an Easy Tear Notch design, which is convenient for consumers to open easily without auxiliary tools, improving the user experience.<\/li>\n\n\n\n<li><strong>Un service personnalis\u00e9 pour r\u00e9pondre aux besoins :\u00a0<\/strong>We provide a variety of customization options for facial mask packaging pouch, and can design different shapes, sizes and printing patterns according to customer needs to enhance brand personalization and market competitiveness.<\/li>\n\n\n\n<li><strong>Largement appliqu\u00e9 \u00e0 divers produits : <\/strong>Our custom printed pouches wholesale we provide can be widely applied to various products, such as eye cream, shampoo, skin care, jelly etc.<\/li>\n<\/ul>\n\n\n\n<div class=\"wp-block-columns is-layout-flex wp-container-core-columns-is-layout-9d6595d7 wp-block-columns-is-layout-flex\">\n<div class=\"wp-block-column is-layout-flow wp-block-column-is-layout-flow\">\n<figure class=\"wp-block-image size-full\"><img decoding=\"async\" width=\"750\" height=\"750\" src=\"https:\/\/www.stanleypackage.com\/wp-content\/uploads\/2025\/10\/Custom-Daily-Chemical-Bag-Wholesale-Packaging-Bag-For-Face-Mask.jpg\" alt=\"\" class=\"wp-image-3278\" srcset=\"https:\/\/www.stanleypackage.com\/wp-content\/uploads\/2025\/10\/Custom-Daily-Chemical-Bag-Wholesale-Packaging-Bag-For-Face-Mask.jpg 750w, https:\/\/www.stanleypackage.com\/wp-content\/uploads\/2025\/10\/Custom-Daily-Chemical-Bag-Wholesale-Packaging-Bag-For-Face-Mask-300x300.jpg 300w, https:\/\/www.stanleypackage.com\/wp-content\/uploads\/2025\/10\/Custom-Daily-Chemical-Bag-Wholesale-Packaging-Bag-For-Face-Mask-150x150.jpg 150w, https:\/\/www.stanleypackage.com\/wp-content\/uploads\/2025\/10\/Custom-Daily-Chemical-Bag-Wholesale-Packaging-Bag-For-Face-Mask-12x12.jpg 12w, https:\/\/www.stanleypackage.com\/wp-content\/uploads\/2025\/10\/Custom-Daily-Chemical-Bag-Wholesale-Packaging-Bag-For-Face-Mask-600x600.jpg 600w, https:\/\/www.stanleypackage.com\/wp-content\/uploads\/2025\/10\/Custom-Daily-Chemical-Bag-Wholesale-Packaging-Bag-For-Face-Mask-100x100.jpg 100w\" sizes=\"(max-width: 750px) 100vw, 750px\" \/><\/figure>\n<\/div>\n\n\n\n<div class=\"wp-block-column is-layout-flow wp-block-column-is-layout-flow\">\n<figure class=\"wp-block-image size-full\"><img decoding=\"async\" width=\"750\" height=\"750\" src=\"https:\/\/www.stanleypackage.com\/wp-content\/uploads\/2025\/10\/Custom-Daily-Chemical-Bag-Wholesale-Packaging-Bag-For-Face-Mask-5.jpg\" alt=\"\" class=\"wp-image-3279\" srcset=\"https:\/\/www.stanleypackage.com\/wp-content\/uploads\/2025\/10\/Custom-Daily-Chemical-Bag-Wholesale-Packaging-Bag-For-Face-Mask-5.jpg 750w, https:\/\/www.stanleypackage.com\/wp-content\/uploads\/2025\/10\/Custom-Daily-Chemical-Bag-Wholesale-Packaging-Bag-For-Face-Mask-5-300x300.jpg 300w, https:\/\/www.stanleypackage.com\/wp-content\/uploads\/2025\/10\/Custom-Daily-Chemical-Bag-Wholesale-Packaging-Bag-For-Face-Mask-5-150x150.jpg 150w, https:\/\/www.stanleypackage.com\/wp-content\/uploads\/2025\/10\/Custom-Daily-Chemical-Bag-Wholesale-Packaging-Bag-For-Face-Mask-5-12x12.jpg 12w, https:\/\/www.stanleypackage.com\/wp-content\/uploads\/2025\/10\/Custom-Daily-Chemical-Bag-Wholesale-Packaging-Bag-For-Face-Mask-5-600x600.jpg 600w, https:\/\/www.stanleypackage.com\/wp-content\/uploads\/2025\/10\/Custom-Daily-Chemical-Bag-Wholesale-Packaging-Bag-For-Face-Mask-5-100x100.jpg 100w\" sizes=\"(max-width: 750px) 100vw, 750px\" \/><\/figure>\n<\/div>\n<\/div>\n<\/div>\n<\/div>","protected":false},"excerpt":{"rendered":"<p>Nous vous invitons \u00e0 commander en gros des pochettes imprim\u00e9es personnalis\u00e9es. Cette pochette d'emballage de masque facial de forme personnalis\u00e9e est fabriqu\u00e9e en mat\u00e9riau composite tr\u00e8s r\u00e9sistant, qui poss\u00e8de de bonnes propri\u00e9t\u00e9s de barri\u00e8re et emp\u00eache efficacement la perte d'eau, convenant \u00e0 divers produits dans la vie.<\/p>\n<table style=\"border-collapse: collapse; width: 365.02pt;\" border=\"0\" width=\"365\" cellspacing=\"0\" cellpadding=\"0\">\n<tbody>\n<tr style=\"height: 16.00pt;\">\n<td class=\"et2\" style=\"height: 16.00pt; width: 97.50pt;\" width=\"97\" height=\"16\">Fabricant<\/td>\n<td class=\"et2\" style=\"width: 267.50pt;\" width=\"267\">Stanley<\/td>\n<\/tr>\n<tr style=\"height: 16.00pt;\">\n<td class=\"et2\" style=\"height: 16.00pt; width: 97.50pt;\" width=\"97\" height=\"16\">Types de pochettes<\/td>\n<td class=\"et3\">Pochette de forme sp\u00e9ciale, pochette scell\u00e9e sur 3 c\u00f4t\u00e9s<\/td>\n<\/tr>\n<tr style=\"height: 16.00pt;\">\n<td class=\"et2\" style=\"height: 16.00pt; width: 97.50pt;\" width=\"97\" height=\"16\">Mat\u00e9riau<\/td>\n<td class=\"et2\" style=\"width: 267.50pt;\" width=\"267\">PET12\/AL7\/PE82<\/td>\n<\/tr>\n<tr style=\"height: 31.00pt;\">\n<td class=\"et2\" style=\"height: 31.00pt; width: 97.50pt;\" width=\"97\" height=\"31\">Dossier sp\u00e9cial<\/td>\n<td class=\"et2\" style=\"width: 267.50pt;\" width=\"267\">Encoche \u00e0 d\u00e9chirure facile, forme sp\u00e9ciale<\/td>\n<\/tr>\n<tr style=\"height: 16.00pt;\">\n<td class=\"et2\" style=\"height: 16.00pt; width: 97.50pt;\" width=\"97\" height=\"16\">Manipulation de surface<\/td>\n<td class=\"et2\" style=\"width: 267.50pt;\" width=\"267\">Impression en h\u00e9liogravure<\/td>\n<\/tr>\n<tr style=\"height: 16.00pt;\">\n<td class=\"et2\" style=\"height: 16.00pt; width: 97.50pt;\" width=\"97\" height=\"16\">Couleur<\/td>\n<td class=\"et2\" style=\"width: 267.50pt;\" width=\"267\">Jusqu'\u00e0 10 couleurs<\/td>\n<\/tr>\n<tr style=\"height: 16.00pt;\">\n<td class=\"et2\" style=\"height: 16.00pt; width: 97.50pt;\" width=\"97\" height=\"16\">Utilisation<\/td>\n<td class=\"et2\" style=\"width: 267.50pt;\" width=\"267\">cr\u00e8me pour les yeux, shampooing, soins de la peau, gel\u00e9e<\/td>\n<\/tr>\n<tr style=\"height: 16.00pt;\">\n<td class=\"et2\" style=\"height: 16.00pt; width: 97.50pt;\" width=\"97\" height=\"16\">MOQ<\/td>\n<td class=\"et2\" style=\"width: 267.50pt;\" width=\"267\">50 000 pi\u00e8ces<\/td>\n<\/tr>\n<tr style=\"height: 16.00pt;\">\n<td class=\"et2\" style=\"height: 16.00pt; width: 97.50pt;\" width=\"97\" height=\"16\">Commande personnalis\u00e9e<\/td>\n<td class=\"et2\" style=\"width: 267.50pt;\" width=\"267\">Acceptation de l'OEM , \u00c9chantillon gratuit<\/td>\n<\/tr>\n<\/tbody>\n<\/table>","protected":false},"featured_media":3280,"comment_status":"closed","ping_status":"closed","template":"","meta":{"_acf_changed":false},"product_brand":[],"product_cat":[22,31,28],"product_tag":[],"class_list":{"0":"post-3277","1":"product","2":"type-product","3":"status-publish","4":"has-post-thumbnail","6":"product_cat-shaped-pouches-factory","7":"product_cat-lay-flat-pouch-manufacturer","8":"product_cat-three-side-seal-pouch-manufacturer","9":"pa_non-food-packaging-cosmetic-packaging-pouches","11":"first","12":"instock","13":"shipping-taxable","14":"product-type-simple"},"acf":[],"_links":{"self":[{"href":"https:\/\/www.stanleypackage.com\/fr\/wp-json\/wp\/v2\/product\/3277","targetHints":{"allow":["GET"]}}],"collection":[{"href":"https:\/\/www.stanleypackage.com\/fr\/wp-json\/wp\/v2\/product"}],"about":[{"href":"https:\/\/www.stanleypackage.com\/fr\/wp-json\/wp\/v2\/types\/product"}],"replies":[{"embeddable":true,"href":"https:\/\/www.stanleypackage.com\/fr\/wp-json\/wp\/v2\/comments?post=3277"}],"wp:featuredmedia":[{"embeddable":true,"href":"https:\/\/www.stanleypackage.com\/fr\/wp-json\/wp\/v2\/media\/3280"}],"wp:attachment":[{"href":"https:\/\/www.stanleypackage.com\/fr\/wp-json\/wp\/v2\/media?parent=3277"}],"wp:term":[{"taxonomy":"product_brand","embeddable":true,"href":"https:\/\/www.stanleypackage.com\/fr\/wp-json\/wp\/v2\/product_brand?post=3277"},{"taxonomy":"product_cat","embeddable":true,"href":"https:\/\/www.stanleypackage.com\/fr\/wp-json\/wp\/v2\/product_cat?post=3277"},{"taxonomy":"product_tag","embeddable":true,"href":"https:\/\/www.stanleypackage.com\/fr\/wp-json\/wp\/v2\/product_tag?post=3277"}],"curies":[{"name":"wp","href":"https:\/\/api.w.org\/{rel}","templated":true}]}}