{"id":3284,"date":"2025-10-14T10:14:12","date_gmt":"2025-10-14T10:14:12","guid":{"rendered":"https:\/\/www.stanleypackage.com\/?post_type=product&#038;p=3284"},"modified":"2025-10-14T10:14:20","modified_gmt":"2025-10-14T10:14:20","slug":"liquid-detergent-packaging","status":"publish","type":"product","link":"https:\/\/www.stanleypackage.com\/fr\/product\/liquid-detergent-packaging\/","title":{"rendered":"Emballage de d\u00e9tergent liquide \u00e0 bec verseur sur mesure avec trous pour la poign\u00e9e"},"content":{"rendered":"<div class=\"wp-block-columns is-layout-flex wp-container-core-columns-is-layout-9d6595d7 wp-block-columns-is-layout-flex\">\n<div class=\"wp-block-column is-layout-flow wp-block-column-is-layout-flow\">\n<h2 class=\"wp-block-heading\">Caract\u00e9ristiques des emballages de d\u00e9tergents liquides \u00e0 becs sur mesure<\/h2>\n\n\n\n<ul class=\"wp-block-list\">\n<li><strong>Conception de la buse d'aspiration, facile \u00e0 verser : <\/strong>Ces sachets d'emballage de d\u00e9tergent liquide \u00e0 bec personnalis\u00e9 sont \u00e9quip\u00e9s d'un bec verseur facile \u00e0 utiliser, qui est plus propre et plus hygi\u00e9nique et qui \u00e9vite les d\u00e9versements.<\/li>\n\n\n\n<li><strong>Fond autoportant, affichage stable : <\/strong>Ces sachets de d\u00e9tergent personnalis\u00e9s ne se renversent pas facilement, ce qui est pratique pour le stockage \u00e0 domicile.<\/li>\n\n\n\n<li><strong>Impression recto-verso, visuellement remarquable :<\/strong> Nos emballages personnalis\u00e9s pour d\u00e9tergents liquides \u00e0 bec verseur peuvent \u00eatre imprim\u00e9s en h\u00e9liogravure jusqu'\u00e0 10 couleurs, ce qui permet de montrer l'image haut de gamme de la marque et d'attirer l'attention des consommateurs.<\/li>\n\n\n\n<li><strong>Structure multicouche, barri\u00e8re solide :<\/strong> Nos sachets de d\u00e9tergent personnalis\u00e9s utilisent des mat\u00e9riaux composites PET12\/BAPA15\/MBPE170, qui pr\u00e9sentent de bonnes propri\u00e9t\u00e9s de r\u00e9sistance \u00e0 l'humidit\u00e9, \u00e0 l'oxyg\u00e8ne et \u00e0 la perforation.<\/li>\n\n\n\n<li><strong>Largement utilis\u00e9, il convient \u00e0 une vari\u00e9t\u00e9 de produits de nettoyage :<\/strong> Ces emballages pour d\u00e9tergents liquides \u00e0 bec verseur conviennent \u00e0 une vari\u00e9t\u00e9 de produits chimiques quotidiens tels que le d\u00e9tergent \u00e0 lessive, la lessive en poudre, le savon liquide, l'assouplissant, etc.<\/li>\n\n\n\n<li><strong>S'adapter au remplissage automatique : <\/strong>Ces sachets de d\u00e9tergent sur mesure conviennent aux lignes de production automatis\u00e9es afin d'am\u00e9liorer l'efficacit\u00e9 de l'emballage et l'uniformit\u00e9 du produit.<\/li>\n\n\n\n<li><strong>\u00c9quip\u00e9 d'un trou de transport : <\/strong>Nos pochettes \u00e0 bec verseur sont \u00e9quip\u00e9es d'un trou de transport, ce qui les rend pratiques \u00e0 transporter et n'occasionne aucune g\u00eane pour la main.<\/li>\n<\/ul>\n\n\n\n<div class=\"wp-block-columns is-layout-flex wp-container-core-columns-is-layout-9d6595d7 wp-block-columns-is-layout-flex\">\n<div class=\"wp-block-column is-layout-flow wp-block-column-is-layout-flow\">\n<figure class=\"wp-block-image size-full\"><img decoding=\"async\" width=\"750\" height=\"750\" src=\"https:\/\/www.stanleypackage.com\/wp-content\/uploads\/2025\/10\/Stand-Up-Spouted-Pouches-Wholesale-Packaging-Bag-For-Laundry-Detergent-2.jpg\" alt=\"\" class=\"wp-image-3286\" srcset=\"https:\/\/www.stanleypackage.com\/wp-content\/uploads\/2025\/10\/Stand-Up-Spouted-Pouches-Wholesale-Packaging-Bag-For-Laundry-Detergent-2.jpg 750w, https:\/\/www.stanleypackage.com\/wp-content\/uploads\/2025\/10\/Stand-Up-Spouted-Pouches-Wholesale-Packaging-Bag-For-Laundry-Detergent-2-300x300.jpg 300w, https:\/\/www.stanleypackage.com\/wp-content\/uploads\/2025\/10\/Stand-Up-Spouted-Pouches-Wholesale-Packaging-Bag-For-Laundry-Detergent-2-150x150.jpg 150w, https:\/\/www.stanleypackage.com\/wp-content\/uploads\/2025\/10\/Stand-Up-Spouted-Pouches-Wholesale-Packaging-Bag-For-Laundry-Detergent-2-12x12.jpg 12w, https:\/\/www.stanleypackage.com\/wp-content\/uploads\/2025\/10\/Stand-Up-Spouted-Pouches-Wholesale-Packaging-Bag-For-Laundry-Detergent-2-600x600.jpg 600w, https:\/\/www.stanleypackage.com\/wp-content\/uploads\/2025\/10\/Stand-Up-Spouted-Pouches-Wholesale-Packaging-Bag-For-Laundry-Detergent-2-100x100.jpg 100w\" sizes=\"(max-width: 750px) 100vw, 750px\" \/><\/figure>\n<\/div>\n\n\n\n<div class=\"wp-block-column is-layout-flow wp-block-column-is-layout-flow\">\n<figure class=\"wp-block-image size-full\"><img decoding=\"async\" width=\"750\" height=\"750\" src=\"https:\/\/www.stanleypackage.com\/wp-content\/uploads\/2025\/10\/Stand-Up-Spouted-Pouches-Wholesale-Packaging-Bag-For-Laundry-Detergent-3.jpg\" alt=\"\" class=\"wp-image-3287\" srcset=\"https:\/\/www.stanleypackage.com\/wp-content\/uploads\/2025\/10\/Stand-Up-Spouted-Pouches-Wholesale-Packaging-Bag-For-Laundry-Detergent-3.jpg 750w, https:\/\/www.stanleypackage.com\/wp-content\/uploads\/2025\/10\/Stand-Up-Spouted-Pouches-Wholesale-Packaging-Bag-For-Laundry-Detergent-3-300x300.jpg 300w, https:\/\/www.stanleypackage.com\/wp-content\/uploads\/2025\/10\/Stand-Up-Spouted-Pouches-Wholesale-Packaging-Bag-For-Laundry-Detergent-3-150x150.jpg 150w, https:\/\/www.stanleypackage.com\/wp-content\/uploads\/2025\/10\/Stand-Up-Spouted-Pouches-Wholesale-Packaging-Bag-For-Laundry-Detergent-3-12x12.jpg 12w, https:\/\/www.stanleypackage.com\/wp-content\/uploads\/2025\/10\/Stand-Up-Spouted-Pouches-Wholesale-Packaging-Bag-For-Laundry-Detergent-3-600x600.jpg 600w, https:\/\/www.stanleypackage.com\/wp-content\/uploads\/2025\/10\/Stand-Up-Spouted-Pouches-Wholesale-Packaging-Bag-For-Laundry-Detergent-3-100x100.jpg 100w\" sizes=\"(max-width: 750px) 100vw, 750px\" \/><\/figure>\n<\/div>\n<\/div>\n<\/div>\n<\/div>","protected":false},"excerpt":{"rendered":"<p>Nous vous invitons \u00e0 commander des emballages de d\u00e9tergent liquide imprim\u00e9s sur mesure. Ces sachets de d\u00e9tergent personnalis\u00e9s de premi\u00e8re qualit\u00e9 ont une excellente \u00e9tanch\u00e9it\u00e9 et durabilit\u00e9, sont \u00e9quip\u00e9s d'un trou de transport et d'un fond stable, largement utilis\u00e9s dans l'emballage des produits de nettoyage tels que le d\u00e9tergent \u00e0 lessive, la lessive en poudre, le savon liquide, etc.<\/p>\n<table style=\"border-collapse: collapse; width: 365.02pt;\" border=\"0\" width=\"365\" cellspacing=\"0\" cellpadding=\"0\">\n<tbody>\n<tr style=\"height: 16.00pt;\">\n<td class=\"et2\" style=\"height: 16.00pt; width: 97.50pt;\" width=\"97\" height=\"16\">Fabricant<\/td>\n<td class=\"et2\" style=\"width: 267.50pt;\" width=\"267\">Stanley<\/td>\n<\/tr>\n<tr style=\"height: 16.00pt;\">\n<td class=\"et2\" style=\"height: 16.00pt; width: 97.50pt;\" width=\"97\" height=\"16\">Types de pochettes<\/td>\n<td class=\"et2\" style=\"width: 267.50pt;\" width=\"267\">Pochette \u00e0 bec, pochette \u00e0 hauteur d'homme<\/td>\n<\/tr>\n<tr style=\"height: 16.00pt;\">\n<td class=\"et2\" style=\"height: 16.00pt; width: 97.50pt;\" width=\"97\" height=\"16\">Mat\u00e9riau<\/td>\n<td class=\"et2\" style=\"width: 267.50pt;\" width=\"267\">PET12\/BOPA15\/MBPE120<\/td>\n<\/tr>\n<tr style=\"height: 16.00pt;\">\n<td class=\"et2\" style=\"height: 16.00pt; width: 97.50pt;\" width=\"97\" height=\"16\">Dossier sp\u00e9cial<\/td>\n<td class=\"et2\" style=\"width: 267.50pt;\" width=\"267\">Bec verseur, fond autoportant, trou de transport<\/td>\n<\/tr>\n<tr style=\"height: 16.00pt;\">\n<td class=\"et2\" style=\"height: 16.00pt; width: 97.50pt;\" width=\"97\" height=\"16\">Manipulation de surface<\/td>\n<td class=\"et2\" style=\"width: 267.50pt;\" width=\"267\">Impression en h\u00e9liogravure<\/td>\n<\/tr>\n<tr style=\"height: 16.00pt;\">\n<td class=\"et2\" style=\"height: 16.00pt; width: 97.50pt;\" width=\"97\" height=\"16\">Couleur<\/td>\n<td class=\"et2\" style=\"width: 267.50pt;\" width=\"267\">Impression double face, jusqu'\u00e0 10 couleurs<\/td>\n<\/tr>\n<tr style=\"height: 16.00pt;\">\n<td class=\"et2\" style=\"height: 16.00pt; width: 97.50pt;\" width=\"97\" height=\"16\">Utilisation<\/td>\n<td class=\"et2\" style=\"width: 267.50pt;\" width=\"267\">D\u00e9tergent pour le linge, lessive, savon liquide<\/td>\n<\/tr>\n<tr style=\"height: 16.00pt;\">\n<td class=\"et2\" style=\"height: 16.00pt; width: 97.50pt;\" width=\"97\" height=\"16\">MOQ<\/td>\n<td class=\"et2\" style=\"width: 267.50pt;\" width=\"267\">50 000 pi\u00e8ces<\/td>\n<\/tr>\n<tr style=\"height: 16.00pt;\">\n<td class=\"et2\" style=\"height: 16.00pt; width: 97.50pt;\" width=\"97\" height=\"16\">Commande personnalis\u00e9e<\/td>\n<td class=\"et2\" style=\"width: 267.50pt;\" width=\"267\">Acceptation de l'OEM , \u00c9chantillon gratuit<\/td>\n<\/tr>\n<\/tbody>\n<\/table>","protected":false},"featured_media":3288,"comment_status":"closed","ping_status":"closed","template":"","meta":{"_acf_changed":false},"product_brand":[],"product_cat":[32,30],"product_tag":[],"class_list":{"0":"post-3284","1":"product","2":"type-product","3":"status-publish","4":"has-post-thumbnail","6":"product_cat-spout-pouch-manufacturer","7":"product_cat-stand-up-pouch-manufacturer","8":"pa_non-food-packaging-soap-detergent-pouches","10":"first","11":"instock","12":"shipping-taxable","13":"product-type-simple"},"acf":[],"_links":{"self":[{"href":"https:\/\/www.stanleypackage.com\/fr\/wp-json\/wp\/v2\/product\/3284","targetHints":{"allow":["GET"]}}],"collection":[{"href":"https:\/\/www.stanleypackage.com\/fr\/wp-json\/wp\/v2\/product"}],"about":[{"href":"https:\/\/www.stanleypackage.com\/fr\/wp-json\/wp\/v2\/types\/product"}],"replies":[{"embeddable":true,"href":"https:\/\/www.stanleypackage.com\/fr\/wp-json\/wp\/v2\/comments?post=3284"}],"wp:featuredmedia":[{"embeddable":true,"href":"https:\/\/www.stanleypackage.com\/fr\/wp-json\/wp\/v2\/media\/3288"}],"wp:attachment":[{"href":"https:\/\/www.stanleypackage.com\/fr\/wp-json\/wp\/v2\/media?parent=3284"}],"wp:term":[{"taxonomy":"product_brand","embeddable":true,"href":"https:\/\/www.stanleypackage.com\/fr\/wp-json\/wp\/v2\/product_brand?post=3284"},{"taxonomy":"product_cat","embeddable":true,"href":"https:\/\/www.stanleypackage.com\/fr\/wp-json\/wp\/v2\/product_cat?post=3284"},{"taxonomy":"product_tag","embeddable":true,"href":"https:\/\/www.stanleypackage.com\/fr\/wp-json\/wp\/v2\/product_tag?post=3284"}],"curies":[{"name":"wp","href":"https:\/\/api.w.org\/{rel}","templated":true}]}}