{"id":3285,"date":"2025-10-15T00:51:27","date_gmt":"2025-10-15T00:51:27","guid":{"rendered":"https:\/\/www.stanleypackage.com\/?post_type=product&#038;p=3285"},"modified":"2025-10-15T00:51:35","modified_gmt":"2025-10-15T00:51:35","slug":"bulk-liquid-pouch-bag-with-spout","status":"publish","type":"product","link":"https:\/\/www.stanleypackage.com\/fr\/product\/bulk-liquid-pouch-bag-with-spout\/","title":{"rendered":"Sac pour liquide en vrac avec bec verseur pour savon \u00e0 main, imprim\u00e9 sur mesure"},"content":{"rendered":"<div class=\"wp-block-columns is-layout-flex wp-container-core-columns-is-layout-9d6595d7 wp-block-columns-is-layout-flex\">\n<div class=\"wp-block-column is-layout-flow wp-block-column-is-layout-flow\">\n<h2 class=\"wp-block-heading\">Features of Bulk Liquid Pouch Bag With Spout<\/h2>\n\n\n\n<ul class=\"wp-block-list\">\n<li><strong>Conception de la buse d'aspiration, facile \u00e0 verser : <\/strong>This bulk liquid pouch bag with spout is equipped with an easy pour spout nozzle, which is cleaner and more hygienic to use and prevents spillage.<\/li>\n\n\n\n<li><strong>Fond autoportant, affichage stable : <\/strong>La conception verticale de ces sachets de d\u00e9tergent personnalis\u00e9s ne permet pas de les faire basculer, ce qui est pratique pour le stockage \u00e0 domicile.<\/li>\n\n\n\n<li><strong>Possibilit\u00e9 de personnaliser la taille et l'impression :\u00a0<\/strong>Our custom printed bulk liquid pouch bag with spout can be customized in size, printing pattern, and bag type details according to product requirements to create a unique packaging solution for the brand.<\/li>\n\n\n\n<li><strong>Structure multicouche, barri\u00e8re solide : <\/strong>Our custom hand soap pouches use PET12\/BOPA15\/MBPE120 composite materials, with good moisture-proof, oxygen-proof and puncture-resistant properties.<\/li>\n\n\n\n<li><strong>Largement utilis\u00e9, il convient \u00e0 une vari\u00e9t\u00e9 de produits de nettoyage :<\/strong> These custom made bulk liquid pouch bag with spout are suitable for a variety of daily chemical products such as laundry detergent, washing powder, softener, etc.<\/li>\n\n\n\n<li><strong>Bienvenue dans le domaine des sachets \u00e0 bec verseur sur mesure. Ce sac \u00e0 bec pour liquides en vrac de premi\u00e8re qualit\u00e9 pr\u00e9sente une excellente \u00e9tanch\u00e9it\u00e9 et une grande durabilit\u00e9. Il est \u00e9quip\u00e9 d'un fond stable et est largement utilis\u00e9 pour l'emballage de produits de nettoyage tels que le d\u00e9tergent \u00e0 lessive, la lessive en poudre, l'assouplissant, etc.<\/strong>These custom hand soap spouted pouches are suitable for automated filling production lines to improve packaging efficiency and product consistency.<\/li>\n<\/ul>\n\n\n\n<div class=\"wp-block-columns is-layout-flex wp-container-core-columns-is-layout-9d6595d7 wp-block-columns-is-layout-flex\">\n<div class=\"wp-block-column is-layout-flow wp-block-column-is-layout-flow\">\n<figure class=\"wp-block-image size-full\"><img decoding=\"async\" width=\"750\" height=\"750\" src=\"https:\/\/www.stanleypackage.com\/wp-content\/uploads\/2025\/10\/Custom-Stand-Up-Spouted-Pouches-Wholesale-For-Children-Hand-Soap-3.jpg\" alt=\"\" class=\"wp-image-3292\" srcset=\"https:\/\/www.stanleypackage.com\/wp-content\/uploads\/2025\/10\/Custom-Stand-Up-Spouted-Pouches-Wholesale-For-Children-Hand-Soap-3.jpg 750w, https:\/\/www.stanleypackage.com\/wp-content\/uploads\/2025\/10\/Custom-Stand-Up-Spouted-Pouches-Wholesale-For-Children-Hand-Soap-3-300x300.jpg 300w, https:\/\/www.stanleypackage.com\/wp-content\/uploads\/2025\/10\/Custom-Stand-Up-Spouted-Pouches-Wholesale-For-Children-Hand-Soap-3-150x150.jpg 150w, https:\/\/www.stanleypackage.com\/wp-content\/uploads\/2025\/10\/Custom-Stand-Up-Spouted-Pouches-Wholesale-For-Children-Hand-Soap-3-12x12.jpg 12w, https:\/\/www.stanleypackage.com\/wp-content\/uploads\/2025\/10\/Custom-Stand-Up-Spouted-Pouches-Wholesale-For-Children-Hand-Soap-3-600x600.jpg 600w, https:\/\/www.stanleypackage.com\/wp-content\/uploads\/2025\/10\/Custom-Stand-Up-Spouted-Pouches-Wholesale-For-Children-Hand-Soap-3-100x100.jpg 100w\" sizes=\"(max-width: 750px) 100vw, 750px\" \/><\/figure>\n<\/div>\n\n\n\n<div class=\"wp-block-column is-layout-flow wp-block-column-is-layout-flow\">\n<figure class=\"wp-block-image size-full\"><img decoding=\"async\" width=\"750\" height=\"750\" src=\"https:\/\/www.stanleypackage.com\/wp-content\/uploads\/2025\/10\/Custom-Stand-Up-Spouted-Pouches-Wholesale-For-Children-Hand-Soap-5.jpg\" alt=\"\" class=\"wp-image-3293\" srcset=\"https:\/\/www.stanleypackage.com\/wp-content\/uploads\/2025\/10\/Custom-Stand-Up-Spouted-Pouches-Wholesale-For-Children-Hand-Soap-5.jpg 750w, https:\/\/www.stanleypackage.com\/wp-content\/uploads\/2025\/10\/Custom-Stand-Up-Spouted-Pouches-Wholesale-For-Children-Hand-Soap-5-300x300.jpg 300w, https:\/\/www.stanleypackage.com\/wp-content\/uploads\/2025\/10\/Custom-Stand-Up-Spouted-Pouches-Wholesale-For-Children-Hand-Soap-5-150x150.jpg 150w, https:\/\/www.stanleypackage.com\/wp-content\/uploads\/2025\/10\/Custom-Stand-Up-Spouted-Pouches-Wholesale-For-Children-Hand-Soap-5-12x12.jpg 12w, https:\/\/www.stanleypackage.com\/wp-content\/uploads\/2025\/10\/Custom-Stand-Up-Spouted-Pouches-Wholesale-For-Children-Hand-Soap-5-600x600.jpg 600w, https:\/\/www.stanleypackage.com\/wp-content\/uploads\/2025\/10\/Custom-Stand-Up-Spouted-Pouches-Wholesale-For-Children-Hand-Soap-5-100x100.jpg 100w\" sizes=\"(max-width: 750px) 100vw, 750px\" \/><\/figure>\n<\/div>\n<\/div>\n<\/div>\n<\/div>","protected":false},"excerpt":{"rendered":"<p>Bienvenue dans le domaine des sachets \u00e0 bec verseur sur mesure. Ce sac \u00e0 bec pour liquides en vrac de premi\u00e8re qualit\u00e9 pr\u00e9sente une excellente \u00e9tanch\u00e9it\u00e9 et une grande durabilit\u00e9. Il est \u00e9quip\u00e9 d'un fond stable et est largement utilis\u00e9 pour l'emballage de produits de nettoyage tels que le d\u00e9tergent \u00e0 lessive, la lessive en poudre, l'assouplissant, etc.<\/p>\n<table style=\"border-collapse: collapse; width: 365.02pt;\" border=\"0\" width=\"365\" cellspacing=\"0\" cellpadding=\"0\">\n<tbody>\n<tr style=\"height: 16.00pt;\">\n<td class=\"et2\" style=\"height: 16.00pt; width: 97.50pt;\" width=\"97\" height=\"16\">Fabricant<\/td>\n<td class=\"et2\" style=\"width: 267.50pt;\" width=\"267\">Stanley<\/td>\n<\/tr>\n<tr style=\"height: 16.00pt;\">\n<td class=\"et2\" style=\"height: 16.00pt; width: 97.50pt;\" width=\"97\" height=\"16\">Types de pochettes<\/td>\n<td class=\"et2\" style=\"width: 267.50pt;\" width=\"267\">Pochette \u00e0 bec, pochette \u00e0 hauteur d'homme<\/td>\n<\/tr>\n<tr style=\"height: 16.00pt;\">\n<td class=\"et2\" style=\"height: 16.00pt; width: 97.50pt;\" width=\"97\" height=\"16\">Mat\u00e9riau<\/td>\n<td class=\"et2\" style=\"width: 267.50pt;\" width=\"267\">PET12\/BOPA15\/MBPE120<\/td>\n<\/tr>\n<tr style=\"height: 16.00pt;\">\n<td class=\"et2\" style=\"height: 16.00pt; width: 97.50pt;\" width=\"97\" height=\"16\">Dossier sp\u00e9cial<\/td>\n<td class=\"et2\" style=\"width: 267.50pt;\" width=\"267\">Bec verseur, fond autoportant<\/td>\n<\/tr>\n<tr style=\"height: 16.00pt;\">\n<td class=\"et2\" style=\"height: 16.00pt; width: 97.50pt;\" width=\"97\" height=\"16\">Manipulation de surface<\/td>\n<td class=\"et2\" style=\"width: 267.50pt;\" width=\"267\">Impression en h\u00e9liogravure<\/td>\n<\/tr>\n<tr style=\"height: 16.00pt;\">\n<td class=\"et2\" style=\"height: 16.00pt; width: 97.50pt;\" width=\"97\" height=\"16\">Couleur<\/td>\n<td class=\"et2\" style=\"width: 267.50pt;\" width=\"267\">Impression double face, jusqu'\u00e0 10 couleurs<\/td>\n<\/tr>\n<tr style=\"height: 16.00pt;\">\n<td class=\"et2\" style=\"height: 16.00pt; width: 97.50pt;\" width=\"97\" height=\"16\">Utilisation<\/td>\n<td class=\"et2\" style=\"width: 267.50pt;\" width=\"267\">D\u00e9tergent pour le linge, poudre \u00e0 laver,<\/td>\n<\/tr>\n<tr style=\"height: 16.00pt;\">\n<td class=\"et2\" style=\"height: 16.00pt; width: 97.50pt;\" width=\"97\" height=\"16\">MOQ<\/td>\n<td class=\"et2\" style=\"width: 267.50pt;\" width=\"267\">50 000 pi\u00e8ces<\/td>\n<\/tr>\n<tr style=\"height: 16.00pt;\">\n<td class=\"et2\" style=\"height: 16.00pt; width: 97.50pt;\" width=\"97\" height=\"16\">Commande personnalis\u00e9e<\/td>\n<td class=\"et2\" style=\"width: 267.50pt;\" width=\"267\">Acceptation de l'OEM , \u00c9chantillon gratuit<\/td>\n<\/tr>\n<\/tbody>\n<\/table>","protected":false},"featured_media":3294,"comment_status":"closed","ping_status":"closed","template":"","meta":{"_acf_changed":false},"product_brand":[],"product_cat":[32,30],"product_tag":[],"class_list":{"0":"post-3285","1":"product","2":"type-product","3":"status-publish","4":"has-post-thumbnail","6":"product_cat-spout-pouch-manufacturer","7":"product_cat-stand-up-pouch-manufacturer","8":"pa_non-food-packaging-soap-detergent-pouches","10":"first","11":"instock","12":"shipping-taxable","13":"product-type-simple"},"acf":[],"_links":{"self":[{"href":"https:\/\/www.stanleypackage.com\/fr\/wp-json\/wp\/v2\/product\/3285","targetHints":{"allow":["GET"]}}],"collection":[{"href":"https:\/\/www.stanleypackage.com\/fr\/wp-json\/wp\/v2\/product"}],"about":[{"href":"https:\/\/www.stanleypackage.com\/fr\/wp-json\/wp\/v2\/types\/product"}],"replies":[{"embeddable":true,"href":"https:\/\/www.stanleypackage.com\/fr\/wp-json\/wp\/v2\/comments?post=3285"}],"wp:featuredmedia":[{"embeddable":true,"href":"https:\/\/www.stanleypackage.com\/fr\/wp-json\/wp\/v2\/media\/3294"}],"wp:attachment":[{"href":"https:\/\/www.stanleypackage.com\/fr\/wp-json\/wp\/v2\/media?parent=3285"}],"wp:term":[{"taxonomy":"product_brand","embeddable":true,"href":"https:\/\/www.stanleypackage.com\/fr\/wp-json\/wp\/v2\/product_brand?post=3285"},{"taxonomy":"product_cat","embeddable":true,"href":"https:\/\/www.stanleypackage.com\/fr\/wp-json\/wp\/v2\/product_cat?post=3285"},{"taxonomy":"product_tag","embeddable":true,"href":"https:\/\/www.stanleypackage.com\/fr\/wp-json\/wp\/v2\/product_tag?post=3285"}],"curies":[{"name":"wp","href":"https:\/\/api.w.org\/{rel}","templated":true}]}}