{"id":3299,"date":"2025-10-15T01:21:27","date_gmt":"2025-10-15T01:21:27","guid":{"rendered":"https:\/\/www.stanleypackage.com\/?post_type=product&#038;p=3299"},"modified":"2025-10-15T01:21:58","modified_gmt":"2025-10-15T01:21:58","slug":"custom-standup-pouches-with-spout","status":"publish","type":"product","link":"https:\/\/www.stanleypackage.com\/fr\/product\/custom-standup-pouches-with-spout\/","title":{"rendered":"Emballage de pochettes de lotion avec bec, emballage de pochettes de lotion en gros"},"content":{"rendered":"<div class=\"wp-block-columns is-layout-flex wp-container-core-columns-is-layout-9d6595d7 wp-block-columns-is-layout-flex\">\n<div class=\"wp-block-column is-layout-flow wp-block-column-is-layout-flow\">\n<h2 class=\"wp-block-heading\">Caract\u00e9ristiques des pochettes de rangement personnalis\u00e9es avec bec verseur<\/h2>\n\n\n\n<ul class=\"wp-block-list\">\n<li><strong>Quatre coins arrondis et conception int\u00e9gr\u00e9e de la bouche :<\/strong> Nos sachets personnalis\u00e9s avec bec verseur pr\u00e9sentent des coins arrondis sur les quatre c\u00f4t\u00e9s, ce qui permet de les tenir en toute s\u00e9curit\u00e9. En outre, la conception du bouchon int\u00e9gr\u00e9 nous \u00e9vite de d\u00e9visser le couvercle pendant le remplissage, et il est \u00e9galement recyclable.<\/li>\n\n\n\n<li><strong>Excellente performance en mati\u00e8re de barri\u00e8re : <\/strong>La couche d'aluminium de cet emballage de lotion personnalis\u00e9 a d'excellentes fonctions de protection contre la lumi\u00e8re, l'humidit\u00e9 et l'oxydation, ce qui prot\u00e8ge enti\u00e8rement le contenu et prolonge la dur\u00e9e de conservation du produit.<\/li>\n\n\n\n<li><strong>Id\u00e9al pour les gels, les cr\u00e8mes et les lotions : <\/strong>Nos sachets personnalis\u00e9s avec bec verseur conviennent aux produits semi-fluides tels que le gel d'aloe vera, la cr\u00e8me pour le visage, la lotion pour le corps, etc. La structure du bec est pratique pour le remplissage et l'utilisation, et l'exp\u00e9rience de l'utilisateur est conviviale.<\/li>\n\n\n\n<li><strong>Structure multicouche durable :<\/strong> Notre emballage de lotion personnalis\u00e9 adopte une structure PET12\/AL7\/PE105, qui est r\u00e9sistante \u00e0 la pression, \u00e0 la d\u00e9chirure et aux fuites, et qui convient \u00e0 tous les types d'emballage de produits de soins de la peau et aux besoins en mati\u00e8re de transport.<\/li>\n\n\n\n<li><strong>Impression personnalis\u00e9e pour le marquage :<\/strong> Nos sachets avec bec verseur peuvent \u00eatre imprim\u00e9s en quadrichromie, et le logo, le motif et le texte peuvent \u00eatre pr\u00e9sent\u00e9s avec pr\u00e9cision pour faciliter la communication visuelle de la marque.<\/li>\n<\/ul>\n\n\n\n<div class=\"wp-block-columns is-layout-flex wp-container-core-columns-is-layout-9d6595d7 wp-block-columns-is-layout-flex\">\n<div class=\"wp-block-column is-layout-flow wp-block-column-is-layout-flow\">\n<figure class=\"wp-block-image size-full\"><img decoding=\"async\" width=\"750\" height=\"750\" src=\"https:\/\/www.stanleypackage.com\/wp-content\/uploads\/2025\/10\/Custom-Print-Spout-Bags-\uff0cWholesale-Cosmetic-Pouch-Packaging-4.jpg\" alt=\"\" class=\"wp-image-3300\" srcset=\"https:\/\/www.stanleypackage.com\/wp-content\/uploads\/2025\/10\/Custom-Print-Spout-Bags-\uff0cWholesale-Cosmetic-Pouch-Packaging-4.jpg 750w, https:\/\/www.stanleypackage.com\/wp-content\/uploads\/2025\/10\/Custom-Print-Spout-Bags-\uff0cWholesale-Cosmetic-Pouch-Packaging-4-300x300.jpg 300w, https:\/\/www.stanleypackage.com\/wp-content\/uploads\/2025\/10\/Custom-Print-Spout-Bags-\uff0cWholesale-Cosmetic-Pouch-Packaging-4-150x150.jpg 150w, https:\/\/www.stanleypackage.com\/wp-content\/uploads\/2025\/10\/Custom-Print-Spout-Bags-\uff0cWholesale-Cosmetic-Pouch-Packaging-4-12x12.jpg 12w, https:\/\/www.stanleypackage.com\/wp-content\/uploads\/2025\/10\/Custom-Print-Spout-Bags-\uff0cWholesale-Cosmetic-Pouch-Packaging-4-600x600.jpg 600w, https:\/\/www.stanleypackage.com\/wp-content\/uploads\/2025\/10\/Custom-Print-Spout-Bags-\uff0cWholesale-Cosmetic-Pouch-Packaging-4-100x100.jpg 100w\" sizes=\"(max-width: 750px) 100vw, 750px\" \/><\/figure>\n<\/div>\n\n\n\n<div class=\"wp-block-column is-layout-flow wp-block-column-is-layout-flow\">\n<figure class=\"wp-block-image size-full\"><img decoding=\"async\" width=\"750\" height=\"750\" src=\"https:\/\/www.stanleypackage.com\/wp-content\/uploads\/2025\/10\/Custom-Print-Spout-Bags-\uff0cWholesale-Cosmetic-Pouch-Packaging-7.jpg\" alt=\"\" class=\"wp-image-3301\" srcset=\"https:\/\/www.stanleypackage.com\/wp-content\/uploads\/2025\/10\/Custom-Print-Spout-Bags-\uff0cWholesale-Cosmetic-Pouch-Packaging-7.jpg 750w, https:\/\/www.stanleypackage.com\/wp-content\/uploads\/2025\/10\/Custom-Print-Spout-Bags-\uff0cWholesale-Cosmetic-Pouch-Packaging-7-300x300.jpg 300w, https:\/\/www.stanleypackage.com\/wp-content\/uploads\/2025\/10\/Custom-Print-Spout-Bags-\uff0cWholesale-Cosmetic-Pouch-Packaging-7-150x150.jpg 150w, https:\/\/www.stanleypackage.com\/wp-content\/uploads\/2025\/10\/Custom-Print-Spout-Bags-\uff0cWholesale-Cosmetic-Pouch-Packaging-7-12x12.jpg 12w, https:\/\/www.stanleypackage.com\/wp-content\/uploads\/2025\/10\/Custom-Print-Spout-Bags-\uff0cWholesale-Cosmetic-Pouch-Packaging-7-600x600.jpg 600w, https:\/\/www.stanleypackage.com\/wp-content\/uploads\/2025\/10\/Custom-Print-Spout-Bags-\uff0cWholesale-Cosmetic-Pouch-Packaging-7-100x100.jpg 100w\" sizes=\"(max-width: 750px) 100vw, 750px\" \/><\/figure>\n<\/div>\n<\/div>\n<\/div>\n<\/div>","protected":false},"excerpt":{"rendered":"<p>Nous vous invitons \u00e0 commander des sachets \u00e0 bec verseur personnalis\u00e9s. Cet emballage de lotion personnalis\u00e9 adopte un film d'impression mat en aluminium pur, qui a une texture de haute qualit\u00e9 et d'excellentes performances de barri\u00e8re. Service d'impression personnalis\u00e9.<\/p>\n<table style=\"border-collapse: collapse; width: 334.02pt;\" border=\"0\" width=\"334\" cellspacing=\"0\" cellpadding=\"0\">\n<tbody>\n<tr style=\"height: 16.00pt;\">\n<td class=\"et2\" style=\"height: 16.00pt; width: 97.50pt;\" width=\"97\" height=\"16\">Fabricant<\/td>\n<td class=\"et2\" style=\"width: 236.80pt;\" width=\"236\">Stanley<\/td>\n<\/tr>\n<tr style=\"height: 16.00pt;\">\n<td class=\"et2\" style=\"height: 16.00pt; width: 97.50pt;\" width=\"97\" height=\"16\">Types de pochettes<\/td>\n<td class=\"et3\">Pochette \u00e0 bec, pochette \u00e0 plat<\/td>\n<\/tr>\n<tr style=\"height: 16.00pt;\">\n<td class=\"et2\" style=\"height: 16.00pt; width: 97.50pt;\" width=\"97\" height=\"16\">Mat\u00e9riau<\/td>\n<td class=\"et2\" style=\"width: 236.80pt;\" width=\"236\">PET12\/AL7\/PE105<\/td>\n<\/tr>\n<tr style=\"height: 16.00pt;\">\n<td class=\"et2\" style=\"height: 16.00pt; width: 97.50pt;\" width=\"97\" height=\"16\">Dossier sp\u00e9cial<\/td>\n<td class=\"et2\" style=\"width: 236.80pt;\" width=\"236\">Bec, remplissage par le bas<\/td>\n<\/tr>\n<tr style=\"height: 16.00pt;\">\n<td class=\"et2\" style=\"height: 16.00pt; width: 97.50pt;\" width=\"97\" height=\"16\">Manipulation de surface<\/td>\n<td class=\"et2\" style=\"width: 236.80pt;\" width=\"236\">Impression en h\u00e9liogravure<\/td>\n<\/tr>\n<tr style=\"height: 16.00pt;\">\n<td class=\"et2\" style=\"height: 16.00pt; width: 97.50pt;\" width=\"97\" height=\"16\">Couleur<\/td>\n<td class=\"et2\" style=\"width: 236.80pt;\" width=\"236\">Jusqu'\u00e0 10 couleurs<\/td>\n<\/tr>\n<tr style=\"height: 16.00pt;\">\n<td class=\"et2\" style=\"height: 16.00pt; width: 97.50pt;\" width=\"97\" height=\"16\">Utilisation<\/td>\n<td class=\"et3\">Gel, cr\u00e8me, lotion<\/td>\n<\/tr>\n<tr style=\"height: 16.00pt;\">\n<td class=\"et2\" style=\"height: 16.00pt; width: 97.50pt;\" width=\"97\" height=\"16\">MOQ<\/td>\n<td class=\"et2\" style=\"width: 236.80pt;\" width=\"236\">50 000 pi\u00e8ces<\/td>\n<\/tr>\n<tr style=\"height: 16.00pt;\">\n<td class=\"et2\" style=\"height: 16.00pt; width: 97.50pt;\" width=\"97\" height=\"16\">Commande personnalis\u00e9e<\/td>\n<td class=\"et2\" style=\"width: 236.80pt;\" width=\"236\">Acceptation de l'OEM , \u00c9chantillon gratuit<\/td>\n<\/tr>\n<\/tbody>\n<\/table>","protected":false},"featured_media":3302,"comment_status":"closed","ping_status":"closed","template":"","meta":{"_acf_changed":false},"product_brand":[],"product_cat":[32],"product_tag":[],"class_list":{"0":"post-3299","1":"product","2":"type-product","3":"status-publish","4":"has-post-thumbnail","6":"product_cat-spout-pouch-manufacturer","7":"pa_non-food-packaging-cosmetic-packaging-pouches","9":"first","10":"instock","11":"shipping-taxable","12":"product-type-simple"},"acf":[],"_links":{"self":[{"href":"https:\/\/www.stanleypackage.com\/fr\/wp-json\/wp\/v2\/product\/3299","targetHints":{"allow":["GET"]}}],"collection":[{"href":"https:\/\/www.stanleypackage.com\/fr\/wp-json\/wp\/v2\/product"}],"about":[{"href":"https:\/\/www.stanleypackage.com\/fr\/wp-json\/wp\/v2\/types\/product"}],"replies":[{"embeddable":true,"href":"https:\/\/www.stanleypackage.com\/fr\/wp-json\/wp\/v2\/comments?post=3299"}],"wp:featuredmedia":[{"embeddable":true,"href":"https:\/\/www.stanleypackage.com\/fr\/wp-json\/wp\/v2\/media\/3302"}],"wp:attachment":[{"href":"https:\/\/www.stanleypackage.com\/fr\/wp-json\/wp\/v2\/media?parent=3299"}],"wp:term":[{"taxonomy":"product_brand","embeddable":true,"href":"https:\/\/www.stanleypackage.com\/fr\/wp-json\/wp\/v2\/product_brand?post=3299"},{"taxonomy":"product_cat","embeddable":true,"href":"https:\/\/www.stanleypackage.com\/fr\/wp-json\/wp\/v2\/product_cat?post=3299"},{"taxonomy":"product_tag","embeddable":true,"href":"https:\/\/www.stanleypackage.com\/fr\/wp-json\/wp\/v2\/product_tag?post=3299"}],"curies":[{"name":"wp","href":"https:\/\/api.w.org\/{rel}","templated":true}]}}