{"id":3321,"date":"2025-10-15T01:31:40","date_gmt":"2025-10-15T01:31:40","guid":{"rendered":"https:\/\/www.stanleypackage.com\/?post_type=product&#038;p=3321"},"modified":"2025-10-15T01:31:47","modified_gmt":"2025-10-15T01:31:47","slug":"custom-drink-pouches-with-spout","status":"publish","type":"product","link":"https:\/\/www.stanleypackage.com\/fr\/product\/custom-drink-pouches-with-spout\/","title":{"rendered":"Pochettes \u00e0 boissons personnalis\u00e9es mono-mat\u00e9riau avec bec et fond debout"},"content":{"rendered":"<div class=\"wp-block-columns is-layout-flex wp-container-core-columns-is-layout-9d6595d7 wp-block-columns-is-layout-flex\">\n<div class=\"wp-block-column is-layout-flow wp-block-column-is-layout-flow\">\n<h2 class=\"wp-block-heading\">Caract\u00e9ristiques des poches \u00e0 boisson personnalis\u00e9es mono-mat\u00e9riau avec bec verseur<\/h2>\n\n\n\n<ul class=\"wp-block-list\">\n<li><strong>Respectueux de l'environnement et recyclable pour des tendances durables :<\/strong> Ces poches \u00e0 boissons personnalis\u00e9es avec bec verseur adoptent une structure en mat\u00e9riau PE unique, qui est facile \u00e0 recycler et r\u00e9pond \u00e0 la demande du march\u00e9 en mati\u00e8re de protection de l'environnement et de d\u00e9veloppement durable.<\/li>\n\n\n\n<li><strong>La conception de la buse d'aspiration permet une utilisation pr\u00e9cise : <\/strong>Cette pochette de jus de fruits personnalis\u00e9e est dot\u00e9e d'une buse d'aspiration qui permet aux clients de contr\u00f4ler pr\u00e9cis\u00e9ment la quantit\u00e9 appliqu\u00e9e, de minimiser les d\u00e9chets et d'am\u00e9liorer l'exp\u00e9rience des clients.<\/li>\n\n\n\n<li><strong>Structure de remplissage par le bas pour am\u00e9liorer l'efficacit\u00e9 du remplissage : <\/strong>La conception du remplissage par le bas de ces poches \u00e0 boissons personnalis\u00e9es avec bec facilite un remplissage rapide et une fermeture ferme de la ligne de production, ce qui convient aux processus d'emballage automatis\u00e9s.<\/li>\n\n\n\n<li><strong>Possibilit\u00e9 d'ajouter divers accessoires :<\/strong> Nos poches \u00e0 boissons personnalis\u00e9es mono-mat\u00e9riau avec bec verseur permettent d'ajouter divers accessoires, tels que des fermetures \u00e0 glissi\u00e8re, des valves, des trous de supermarch\u00e9, etc.<\/li>\n\n\n\n<li><strong>Soutenir la personnalisation de la marque pour r\u00e9pondre aux divers besoins en mati\u00e8re d'emballage : <\/strong>Les sachets de jus de fruits en gros peuvent \u00eatre personnalis\u00e9s en termes d'impression, de motifs, de capacit\u00e9 et de buses afin de r\u00e9pondre aux besoins uniques des clients en mati\u00e8re d'emballage.<\/li>\n<\/ul>\n\n\n\n<div class=\"wp-block-columns is-layout-flex wp-container-core-columns-is-layout-9d6595d7 wp-block-columns-is-layout-flex\">\n<div class=\"wp-block-column is-layout-flow wp-block-column-is-layout-flow\">\n<figure class=\"wp-block-image size-full\"><img decoding=\"async\" width=\"750\" height=\"750\" src=\"https:\/\/www.stanleypackage.com\/wp-content\/uploads\/2025\/10\/Mono-Material-Custom-Spouted-Pouches-Wholesale-Spouted-Packaging-Bag-2.jpg\" alt=\"\" class=\"wp-image-3322\" srcset=\"https:\/\/www.stanleypackage.com\/wp-content\/uploads\/2025\/10\/Mono-Material-Custom-Spouted-Pouches-Wholesale-Spouted-Packaging-Bag-2.jpg 750w, https:\/\/www.stanleypackage.com\/wp-content\/uploads\/2025\/10\/Mono-Material-Custom-Spouted-Pouches-Wholesale-Spouted-Packaging-Bag-2-300x300.jpg 300w, https:\/\/www.stanleypackage.com\/wp-content\/uploads\/2025\/10\/Mono-Material-Custom-Spouted-Pouches-Wholesale-Spouted-Packaging-Bag-2-150x150.jpg 150w, https:\/\/www.stanleypackage.com\/wp-content\/uploads\/2025\/10\/Mono-Material-Custom-Spouted-Pouches-Wholesale-Spouted-Packaging-Bag-2-12x12.jpg 12w, https:\/\/www.stanleypackage.com\/wp-content\/uploads\/2025\/10\/Mono-Material-Custom-Spouted-Pouches-Wholesale-Spouted-Packaging-Bag-2-600x600.jpg 600w, https:\/\/www.stanleypackage.com\/wp-content\/uploads\/2025\/10\/Mono-Material-Custom-Spouted-Pouches-Wholesale-Spouted-Packaging-Bag-2-100x100.jpg 100w\" sizes=\"(max-width: 750px) 100vw, 750px\" \/><\/figure>\n<\/div>\n\n\n\n<div class=\"wp-block-column is-layout-flow wp-block-column-is-layout-flow\">\n<figure class=\"wp-block-image size-full\"><img decoding=\"async\" width=\"750\" height=\"750\" src=\"https:\/\/www.stanleypackage.com\/wp-content\/uploads\/2025\/10\/Mono-Material-Custom-Spouted-Pouches-Wholesale-Spouted-Packaging-Bag-6.jpg\" alt=\"\" class=\"wp-image-3323\" srcset=\"https:\/\/www.stanleypackage.com\/wp-content\/uploads\/2025\/10\/Mono-Material-Custom-Spouted-Pouches-Wholesale-Spouted-Packaging-Bag-6.jpg 750w, https:\/\/www.stanleypackage.com\/wp-content\/uploads\/2025\/10\/Mono-Material-Custom-Spouted-Pouches-Wholesale-Spouted-Packaging-Bag-6-300x300.jpg 300w, https:\/\/www.stanleypackage.com\/wp-content\/uploads\/2025\/10\/Mono-Material-Custom-Spouted-Pouches-Wholesale-Spouted-Packaging-Bag-6-150x150.jpg 150w, https:\/\/www.stanleypackage.com\/wp-content\/uploads\/2025\/10\/Mono-Material-Custom-Spouted-Pouches-Wholesale-Spouted-Packaging-Bag-6-12x12.jpg 12w, https:\/\/www.stanleypackage.com\/wp-content\/uploads\/2025\/10\/Mono-Material-Custom-Spouted-Pouches-Wholesale-Spouted-Packaging-Bag-6-600x600.jpg 600w, https:\/\/www.stanleypackage.com\/wp-content\/uploads\/2025\/10\/Mono-Material-Custom-Spouted-Pouches-Wholesale-Spouted-Packaging-Bag-6-100x100.jpg 100w\" sizes=\"(max-width: 750px) 100vw, 750px\" \/><\/figure>\n<\/div>\n<\/div>\n<\/div>\n<\/div>","protected":false},"excerpt":{"rendered":"<p>Bienvenue dans l'achat de poches \u00e0 boissons personnalis\u00e9es avec bec verseur. Nos pochettes \u00e0 jus personnalis\u00e9es mono-mat\u00e9riau offrent un emballage \u00e9cologique et durable avec un versement facile et une base stable. Ils sont personnalisables et disponibles en gros.<\/p>\n<table style=\"border-collapse: collapse; width: 365.02pt;\" border=\"0\" width=\"365\" cellspacing=\"0\" cellpadding=\"0\">\n<tbody>\n<tr style=\"height: 16.00pt;\">\n<td class=\"et2\" style=\"height: 16.00pt; width: 97.50pt;\" width=\"97\" height=\"16\">Fabricant<\/td>\n<td class=\"et2\" style=\"width: 267.50pt;\" width=\"267\">Stanley<\/td>\n<\/tr>\n<tr style=\"height: 16.00pt;\">\n<td class=\"et2\" style=\"height: 16.00pt; width: 97.50pt;\" width=\"97\" height=\"16\">Types de pochettes<\/td>\n<td class=\"et3\">Pochette \u00e0 bec<\/td>\n<\/tr>\n<tr style=\"height: 16.00pt;\">\n<td class=\"et2\" style=\"height: 16.00pt; width: 97.50pt;\" width=\"97\" height=\"16\">Mat\u00e9riau<\/td>\n<td class=\"et2\" style=\"width: 267.50pt;\" width=\"267\">PE (mono-mat\u00e9riau)<\/td>\n<\/tr>\n<tr style=\"height: 16.00pt;\">\n<td class=\"et2\" style=\"height: 16.00pt; width: 97.50pt;\" width=\"97\" height=\"16\">Dossier sp\u00e9cial<\/td>\n<td class=\"et2\" style=\"width: 267.50pt;\" width=\"267\">Bec, remplissage par le bas, recyclable<\/td>\n<\/tr>\n<tr style=\"height: 16.00pt;\">\n<td class=\"et2\" style=\"height: 16.00pt; width: 97.50pt;\" width=\"97\" height=\"16\">Manipulation de surface<\/td>\n<td class=\"et2\" style=\"width: 267.50pt;\" width=\"267\">Impression en h\u00e9liogravure<\/td>\n<\/tr>\n<tr style=\"height: 16.00pt;\">\n<td class=\"et2\" style=\"height: 16.00pt; width: 97.50pt;\" width=\"97\" height=\"16\">Couleur<\/td>\n<td class=\"et2\" style=\"width: 267.50pt;\" width=\"267\">Jusqu'\u00e0 10 couleurs<\/td>\n<\/tr>\n<tr style=\"height: 16.00pt;\">\n<td class=\"et2\" style=\"height: 16.00pt; width: 97.50pt;\" width=\"97\" height=\"16\">Utilisation<\/td>\n<td class=\"et2\" style=\"width: 267.50pt;\" width=\"267\">Caf\u00e9, Boisson, Vin, Sauce<\/td>\n<\/tr>\n<tr style=\"height: 16.00pt;\">\n<td class=\"et2\" style=\"height: 16.00pt; width: 97.50pt;\" width=\"97\" height=\"16\">MOQ<\/td>\n<td class=\"et2\" style=\"width: 267.50pt;\" width=\"267\">50 000 pi\u00e8ces<\/td>\n<\/tr>\n<tr style=\"height: 16.00pt;\">\n<td class=\"et2\" style=\"height: 16.00pt; width: 97.50pt;\" width=\"97\" height=\"16\">Commande personnalis\u00e9e<\/td>\n<td class=\"et2\" style=\"width: 267.50pt;\" width=\"267\">Acceptation de l'OEM, prise en charge de l'\u00e9chantillonnage gratuit<\/td>\n<\/tr>\n<\/tbody>\n<\/table>","protected":false},"featured_media":3324,"comment_status":"closed","ping_status":"closed","template":"","meta":{"_acf_changed":false},"product_brand":[],"product_cat":[32,30],"product_tag":[],"class_list":{"0":"post-3321","1":"product","2":"type-product","3":"status-publish","4":"has-post-thumbnail","6":"product_cat-spout-pouch-manufacturer","7":"product_cat-stand-up-pouch-manufacturer","8":"pa_food-packaging-drink-beverage-pouch","9":"pa_material-mono-material","11":"first","12":"instock","13":"shipping-taxable","14":"product-type-simple"},"acf":[],"_links":{"self":[{"href":"https:\/\/www.stanleypackage.com\/fr\/wp-json\/wp\/v2\/product\/3321","targetHints":{"allow":["GET"]}}],"collection":[{"href":"https:\/\/www.stanleypackage.com\/fr\/wp-json\/wp\/v2\/product"}],"about":[{"href":"https:\/\/www.stanleypackage.com\/fr\/wp-json\/wp\/v2\/types\/product"}],"replies":[{"embeddable":true,"href":"https:\/\/www.stanleypackage.com\/fr\/wp-json\/wp\/v2\/comments?post=3321"}],"wp:featuredmedia":[{"embeddable":true,"href":"https:\/\/www.stanleypackage.com\/fr\/wp-json\/wp\/v2\/media\/3324"}],"wp:attachment":[{"href":"https:\/\/www.stanleypackage.com\/fr\/wp-json\/wp\/v2\/media?parent=3321"}],"wp:term":[{"taxonomy":"product_brand","embeddable":true,"href":"https:\/\/www.stanleypackage.com\/fr\/wp-json\/wp\/v2\/product_brand?post=3321"},{"taxonomy":"product_cat","embeddable":true,"href":"https:\/\/www.stanleypackage.com\/fr\/wp-json\/wp\/v2\/product_cat?post=3321"},{"taxonomy":"product_tag","embeddable":true,"href":"https:\/\/www.stanleypackage.com\/fr\/wp-json\/wp\/v2\/product_tag?post=3321"}],"curies":[{"name":"wp","href":"https:\/\/api.w.org\/{rel}","templated":true}]}}