{"id":3403,"date":"2025-10-20T01:41:12","date_gmt":"2025-10-20T01:41:12","guid":{"rendered":"https:\/\/www.stanleypackage.com\/?post_type=product&#038;p=3403"},"modified":"2025-10-20T01:41:18","modified_gmt":"2025-10-20T01:41:18","slug":"custom-pouch-packaging","status":"publish","type":"product","link":"https:\/\/www.stanleypackage.com\/fr\/product\/custom-pouch-packaging\/","title":{"rendered":"Emballage personnalis\u00e9 pour lotion, pochette \u00e0 bec debout pour cosm\u00e9tiques"},"content":{"rendered":"<div class=\"wp-block-columns is-layout-flex wp-container-core-columns-is-layout-9d6595d7 wp-block-columns-is-layout-flex\">\n<div class=\"wp-block-column is-layout-flow wp-block-column-is-layout-flow\">\n<h2 class=\"wp-block-heading\">Caract\u00e9ristiques de l'emballage de lotions en sachets personnalis\u00e9s<\/h2>\n\n\n\n<ul class=\"wp-block-list\">\n<li><strong>Convient \u00e0 une vari\u00e9t\u00e9 de produits de nettoyage liquides : <\/strong>Notre emballage en sachet personnalis\u00e9 avec bec et fond debout convient aux produits chimiques quotidiens liquides tels que le shampoing, l'apr\u00e8s-shampoing, le gel douche, etc. et est largement utilis\u00e9 dans les supermarch\u00e9s et les cha\u00eenes de magasins de produits de beaut\u00e9.<\/li>\n\n\n\n<li><strong>La conception de la buse est pratique \u00e0 utiliser : <\/strong>Le design de la buse de ce sachet personnalis\u00e9 \u00e0 bec verseur permet un contr\u00f4le pr\u00e9cis de la quantit\u00e9 utilis\u00e9e \u00e0 chaque fois, ce qui \u00e9vite le gaspillage et est plus hygi\u00e9nique.<\/li>\n\n\n\n<li><strong>La conception du sac \u00e0 dos permet d'\u00e9conomiser de l'espace : <\/strong>Ces emballages personnalis\u00e9s ont une forme stable, sont faciles \u00e0 pr\u00e9senter, \u00e0 stocker et \u00e0 transporter, et conviennent particuli\u00e8rement aux voyages et \u00e0 la vente au d\u00e9tail.<\/li>\n\n\n\n<li><strong>Un service personnalis\u00e9 pour r\u00e9pondre aux besoins :<\/strong> Nous fournissons une vari\u00e9t\u00e9 d'options de personnalisation pour les sachets \u00e0 bec verseur et pouvons concevoir diff\u00e9rentes formes, tailles et motifs d'impression selon les besoins du client afin d'am\u00e9liorer la personnalisation de la marque et la comp\u00e9titivit\u00e9 du march\u00e9.<\/li>\n\n\n\n<li><strong>Coin arrondi, sans danger pour les mains : <\/strong>Nos emballages en sachets personnalis\u00e9s avec bec verseur pr\u00e9sentent un bord arrondi qui risque moins de blesser les mains, am\u00e9liorant ainsi l'exp\u00e9rience du client.<\/li>\n<\/ul>\n\n\n\n<div class=\"wp-block-columns is-layout-flex wp-container-core-columns-is-layout-9d6595d7 wp-block-columns-is-layout-flex\">\n<div class=\"wp-block-column is-layout-flow wp-block-column-is-layout-flow\">\n<figure class=\"wp-block-image size-full\"><img decoding=\"async\" width=\"750\" height=\"750\" src=\"https:\/\/www.stanleypackage.com\/wp-content\/uploads\/2025\/10\/Wholesale-Custom-Printed-Pouches-With-Spout-Kids-Lotion-Pouches-6.jpg\" alt=\"\" class=\"wp-image-3404\" srcset=\"https:\/\/www.stanleypackage.com\/wp-content\/uploads\/2025\/10\/Wholesale-Custom-Printed-Pouches-With-Spout-Kids-Lotion-Pouches-6.jpg 750w, https:\/\/www.stanleypackage.com\/wp-content\/uploads\/2025\/10\/Wholesale-Custom-Printed-Pouches-With-Spout-Kids-Lotion-Pouches-6-300x300.jpg 300w, https:\/\/www.stanleypackage.com\/wp-content\/uploads\/2025\/10\/Wholesale-Custom-Printed-Pouches-With-Spout-Kids-Lotion-Pouches-6-150x150.jpg 150w, https:\/\/www.stanleypackage.com\/wp-content\/uploads\/2025\/10\/Wholesale-Custom-Printed-Pouches-With-Spout-Kids-Lotion-Pouches-6-12x12.jpg 12w, https:\/\/www.stanleypackage.com\/wp-content\/uploads\/2025\/10\/Wholesale-Custom-Printed-Pouches-With-Spout-Kids-Lotion-Pouches-6-600x600.jpg 600w, https:\/\/www.stanleypackage.com\/wp-content\/uploads\/2025\/10\/Wholesale-Custom-Printed-Pouches-With-Spout-Kids-Lotion-Pouches-6-100x100.jpg 100w\" sizes=\"(max-width: 750px) 100vw, 750px\" \/><\/figure>\n<\/div>\n\n\n\n<div class=\"wp-block-column is-layout-flow wp-block-column-is-layout-flow\">\n<figure class=\"wp-block-image size-full\"><img decoding=\"async\" width=\"750\" height=\"750\" src=\"https:\/\/www.stanleypackage.com\/wp-content\/uploads\/2025\/10\/Wholesale-Custom-Printed-Pouches-With-Spout-Kids-Lotion-Pouches-2.jpg\" alt=\"\" class=\"wp-image-3405\" srcset=\"https:\/\/www.stanleypackage.com\/wp-content\/uploads\/2025\/10\/Wholesale-Custom-Printed-Pouches-With-Spout-Kids-Lotion-Pouches-2.jpg 750w, https:\/\/www.stanleypackage.com\/wp-content\/uploads\/2025\/10\/Wholesale-Custom-Printed-Pouches-With-Spout-Kids-Lotion-Pouches-2-300x300.jpg 300w, https:\/\/www.stanleypackage.com\/wp-content\/uploads\/2025\/10\/Wholesale-Custom-Printed-Pouches-With-Spout-Kids-Lotion-Pouches-2-150x150.jpg 150w, https:\/\/www.stanleypackage.com\/wp-content\/uploads\/2025\/10\/Wholesale-Custom-Printed-Pouches-With-Spout-Kids-Lotion-Pouches-2-12x12.jpg 12w, https:\/\/www.stanleypackage.com\/wp-content\/uploads\/2025\/10\/Wholesale-Custom-Printed-Pouches-With-Spout-Kids-Lotion-Pouches-2-600x600.jpg 600w, https:\/\/www.stanleypackage.com\/wp-content\/uploads\/2025\/10\/Wholesale-Custom-Printed-Pouches-With-Spout-Kids-Lotion-Pouches-2-100x100.jpg 100w\" sizes=\"(max-width: 750px) 100vw, 750px\" \/><\/figure>\n<\/div>\n<\/div>\n<\/div>\n<\/div>","protected":false},"excerpt":{"rendered":"<p>Bienvenue dans le domaine de l'emballage de sachets personnalis\u00e9s pour les commandes en vrac. Ce sachet \u00e0 bec verseur est con\u00e7u pour les cr\u00e8mes hydratantes pour enfants et autres produits de soin de la peau. Il est pratique \u00e0 utiliser et facile \u00e0 transporter. Cette pochette \u00e0 bec personnalis\u00e9 est dot\u00e9e d'un bord arrondi, ce qui est sans danger pour les mains.<\/p>\n<table style=\"border-collapse: collapse; width: 312.77pt;\" border=\"0\" width=\"417\" cellspacing=\"0\" cellpadding=\"0\">\n<tbody>\n<tr style=\"height: 12.75pt;\">\n<td class=\"et2\" style=\"height: 12.75pt; width: 91.40pt;\" width=\"121\" height=\"17\">Fabricant<\/td>\n<td class=\"et2\" style=\"width: 222.00pt;\" width=\"296\">Stanley<\/td>\n<\/tr>\n<tr style=\"height: 12.75pt;\">\n<td class=\"et2\" style=\"height: 12.75pt; width: 91.40pt;\" width=\"121\" height=\"17\">Types de pochettes<\/td>\n<td class=\"et3\">Pochette avec bec verseur<\/td>\n<\/tr>\n<tr style=\"height: 12.75pt;\">\n<td class=\"et2\" style=\"height: 12.75pt; width: 91.40pt;\" width=\"121\" height=\"17\">Mat\u00e9riau<\/td>\n<td class=\"et2\" style=\"width: 222.00pt;\" width=\"296\">PET12\/PET12\/MBPE85<\/td>\n<\/tr>\n<tr style=\"height: 12.75pt;\">\n<td class=\"et2\" style=\"height: 12.75pt; width: 91.40pt;\" width=\"121\" height=\"17\">Dossier sp\u00e9cial<\/td>\n<td class=\"et2\" style=\"width: 222.00pt;\" width=\"296\">Bec, fond autoportant<\/td>\n<\/tr>\n<tr style=\"height: 12.75pt;\">\n<td class=\"et2\" style=\"height: 12.75pt; width: 91.40pt;\" width=\"121\" height=\"17\">Manipulation de surface<\/td>\n<td class=\"et2\" style=\"width: 222.00pt;\" width=\"296\">Impression en h\u00e9liogravure<\/td>\n<\/tr>\n<tr style=\"height: 12.75pt;\">\n<td class=\"et2\" style=\"height: 12.75pt; width: 91.40pt;\" width=\"121\" height=\"17\">Couleur<\/td>\n<td class=\"et2\" style=\"width: 222.00pt;\" width=\"296\">Jusqu'\u00e0 10 couleurs<\/td>\n<\/tr>\n<tr style=\"height: 12.75pt;\">\n<td class=\"et2\" style=\"height: 12.75pt; width: 91.40pt;\" width=\"121\" height=\"17\">Utilisation<\/td>\n<td class=\"et3\">Hydratant, Lotion, Produit de soin de la peau<\/td>\n<\/tr>\n<tr style=\"height: 12.75pt;\">\n<td class=\"et2\" style=\"height: 12.75pt; width: 91.40pt;\" width=\"121\" height=\"17\">MOQ<\/td>\n<td class=\"et2\" style=\"width: 222.00pt;\" width=\"296\">50 000 pi\u00e8ces<\/td>\n<\/tr>\n<tr style=\"height: 12.75pt;\">\n<td class=\"et2\" style=\"height: 12.75pt; width: 91.40pt;\" width=\"121\" height=\"17\">Commande personnalis\u00e9e<\/td>\n<td class=\"et2\" style=\"width: 222.00pt;\" width=\"296\">Acceptation de l'OEM, prise en charge de l'\u00e9chantillonnage gratuit<\/td>\n<\/tr>\n<\/tbody>\n<\/table>\n<p>&nbsp;<\/p>","protected":false},"featured_media":3406,"comment_status":"closed","ping_status":"closed","template":"","meta":{"_acf_changed":false},"product_brand":[],"product_cat":[32,30],"product_tag":[],"class_list":{"0":"post-3403","1":"product","2":"type-product","3":"status-publish","4":"has-post-thumbnail","6":"product_cat-spout-pouch-manufacturer","7":"product_cat-stand-up-pouch-manufacturer","8":"pa_non-food-packaging-cosmetic-packaging-pouches","10":"first","11":"instock","12":"shipping-taxable","13":"product-type-simple"},"acf":[],"_links":{"self":[{"href":"https:\/\/www.stanleypackage.com\/fr\/wp-json\/wp\/v2\/product\/3403","targetHints":{"allow":["GET"]}}],"collection":[{"href":"https:\/\/www.stanleypackage.com\/fr\/wp-json\/wp\/v2\/product"}],"about":[{"href":"https:\/\/www.stanleypackage.com\/fr\/wp-json\/wp\/v2\/types\/product"}],"replies":[{"embeddable":true,"href":"https:\/\/www.stanleypackage.com\/fr\/wp-json\/wp\/v2\/comments?post=3403"}],"wp:featuredmedia":[{"embeddable":true,"href":"https:\/\/www.stanleypackage.com\/fr\/wp-json\/wp\/v2\/media\/3406"}],"wp:attachment":[{"href":"https:\/\/www.stanleypackage.com\/fr\/wp-json\/wp\/v2\/media?parent=3403"}],"wp:term":[{"taxonomy":"product_brand","embeddable":true,"href":"https:\/\/www.stanleypackage.com\/fr\/wp-json\/wp\/v2\/product_brand?post=3403"},{"taxonomy":"product_cat","embeddable":true,"href":"https:\/\/www.stanleypackage.com\/fr\/wp-json\/wp\/v2\/product_cat?post=3403"},{"taxonomy":"product_tag","embeddable":true,"href":"https:\/\/www.stanleypackage.com\/fr\/wp-json\/wp\/v2\/product_tag?post=3403"}],"curies":[{"name":"wp","href":"https:\/\/api.w.org\/{rel}","templated":true}]}}