{"id":3427,"date":"2025-10-20T02:09:44","date_gmt":"2025-10-20T02:09:44","guid":{"rendered":"https:\/\/www.stanleypackage.com\/?post_type=product&#038;p=3427"},"modified":"2025-11-08T08:32:46","modified_gmt":"2025-11-08T08:32:46","slug":"vacuum-pouches-wholesale","status":"publish","type":"product","link":"https:\/\/www.stanleypackage.com\/fr\/product\/vacuum-pouches-wholesale\/","title":{"rendered":"Sacs d'emballage sous vide en plastique de qualit\u00e9 alimentaire en gros"},"content":{"rendered":"<div class=\"wp-block-columns is-layout-flex wp-container-core-columns-is-layout-9d6595d7 wp-block-columns-is-layout-flex\">\n<div class=\"wp-block-column is-layout-flow wp-block-column-is-layout-flow\">\n<h2 class=\"wp-block-heading\">Caract\u00e9ristiques des sachets sous vide en gros<\/h2>\n\n\n\n<ul class=\"wp-block-list\">\n<li><strong>Processus de scellement pr\u00e9cis des bords : <\/strong>Nos sachets sous vide \u00e0 3 c\u00f4t\u00e9s ont un bord de scellage pr\u00e9cis, robuste et peu susceptible de se fendre, ce qui garantit la qualit\u00e9 et la s\u00e9curit\u00e9 des aliments.<\/li>\n\n\n\n<li><strong>Structure de remplissage sup\u00e9rieure : <\/strong>Ces sacs d'emballage en plastique de qualit\u00e9 alimentaire en gros adoptent une conception de remplissage par le haut, qui est pratique pour le remplissage m\u00e9canique ou manuel, convient \u00e0 diff\u00e9rents processus de production et est plus efficace.<\/li>\n\n\n\n<li><strong>Facile \u00e0 d\u00e9chirer : <\/strong>Ces sachets sous vide personnalis\u00e9s en gros sont dot\u00e9s d'une encoche d'ouverture facile, qui permet aux consommateurs de les ouvrir facilement, sans aucun outil, et sont pratiques \u00e0 utiliser.<\/li>\n\n\n\n<li><strong>Conception du vide : <\/strong>Nos sacs d'emballage en plastique de qualit\u00e9 alimentaire adoptent une conception sous vide, qui permet de bloquer efficacement l'air, de r\u00e9duire le temps d'oxydation, de prolonger la dur\u00e9e de conservation et la fra\u00eecheur des aliments, ainsi que d'\u00e9conomiser de l'espace.<\/li>\n\n\n\n<li><strong>Un service personnalis\u00e9 pour r\u00e9pondre aux besoins :<\/strong>\u00a0Nous fournissons une vari\u00e9t\u00e9 d'options de personnalisation pour les sachets sous vide en gros, et pouvons concevoir diff\u00e9rentes formes, tailles et motifs d'impression selon les besoins du client pour am\u00e9liorer la personnalisation de la marque et la comp\u00e9titivit\u00e9 du march\u00e9.<\/li>\n\n\n\n<li><strong>Prise en charge de l'impression personnalis\u00e9e recto-verso : <\/strong>Nos sacs d'emballage en plastique de qualit\u00e9 alimentaire personnalis\u00e9s peuvent \u00eatre imprim\u00e9s en h\u00e9liogravure, et le motif de la marque est clairement pr\u00e9sent\u00e9 afin d'aider les clients \u00e0 cr\u00e9er un syst\u00e8me d'identification visuelle exclusif.<\/li>\n<\/ul>\n\n\n\n<div class=\"wp-block-columns is-layout-flex wp-container-core-columns-is-layout-9d6595d7 wp-block-columns-is-layout-flex\">\n<div class=\"wp-block-column is-layout-flow wp-block-column-is-layout-flow\">\n<figure class=\"wp-block-image size-full\"><img decoding=\"async\" width=\"750\" height=\"750\" src=\"https:\/\/www.stanleypackage.com\/wp-content\/uploads\/2025\/10\/Custom-Vacuum-Packaging-Bag-Three-Side-Seal-Pouch-For-Food.jpg\" alt=\"\" class=\"wp-image-3428\" srcset=\"https:\/\/www.stanleypackage.com\/wp-content\/uploads\/2025\/10\/Custom-Vacuum-Packaging-Bag-Three-Side-Seal-Pouch-For-Food.jpg 750w, https:\/\/www.stanleypackage.com\/wp-content\/uploads\/2025\/10\/Custom-Vacuum-Packaging-Bag-Three-Side-Seal-Pouch-For-Food-300x300.jpg 300w, https:\/\/www.stanleypackage.com\/wp-content\/uploads\/2025\/10\/Custom-Vacuum-Packaging-Bag-Three-Side-Seal-Pouch-For-Food-150x150.jpg 150w, https:\/\/www.stanleypackage.com\/wp-content\/uploads\/2025\/10\/Custom-Vacuum-Packaging-Bag-Three-Side-Seal-Pouch-For-Food-12x12.jpg 12w, https:\/\/www.stanleypackage.com\/wp-content\/uploads\/2025\/10\/Custom-Vacuum-Packaging-Bag-Three-Side-Seal-Pouch-For-Food-600x600.jpg 600w, https:\/\/www.stanleypackage.com\/wp-content\/uploads\/2025\/10\/Custom-Vacuum-Packaging-Bag-Three-Side-Seal-Pouch-For-Food-100x100.jpg 100w\" sizes=\"(max-width: 750px) 100vw, 750px\" \/><\/figure>\n<\/div>\n\n\n\n<div class=\"wp-block-column is-layout-flow wp-block-column-is-layout-flow\">\n<figure class=\"wp-block-image size-full\"><img decoding=\"async\" width=\"750\" height=\"750\" src=\"https:\/\/www.stanleypackage.com\/wp-content\/uploads\/2025\/10\/Custom-Vacuum-Packaging-Bag-Three-Side-Seal-Pouch-For-Food-6.jpg\" alt=\"\" class=\"wp-image-3429\" srcset=\"https:\/\/www.stanleypackage.com\/wp-content\/uploads\/2025\/10\/Custom-Vacuum-Packaging-Bag-Three-Side-Seal-Pouch-For-Food-6.jpg 750w, https:\/\/www.stanleypackage.com\/wp-content\/uploads\/2025\/10\/Custom-Vacuum-Packaging-Bag-Three-Side-Seal-Pouch-For-Food-6-300x300.jpg 300w, https:\/\/www.stanleypackage.com\/wp-content\/uploads\/2025\/10\/Custom-Vacuum-Packaging-Bag-Three-Side-Seal-Pouch-For-Food-6-150x150.jpg 150w, https:\/\/www.stanleypackage.com\/wp-content\/uploads\/2025\/10\/Custom-Vacuum-Packaging-Bag-Three-Side-Seal-Pouch-For-Food-6-12x12.jpg 12w, https:\/\/www.stanleypackage.com\/wp-content\/uploads\/2025\/10\/Custom-Vacuum-Packaging-Bag-Three-Side-Seal-Pouch-For-Food-6-600x600.jpg 600w, https:\/\/www.stanleypackage.com\/wp-content\/uploads\/2025\/10\/Custom-Vacuum-Packaging-Bag-Three-Side-Seal-Pouch-For-Food-6-100x100.jpg 100w\" sizes=\"(max-width: 750px) 100vw, 750px\" \/><\/figure>\n<\/div>\n<\/div>\n<\/div>\n<\/div>\n\n\n\n<p><\/p>","protected":false},"excerpt":{"rendered":"<p>Nous vous invitons \u00e0 commander en gros des sacs d'emballage en plastique de qualit\u00e9 alimentaire. Nos sachets sous vide personnalis\u00e9s en gros sont dot\u00e9s d'une conception sous vide et d'une conception facile \u00e0 d\u00e9chirer, ce qui prolonge la fra\u00eecheur des aliments et facilite l'ouverture et l'utilisation. Possibilit\u00e9 de personnalisation compl\u00e8te.<\/p>\n<table style=\"border-collapse: collapse; width: 365.02pt;\" border=\"0\" width=\"365\" cellspacing=\"0\" cellpadding=\"0\">\n<tbody>\n<tr style=\"height: 16.00pt;\">\n<td class=\"et2\" style=\"height: 16.00pt; width: 97.50pt;\" width=\"97\" height=\"16\">Fabricant<\/td>\n<td class=\"et2\" style=\"width: 267.50pt;\" width=\"267\">Stanley<\/td>\n<\/tr>\n<tr style=\"height: 16.00pt;\">\n<td class=\"et2\" style=\"height: 16.00pt; width: 97.50pt;\" width=\"97\" height=\"16\">Types de pochettes<\/td>\n<td class=\"et2\" style=\"width: 267.50pt;\" width=\"267\">Pochette scell\u00e9e sur trois c\u00f4t\u00e9s, sachet sous vide<\/td>\n<\/tr>\n<tr style=\"height: 16.00pt;\">\n<td class=\"et2\" style=\"height: 16.00pt; width: 97.50pt;\" width=\"97\" height=\"16\">Mat\u00e9riau<\/td>\n<td class=\"et2\" style=\"width: 267.50pt;\" width=\"267\">BOPA15\/PE80<\/td>\n<\/tr>\n<tr style=\"height: 16.00pt;\">\n<td class=\"et2\" style=\"height: 16.00pt; width: 97.50pt;\" width=\"97\" height=\"16\">Dossier sp\u00e9cial<\/td>\n<td class=\"et2\" style=\"width: 267.50pt;\" width=\"267\">Remplissage par le haut, encoche de d\u00e9chirure, conception sous vide<\/td>\n<\/tr>\n<tr style=\"height: 16.00pt;\">\n<td class=\"et2\" style=\"height: 16.00pt; width: 97.50pt;\" width=\"97\" height=\"16\">Manipulation de surface<\/td>\n<td class=\"et2\" style=\"width: 267.50pt;\" width=\"267\">Impression en h\u00e9liogravure<\/td>\n<\/tr>\n<tr style=\"height: 16.00pt;\">\n<td class=\"et2\" style=\"height: 16.00pt; width: 97.50pt;\" width=\"97\" height=\"16\">Couleur<\/td>\n<td class=\"et2\" style=\"width: 267.50pt;\" width=\"267\">Impression recto-verso, jusqu'\u00e0 10 couleurs<\/td>\n<\/tr>\n<tr style=\"height: 16.00pt;\">\n<td class=\"et2\" style=\"height: 16.00pt; width: 97.50pt;\" width=\"97\" height=\"16\">Utilisation<\/td>\n<td class=\"et2\" style=\"width: 267.50pt;\" width=\"267\">noix, flocons d'avoine, snack<\/td>\n<\/tr>\n<tr style=\"height: 16.00pt;\">\n<td class=\"et2\" style=\"height: 16.00pt; width: 97.50pt;\" width=\"97\" height=\"16\">MOQ<\/td>\n<td class=\"et2\" style=\"width: 267.50pt;\" width=\"267\">50 000 pi\u00e8ces<\/td>\n<\/tr>\n<tr style=\"height: 16.00pt;\">\n<td class=\"et2\" style=\"height: 16.00pt; width: 97.50pt;\" width=\"97\" height=\"16\">Commande personnalis\u00e9e<\/td>\n<td class=\"et2\" style=\"width: 267.50pt;\" width=\"267\">Acceptation de l'OEM, prise en charge de l'\u00e9chantillonnage gratuit<\/td>\n<\/tr>\n<\/tbody>\n<\/table>","protected":false},"featured_media":3430,"comment_status":"closed","ping_status":"closed","template":"","meta":{"_acf_changed":false},"product_brand":[],"product_cat":[28,31,68],"product_tag":[],"class_list":{"0":"post-3427","1":"product","2":"type-product","3":"status-publish","4":"has-post-thumbnail","6":"product_cat-three-side-seal-pouch-manufacturer","7":"product_cat-lay-flat-pouch-manufacturer","8":"product_cat-vacuum-pouches-wholesale","9":"pa_food-packaging-food-powder-packaging","10":"pa_food-packaging-snack-food-pouch","11":"pa_food-packaging-ready-meal-pouch","12":"pa_food-packaging-frozen-food-pouch","14":"first","15":"instock","16":"shipping-taxable","17":"product-type-simple"},"acf":[],"_links":{"self":[{"href":"https:\/\/www.stanleypackage.com\/fr\/wp-json\/wp\/v2\/product\/3427","targetHints":{"allow":["GET"]}}],"collection":[{"href":"https:\/\/www.stanleypackage.com\/fr\/wp-json\/wp\/v2\/product"}],"about":[{"href":"https:\/\/www.stanleypackage.com\/fr\/wp-json\/wp\/v2\/types\/product"}],"replies":[{"embeddable":true,"href":"https:\/\/www.stanleypackage.com\/fr\/wp-json\/wp\/v2\/comments?post=3427"}],"wp:featuredmedia":[{"embeddable":true,"href":"https:\/\/www.stanleypackage.com\/fr\/wp-json\/wp\/v2\/media\/3430"}],"wp:attachment":[{"href":"https:\/\/www.stanleypackage.com\/fr\/wp-json\/wp\/v2\/media?parent=3427"}],"wp:term":[{"taxonomy":"product_brand","embeddable":true,"href":"https:\/\/www.stanleypackage.com\/fr\/wp-json\/wp\/v2\/product_brand?post=3427"},{"taxonomy":"product_cat","embeddable":true,"href":"https:\/\/www.stanleypackage.com\/fr\/wp-json\/wp\/v2\/product_cat?post=3427"},{"taxonomy":"product_tag","embeddable":true,"href":"https:\/\/www.stanleypackage.com\/fr\/wp-json\/wp\/v2\/product_tag?post=3427"}],"curies":[{"name":"wp","href":"https:\/\/api.w.org\/{rel}","templated":true}]}}