{"id":3448,"date":"2025-10-23T02:33:25","date_gmt":"2025-10-23T02:33:25","guid":{"rendered":"https:\/\/www.stanleypackage.com\/?post_type=product&#038;p=3448"},"modified":"2025-10-23T02:46:16","modified_gmt":"2025-10-23T02:46:16","slug":"food-packaging-pouches-wholesale","status":"publish","type":"product","link":"https:\/\/www.stanleypackage.com\/fr\/product\/food-packaging-pouches-wholesale\/","title":{"rendered":"Emballage alimentaire en sachets Wholesale, Snack Flexible Packaging"},"content":{"rendered":"<div class=\"wp-block-columns is-layout-flex wp-container-core-columns-is-layout-9d6595d7 wp-block-columns-is-layout-flex\">\n<div class=\"wp-block-column is-layout-flow wp-block-column-is-layout-flow\">\n<h2 class=\"wp-block-heading\">Caract\u00e9ristiques des sachets d'emballage alimentaire en gros<\/h2>\n\n\n\n<ul class=\"wp-block-list\">\n<li><strong>Des d\u00e9tails de conception humanis\u00e9s : <\/strong>Ces sachets d'emballage alimentaire en gros sont \u00e9quip\u00e9s d'une fermeture \u00e0 glissi\u00e8re unilat\u00e9rale et d'un syst\u00e8me de d\u00e9chirement, ce qui permet aux consommateurs de les ouvrir et de les ranger facilement, am\u00e9liorant ainsi l'exp\u00e9rience de l'utilisateur.<\/li>\n\n\n\n<li><strong>La conception du sac \u00e0 dos permet d'\u00e9conomiser de l'espace : <\/strong>Ces emballages souples personnalis\u00e9s pour les aliments \u00e0 grignoter ont une forme stable, sont faciles \u00e0 pr\u00e9senter, \u00e0 stocker et \u00e0 transporter, et conviennent particuli\u00e8rement aux voyages et \u00e0 la vente au d\u00e9tail.<\/li>\n\n\n\n<li><strong>Garniture sup\u00e9rieure : <\/strong>Con\u00e7us pour \u00eatre remplis par le haut, ces sachets d'emballage alimentaire en gros conviennent \u00e0 divers types de lignes d'emballage automatis\u00e9es. Le processus de remplissage est efficace et pratique, et les co\u00fbts de main-d'\u0153uvre sont r\u00e9duits.<\/li>\n\n\n\n<li><strong>Ouverture de la fen\u00eatre :<\/strong> Nos emballages souples pour snacks sont dot\u00e9s de fen\u00eatres qui facilitent la pr\u00e9sentation des produits et renforcent le d\u00e9sir d'achat des clients.<\/li>\n\n\n\n<li><strong>Divers services personnalis\u00e9s : <\/strong>La taille, le motif d'impression, le type de sachet et la structure fonctionnelle de nos sachets d'emballage alimentaire en gros peuvent \u00eatre personnalis\u00e9s en fonction des besoins des clients afin de r\u00e9pondre aux besoins d'emballage de divers produits.<\/li>\n<\/ul>\n\n\n\n<div class=\"wp-block-columns is-layout-flex wp-container-core-columns-is-layout-9d6595d7 wp-block-columns-is-layout-flex\">\n<div class=\"wp-block-column is-layout-flow wp-block-column-is-layout-flow\">\n<figure class=\"wp-block-image size-full\"><img decoding=\"async\" width=\"750\" height=\"750\" src=\"https:\/\/www.stanleypackage.com\/wp-content\/uploads\/2025\/10\/Food-Pouch-Wholesale-Custom-Stand-Up-Pouch-With-One-Side-Zipper-2.jpg\" alt=\"\" class=\"wp-image-3449\" srcset=\"https:\/\/www.stanleypackage.com\/wp-content\/uploads\/2025\/10\/Food-Pouch-Wholesale-Custom-Stand-Up-Pouch-With-One-Side-Zipper-2.jpg 750w, https:\/\/www.stanleypackage.com\/wp-content\/uploads\/2025\/10\/Food-Pouch-Wholesale-Custom-Stand-Up-Pouch-With-One-Side-Zipper-2-300x300.jpg 300w, https:\/\/www.stanleypackage.com\/wp-content\/uploads\/2025\/10\/Food-Pouch-Wholesale-Custom-Stand-Up-Pouch-With-One-Side-Zipper-2-150x150.jpg 150w, https:\/\/www.stanleypackage.com\/wp-content\/uploads\/2025\/10\/Food-Pouch-Wholesale-Custom-Stand-Up-Pouch-With-One-Side-Zipper-2-12x12.jpg 12w, https:\/\/www.stanleypackage.com\/wp-content\/uploads\/2025\/10\/Food-Pouch-Wholesale-Custom-Stand-Up-Pouch-With-One-Side-Zipper-2-600x600.jpg 600w, https:\/\/www.stanleypackage.com\/wp-content\/uploads\/2025\/10\/Food-Pouch-Wholesale-Custom-Stand-Up-Pouch-With-One-Side-Zipper-2-100x100.jpg 100w\" sizes=\"(max-width: 750px) 100vw, 750px\" \/><\/figure>\n<\/div>\n\n\n\n<div class=\"wp-block-column is-layout-flow wp-block-column-is-layout-flow\">\n<figure class=\"wp-block-image size-full\"><img decoding=\"async\" width=\"750\" height=\"750\" src=\"https:\/\/www.stanleypackage.com\/wp-content\/uploads\/2025\/10\/Food-Pouch-Wholesale-Custom-Stand-Up-Pouch-With-One-Side-Zipper-4.jpg\" alt=\"\" class=\"wp-image-3450\" srcset=\"https:\/\/www.stanleypackage.com\/wp-content\/uploads\/2025\/10\/Food-Pouch-Wholesale-Custom-Stand-Up-Pouch-With-One-Side-Zipper-4.jpg 750w, https:\/\/www.stanleypackage.com\/wp-content\/uploads\/2025\/10\/Food-Pouch-Wholesale-Custom-Stand-Up-Pouch-With-One-Side-Zipper-4-300x300.jpg 300w, https:\/\/www.stanleypackage.com\/wp-content\/uploads\/2025\/10\/Food-Pouch-Wholesale-Custom-Stand-Up-Pouch-With-One-Side-Zipper-4-150x150.jpg 150w, https:\/\/www.stanleypackage.com\/wp-content\/uploads\/2025\/10\/Food-Pouch-Wholesale-Custom-Stand-Up-Pouch-With-One-Side-Zipper-4-12x12.jpg 12w, https:\/\/www.stanleypackage.com\/wp-content\/uploads\/2025\/10\/Food-Pouch-Wholesale-Custom-Stand-Up-Pouch-With-One-Side-Zipper-4-600x600.jpg 600w, https:\/\/www.stanleypackage.com\/wp-content\/uploads\/2025\/10\/Food-Pouch-Wholesale-Custom-Stand-Up-Pouch-With-One-Side-Zipper-4-100x100.jpg 100w\" sizes=\"(max-width: 750px) 100vw, 750px\" \/><\/figure>\n<\/div>\n<\/div>\n<\/div>\n<\/div>\n\n\n\n<p><\/p>","protected":false},"excerpt":{"rendered":"<p>Nous vous invitons \u00e0 acheter des emballages souples personnalis\u00e9s pour les aliments \u00e0 grignoter. Nos sachets d'emballage alimentaire en gros sont \u00e9quip\u00e9s d'une fermeture \u00e0 glissi\u00e8re d'un c\u00f4t\u00e9, d'une d\u00e9chirure facile, d'une conception \u00e0 ouverture par fen\u00eatre et conviennent aux lignes d'emballage automatis\u00e9es. Ils sont enti\u00e8rement personnalisables.<\/p>\n<table style=\"border-collapse: collapse; width: 365.02pt;\" border=\"0\" width=\"365\" cellspacing=\"0\" cellpadding=\"0\">\n<tbody>\n<tr style=\"height: 16.00pt;\">\n<td class=\"et2\" style=\"height: 16.00pt; width: 97.50pt;\" width=\"97\" height=\"16\">Fabricant<\/td>\n<td class=\"et2\" style=\"width: 267.50pt;\" width=\"267\">Stanley<\/td>\n<\/tr>\n<tr style=\"height: 16.00pt;\">\n<td class=\"et2\" style=\"height: 16.00pt; width: 97.50pt;\" width=\"97\" height=\"16\">Types de pochettes<\/td>\n<td class=\"et2\" style=\"width: 267.50pt;\" width=\"267\">Stand Up Pouch, pochette \u00e0 fermeture \u00e9clair sur un c\u00f4t\u00e9<\/td>\n<\/tr>\n<tr style=\"height: 16.00pt;\">\n<td class=\"et2\" style=\"height: 16.00pt; width: 97.50pt;\" width=\"97\" height=\"16\">Mat\u00e9riau<\/td>\n<td class=\"et2\" style=\"width: 267.50pt;\" width=\"267\">Fond avant et arri\u00e8re : PET 12 \/ PE 110 (effet brillant et mat)<br \/>C\u00f4t\u00e9 : PET 12 \/ PE 95 (brillant)<\/td>\n<\/tr>\n<tr style=\"height: 16.00pt;\">\n<td class=\"et2\" style=\"height: 16.00pt; width: 97.50pt;\" width=\"97\" height=\"16\">Dossier sp\u00e9cial<\/td>\n<td class=\"et2\" style=\"width: 267.50pt;\" width=\"267\">Rembourrage par le haut, ouverture par la fen\u00eatre, fermeture \u00e0 glissi\u00e8re, d\u00e9chirure facile<\/td>\n<\/tr>\n<tr style=\"height: 16.00pt;\">\n<td class=\"et2\" style=\"height: 16.00pt; width: 97.50pt;\" width=\"97\" height=\"16\">Manipulation de surface<\/td>\n<td class=\"et2\" style=\"width: 267.50pt;\" width=\"267\">Impression en h\u00e9liogravure<\/td>\n<\/tr>\n<tr style=\"height: 16.00pt;\">\n<td class=\"et2\" style=\"height: 16.00pt; width: 97.50pt;\" width=\"97\" height=\"16\">Couleur<\/td>\n<td class=\"et2\" style=\"width: 267.50pt;\" width=\"267\">Impression recto-verso, jusqu'\u00e0 10 couleurs<\/td>\n<\/tr>\n<tr style=\"height: 16.00pt;\">\n<td class=\"et2\" style=\"height: 16.00pt; width: 97.50pt;\" width=\"97\" height=\"16\">Utilisation<\/td>\n<td class=\"et2\" style=\"width: 267.50pt;\" width=\"267\">Bonbons, snacks, aliments secs<\/td>\n<\/tr>\n<tr style=\"height: 16.00pt;\">\n<td class=\"et2\" style=\"height: 16.00pt; width: 97.50pt;\" width=\"97\" height=\"16\">MOQ<\/td>\n<td class=\"et2\" style=\"width: 267.50pt;\" width=\"267\">50 000 pi\u00e8ces<\/td>\n<\/tr>\n<tr style=\"height: 16.00pt;\">\n<td class=\"et2\" style=\"height: 16.00pt; width: 97.50pt;\" width=\"97\" height=\"16\">Commande personnalis\u00e9e<\/td>\n<td class=\"et2\" style=\"width: 267.50pt;\" width=\"267\">Acceptation de l'OEM, prise en charge de l'\u00e9chantillonnage gratuit<\/td>\n<\/tr>\n<\/tbody>\n<\/table>\n<p>&nbsp;<\/p>","protected":false},"featured_media":3451,"comment_status":"closed","ping_status":"closed","template":"","meta":{"_acf_changed":false},"product_brand":[],"product_cat":[30,18],"product_tag":[],"class_list":{"0":"post-3448","1":"product","2":"type-product","3":"status-publish","4":"has-post-thumbnail","6":"product_cat-stand-up-pouch-manufacturer","7":"product_cat-zipper-pouch-manufacturer","8":"pa_food-packaging-snack-food-pouch","9":"pa_food-packaging-baby-food-packaging","11":"first","12":"instock","13":"shipping-taxable","14":"product-type-simple"},"acf":[],"_links":{"self":[{"href":"https:\/\/www.stanleypackage.com\/fr\/wp-json\/wp\/v2\/product\/3448","targetHints":{"allow":["GET"]}}],"collection":[{"href":"https:\/\/www.stanleypackage.com\/fr\/wp-json\/wp\/v2\/product"}],"about":[{"href":"https:\/\/www.stanleypackage.com\/fr\/wp-json\/wp\/v2\/types\/product"}],"replies":[{"embeddable":true,"href":"https:\/\/www.stanleypackage.com\/fr\/wp-json\/wp\/v2\/comments?post=3448"}],"wp:featuredmedia":[{"embeddable":true,"href":"https:\/\/www.stanleypackage.com\/fr\/wp-json\/wp\/v2\/media\/3451"}],"wp:attachment":[{"href":"https:\/\/www.stanleypackage.com\/fr\/wp-json\/wp\/v2\/media?parent=3448"}],"wp:term":[{"taxonomy":"product_brand","embeddable":true,"href":"https:\/\/www.stanleypackage.com\/fr\/wp-json\/wp\/v2\/product_brand?post=3448"},{"taxonomy":"product_cat","embeddable":true,"href":"https:\/\/www.stanleypackage.com\/fr\/wp-json\/wp\/v2\/product_cat?post=3448"},{"taxonomy":"product_tag","embeddable":true,"href":"https:\/\/www.stanleypackage.com\/fr\/wp-json\/wp\/v2\/product_tag?post=3448"}],"curies":[{"name":"wp","href":"https:\/\/api.w.org\/{rel}","templated":true}]}}