{"id":3455,"date":"2025-10-23T03:02:56","date_gmt":"2025-10-23T03:02:56","guid":{"rendered":"https:\/\/www.stanleypackage.com\/?post_type=product&#038;p=3455"},"modified":"2025-10-23T03:03:03","modified_gmt":"2025-10-23T03:03:03","slug":"custom-printed-gusseted-bags","status":"publish","type":"product","link":"https:\/\/www.stanleypackage.com\/fr\/product\/custom-printed-gusseted-bags\/","title":{"rendered":"Caf\u00e9 instantan\u00e9 Sacs \u00e0 soufflets imprim\u00e9s sur mesure avec trou pour la poign\u00e9e"},"content":{"rendered":"<div class=\"wp-block-columns is-layout-flex wp-container-core-columns-is-layout-9d6595d7 wp-block-columns-is-layout-flex\">\n<div class=\"wp-block-column is-layout-flow wp-block-column-is-layout-flow\">\n<h2 class=\"wp-block-heading\">Caract\u00e9ristiques des sacs \u00e0 soufflets imprim\u00e9s sur mesure<\/h2>\n\n\n\n<ul class=\"wp-block-list\">\n<li><strong>Mat\u00e9riaux de haute qualit\u00e9 : <\/strong>Nos sacs \u00e0 soufflets imprim\u00e9s personnalis\u00e9s sont fabriqu\u00e9s en BOPP28\/VMPET12\/PE65. Ils r\u00e9sistent bien \u00e0 l'humidit\u00e9 et \u00e0 la chaleur et sont \u00e9galement r\u00e9sistants \u00e0 la d\u00e9chirure, ce qui permet de pr\u00e9server la fra\u00eecheur et la qualit\u00e9 du caf\u00e9.<\/li>\n\n\n\n<li><strong>Conception pratique :<\/strong> Ces sacs d'emballage personnalis\u00e9s avec logos sont dot\u00e9s d'un trou de main sur le dessus afin de faciliter leur transport et d'am\u00e9liorer l'exp\u00e9rience de l'utilisateur.<\/li>\n\n\n\n<li><strong>Impression personnalis\u00e9e : <\/strong>Nous proposons une gamme compl\u00e8te de services d'impression pour nos sacs \u00e0 soufflets imprim\u00e9s sur mesure, avec des designs, des logos et des couleurs personnalis\u00e9s pour aider votre marque \u00e0 se d\u00e9marquer.<\/li>\n\n\n\n<li><strong>Services OEM :<\/strong> Nos sachets de caf\u00e9 instantan\u00e9 personnalis\u00e9s sont disponibles pour la production OEM\/ODM, avec diverses sp\u00e9cifications et conceptions adapt\u00e9es \u00e0 vos besoins individuels.<\/li>\n\n\n\n<li><strong>Soutien aux \u00e9chantillons gratuits : <\/strong>Nos sacs \u00e0 soufflets imprim\u00e9s personnalis\u00e9s offrent des \u00e9chantillons gratuits, ce qui permet aux clients de v\u00e9rifier la qualit\u00e9 des produits et de s'assurer qu'ils r\u00e9pondent \u00e0 leurs attentes avant d'acheter en gros.<\/li>\n<\/ul>\n\n\n\n<div class=\"wp-block-columns is-layout-flex wp-container-core-columns-is-layout-9d6595d7 wp-block-columns-is-layout-flex\">\n<div class=\"wp-block-column is-layout-flow wp-block-column-is-layout-flow\">\n<figure class=\"wp-block-image size-full\"><img decoding=\"async\" width=\"750\" height=\"750\" src=\"https:\/\/www.stanleypackage.com\/wp-content\/uploads\/2025\/10\/Custom-Coffee-Packaging-Pouch-Wholesale-8-Side-Seal-Pouch-3.jpg\" alt=\"\" class=\"wp-image-3456\" srcset=\"https:\/\/www.stanleypackage.com\/wp-content\/uploads\/2025\/10\/Custom-Coffee-Packaging-Pouch-Wholesale-8-Side-Seal-Pouch-3.jpg 750w, https:\/\/www.stanleypackage.com\/wp-content\/uploads\/2025\/10\/Custom-Coffee-Packaging-Pouch-Wholesale-8-Side-Seal-Pouch-3-300x300.jpg 300w, https:\/\/www.stanleypackage.com\/wp-content\/uploads\/2025\/10\/Custom-Coffee-Packaging-Pouch-Wholesale-8-Side-Seal-Pouch-3-150x150.jpg 150w, https:\/\/www.stanleypackage.com\/wp-content\/uploads\/2025\/10\/Custom-Coffee-Packaging-Pouch-Wholesale-8-Side-Seal-Pouch-3-12x12.jpg 12w, https:\/\/www.stanleypackage.com\/wp-content\/uploads\/2025\/10\/Custom-Coffee-Packaging-Pouch-Wholesale-8-Side-Seal-Pouch-3-600x600.jpg 600w, https:\/\/www.stanleypackage.com\/wp-content\/uploads\/2025\/10\/Custom-Coffee-Packaging-Pouch-Wholesale-8-Side-Seal-Pouch-3-100x100.jpg 100w\" sizes=\"(max-width: 750px) 100vw, 750px\" \/><\/figure>\n<\/div>\n\n\n\n<div class=\"wp-block-column is-layout-flow wp-block-column-is-layout-flow\">\n<figure class=\"wp-block-image size-full\"><img decoding=\"async\" width=\"750\" height=\"750\" src=\"https:\/\/www.stanleypackage.com\/wp-content\/uploads\/2025\/10\/Custom-Coffee-Packaging-Pouch-Wholesale-8-Side-Seal-Pouch.jpg\" alt=\"\" class=\"wp-image-3457\" srcset=\"https:\/\/www.stanleypackage.com\/wp-content\/uploads\/2025\/10\/Custom-Coffee-Packaging-Pouch-Wholesale-8-Side-Seal-Pouch.jpg 750w, https:\/\/www.stanleypackage.com\/wp-content\/uploads\/2025\/10\/Custom-Coffee-Packaging-Pouch-Wholesale-8-Side-Seal-Pouch-300x300.jpg 300w, https:\/\/www.stanleypackage.com\/wp-content\/uploads\/2025\/10\/Custom-Coffee-Packaging-Pouch-Wholesale-8-Side-Seal-Pouch-150x150.jpg 150w, https:\/\/www.stanleypackage.com\/wp-content\/uploads\/2025\/10\/Custom-Coffee-Packaging-Pouch-Wholesale-8-Side-Seal-Pouch-12x12.jpg 12w, https:\/\/www.stanleypackage.com\/wp-content\/uploads\/2025\/10\/Custom-Coffee-Packaging-Pouch-Wholesale-8-Side-Seal-Pouch-600x600.jpg 600w, https:\/\/www.stanleypackage.com\/wp-content\/uploads\/2025\/10\/Custom-Coffee-Packaging-Pouch-Wholesale-8-Side-Seal-Pouch-100x100.jpg 100w\" sizes=\"(max-width: 750px) 100vw, 750px\" \/><\/figure>\n<\/div>\n<\/div>\n<\/div>\n<\/div>","protected":false},"excerpt":{"rendered":"<p>Bienvenue sur le site de commande de sacs d'emballage personnalis\u00e9s avec logos. Nos sacs \u00e0 soufflets imprim\u00e9s pour le caf\u00e9 instantan\u00e9 sont robustes et durables, avec des trous pour les mains qui les rendent faciles \u00e0 transporter partout. Le design imprim\u00e9 peut \u00eatre personnalis\u00e9 pour refl\u00e9ter la personnalit\u00e9 de votre marque.<\/p>\n<table style=\"border-collapse: collapse; width: 365.02pt;\" border=\"0\" width=\"365\" cellspacing=\"0\" cellpadding=\"0\">\n<tbody>\n<tr style=\"height: 16.00pt;\">\n<td class=\"et2\" style=\"height: 16.00pt; width: 97.50pt;\" width=\"97\" height=\"16\">Fabricant<\/td>\n<td class=\"et2\" style=\"width: 267.50pt;\" width=\"267\">Stanley<\/td>\n<\/tr>\n<tr style=\"height: 16.00pt;\">\n<td class=\"et2\" style=\"height: 16.00pt; width: 97.50pt;\" width=\"97\" height=\"16\">Types de pochettes<\/td>\n<td class=\"et2\" style=\"width: 267.50pt;\" width=\"267\">8 Pochette \u00e0 fermeture lat\u00e9rale<\/td>\n<\/tr>\n<tr style=\"height: 31.00pt;\">\n<td class=\"et2\" style=\"height: 31.00pt; width: 97.50pt;\" width=\"97\" height=\"31\">Mat\u00e9riau<\/td>\n<td class=\"et2\" style=\"width: 267.50pt;\" width=\"267\">BOPP28\/VMPET12\/PE65<\/td>\n<\/tr>\n<tr style=\"height: 16.00pt;\">\n<td class=\"et2\" style=\"height: 16.00pt; width: 97.50pt;\" width=\"97\" height=\"16\">Dossier sp\u00e9cial<\/td>\n<td class=\"et2\" style=\"width: 267.50pt;\" width=\"267\">Encoche de d\u00e9chirure, conception du trou de la poign\u00e9e<\/td>\n<\/tr>\n<tr style=\"height: 16.00pt;\">\n<td class=\"et2\" style=\"height: 16.00pt; width: 97.50pt;\" width=\"97\" height=\"16\">Manipulation de surface<\/td>\n<td class=\"et2\" style=\"width: 267.50pt;\" width=\"267\">Impression en h\u00e9liogravure<\/td>\n<\/tr>\n<tr style=\"height: 16.00pt;\">\n<td class=\"et2\" style=\"height: 16.00pt; width: 97.50pt;\" width=\"97\" height=\"16\">Couleur<\/td>\n<td class=\"et2\" style=\"width: 267.50pt;\" width=\"267\">Jusqu'\u00e0 10 couleurs<\/td>\n<\/tr>\n<tr style=\"height: 16.00pt;\">\n<td class=\"et2\" style=\"height: 16.00pt; width: 97.50pt;\" width=\"97\" height=\"16\">Utilisation<\/td>\n<td class=\"et2\" style=\"width: 267.50pt;\" width=\"267\">Caf\u00e9, jus de fruits, gel\u00e9e, collation, pain<\/td>\n<\/tr>\n<tr style=\"height: 16.00pt;\">\n<td class=\"et2\" style=\"height: 16.00pt; width: 97.50pt;\" width=\"97\" height=\"16\">MOQ<\/td>\n<td class=\"et2\" style=\"width: 267.50pt;\" width=\"267\">50 000 pi\u00e8ces<\/td>\n<\/tr>\n<tr style=\"height: 16.00pt;\">\n<td class=\"et2\" style=\"height: 16.00pt; width: 97.50pt;\" width=\"97\" height=\"16\">Commande personnalis\u00e9e<\/td>\n<td class=\"et2\" style=\"width: 267.50pt;\" width=\"267\">Acceptation de l'OEM, prise en charge de l'\u00e9chantillonnage gratuit<\/td>\n<\/tr>\n<\/tbody>\n<\/table>","protected":false},"featured_media":3458,"comment_status":"closed","ping_status":"closed","template":"","meta":{"_acf_changed":false},"product_brand":[],"product_cat":[17],"product_tag":[],"class_list":{"0":"post-3455","1":"product","2":"type-product","3":"status-publish","4":"has-post-thumbnail","6":"product_cat-gusset-bag-manufacturer","7":"pa_food-packaging-coffee-packaging-pouch","9":"first","10":"instock","11":"shipping-taxable","12":"product-type-simple"},"acf":[],"_links":{"self":[{"href":"https:\/\/www.stanleypackage.com\/fr\/wp-json\/wp\/v2\/product\/3455","targetHints":{"allow":["GET"]}}],"collection":[{"href":"https:\/\/www.stanleypackage.com\/fr\/wp-json\/wp\/v2\/product"}],"about":[{"href":"https:\/\/www.stanleypackage.com\/fr\/wp-json\/wp\/v2\/types\/product"}],"replies":[{"embeddable":true,"href":"https:\/\/www.stanleypackage.com\/fr\/wp-json\/wp\/v2\/comments?post=3455"}],"wp:featuredmedia":[{"embeddable":true,"href":"https:\/\/www.stanleypackage.com\/fr\/wp-json\/wp\/v2\/media\/3458"}],"wp:attachment":[{"href":"https:\/\/www.stanleypackage.com\/fr\/wp-json\/wp\/v2\/media?parent=3455"}],"wp:term":[{"taxonomy":"product_brand","embeddable":true,"href":"https:\/\/www.stanleypackage.com\/fr\/wp-json\/wp\/v2\/product_brand?post=3455"},{"taxonomy":"product_cat","embeddable":true,"href":"https:\/\/www.stanleypackage.com\/fr\/wp-json\/wp\/v2\/product_cat?post=3455"},{"taxonomy":"product_tag","embeddable":true,"href":"https:\/\/www.stanleypackage.com\/fr\/wp-json\/wp\/v2\/product_tag?post=3455"}],"curies":[{"name":"wp","href":"https:\/\/api.w.org\/{rel}","templated":true}]}}