{"id":3463,"date":"2025-10-23T02:20:28","date_gmt":"2025-10-23T02:20:28","guid":{"rendered":"https:\/\/www.stanleypackage.com\/?post_type=product&#038;p=3463"},"modified":"2025-10-23T02:20:51","modified_gmt":"2025-10-23T02:20:51","slug":"custom-coffee-bags-wholesale","status":"publish","type":"product","link":"https:\/\/www.stanleypackage.com\/fr\/product\/custom-coffee-bags-wholesale\/","title":{"rendered":"Sacs \u00e0 caf\u00e9 personnalis\u00e9s en gros, pochettes \u00e0 valve en papier de coton"},"content":{"rendered":"<div class=\"wp-block-columns is-layout-flex wp-container-core-columns-is-layout-9d6595d7 wp-block-columns-is-layout-flex\">\n<div class=\"wp-block-column is-layout-flow wp-block-column-is-layout-flow\">\n<h2 class=\"wp-block-heading\">Caract\u00e9ristiques des sacs \u00e0 caf\u00e9 personnalis\u00e9s en gros<\/h2>\n\n\n\n<ul class=\"wp-block-list\">\n<li><strong>Respectueux de l'environnement et recyclable, en accord avec les tendances durables : <\/strong>Our custom coffee bags wholesale are made of cotton paper. They not only have excellent breathability and moisture absorption properties, but also are a biodegradable material, which is environmentally friendly and recyclable, and in line with the sustainable development trend.<\/li>\n\n\n\n<li><strong>Fermeture \u00e0 glissi\u00e8re refermable :<\/strong> These wholesale stand-up zipper pouches are equipped with a high-quality zipper, which is easy to open and close and re-use, thus increasing the shelf life of the product.<\/li>\n\n\n\n<li><strong>Valve and easy-tear design: <\/strong>The valve desigin of these custom coffee bags wholesale is intended to release air, preventing air and moisture from entering the interior of the package, thereby preventing coffee from oxidizing and deteriorating. And the easy-tear design enables the packaging to be opened without the need for any tools, making it convenient for customers to open and enhancing the user experience.<\/li>\n\n\n\n<li><strong>Impression en h\u00e9liogravure jusqu'\u00e0 10 couleurs : <\/strong>Our wholesale stand-up zipper pouches with valve support high-precision multi-color gravure printing, with fine patterns and bright colors, to promote the brand image.<\/li>\n\n\n\n<li><strong>S'adapter \u00e0 de multiples besoins personnalis\u00e9s :<\/strong> Dimensions, print, and type of zipper on our custom coffee bags wholesale can be on-demand tailored to different requirements of multiple brands and positioning within the market.<\/li>\n<\/ul>\n\n\n\n<div class=\"wp-block-columns is-layout-flex wp-container-core-columns-is-layout-9d6595d7 wp-block-columns-is-layout-flex\">\n<div class=\"wp-block-column is-layout-flow wp-block-column-is-layout-flow\">\n<figure class=\"wp-block-image size-full\"><img decoding=\"async\" width=\"750\" height=\"750\" src=\"https:\/\/www.stanleypackage.com\/wp-content\/uploads\/2025\/10\/Custom-Coffee-Bags-with-Valve-Wholesale-Stand-Up-Pouch-With-Zipper-2.jpg\" alt=\"\" class=\"wp-image-3464\" srcset=\"https:\/\/www.stanleypackage.com\/wp-content\/uploads\/2025\/10\/Custom-Coffee-Bags-with-Valve-Wholesale-Stand-Up-Pouch-With-Zipper-2.jpg 750w, https:\/\/www.stanleypackage.com\/wp-content\/uploads\/2025\/10\/Custom-Coffee-Bags-with-Valve-Wholesale-Stand-Up-Pouch-With-Zipper-2-300x300.jpg 300w, https:\/\/www.stanleypackage.com\/wp-content\/uploads\/2025\/10\/Custom-Coffee-Bags-with-Valve-Wholesale-Stand-Up-Pouch-With-Zipper-2-150x150.jpg 150w, https:\/\/www.stanleypackage.com\/wp-content\/uploads\/2025\/10\/Custom-Coffee-Bags-with-Valve-Wholesale-Stand-Up-Pouch-With-Zipper-2-12x12.jpg 12w, https:\/\/www.stanleypackage.com\/wp-content\/uploads\/2025\/10\/Custom-Coffee-Bags-with-Valve-Wholesale-Stand-Up-Pouch-With-Zipper-2-600x600.jpg 600w, https:\/\/www.stanleypackage.com\/wp-content\/uploads\/2025\/10\/Custom-Coffee-Bags-with-Valve-Wholesale-Stand-Up-Pouch-With-Zipper-2-100x100.jpg 100w\" sizes=\"(max-width: 750px) 100vw, 750px\" \/><\/figure>\n<\/div>\n\n\n\n<div class=\"wp-block-column is-layout-flow wp-block-column-is-layout-flow\">\n<figure class=\"wp-block-image size-full\"><img decoding=\"async\" width=\"750\" height=\"750\" src=\"https:\/\/www.stanleypackage.com\/wp-content\/uploads\/2025\/10\/Custom-Coffee-Bags-with-Valve-Wholesale-Stand-Up-Pouch-With-Zipper-8.jpg\" alt=\"Sacs \u00e0 caf\u00e9 personnalis\u00e9s en gros, pochettes \u00e0 valve en papier de coton\" class=\"wp-image-3470\" srcset=\"https:\/\/www.stanleypackage.com\/wp-content\/uploads\/2025\/10\/Custom-Coffee-Bags-with-Valve-Wholesale-Stand-Up-Pouch-With-Zipper-8.jpg 750w, https:\/\/www.stanleypackage.com\/wp-content\/uploads\/2025\/10\/Custom-Coffee-Bags-with-Valve-Wholesale-Stand-Up-Pouch-With-Zipper-8-300x300.jpg 300w, https:\/\/www.stanleypackage.com\/wp-content\/uploads\/2025\/10\/Custom-Coffee-Bags-with-Valve-Wholesale-Stand-Up-Pouch-With-Zipper-8-150x150.jpg 150w, https:\/\/www.stanleypackage.com\/wp-content\/uploads\/2025\/10\/Custom-Coffee-Bags-with-Valve-Wholesale-Stand-Up-Pouch-With-Zipper-8-12x12.jpg 12w, https:\/\/www.stanleypackage.com\/wp-content\/uploads\/2025\/10\/Custom-Coffee-Bags-with-Valve-Wholesale-Stand-Up-Pouch-With-Zipper-8-600x600.jpg 600w, https:\/\/www.stanleypackage.com\/wp-content\/uploads\/2025\/10\/Custom-Coffee-Bags-with-Valve-Wholesale-Stand-Up-Pouch-With-Zipper-8-100x100.jpg 100w\" sizes=\"(max-width: 750px) 100vw, 750px\" \/><\/figure>\n<\/div>\n<\/div>\n<\/div>\n<\/div>","protected":false},"excerpt":{"rendered":"<p>Welcome to purchase wholesale stand-up zipper pouches. Our custom coffee bags wholesale with valve and zipper are suitable for packaging products such as coffee beans and oats, and have excellent fresh-keeping and moisture-proof properties. And our coffee bags are made of cotton paper, which is environmentally friendly and recyclable, and in line with the sustainable development trend.<\/p>\n<table style=\"border-collapse: collapse; width: 365.02pt;\" border=\"0\" width=\"365\" cellspacing=\"0\" cellpadding=\"0\">\n<tbody>\n<tr style=\"height: 16.00pt;\">\n<td class=\"et2\" style=\"height: 16.00pt; width: 97.50pt;\" width=\"97\" height=\"16\">Fabricant<\/td>\n<td class=\"et2\" style=\"width: 267.50pt;\" width=\"267\">Stanley<\/td>\n<\/tr>\n<tr style=\"height: 16.00pt;\">\n<td class=\"et2\" style=\"height: 16.00pt; width: 97.50pt;\" width=\"97\" height=\"16\">Types de pochettes<\/td>\n<td class=\"et3\">Zipper Pouch, Stand-up Pouch<\/td>\n<\/tr>\n<tr style=\"height: 31.00pt;\">\n<td class=\"et2\" style=\"height: 31.00pt; width: 97.50pt;\" width=\"97\" height=\"31\">Mat\u00e9riau<\/td>\n<td class=\"et2\" style=\"width: 267.50pt;\" width=\"267\">MOPP 25 \/ Cotton Paper 21g \/ CPP 50<\/td>\n<\/tr>\n<tr style=\"height: 16.00pt;\">\n<td class=\"et2\" style=\"height: 16.00pt; width: 97.50pt;\" width=\"97\" height=\"16\">Dossier sp\u00e9cial<\/td>\n<td class=\"et2\" style=\"width: 267.50pt;\" width=\"267\">Zipper, Valve, Easy tear, Biodegradable material<\/td>\n<\/tr>\n<tr style=\"height: 16.00pt;\">\n<td class=\"et2\" style=\"height: 16.00pt; width: 97.50pt;\" width=\"97\" height=\"16\">Manipulation de surface<\/td>\n<td class=\"et2\" style=\"width: 267.50pt;\" width=\"267\">Impression en h\u00e9liogravure<\/td>\n<\/tr>\n<tr style=\"height: 16.00pt;\">\n<td class=\"et2\" style=\"height: 16.00pt; width: 97.50pt;\" width=\"97\" height=\"16\">Couleur<\/td>\n<td class=\"et2\" style=\"width: 267.50pt;\" width=\"267\">Impression recto-verso, jusqu'\u00e0 10 couleurs<\/td>\n<\/tr>\n<tr style=\"height: 16.00pt;\">\n<td class=\"et2\" style=\"height: 16.00pt; width: 97.50pt;\" width=\"97\" height=\"16\">Utilisation<\/td>\n<td class=\"et2\" style=\"width: 267.50pt;\" width=\"267\">Grains de caf\u00e9, caf\u00e9 en poudre, farine d'avoine<\/td>\n<\/tr>\n<tr style=\"height: 16.00pt;\">\n<td class=\"et2\" style=\"height: 16.00pt; width: 97.50pt;\" width=\"97\" height=\"16\">MOQ<\/td>\n<td class=\"et2\" style=\"width: 267.50pt;\" width=\"267\">50 000 pi\u00e8ces<\/td>\n<\/tr>\n<tr style=\"height: 16.00pt;\">\n<td class=\"et2\" style=\"height: 16.00pt; width: 97.50pt;\" width=\"97\" height=\"16\">Commande personnalis\u00e9e<\/td>\n<td class=\"et2\" style=\"width: 267.50pt;\" width=\"267\">Acceptation de l'OEM, prise en charge de l'\u00e9chantillonnage gratuit<\/td>\n<\/tr>\n<\/tbody>\n<\/table>\n<p>&nbsp;<\/p>","protected":false},"featured_media":3466,"comment_status":"closed","ping_status":"closed","template":"","meta":{"_acf_changed":false},"product_brand":[],"product_cat":[30,18],"product_tag":[],"class_list":{"0":"post-3463","1":"product","2":"type-product","3":"status-publish","4":"has-post-thumbnail","6":"product_cat-stand-up-pouch-manufacturer","7":"product_cat-zipper-pouch-manufacturer","8":"pa_food-packaging-food-powder-packaging","9":"pa_food-packaging-coffee-packaging-pouch","10":"pa_material-kraft-paper","12":"first","13":"instock","14":"shipping-taxable","15":"product-type-simple"},"acf":[],"_links":{"self":[{"href":"https:\/\/www.stanleypackage.com\/fr\/wp-json\/wp\/v2\/product\/3463","targetHints":{"allow":["GET"]}}],"collection":[{"href":"https:\/\/www.stanleypackage.com\/fr\/wp-json\/wp\/v2\/product"}],"about":[{"href":"https:\/\/www.stanleypackage.com\/fr\/wp-json\/wp\/v2\/types\/product"}],"replies":[{"embeddable":true,"href":"https:\/\/www.stanleypackage.com\/fr\/wp-json\/wp\/v2\/comments?post=3463"}],"wp:featuredmedia":[{"embeddable":true,"href":"https:\/\/www.stanleypackage.com\/fr\/wp-json\/wp\/v2\/media\/3466"}],"wp:attachment":[{"href":"https:\/\/www.stanleypackage.com\/fr\/wp-json\/wp\/v2\/media?parent=3463"}],"wp:term":[{"taxonomy":"product_brand","embeddable":true,"href":"https:\/\/www.stanleypackage.com\/fr\/wp-json\/wp\/v2\/product_brand?post=3463"},{"taxonomy":"product_cat","embeddable":true,"href":"https:\/\/www.stanleypackage.com\/fr\/wp-json\/wp\/v2\/product_cat?post=3463"},{"taxonomy":"product_tag","embeddable":true,"href":"https:\/\/www.stanleypackage.com\/fr\/wp-json\/wp\/v2\/product_tag?post=3463"}],"curies":[{"name":"wp","href":"https:\/\/api.w.org\/{rel}","templated":true}]}}