{"id":3474,"date":"2025-10-23T07:53:25","date_gmt":"2025-10-23T07:53:25","guid":{"rendered":"https:\/\/www.stanleypackage.com\/?post_type=product&#038;p=3474"},"modified":"2025-10-23T07:57:18","modified_gmt":"2025-10-23T07:57:18","slug":"custom-drink-pouch-with-spout","status":"publish","type":"product","link":"https:\/\/www.stanleypackage.com\/fr\/product\/custom-drink-pouch-with-spout\/","title":{"rendered":"Poche \u00e0 boisson personnalis\u00e9e avec bec verseur, poche \u00e0 jus de forme irr\u00e9guli\u00e8re"},"content":{"rendered":"<div class=\"wp-block-columns is-layout-flex wp-container-core-columns-is-layout-9d6595d7 wp-block-columns-is-layout-flex\">\n<div class=\"wp-block-column is-layout-flow wp-block-column-is-layout-flow\">\n<h2 class=\"wp-block-heading\">Caract\u00e9ristiques de la pochette \u00e0 boisson personnalis\u00e9e avec bec verseur<\/h2>\n\n\n\n<ul class=\"wp-block-list\">\n<li><strong>Forme irr\u00e9guli\u00e8re : <\/strong>Cette pochette \u00e0 boisson personnalis\u00e9e avec bec verseur est dot\u00e9e d'une forme unique qui garantit la reconnaissance du produit et la popularit\u00e9 de la marque dans les rayons.<\/li>\n\n\n\n<li><strong>Haute r\u00e9silience, pas de tendance \u00e0 la rupture : <\/strong>Nos sachets de jus de fruits en gros de forme personnalis\u00e9e sont fabriqu\u00e9s en PET. Il poss\u00e8de une excellente plasticit\u00e9 et une forte r\u00e9sistance \u00e0 la pression. Il est peu probable qu'il soit endommag\u00e9 pendant le transport et le stockage.<\/li>\n\n\n\n<li><strong>Le fond de l'appareil est debout, l'affichage est stable : <\/strong>Le design de la structure de notre pochette \u00e0 boisson personnalis\u00e9e avec bec verseur rend l'emballage plus stable et adapt\u00e9 \u00e0 une pr\u00e9sentation en rayon ou sur un comptoir.<\/li>\n\n\n\n<li><strong>Un service personnalis\u00e9 pour r\u00e9pondre aux besoins :\u00a0<\/strong>Nous fournissons une vari\u00e9t\u00e9 d'options de personnalisation pour les poches de jus en gros, et pouvons concevoir diff\u00e9rentes formes, tailles et motifs d'impression selon les besoins du client pour am\u00e9liorer la personnalisation de la marque et la comp\u00e9titivit\u00e9 du march\u00e9.<\/li>\n\n\n\n<li><strong>Structure du mat\u00e9riau de barri\u00e8re multicouche : <\/strong>Ces poches \u00e0 boissons personnalis\u00e9es avec bec verseur utilisent une combinaison de mat\u00e9riaux PET12\/AL7\/PE110 pour isoler efficacement l'humidit\u00e9 et l'air et maintenir la fra\u00eecheur du produit.<\/li>\n\n\n\n<li><strong>Convient \u00e0 une grande vari\u00e9t\u00e9 d'aliments :<\/strong> Les sachets \u00e0 becs personnalis\u00e9s sont largement utilis\u00e9s dans les jus, les boissons g\u00e9lifi\u00e9es et d'autres produits alimentaires pour r\u00e9pondre \u00e0 divers besoins d'emballage.<\/li>\n<\/ul>\n\n\n\n<div class=\"wp-block-columns is-layout-flex wp-container-core-columns-is-layout-9d6595d7 wp-block-columns-is-layout-flex\">\n<div class=\"wp-block-column is-layout-flow wp-block-column-is-layout-flow\">\n<figure class=\"wp-block-image size-full\"><img decoding=\"async\" width=\"750\" height=\"750\" src=\"https:\/\/www.stanleypackage.com\/wp-content\/uploads\/2025\/10\/Custom-Shaped-Spout-Pouches-Irregular-Stand-Up-Pouch-For-Jelly.jpg\" alt=\"\" class=\"wp-image-3477\" srcset=\"https:\/\/www.stanleypackage.com\/wp-content\/uploads\/2025\/10\/Custom-Shaped-Spout-Pouches-Irregular-Stand-Up-Pouch-For-Jelly.jpg 750w, https:\/\/www.stanleypackage.com\/wp-content\/uploads\/2025\/10\/Custom-Shaped-Spout-Pouches-Irregular-Stand-Up-Pouch-For-Jelly-300x300.jpg 300w, https:\/\/www.stanleypackage.com\/wp-content\/uploads\/2025\/10\/Custom-Shaped-Spout-Pouches-Irregular-Stand-Up-Pouch-For-Jelly-150x150.jpg 150w, https:\/\/www.stanleypackage.com\/wp-content\/uploads\/2025\/10\/Custom-Shaped-Spout-Pouches-Irregular-Stand-Up-Pouch-For-Jelly-12x12.jpg 12w, https:\/\/www.stanleypackage.com\/wp-content\/uploads\/2025\/10\/Custom-Shaped-Spout-Pouches-Irregular-Stand-Up-Pouch-For-Jelly-600x600.jpg 600w, https:\/\/www.stanleypackage.com\/wp-content\/uploads\/2025\/10\/Custom-Shaped-Spout-Pouches-Irregular-Stand-Up-Pouch-For-Jelly-100x100.jpg 100w\" sizes=\"(max-width: 750px) 100vw, 750px\" \/><\/figure>\n<\/div>\n\n\n\n<div class=\"wp-block-column is-layout-flow wp-block-column-is-layout-flow\">\n<figure class=\"wp-block-image size-full\"><img decoding=\"async\" width=\"750\" height=\"750\" src=\"https:\/\/www.stanleypackage.com\/wp-content\/uploads\/2025\/10\/Custom-Shaped-Spout-Pouches-Irregular-Stand-Up-Pouch-For-Jelly-6.jpg\" alt=\"\" class=\"wp-image-3478\" srcset=\"https:\/\/www.stanleypackage.com\/wp-content\/uploads\/2025\/10\/Custom-Shaped-Spout-Pouches-Irregular-Stand-Up-Pouch-For-Jelly-6.jpg 750w, https:\/\/www.stanleypackage.com\/wp-content\/uploads\/2025\/10\/Custom-Shaped-Spout-Pouches-Irregular-Stand-Up-Pouch-For-Jelly-6-300x300.jpg 300w, https:\/\/www.stanleypackage.com\/wp-content\/uploads\/2025\/10\/Custom-Shaped-Spout-Pouches-Irregular-Stand-Up-Pouch-For-Jelly-6-150x150.jpg 150w, https:\/\/www.stanleypackage.com\/wp-content\/uploads\/2025\/10\/Custom-Shaped-Spout-Pouches-Irregular-Stand-Up-Pouch-For-Jelly-6-12x12.jpg 12w, https:\/\/www.stanleypackage.com\/wp-content\/uploads\/2025\/10\/Custom-Shaped-Spout-Pouches-Irregular-Stand-Up-Pouch-For-Jelly-6-600x600.jpg 600w, https:\/\/www.stanleypackage.com\/wp-content\/uploads\/2025\/10\/Custom-Shaped-Spout-Pouches-Irregular-Stand-Up-Pouch-For-Jelly-6-100x100.jpg 100w\" sizes=\"(max-width: 750px) 100vw, 750px\" \/><\/figure>\n<\/div>\n<\/div>\n<\/div>\n<\/div>","protected":false},"excerpt":{"rendered":"<p>Nous vous invitons \u00e0 commander des poches \u00e0 boissons personnalis\u00e9es avec bec verseur. Cette pochette \u00e0 jus de forme personnalis\u00e9e est fabriqu\u00e9e \u00e0 partir d'un mat\u00e9riau multicouche \u00e0 haute barri\u00e8re, qui convient parfaitement \u00e0 l'emballage de divers aliments tels que le ketchup, la moutarde, la sauce chili, la sauce barbecue, etc.<\/p>\n<table style=\"border-collapse: collapse; width: 365.02pt;\" border=\"0\" width=\"365\" cellspacing=\"0\" cellpadding=\"0\">\n<tbody>\n<tr style=\"height: 16.00pt;\">\n<td class=\"et2\" style=\"height: 16.00pt; width: 97.50pt;\" width=\"97\" height=\"16\">Fabricant<\/td>\n<td class=\"et2\" style=\"width: 267.50pt;\" width=\"267\">Stanley<\/td>\n<\/tr>\n<tr style=\"height: 16.00pt;\">\n<td class=\"et2\" style=\"height: 16.00pt; width: 97.50pt;\" width=\"97\" height=\"16\">Types de pochettes<\/td>\n<td class=\"et2\" style=\"width: 267.50pt;\" width=\"267\">Pochette \u00e0 bec, pochette debout, pochette irr\u00e9guli\u00e8re<\/td>\n<\/tr>\n<tr style=\"height: 16.00pt;\">\n<td class=\"et2\" style=\"height: 16.00pt; width: 97.50pt;\" width=\"97\" height=\"16\">Mat\u00e9riau<\/td>\n<td class=\"et2\" style=\"width: 267.50pt;\" width=\"267\">PET12\/AL7\/PE110<\/td>\n<\/tr>\n<tr style=\"height: 16.00pt;\">\n<td class=\"et2\" style=\"height: 16.00pt; width: 97.50pt;\" width=\"97\" height=\"16\">Dossier sp\u00e9cial<\/td>\n<td class=\"et2\" style=\"width: 267.50pt;\" width=\"267\">Spout, Stand Up Pouch, Irregular Pouch<\/td>\n<\/tr>\n<tr style=\"height: 16.00pt;\">\n<td class=\"et2\" style=\"height: 16.00pt; width: 97.50pt;\" width=\"97\" height=\"16\">Manipulation de surface<\/td>\n<td class=\"et2\" style=\"width: 267.50pt;\" width=\"267\">Impression en h\u00e9liogravure<\/td>\n<\/tr>\n<tr style=\"height: 16.00pt;\">\n<td class=\"et2\" style=\"height: 16.00pt; width: 97.50pt;\" width=\"97\" height=\"16\">Couleur<\/td>\n<td class=\"et2\" style=\"width: 267.50pt;\" width=\"267\">Impression recto-verso, jusqu'\u00e0 10 couleurs<\/td>\n<\/tr>\n<tr style=\"height: 16.00pt;\">\n<td class=\"et2\" style=\"height: 16.00pt; width: 97.50pt;\" width=\"97\" height=\"16\">Utilisation<\/td>\n<td class=\"et2\" style=\"width: 267.50pt;\" width=\"267\">Ketchup, moutarde, sauce barbecue, gel\u00e9e<\/td>\n<\/tr>\n<tr style=\"height: 16.00pt;\">\n<td class=\"et2\" style=\"height: 16.00pt; width: 97.50pt;\" width=\"97\" height=\"16\">MOQ<\/td>\n<td class=\"et2\" style=\"width: 267.50pt;\" width=\"267\">50 000 pi\u00e8ces<\/td>\n<\/tr>\n<tr style=\"height: 16.00pt;\">\n<td class=\"et2\" style=\"height: 16.00pt; width: 97.50pt;\" width=\"97\" height=\"16\">Commande personnalis\u00e9e<\/td>\n<td class=\"et2\" style=\"width: 267.50pt;\" width=\"267\">Acceptation de l'OEM, prise en charge de l'\u00e9chantillonnage gratuit<\/td>\n<\/tr>\n<\/tbody>\n<\/table>","protected":false},"featured_media":3479,"comment_status":"closed","ping_status":"closed","template":"","meta":{"_acf_changed":false},"product_brand":[],"product_cat":[32,61,30,22],"product_tag":[],"class_list":{"0":"post-3474","1":"product","2":"type-product","3":"status-publish","4":"has-post-thumbnail","6":"product_cat-spout-pouch-manufacturer","7":"product_cat-squeeze-pouch-manufacturer","8":"product_cat-stand-up-pouch-manufacturer","9":"product_cat-shaped-pouches-factory","10":"pa_food-packaging-drink-beverage-pouch","12":"first","13":"instock","14":"shipping-taxable","15":"product-type-simple"},"acf":[],"_links":{"self":[{"href":"https:\/\/www.stanleypackage.com\/fr\/wp-json\/wp\/v2\/product\/3474","targetHints":{"allow":["GET"]}}],"collection":[{"href":"https:\/\/www.stanleypackage.com\/fr\/wp-json\/wp\/v2\/product"}],"about":[{"href":"https:\/\/www.stanleypackage.com\/fr\/wp-json\/wp\/v2\/types\/product"}],"replies":[{"embeddable":true,"href":"https:\/\/www.stanleypackage.com\/fr\/wp-json\/wp\/v2\/comments?post=3474"}],"wp:featuredmedia":[{"embeddable":true,"href":"https:\/\/www.stanleypackage.com\/fr\/wp-json\/wp\/v2\/media\/3479"}],"wp:attachment":[{"href":"https:\/\/www.stanleypackage.com\/fr\/wp-json\/wp\/v2\/media?parent=3474"}],"wp:term":[{"taxonomy":"product_brand","embeddable":true,"href":"https:\/\/www.stanleypackage.com\/fr\/wp-json\/wp\/v2\/product_brand?post=3474"},{"taxonomy":"product_cat","embeddable":true,"href":"https:\/\/www.stanleypackage.com\/fr\/wp-json\/wp\/v2\/product_cat?post=3474"},{"taxonomy":"product_tag","embeddable":true,"href":"https:\/\/www.stanleypackage.com\/fr\/wp-json\/wp\/v2\/product_tag?post=3474"}],"curies":[{"name":"wp","href":"https:\/\/api.w.org\/{rel}","templated":true}]}}