{"id":3493,"date":"2025-10-28T03:25:06","date_gmt":"2025-10-28T03:25:06","guid":{"rendered":"https:\/\/www.stanleypackage.com\/?post_type=product&#038;p=3493"},"modified":"2025-10-28T03:26:20","modified_gmt":"2025-10-28T03:26:20","slug":"custom-tea-bag-packaging","status":"publish","type":"product","link":"https:\/\/www.stanleypackage.com\/fr\/product\/custom-tea-bag-packaging\/","title":{"rendered":"Emballage de sachets de th\u00e9 sur mesure, pochettes \u00e0 fermeture \u00e0 glissi\u00e8re en gros"},"content":{"rendered":"<div class=\"wp-block-columns is-layout-flex wp-container-core-columns-is-layout-9d6595d7 wp-block-columns-is-layout-flex\">\n<div class=\"wp-block-column is-layout-flow wp-block-column-is-layout-flow\">\n<h2 class=\"wp-block-heading\">Caract\u00e9ristiques de l'emballage personnalis\u00e9 des sachets de th\u00e9<\/h2>\n\n\n\n<ul class=\"wp-block-list\">\n<li><strong>Haute barri\u00e8re, qualit\u00e9 alimentaire et s\u00e9curit\u00e9 : <\/strong>Nos sachets de th\u00e9 personnalis\u00e9s avec logo utilisent une structure composite multicouche de MOPP25\/VMPET12\/CPP70, offrant une excellente protection contre l'humidit\u00e9, l'oxydation et la lumi\u00e8re.<\/li>\n\n\n\n<li><strong>Construction polyvalente et pratique : <\/strong>Nos sachets de th\u00e9 \u00e0 fermeture \u00e0 glissi\u00e8re sont dot\u00e9s d'une fermeture \u00e0 glissi\u00e8re r\u00e9utilisable permettant de multiples ouvertures et fermetures. L'encoche facile \u00e0 d\u00e9chirer permet aux consommateurs de l'ouvrir facilement.<\/li>\n\n\n\n<li><strong>Remplissage et scellement efficaces :<\/strong> Le remplissage par le haut de ces sachets de th\u00e9 personnalis\u00e9s avec logo rend le processus d'emballage plus efficace et plus hygi\u00e9nique, ce qui les rend particuli\u00e8rement adapt\u00e9s \u00e0 la production de gros volumes sur les lignes d'assemblage.<\/li>\n\n\n\n<li><strong>Large application :<\/strong> Ces sachets de th\u00e9 \u00e0 fermeture \u00e9clair conviennent \u00e0 l'emballage d'une grande vari\u00e9t\u00e9 d'aliments, y compris les grains de caf\u00e9, les noix, les c\u00e9r\u00e9ales, les snacks, le th\u00e9 et les aliments pour animaux de compagnie, ce qui permet aux marques de r\u00e9pondre aux besoins du march\u00e9 de plusieurs cat\u00e9gories de produits avec un seul et m\u00eame emballage.<\/li>\n\n\n\n<li><strong>Structure \u00e0 fond plat, stable et autoportante :\u00a0<\/strong>Nos emballages de sachets de th\u00e9 personnalis\u00e9s en gros ont un fond plat et sont stables lorsqu'ils sont expos\u00e9s, ce qui am\u00e9liore l'effet de pr\u00e9sentation en rayon et la qualit\u00e9 du produit.<\/li>\n<\/ul>\n\n\n\n<div class=\"wp-block-columns is-layout-flex wp-container-core-columns-is-layout-9d6595d7 wp-block-columns-is-layout-flex\">\n<div class=\"wp-block-column is-layout-flow wp-block-column-is-layout-flow\">\n<figure class=\"wp-block-image size-full\"><img decoding=\"async\" width=\"750\" height=\"750\" src=\"https:\/\/www.stanleypackage.com\/wp-content\/uploads\/2025\/10\/Custom-Tea-Pouches-With-Logo-Wholesale-3-Side-Seal-Zipper-Bags-3.jpg\" alt=\"\" class=\"wp-image-3494\" srcset=\"https:\/\/www.stanleypackage.com\/wp-content\/uploads\/2025\/10\/Custom-Tea-Pouches-With-Logo-Wholesale-3-Side-Seal-Zipper-Bags-3.jpg 750w, https:\/\/www.stanleypackage.com\/wp-content\/uploads\/2025\/10\/Custom-Tea-Pouches-With-Logo-Wholesale-3-Side-Seal-Zipper-Bags-3-300x300.jpg 300w, https:\/\/www.stanleypackage.com\/wp-content\/uploads\/2025\/10\/Custom-Tea-Pouches-With-Logo-Wholesale-3-Side-Seal-Zipper-Bags-3-150x150.jpg 150w, https:\/\/www.stanleypackage.com\/wp-content\/uploads\/2025\/10\/Custom-Tea-Pouches-With-Logo-Wholesale-3-Side-Seal-Zipper-Bags-3-12x12.jpg 12w, https:\/\/www.stanleypackage.com\/wp-content\/uploads\/2025\/10\/Custom-Tea-Pouches-With-Logo-Wholesale-3-Side-Seal-Zipper-Bags-3-600x600.jpg 600w, https:\/\/www.stanleypackage.com\/wp-content\/uploads\/2025\/10\/Custom-Tea-Pouches-With-Logo-Wholesale-3-Side-Seal-Zipper-Bags-3-100x100.jpg 100w\" sizes=\"(max-width: 750px) 100vw, 750px\" \/><\/figure>\n<\/div>\n\n\n\n<div class=\"wp-block-column is-layout-flow wp-block-column-is-layout-flow\">\n<figure class=\"wp-block-image size-full\"><img decoding=\"async\" width=\"750\" height=\"750\" src=\"https:\/\/www.stanleypackage.com\/wp-content\/uploads\/2025\/10\/Custom-Tea-Pouches-With-Logo-Wholesale-3-Side-Seal-Zipper-Bags-4.jpg\" alt=\"\" class=\"wp-image-3495\" srcset=\"https:\/\/www.stanleypackage.com\/wp-content\/uploads\/2025\/10\/Custom-Tea-Pouches-With-Logo-Wholesale-3-Side-Seal-Zipper-Bags-4.jpg 750w, https:\/\/www.stanleypackage.com\/wp-content\/uploads\/2025\/10\/Custom-Tea-Pouches-With-Logo-Wholesale-3-Side-Seal-Zipper-Bags-4-300x300.jpg 300w, https:\/\/www.stanleypackage.com\/wp-content\/uploads\/2025\/10\/Custom-Tea-Pouches-With-Logo-Wholesale-3-Side-Seal-Zipper-Bags-4-150x150.jpg 150w, https:\/\/www.stanleypackage.com\/wp-content\/uploads\/2025\/10\/Custom-Tea-Pouches-With-Logo-Wholesale-3-Side-Seal-Zipper-Bags-4-12x12.jpg 12w, https:\/\/www.stanleypackage.com\/wp-content\/uploads\/2025\/10\/Custom-Tea-Pouches-With-Logo-Wholesale-3-Side-Seal-Zipper-Bags-4-600x600.jpg 600w, https:\/\/www.stanleypackage.com\/wp-content\/uploads\/2025\/10\/Custom-Tea-Pouches-With-Logo-Wholesale-3-Side-Seal-Zipper-Bags-4-100x100.jpg 100w\" sizes=\"(max-width: 750px) 100vw, 750px\" \/><\/figure>\n<\/div>\n<\/div>\n<\/div>\n<\/div>\n\n\n\n<p><\/p>","protected":false},"excerpt":{"rendered":"<p>Nous vous invitons \u00e0 acheter des emballages de sachets de th\u00e9 personnalis\u00e9s. Nos sachets de th\u00e9 \u00e0 fermeture \u00e9clair combinent des propri\u00e9t\u00e9s de haute barri\u00e8re et de durabilit\u00e9, avec une fermeture \u00e9clair r\u00e9utilisable, une encoche facile \u00e0 d\u00e9chirer et un orifice de remplissage par le haut pour r\u00e9pondre \u00e0 une vari\u00e9t\u00e9 de besoins en mati\u00e8re d'emballage et de pr\u00e9sentation de produits alimentaires.<\/p>\n<table style=\"border-collapse: collapse; width: 365.02pt;\" border=\"0\" width=\"365\" cellspacing=\"0\" cellpadding=\"0\">\n<tbody>\n<tr style=\"height: 16.00pt;\">\n<td class=\"et2\" style=\"height: 16.00pt; width: 97.50pt;\" width=\"97\" height=\"16\">Fabricant<\/td>\n<td class=\"et2\" style=\"width: 267.50pt;\" width=\"267\">Stanley<\/td>\n<\/tr>\n<tr style=\"height: 16.00pt;\">\n<td class=\"et2\" style=\"height: 16.00pt; width: 97.50pt;\" width=\"97\" height=\"16\">Types de pochettes<\/td>\n<td class=\"et2\" style=\"width: 267.50pt;\" width=\"267\">Pochette \u00e0 glissi\u00e8re, Pochette \u00e0 rabat<\/td>\n<\/tr>\n<tr style=\"height: 31.00pt;\">\n<td class=\"et2\" style=\"height: 31.00pt; width: 97.50pt;\" width=\"97\" height=\"31\">Mat\u00e9riau<\/td>\n<td class=\"et2\" style=\"width: 267.50pt;\" width=\"267\">MOPP25\/VMPET12\/CPP70<\/td>\n<\/tr>\n<tr style=\"height: 16.00pt;\">\n<td class=\"et2\" style=\"height: 16.00pt; width: 97.50pt;\" width=\"97\" height=\"16\">Dossier sp\u00e9cial<\/td>\n<td class=\"et2\" style=\"width: 267.50pt;\" width=\"267\">Encoche de d\u00e9chirure, remplissage par le haut, fermeture \u00e0 glissi\u00e8re<\/td>\n<\/tr>\n<tr style=\"height: 16.00pt;\">\n<td class=\"et2\" style=\"height: 16.00pt; width: 97.50pt;\" width=\"97\" height=\"16\">Manipulation de surface<\/td>\n<td class=\"et2\" style=\"width: 267.50pt;\" width=\"267\">Impression en h\u00e9liogravure<\/td>\n<\/tr>\n<tr style=\"height: 16.00pt;\">\n<td class=\"et2\" style=\"height: 16.00pt; width: 97.50pt;\" width=\"97\" height=\"16\">Couleur<\/td>\n<td class=\"et2\" style=\"width: 267.50pt;\" width=\"267\">Jusqu'\u00e0 10 couleurs<\/td>\n<\/tr>\n<tr style=\"height: 16.00pt;\">\n<td class=\"et2\" style=\"height: 16.00pt; width: 97.50pt;\" width=\"97\" height=\"16\">Utilisation<\/td>\n<td class=\"et2\" style=\"width: 267.50pt;\" width=\"267\">Th\u00e9, snacks, noix, aliments secs<\/td>\n<\/tr>\n<tr style=\"height: 16.00pt;\">\n<td class=\"et2\" style=\"height: 16.00pt; width: 97.50pt;\" width=\"97\" height=\"16\">MOQ<\/td>\n<td class=\"et2\" style=\"width: 267.50pt;\" width=\"267\">50 000 pi\u00e8ces<\/td>\n<\/tr>\n<tr style=\"height: 16.00pt;\">\n<td class=\"et2\" style=\"height: 16.00pt; width: 97.50pt;\" width=\"97\" height=\"16\">Commande personnalis\u00e9e<\/td>\n<td class=\"et2\" style=\"width: 267.50pt;\" width=\"267\">Accepter le support OEM \u00c9chantillon gratuit<\/td>\n<\/tr>\n<\/tbody>\n<\/table>","protected":false},"featured_media":3496,"comment_status":"closed","ping_status":"closed","template":"","meta":{"_acf_changed":false},"product_brand":[],"product_cat":[18,30],"product_tag":[],"class_list":{"0":"post-3493","1":"product","2":"type-product","3":"status-publish","4":"has-post-thumbnail","6":"product_cat-zipper-pouch-manufacturer","7":"product_cat-stand-up-pouch-manufacturer","8":"pa_food-packaging-tea-pouch-packaging","9":"pa_food-packaging-snack-food-pouch","11":"first","12":"instock","13":"shipping-taxable","14":"product-type-simple"},"acf":[],"_links":{"self":[{"href":"https:\/\/www.stanleypackage.com\/fr\/wp-json\/wp\/v2\/product\/3493","targetHints":{"allow":["GET"]}}],"collection":[{"href":"https:\/\/www.stanleypackage.com\/fr\/wp-json\/wp\/v2\/product"}],"about":[{"href":"https:\/\/www.stanleypackage.com\/fr\/wp-json\/wp\/v2\/types\/product"}],"replies":[{"embeddable":true,"href":"https:\/\/www.stanleypackage.com\/fr\/wp-json\/wp\/v2\/comments?post=3493"}],"wp:featuredmedia":[{"embeddable":true,"href":"https:\/\/www.stanleypackage.com\/fr\/wp-json\/wp\/v2\/media\/3496"}],"wp:attachment":[{"href":"https:\/\/www.stanleypackage.com\/fr\/wp-json\/wp\/v2\/media?parent=3493"}],"wp:term":[{"taxonomy":"product_brand","embeddable":true,"href":"https:\/\/www.stanleypackage.com\/fr\/wp-json\/wp\/v2\/product_brand?post=3493"},{"taxonomy":"product_cat","embeddable":true,"href":"https:\/\/www.stanleypackage.com\/fr\/wp-json\/wp\/v2\/product_cat?post=3493"},{"taxonomy":"product_tag","embeddable":true,"href":"https:\/\/www.stanleypackage.com\/fr\/wp-json\/wp\/v2\/product_tag?post=3493"}],"curies":[{"name":"wp","href":"https:\/\/api.w.org\/{rel}","templated":true}]}}