{"id":3500,"date":"2025-10-28T04:01:59","date_gmt":"2025-10-28T04:01:59","guid":{"rendered":"https:\/\/www.stanleypackage.com\/?post_type=product&#038;p=3500"},"modified":"2025-10-28T04:02:05","modified_gmt":"2025-10-28T04:02:05","slug":"custom-printed-tea-packaging","status":"publish","type":"product","link":"https:\/\/www.stanleypackage.com\/fr\/product\/custom-printed-tea-packaging\/","title":{"rendered":"Emballage de th\u00e9 imprim\u00e9 personnalis\u00e9, pochettes \u00e0 fermeture \u00e9clair pour th\u00e9 aux fruits en vrac"},"content":{"rendered":"<div class=\"wp-block-columns is-layout-flex wp-container-core-columns-is-layout-9d6595d7 wp-block-columns-is-layout-flex\">\n<div class=\"wp-block-column is-layout-flow wp-block-column-is-layout-flow\">\n<h2 class=\"wp-block-heading\">Caract\u00e9ristiques des sachets d'emballage de th\u00e9 imprim\u00e9s sur mesure<\/h2>\n\n\n\n<ul class=\"wp-block-list\">\n<li><strong>Conception du fond stable :<\/strong> Nos emballages de th\u00e9 imprim\u00e9s personnalis\u00e9s pr\u00e9sentent un fond vertical, ce qui permet au sachet de se tenir debout pour plus de stabilit\u00e9, une meilleure pr\u00e9sentation et une facilit\u00e9 de remplissage.<\/li>\n\n\n\n<li><strong>Sceau de fra\u00eecheur longue dur\u00e9e :<\/strong> Cette pochette zipp\u00e9e imprim\u00e9e en gros pour le th\u00e9 aux fruits est dot\u00e9e d'une fermeture \u00e0 glissi\u00e8re durable et refermable qui emp\u00eache l'humidit\u00e9 de p\u00e9n\u00e9trer dans la pochette et conserve l'ar\u00f4me du th\u00e9, pr\u00e9servant ainsi la saveur et la fra\u00eecheur de votre th\u00e9 aux fruits.<\/li>\n\n\n\n<li><strong>Mat\u00e9riau \u00e0 haute barri\u00e8re : <\/strong>Cet emballage imprim\u00e9 personnalis\u00e9 pour le th\u00e9 utilise un mat\u00e9riau composite \u00e0 trois couches (MOPP\/VMPET\/CPP) pour la robustesse et la r\u00e9sistance \u00e0 la d\u00e9chirure, bloquant la lumi\u00e8re, l'oxyg\u00e8ne et l'humidit\u00e9, prolongeant ainsi la dur\u00e9e de conservation de votre produit.<\/li>\n\n\n\n<li><strong>Personnalis\u00e9 Impression :<\/strong> Notre pochette zipp\u00e9e pour th\u00e9 aux fruits en gros est personnalisable par l'OEM, ce qui permet de cr\u00e9er des motifs et des logos flexibles pour am\u00e9liorer la reconnaissance de la marque et aider \u00e0 diff\u00e9rencier le marketing de votre produit.<\/li>\n\n\n\n<li><strong>Soutien aux \u00e9chantillons gratuits : <\/strong>Nous fournissons des \u00e9chantillons gratuits pour les emballages de th\u00e9 imprim\u00e9s personnalis\u00e9s afin de faciliter la confirmation du mat\u00e9riau et de l'effet d'impression, ce qui rend les achats plus s\u00fbrs et les commandes en vrac plus s\u00fbres.<\/li>\n<\/ul>\n\n\n\n<div class=\"wp-block-columns is-layout-flex wp-container-core-columns-is-layout-9d6595d7 wp-block-columns-is-layout-flex\">\n<div class=\"wp-block-column is-layout-flow wp-block-column-is-layout-flow\">\n<figure class=\"wp-block-image size-full\"><img decoding=\"async\" width=\"750\" height=\"750\" src=\"https:\/\/www.stanleypackage.com\/wp-content\/uploads\/2025\/10\/Custom-Tea-Pouches-With-Logo-Wholesale-Stand-Up-Packaging-Bag-With-Zipper-3.jpg\" alt=\"\" class=\"wp-image-3501\" srcset=\"https:\/\/www.stanleypackage.com\/wp-content\/uploads\/2025\/10\/Custom-Tea-Pouches-With-Logo-Wholesale-Stand-Up-Packaging-Bag-With-Zipper-3.jpg 750w, https:\/\/www.stanleypackage.com\/wp-content\/uploads\/2025\/10\/Custom-Tea-Pouches-With-Logo-Wholesale-Stand-Up-Packaging-Bag-With-Zipper-3-300x300.jpg 300w, https:\/\/www.stanleypackage.com\/wp-content\/uploads\/2025\/10\/Custom-Tea-Pouches-With-Logo-Wholesale-Stand-Up-Packaging-Bag-With-Zipper-3-150x150.jpg 150w, https:\/\/www.stanleypackage.com\/wp-content\/uploads\/2025\/10\/Custom-Tea-Pouches-With-Logo-Wholesale-Stand-Up-Packaging-Bag-With-Zipper-3-12x12.jpg 12w, https:\/\/www.stanleypackage.com\/wp-content\/uploads\/2025\/10\/Custom-Tea-Pouches-With-Logo-Wholesale-Stand-Up-Packaging-Bag-With-Zipper-3-600x600.jpg 600w, https:\/\/www.stanleypackage.com\/wp-content\/uploads\/2025\/10\/Custom-Tea-Pouches-With-Logo-Wholesale-Stand-Up-Packaging-Bag-With-Zipper-3-100x100.jpg 100w\" sizes=\"(max-width: 750px) 100vw, 750px\" \/><\/figure>\n<\/div>\n\n\n\n<div class=\"wp-block-column is-layout-flow wp-block-column-is-layout-flow\">\n<figure class=\"wp-block-image size-full\"><img decoding=\"async\" width=\"750\" height=\"750\" src=\"https:\/\/www.stanleypackage.com\/wp-content\/uploads\/2025\/10\/Custom-Tea-Pouches-With-Logo-Wholesale-Stand-Up-Packaging-Bag-With-Zipper-4.jpg\" alt=\"\" class=\"wp-image-3502\" srcset=\"https:\/\/www.stanleypackage.com\/wp-content\/uploads\/2025\/10\/Custom-Tea-Pouches-With-Logo-Wholesale-Stand-Up-Packaging-Bag-With-Zipper-4.jpg 750w, https:\/\/www.stanleypackage.com\/wp-content\/uploads\/2025\/10\/Custom-Tea-Pouches-With-Logo-Wholesale-Stand-Up-Packaging-Bag-With-Zipper-4-300x300.jpg 300w, https:\/\/www.stanleypackage.com\/wp-content\/uploads\/2025\/10\/Custom-Tea-Pouches-With-Logo-Wholesale-Stand-Up-Packaging-Bag-With-Zipper-4-150x150.jpg 150w, https:\/\/www.stanleypackage.com\/wp-content\/uploads\/2025\/10\/Custom-Tea-Pouches-With-Logo-Wholesale-Stand-Up-Packaging-Bag-With-Zipper-4-12x12.jpg 12w, https:\/\/www.stanleypackage.com\/wp-content\/uploads\/2025\/10\/Custom-Tea-Pouches-With-Logo-Wholesale-Stand-Up-Packaging-Bag-With-Zipper-4-600x600.jpg 600w, https:\/\/www.stanleypackage.com\/wp-content\/uploads\/2025\/10\/Custom-Tea-Pouches-With-Logo-Wholesale-Stand-Up-Packaging-Bag-With-Zipper-4-100x100.jpg 100w\" sizes=\"(max-width: 750px) 100vw, 750px\" \/><\/figure>\n<\/div>\n<\/div>\n<\/div>\n<\/div>\n\n\n\n<p><\/p>","protected":false},"excerpt":{"rendered":"<p>Nous vous invitons \u00e0 acheter des emballages de th\u00e9 imprim\u00e9s personnalis\u00e9s. Cette pochette \u00e0 fermeture \u00e9clair pour th\u00e9 aux fruits imprim\u00e9e sur mesure est con\u00e7ue pour conserver le th\u00e9 aux fruits, la tisane et d'autres produits secs, et offre d'excellentes propri\u00e9t\u00e9s de r\u00e9sistance \u00e0 la lumi\u00e8re et \u00e0 l'humidit\u00e9. Nous prenons en charge l'impression personnalis\u00e9e OEM et des \u00e9chantillons gratuits sont disponibles.<\/p>\n<table style=\"border-collapse: collapse; width: 365.02pt;\" border=\"0\" width=\"365\" cellspacing=\"0\" cellpadding=\"0\">\n<tbody>\n<tr style=\"height: 16.00pt;\">\n<td class=\"et2\" style=\"height: 16.00pt; width: 97.50pt;\" width=\"97\" height=\"16\">Fabricant<\/td>\n<td class=\"et2\" style=\"width: 267.50pt;\" width=\"267\">Stanley<\/td>\n<\/tr>\n<tr style=\"height: 16.00pt;\">\n<td class=\"et2\" style=\"height: 16.00pt; width: 97.50pt;\" width=\"97\" height=\"16\">Types de pochettes<\/td>\n<td class=\"et2\" style=\"width: 267.50pt;\" width=\"267\">Pochette \u00e0 glissi\u00e8re, pochette \u00e0 hauteur d'homme<\/td>\n<\/tr>\n<tr style=\"height: 31.00pt;\">\n<td class=\"et2\" style=\"height: 31.00pt; width: 97.50pt;\" width=\"97\" height=\"31\">Mat\u00e9riau<\/td>\n<td class=\"et2\" style=\"width: 267.50pt;\" width=\"267\">MOPP25\/VMPET12\/CPP70<\/td>\n<\/tr>\n<tr style=\"height: 16.00pt;\">\n<td class=\"et2\" style=\"height: 16.00pt; width: 97.50pt;\" width=\"97\" height=\"16\">Dossier sp\u00e9cial<\/td>\n<td class=\"et2\" style=\"width: 267.50pt;\" width=\"267\">\u00a0Encoche de d\u00e9chirure, remplissage par le haut, fermeture \u00e0 glissi\u00e8re<\/td>\n<\/tr>\n<tr style=\"height: 16.00pt;\">\n<td class=\"et2\" style=\"height: 16.00pt; width: 97.50pt;\" width=\"97\" height=\"16\">Manipulation de surface<\/td>\n<td class=\"et2\" style=\"width: 267.50pt;\" width=\"267\">Impression en h\u00e9liogravure<\/td>\n<\/tr>\n<tr style=\"height: 16.00pt;\">\n<td class=\"et2\" style=\"height: 16.00pt; width: 97.50pt;\" width=\"97\" height=\"16\">Couleur<\/td>\n<td class=\"et2\" style=\"width: 267.50pt;\" width=\"267\">Jusqu'\u00e0 10 couleurs<\/td>\n<\/tr>\n<tr style=\"height: 16.00pt;\">\n<td class=\"et2\" style=\"height: 16.00pt; width: 97.50pt;\" width=\"97\" height=\"16\">Utilisation<\/td>\n<td class=\"et2\" style=\"width: 267.50pt;\" width=\"267\">Sachets de th\u00e9, snacks, noix, aliments secs<\/td>\n<\/tr>\n<tr style=\"height: 16.00pt;\">\n<td class=\"et2\" style=\"height: 16.00pt; width: 97.50pt;\" width=\"97\" height=\"16\">MOQ<\/td>\n<td class=\"et2\" style=\"width: 267.50pt;\" width=\"267\">50 000 pi\u00e8ces<\/td>\n<\/tr>\n<tr style=\"height: 16.00pt;\">\n<td class=\"et2\" style=\"height: 16.00pt; width: 97.50pt;\" width=\"97\" height=\"16\">Commande personnalis\u00e9e<\/td>\n<td class=\"et2\" style=\"width: 267.50pt;\" width=\"267\">Accepter le support OEM \u00c9chantillon gratuit<\/td>\n<\/tr>\n<\/tbody>\n<\/table>","protected":false},"featured_media":3503,"comment_status":"closed","ping_status":"closed","template":"","meta":{"_acf_changed":false},"product_brand":[],"product_cat":[18,30],"product_tag":[],"class_list":{"0":"post-3500","1":"product","2":"type-product","3":"status-publish","4":"has-post-thumbnail","6":"product_cat-zipper-pouch-manufacturer","7":"product_cat-stand-up-pouch-manufacturer","8":"pa_food-packaging-tea-pouch-packaging","9":"pa_food-packaging-snack-food-pouch","11":"first","12":"instock","13":"shipping-taxable","14":"product-type-simple"},"acf":[],"_links":{"self":[{"href":"https:\/\/www.stanleypackage.com\/fr\/wp-json\/wp\/v2\/product\/3500","targetHints":{"allow":["GET"]}}],"collection":[{"href":"https:\/\/www.stanleypackage.com\/fr\/wp-json\/wp\/v2\/product"}],"about":[{"href":"https:\/\/www.stanleypackage.com\/fr\/wp-json\/wp\/v2\/types\/product"}],"replies":[{"embeddable":true,"href":"https:\/\/www.stanleypackage.com\/fr\/wp-json\/wp\/v2\/comments?post=3500"}],"wp:featuredmedia":[{"embeddable":true,"href":"https:\/\/www.stanleypackage.com\/fr\/wp-json\/wp\/v2\/media\/3503"}],"wp:attachment":[{"href":"https:\/\/www.stanleypackage.com\/fr\/wp-json\/wp\/v2\/media?parent=3500"}],"wp:term":[{"taxonomy":"product_brand","embeddable":true,"href":"https:\/\/www.stanleypackage.com\/fr\/wp-json\/wp\/v2\/product_brand?post=3500"},{"taxonomy":"product_cat","embeddable":true,"href":"https:\/\/www.stanleypackage.com\/fr\/wp-json\/wp\/v2\/product_cat?post=3500"},{"taxonomy":"product_tag","embeddable":true,"href":"https:\/\/www.stanleypackage.com\/fr\/wp-json\/wp\/v2\/product_tag?post=3500"}],"curies":[{"name":"wp","href":"https:\/\/api.w.org\/{rel}","templated":true}]}}