{"id":3528,"date":"2025-10-28T06:55:18","date_gmt":"2025-10-28T06:55:18","guid":{"rendered":"https:\/\/www.stanleypackage.com\/?post_type=product&#038;p=3528"},"modified":"2025-10-28T06:55:25","modified_gmt":"2025-10-28T06:55:25","slug":"food-grade-foil-pouches-wholesale","status":"publish","type":"product","link":"https:\/\/www.stanleypackage.com\/fr\/product\/food-grade-foil-pouches-wholesale\/","title":{"rendered":"Sachets en aluminium de qualit\u00e9 alimentaire Wholesale, Emballages de c\u00e9r\u00e9ales sur mesure"},"content":{"rendered":"<div class=\"wp-block-columns is-layout-flex wp-container-core-columns-is-layout-9d6595d7 wp-block-columns-is-layout-flex\">\n<div class=\"wp-block-column is-layout-flow wp-block-column-is-layout-flow\">\n<h2 class=\"wp-block-heading\">Caract\u00e9ristiques des sachets en aluminium de qualit\u00e9 alimentaire en gros<\/h2>\n\n\n\n<ul class=\"wp-block-list\">\n<li><strong>Fra\u00eecheur professionnelle - Combinaison de verrouillage :<\/strong> Le sac ext\u00e9rieur \u00e0 fermeture \u00e0 glissi\u00e8re de ces sachets en aluminium de qualit\u00e9 alimentaire prot\u00e8ge en gros contre l'humidit\u00e9 et maintient le croustillant, tandis que les petits paquets individuels dans le sac int\u00e9rieur garantissent la fra\u00eecheur \u00e0 chaque portion, ce qui r\u00e9sout parfaitement le probl\u00e8me de la contamination par l'humidit\u00e9 caus\u00e9e par une utilisation fr\u00e9quente.<\/li>\n\n\n\n<li><strong>Une exp\u00e9rience utilisateur tr\u00e8s pratique :<\/strong> Le trou de suspension de cette pochette d'emballage de c\u00e9r\u00e9ales personnalis\u00e9e permet de la suspendre et de la ranger facilement, la languette d\u00e9tachable permet de l'ouvrir facilement, l'orifice de remplissage inf\u00e9rieur assure un remplissage efficace et la fermeture \u00e0 glissi\u00e8re refermable permet une utilisation quotidienne ais\u00e9e. Chaque d\u00e9tail am\u00e9liore l'exp\u00e9rience de l'utilisateur.<\/li>\n\n\n\n<li><strong>Debout, belle pr\u00e9sentation sur l'\u00e9tag\u00e8re : <\/strong>Le fond plat de ces sachets en aluminium de qualit\u00e9 alimentaire garantit que l'emballage ext\u00e9rieur reste debout pour une pr\u00e9sentation optimale, am\u00e9liorant ainsi l'image du produit et le professionnalisme de la marque.<\/li>\n\n\n\n<li><strong>Personnalisation compl\u00e8te de la marque : <\/strong>Nos sachets d'emballage de c\u00e9r\u00e9ales personnalis\u00e9s offrent une personnalisation compl\u00e8te du mat\u00e9riau, de la taille et du motif du sac ext\u00e9rieur et int\u00e9rieur, mettant parfaitement en valeur les caract\u00e9ristiques uniques de votre marque, du logo \u00e0 la couleur, cr\u00e9ant ainsi un avantage unique sur le march\u00e9.<\/li>\n\n\n\n<li><strong>Mat\u00e9riaux de qualit\u00e9 alimentaire s\u00fbrs :<\/strong> Nos sachets en aluminium de qualit\u00e9 alimentaire utilisent du papier d'aluminium de qualit\u00e9 alimentaire de haut niveau, offrant des propri\u00e9t\u00e9s sup\u00e9rieures de r\u00e9sistance \u00e0 la lumi\u00e8re, \u00e0 l'oxyg\u00e8ne et \u00e0 l'humidit\u00e9, garantissant la s\u00e9curit\u00e9 et l'hygi\u00e8ne du contenu et prolongeant la dur\u00e9e de conservation du produit.<\/li>\n<\/ul>\n\n\n\n<div class=\"wp-block-columns is-layout-flex wp-container-core-columns-is-layout-9d6595d7 wp-block-columns-is-layout-flex\">\n<div class=\"wp-block-column is-layout-flow wp-block-column-is-layout-flow\">\n<figure class=\"wp-block-image size-full\"><img decoding=\"async\" width=\"750\" height=\"750\" src=\"https:\/\/www.stanleypackage.com\/wp-content\/uploads\/2025\/10\/Custom-Food-Packaging-Bag-Wholesale-8-Side-Seal-Oatmeal-Pouch-3.jpg\" alt=\"\" class=\"wp-image-3529\" srcset=\"https:\/\/www.stanleypackage.com\/wp-content\/uploads\/2025\/10\/Custom-Food-Packaging-Bag-Wholesale-8-Side-Seal-Oatmeal-Pouch-3.jpg 750w, https:\/\/www.stanleypackage.com\/wp-content\/uploads\/2025\/10\/Custom-Food-Packaging-Bag-Wholesale-8-Side-Seal-Oatmeal-Pouch-3-300x300.jpg 300w, https:\/\/www.stanleypackage.com\/wp-content\/uploads\/2025\/10\/Custom-Food-Packaging-Bag-Wholesale-8-Side-Seal-Oatmeal-Pouch-3-150x150.jpg 150w, https:\/\/www.stanleypackage.com\/wp-content\/uploads\/2025\/10\/Custom-Food-Packaging-Bag-Wholesale-8-Side-Seal-Oatmeal-Pouch-3-12x12.jpg 12w, https:\/\/www.stanleypackage.com\/wp-content\/uploads\/2025\/10\/Custom-Food-Packaging-Bag-Wholesale-8-Side-Seal-Oatmeal-Pouch-3-600x600.jpg 600w, https:\/\/www.stanleypackage.com\/wp-content\/uploads\/2025\/10\/Custom-Food-Packaging-Bag-Wholesale-8-Side-Seal-Oatmeal-Pouch-3-100x100.jpg 100w\" sizes=\"(max-width: 750px) 100vw, 750px\" \/><\/figure>\n<\/div>\n\n\n\n<div class=\"wp-block-column is-layout-flow wp-block-column-is-layout-flow\">\n<figure class=\"wp-block-image size-full\"><img decoding=\"async\" width=\"750\" height=\"750\" src=\"https:\/\/www.stanleypackage.com\/wp-content\/uploads\/2025\/10\/Custom-Food-Packaging-Bag-Wholesale-8-Side-Seal-Oatmeal-Pouch-6.jpg\" alt=\"\" class=\"wp-image-3533\" srcset=\"https:\/\/www.stanleypackage.com\/wp-content\/uploads\/2025\/10\/Custom-Food-Packaging-Bag-Wholesale-8-Side-Seal-Oatmeal-Pouch-6.jpg 750w, https:\/\/www.stanleypackage.com\/wp-content\/uploads\/2025\/10\/Custom-Food-Packaging-Bag-Wholesale-8-Side-Seal-Oatmeal-Pouch-6-300x300.jpg 300w, https:\/\/www.stanleypackage.com\/wp-content\/uploads\/2025\/10\/Custom-Food-Packaging-Bag-Wholesale-8-Side-Seal-Oatmeal-Pouch-6-150x150.jpg 150w, https:\/\/www.stanleypackage.com\/wp-content\/uploads\/2025\/10\/Custom-Food-Packaging-Bag-Wholesale-8-Side-Seal-Oatmeal-Pouch-6-12x12.jpg 12w, https:\/\/www.stanleypackage.com\/wp-content\/uploads\/2025\/10\/Custom-Food-Packaging-Bag-Wholesale-8-Side-Seal-Oatmeal-Pouch-6-600x600.jpg 600w, https:\/\/www.stanleypackage.com\/wp-content\/uploads\/2025\/10\/Custom-Food-Packaging-Bag-Wholesale-8-Side-Seal-Oatmeal-Pouch-6-100x100.jpg 100w\" sizes=\"(max-width: 750px) 100vw, 750px\" \/><\/figure>\n<\/div>\n<\/div>\n<\/div>\n<\/div>\n\n\n\n<p><\/p>","protected":false},"excerpt":{"rendered":"<p>Trouvez des sachets en aluminium de qualit\u00e9 alimentaire en gros. Ce sachet d'emballage de c\u00e9r\u00e9ales personnalis\u00e9 offre une solution de gros tout-en-un, comprenant un sac ext\u00e9rieur refermable \u00e0 fermeture \u00e0 glissi\u00e8re et des petits paquets individuels scell\u00e9s sur trois c\u00f4t\u00e9s. Le sac ext\u00e9rieur est dot\u00e9 d'un trou de suspension, d'une languette d\u00e9chirable et d'un orifice de remplissage inf\u00e9rieur.<\/p>\n<table style=\"border-collapse: collapse; width: 365.02pt;\" border=\"0\" width=\"365\" cellspacing=\"0\" cellpadding=\"0\">\n<tbody>\n<tr style=\"height: 16.00pt;\">\n<td class=\"et2\" style=\"height: 16.00pt; width: 97.50pt;\" width=\"97\" height=\"16\">Fabricant<\/td>\n<td class=\"et2\" style=\"width: 267.50pt;\" width=\"267\">Stanley<\/td>\n<\/tr>\n<tr style=\"height: 16.00pt;\">\n<td class=\"et2\" style=\"height: 16.00pt; width: 97.50pt;\" width=\"97\" height=\"16\">Types de pochettes<\/td>\n<td class=\"et2\" style=\"width: 267.50pt;\" width=\"267\">Pochette \u00e0 fond plat avec fermeture \u00e0 glissi\u00e8re + pochette \u00e0 fermeture sur 3 c\u00f4t\u00e9s<\/td>\n<\/tr>\n<tr style=\"height: 31.00pt;\">\n<td class=\"et2\" style=\"height: 31.00pt; width: 97.50pt;\" width=\"97\" height=\"31\">Mat\u00e9riau<\/td>\n<td class=\"et2\" style=\"width: 267.50pt;\" width=\"267\">Devant et derri\u00e8re : PET12\/VMPET12\/PE105<br \/>C\u00f4t\u00e9s : PET12\/VMPET12\/PE90<\/td>\n<\/tr>\n<tr style=\"height: 16.00pt;\">\n<td class=\"et2\" style=\"height: 16.00pt; width: 97.50pt;\" width=\"97\" height=\"16\">Dossier sp\u00e9cial<\/td>\n<td class=\"et2\" style=\"width: 267.50pt;\" width=\"267\">Trou de suspension, encoche de d\u00e9chirure, remplissage du fond, fermeture \u00e0 glissi\u00e8re<\/td>\n<\/tr>\n<tr style=\"height: 16.00pt;\">\n<td class=\"et2\" style=\"height: 16.00pt; width: 97.50pt;\" width=\"97\" height=\"16\">Manipulation de surface<\/td>\n<td class=\"et2\" style=\"width: 267.50pt;\" width=\"267\">Impression en h\u00e9liogravure<\/td>\n<\/tr>\n<tr style=\"height: 16.00pt;\">\n<td class=\"et2\" style=\"height: 16.00pt; width: 97.50pt;\" width=\"97\" height=\"16\">Couleur<\/td>\n<td class=\"et2\" style=\"width: 267.50pt;\" width=\"267\">Jusqu'\u00e0 10 couleurs<\/td>\n<\/tr>\n<tr style=\"height: 16.00pt;\">\n<td class=\"et2\" style=\"height: 16.00pt; width: 97.50pt;\" width=\"97\" height=\"16\">Utilisation<\/td>\n<td class=\"et2\" style=\"width: 267.50pt;\" width=\"267\">Flocons d'avoine, caf\u00e9, snacks, noix, aliments secs<\/td>\n<\/tr>\n<tr style=\"height: 16.00pt;\">\n<td class=\"et2\" style=\"height: 16.00pt; width: 97.50pt;\" width=\"97\" height=\"16\">MOQ<\/td>\n<td class=\"et2\" style=\"width: 267.50pt;\" width=\"267\">50 000 pi\u00e8ces<\/td>\n<\/tr>\n<tr style=\"height: 16.00pt;\">\n<td class=\"et2\" style=\"height: 16.00pt; width: 97.50pt;\" width=\"97\" height=\"16\">Commande personnalis\u00e9e<\/td>\n<td class=\"et2\" style=\"width: 267.50pt;\" width=\"267\">Accepter le support OEM \u00c9chantillon gratuit<\/td>\n<\/tr>\n<\/tbody>\n<\/table>","protected":false},"featured_media":3530,"comment_status":"closed","ping_status":"closed","template":"","meta":{"_acf_changed":false},"product_brand":[],"product_cat":[24,31,28,18],"product_tag":[],"class_list":{"0":"post-3528","1":"product","2":"type-product","3":"status-publish","4":"has-post-thumbnail","6":"product_cat-flat-bottom-pouch-manufacturer","7":"product_cat-lay-flat-pouch-manufacturer","8":"product_cat-three-side-seal-pouch-manufacturer","9":"product_cat-zipper-pouch-manufacturer","10":"pa_food-packaging-oatmeal-pouch","11":"pa_food-packaging-snack-food-pouch","13":"first","14":"instock","15":"shipping-taxable","16":"product-type-simple"},"acf":[],"_links":{"self":[{"href":"https:\/\/www.stanleypackage.com\/fr\/wp-json\/wp\/v2\/product\/3528","targetHints":{"allow":["GET"]}}],"collection":[{"href":"https:\/\/www.stanleypackage.com\/fr\/wp-json\/wp\/v2\/product"}],"about":[{"href":"https:\/\/www.stanleypackage.com\/fr\/wp-json\/wp\/v2\/types\/product"}],"replies":[{"embeddable":true,"href":"https:\/\/www.stanleypackage.com\/fr\/wp-json\/wp\/v2\/comments?post=3528"}],"wp:featuredmedia":[{"embeddable":true,"href":"https:\/\/www.stanleypackage.com\/fr\/wp-json\/wp\/v2\/media\/3530"}],"wp:attachment":[{"href":"https:\/\/www.stanleypackage.com\/fr\/wp-json\/wp\/v2\/media?parent=3528"}],"wp:term":[{"taxonomy":"product_brand","embeddable":true,"href":"https:\/\/www.stanleypackage.com\/fr\/wp-json\/wp\/v2\/product_brand?post=3528"},{"taxonomy":"product_cat","embeddable":true,"href":"https:\/\/www.stanleypackage.com\/fr\/wp-json\/wp\/v2\/product_cat?post=3528"},{"taxonomy":"product_tag","embeddable":true,"href":"https:\/\/www.stanleypackage.com\/fr\/wp-json\/wp\/v2\/product_tag?post=3528"}],"curies":[{"name":"wp","href":"https:\/\/api.w.org\/{rel}","templated":true}]}}