{"id":3562,"date":"2025-11-01T02:39:30","date_gmt":"2025-11-01T02:39:30","guid":{"rendered":"https:\/\/www.stanleypackage.com\/?post_type=product&#038;p=3562"},"modified":"2025-11-01T02:39:37","modified_gmt":"2025-11-01T02:39:37","slug":"custom-rollstock","status":"publish","type":"product","link":"https:\/\/www.stanleypackage.com\/fr\/product\/custom-rollstock\/","title":{"rendered":"Films d'emballage pour snacks, de qualit\u00e9 alimentaire, en rouleaux, sur mesure, commerce de gros"},"content":{"rendered":"<div class=\"wp-block-columns is-layout-flex wp-container-core-columns-is-layout-9d6595d7 wp-block-columns-is-layout-flex\">\n<div class=\"wp-block-column is-layout-flow wp-block-column-is-layout-flow\">\n<h2 class=\"wp-block-heading\">Caract\u00e9ristiques du film en rouleau sur mesure<\/h2>\n\n\n\n<ul class=\"wp-block-list\">\n<li><strong>Efficace pour les lignes de production automatis\u00e9es : <\/strong>Ce film en bobine de qualit\u00e9 alimentaire convient aux \u00e9quipements d'emballage automatique \u00e0 grande vitesse, am\u00e9liorant l'efficacit\u00e9 de la production et permettant d'\u00e9conomiser du temps et de la main-d'\u0153uvre.<\/li>\n\n\n\n<li><strong>Mat\u00e9riau rev\u00eatu d'aluminium : <\/strong>Nos films d'emballage pour snacks imprim\u00e9s sur mesure sont fabriqu\u00e9s \u00e0 partir d'un mat\u00e9riau aluminis\u00e9, qui peut emp\u00eacher efficacement la p\u00e9n\u00e9tration de gaz et de vapeur d'eau, prolongeant ainsi la dur\u00e9e de conservation du caf\u00e9.<\/li>\n\n\n\n<li><strong>Possibilit\u00e9 d'apposer un logo personnalis\u00e9 sur l'emballage : <\/strong>Notre film en rouleau peut \u00eatre personnalis\u00e9 avec n'importe quel logo, ce qui renforce la notori\u00e9t\u00e9 de la marque de nos clients.<\/li>\n\n\n\n<li><strong>Prend en charge une vari\u00e9t\u00e9 de processus de surface :<\/strong> Nos films d'emballage pour snacks en gros peuvent choisir des proc\u00e9d\u00e9s d'impression sp\u00e9ciaux tels que mat, brillant, lumi\u00e8re locale UV, etc. pour am\u00e9liorer la stratification de l'emballage et la reconnaissance de la marque.<\/li>\n\n\n\n<li><strong>Flexibilit\u00e9 Conception :<\/strong> Notre film en rouleau peut \u00eatre personnalis\u00e9 avec des motifs d'impression et des sp\u00e9cifications selon les besoins du client. Il convient aux produits de confiserie de tailles et de formes diff\u00e9rentes.<\/li>\n<\/ul>\n\n\n\n<div class=\"wp-block-columns is-layout-flex wp-container-core-columns-is-layout-9d6595d7 wp-block-columns-is-layout-flex\">\n<div class=\"wp-block-column is-layout-flow wp-block-column-is-layout-flow\">\n<figure class=\"wp-block-image size-full\"><img decoding=\"async\" width=\"750\" height=\"750\" src=\"https:\/\/www.stanleypackage.com\/wp-content\/uploads\/2025\/10\/Custom-Printed-Roll-Stock-Film-Wholesale-Packaging-Film-For-Food-2.jpg\" alt=\"\" class=\"wp-image-3564\" srcset=\"https:\/\/www.stanleypackage.com\/wp-content\/uploads\/2025\/10\/Custom-Printed-Roll-Stock-Film-Wholesale-Packaging-Film-For-Food-2.jpg 750w, https:\/\/www.stanleypackage.com\/wp-content\/uploads\/2025\/10\/Custom-Printed-Roll-Stock-Film-Wholesale-Packaging-Film-For-Food-2-300x300.jpg 300w, https:\/\/www.stanleypackage.com\/wp-content\/uploads\/2025\/10\/Custom-Printed-Roll-Stock-Film-Wholesale-Packaging-Film-For-Food-2-150x150.jpg 150w, https:\/\/www.stanleypackage.com\/wp-content\/uploads\/2025\/10\/Custom-Printed-Roll-Stock-Film-Wholesale-Packaging-Film-For-Food-2-12x12.jpg 12w, https:\/\/www.stanleypackage.com\/wp-content\/uploads\/2025\/10\/Custom-Printed-Roll-Stock-Film-Wholesale-Packaging-Film-For-Food-2-600x600.jpg 600w, https:\/\/www.stanleypackage.com\/wp-content\/uploads\/2025\/10\/Custom-Printed-Roll-Stock-Film-Wholesale-Packaging-Film-For-Food-2-100x100.jpg 100w\" sizes=\"(max-width: 750px) 100vw, 750px\" \/><\/figure>\n<\/div>\n\n\n\n<div class=\"wp-block-column is-layout-flow wp-block-column-is-layout-flow\">\n<figure class=\"wp-block-image size-full\"><img decoding=\"async\" width=\"750\" height=\"750\" src=\"https:\/\/www.stanleypackage.com\/wp-content\/uploads\/2025\/10\/Custom-Printed-Roll-Stock-Film-Wholesale-Packaging-Film-For-Food-6.jpg\" alt=\"\" class=\"wp-image-3565\" srcset=\"https:\/\/www.stanleypackage.com\/wp-content\/uploads\/2025\/10\/Custom-Printed-Roll-Stock-Film-Wholesale-Packaging-Film-For-Food-6.jpg 750w, https:\/\/www.stanleypackage.com\/wp-content\/uploads\/2025\/10\/Custom-Printed-Roll-Stock-Film-Wholesale-Packaging-Film-For-Food-6-300x300.jpg 300w, https:\/\/www.stanleypackage.com\/wp-content\/uploads\/2025\/10\/Custom-Printed-Roll-Stock-Film-Wholesale-Packaging-Film-For-Food-6-150x150.jpg 150w, https:\/\/www.stanleypackage.com\/wp-content\/uploads\/2025\/10\/Custom-Printed-Roll-Stock-Film-Wholesale-Packaging-Film-For-Food-6-12x12.jpg 12w, https:\/\/www.stanleypackage.com\/wp-content\/uploads\/2025\/10\/Custom-Printed-Roll-Stock-Film-Wholesale-Packaging-Film-For-Food-6-600x600.jpg 600w, https:\/\/www.stanleypackage.com\/wp-content\/uploads\/2025\/10\/Custom-Printed-Roll-Stock-Film-Wholesale-Packaging-Film-For-Food-6-100x100.jpg 100w\" sizes=\"(max-width: 750px) 100vw, 750px\" \/><\/figure>\n<\/div>\n<\/div>\n<\/div>\n<\/div>","protected":false},"excerpt":{"rendered":"<p>Nous vous invitons \u00e0 commander des films en rouleaux personnalis\u00e9s. Nos films d'emballage pour snacks en gros sont fabriqu\u00e9s \u00e0 partir d'un mat\u00e9riau aluminis\u00e9, qui peut emp\u00eacher efficacement la p\u00e9n\u00e9tration des gaz et de la vapeur d'eau. Possibilit\u00e9 de personnaliser le logo, la taille, la forme, etc.<\/p>\n<table style=\"border-collapse: collapse; width: 334.02pt;\" border=\"0\" width=\"334\" cellspacing=\"0\" cellpadding=\"0\">\n<tbody>\n<tr style=\"height: 16.00pt;\">\n<td class=\"et2\" style=\"height: 16.00pt; width: 97.50pt;\" width=\"97\" height=\"16\">Fabricant<\/td>\n<td class=\"et2\" style=\"width: 236.80pt;\" width=\"236\">Stanley<\/td>\n<\/tr>\n<tr style=\"height: 16.00pt;\">\n<td class=\"et2\" style=\"height: 16.00pt; width: 97.50pt;\" width=\"97\" height=\"16\">Types de pochettes<\/td>\n<td class=\"et3\">Film d'emballage<\/td>\n<\/tr>\n<tr style=\"height: 16.00pt;\">\n<td class=\"et2\" style=\"height: 16.00pt; width: 97.50pt;\" width=\"97\" height=\"16\">Mat\u00e9riau<\/td>\n<td class=\"et2\" style=\"width: 236.80pt;\" width=\"236\">BOPP28\/VMPET12\/PE68<\/td>\n<\/tr>\n<tr style=\"height: 16.00pt;\">\n<td class=\"et2\" style=\"height: 16.00pt; width: 97.50pt;\" width=\"97\" height=\"16\">Dossier sp\u00e9cial<\/td>\n<td class=\"et2\" style=\"width: 236.80pt;\" width=\"236\">Mat\u00e9riau alumin\u00e9<\/td>\n<\/tr>\n<tr style=\"height: 16.00pt;\">\n<td class=\"et2\" style=\"height: 16.00pt; width: 97.50pt;\" width=\"97\" height=\"16\">Manipulation de surface<\/td>\n<td class=\"et2\" style=\"width: 236.80pt;\" width=\"236\">Impression en h\u00e9liogravure<\/td>\n<\/tr>\n<tr style=\"height: 16.00pt;\">\n<td class=\"et2\" style=\"height: 16.00pt; width: 97.50pt;\" width=\"97\" height=\"16\">Couleur<\/td>\n<td class=\"et2\" style=\"width: 236.80pt;\" width=\"236\">Jusqu'\u00e0 10 couleurs<\/td>\n<\/tr>\n<tr style=\"height: 16.00pt;\">\n<td class=\"et2\" style=\"height: 16.00pt; width: 97.50pt;\" width=\"97\" height=\"16\">Utilisation<\/td>\n<td>Aliments pour animaux, \u00c9pices, Gel\u00e9e<\/td>\n<\/tr>\n<tr style=\"height: 16.00pt;\">\n<td class=\"et2\" style=\"height: 16.00pt; width: 97.50pt;\" width=\"97\" height=\"16\">MOQ<\/td>\n<td class=\"et2\" style=\"width: 236.80pt;\" width=\"236\">50 000 pi\u00e8ces<\/td>\n<\/tr>\n<tr style=\"height: 16.00pt;\">\n<td class=\"et2\" style=\"height: 16.00pt; width: 97.50pt;\" width=\"97\" height=\"16\">Commande personnalis\u00e9e<\/td>\n<td class=\"et2\" style=\"width: 236.80pt;\" width=\"236\">Acceptation de l'OEM, prise en charge de l'\u00e9chantillonnage gratuit<\/td>\n<\/tr>\n<\/tbody>\n<\/table>\n<p>&nbsp;<\/p>","protected":false},"featured_media":3566,"comment_status":"closed","ping_status":"closed","template":"","meta":{"_acf_changed":false},"product_brand":[],"product_cat":[26],"product_tag":[],"class_list":{"0":"post-3562","1":"product","2":"type-product","3":"status-publish","4":"has-post-thumbnail","6":"product_cat-packaging-film-manufacturer","7":"pa_food-packaging-snack-food-pouch","8":"pa_food-packaging-ready-meal-pouch","10":"first","11":"instock","12":"shipping-taxable","13":"product-type-simple"},"acf":[],"_links":{"self":[{"href":"https:\/\/www.stanleypackage.com\/fr\/wp-json\/wp\/v2\/product\/3562","targetHints":{"allow":["GET"]}}],"collection":[{"href":"https:\/\/www.stanleypackage.com\/fr\/wp-json\/wp\/v2\/product"}],"about":[{"href":"https:\/\/www.stanleypackage.com\/fr\/wp-json\/wp\/v2\/types\/product"}],"replies":[{"embeddable":true,"href":"https:\/\/www.stanleypackage.com\/fr\/wp-json\/wp\/v2\/comments?post=3562"}],"wp:featuredmedia":[{"embeddable":true,"href":"https:\/\/www.stanleypackage.com\/fr\/wp-json\/wp\/v2\/media\/3566"}],"wp:attachment":[{"href":"https:\/\/www.stanleypackage.com\/fr\/wp-json\/wp\/v2\/media?parent=3562"}],"wp:term":[{"taxonomy":"product_brand","embeddable":true,"href":"https:\/\/www.stanleypackage.com\/fr\/wp-json\/wp\/v2\/product_brand?post=3562"},{"taxonomy":"product_cat","embeddable":true,"href":"https:\/\/www.stanleypackage.com\/fr\/wp-json\/wp\/v2\/product_cat?post=3562"},{"taxonomy":"product_tag","embeddable":true,"href":"https:\/\/www.stanleypackage.com\/fr\/wp-json\/wp\/v2\/product_tag?post=3562"}],"curies":[{"name":"wp","href":"https:\/\/api.w.org\/{rel}","templated":true}]}}