{"id":3572,"date":"2025-11-01T02:18:25","date_gmt":"2025-11-01T02:18:25","guid":{"rendered":"https:\/\/www.stanleypackage.com\/?post_type=product&#038;p=3572"},"modified":"2025-11-01T02:18:32","modified_gmt":"2025-11-01T02:18:32","slug":"food-grade-foil-pouches-bulk-2","status":"publish","type":"product","link":"https:\/\/www.stanleypackage.com\/fr\/product\/food-grade-foil-pouches-bulk-2\/","title":{"rendered":"Pochettes en aluminium de qualit\u00e9 alimentaire en vrac avec service d'impression personnalis\u00e9"},"content":{"rendered":"<div class=\"wp-block-columns is-layout-flex wp-container-core-columns-is-layout-9d6595d7 wp-block-columns-is-layout-flex\">\n<div class=\"wp-block-column is-layout-flow wp-block-column-is-layout-flow\">\n<h2 class=\"wp-block-heading\">Caract\u00e9ristiques des sachets en aluminium de qualit\u00e9 alimentaire en vrac<\/h2>\n\n\n\n<ul class=\"wp-block-list\">\n<li><strong>Haute barri\u00e8re, qualit\u00e9 alimentaire et s\u00e9curit\u00e9 :<\/strong> Nos sachets de qualit\u00e9 alimentaire en vrac utilisent une structure composite multicouche de PET12\/VMPET12\/PE110, offrant une excellente protection contre l'humidit\u00e9, l'oxydation et la lumi\u00e8re.<\/li>\n\n\n\n<li><strong>Conception facile \u00e0 d\u00e9chirer : <\/strong>Nos sachets alimentaires imprim\u00e9s en gros sont dot\u00e9s d'une encoche facile \u00e0 d\u00e9chirer qui permet aux consommateurs de les ouvrir ais\u00e9ment.<\/li>\n\n\n\n<li><strong>Remplissage et scellement efficaces : <\/strong>Le remplissage par le haut de ces sachets en aluminium de qualit\u00e9 alimentaire rend le processus d'emballage plus efficace et plus hygi\u00e9nique, ce qui les rend particuli\u00e8rement adapt\u00e9s \u00e0 la production de gros volumes sur les cha\u00eenes d'assemblage.<\/li>\n\n\n\n<li><strong>Large application : <\/strong>Ces sachets debout imprim\u00e9s sur mesure conviennent \u00e0 l'emballage d'une grande vari\u00e9t\u00e9 d'aliments, notamment les grains de caf\u00e9, les noix, les c\u00e9r\u00e9ales, les snacks, le th\u00e9 et les aliments pour animaux de compagnie, ce qui permet aux marques de r\u00e9pondre aux besoins du march\u00e9 de plusieurs cat\u00e9gories de produits avec un seul et m\u00eame emballage.<\/li>\n\n\n\n<li><strong>Aluminium Mat\u00e9riau du film : <\/strong>Nos sachets de qualit\u00e9 alimentaire en vrac sont fabriqu\u00e9s \u00e0 partir d'un film d'aluminium qui emp\u00eache l'infiltration de l'air et de l'humidit\u00e9.<\/li>\n<\/ul>\n\n\n\n<div class=\"wp-block-columns is-layout-flex wp-container-core-columns-is-layout-9d6595d7 wp-block-columns-is-layout-flex\">\n<div class=\"wp-block-column is-layout-flow wp-block-column-is-layout-flow\">\n<figure class=\"wp-block-image size-full\"><img decoding=\"async\" width=\"750\" height=\"750\" src=\"https:\/\/www.stanleypackage.com\/wp-content\/uploads\/2025\/10\/Custom-Food-Pouches-With-Logo-Bulk-3-Side-Seal-Packaging-Bags-3.jpg\" alt=\"\" class=\"wp-image-3573\" srcset=\"https:\/\/www.stanleypackage.com\/wp-content\/uploads\/2025\/10\/Custom-Food-Pouches-With-Logo-Bulk-3-Side-Seal-Packaging-Bags-3.jpg 750w, https:\/\/www.stanleypackage.com\/wp-content\/uploads\/2025\/10\/Custom-Food-Pouches-With-Logo-Bulk-3-Side-Seal-Packaging-Bags-3-300x300.jpg 300w, https:\/\/www.stanleypackage.com\/wp-content\/uploads\/2025\/10\/Custom-Food-Pouches-With-Logo-Bulk-3-Side-Seal-Packaging-Bags-3-150x150.jpg 150w, https:\/\/www.stanleypackage.com\/wp-content\/uploads\/2025\/10\/Custom-Food-Pouches-With-Logo-Bulk-3-Side-Seal-Packaging-Bags-3-12x12.jpg 12w, https:\/\/www.stanleypackage.com\/wp-content\/uploads\/2025\/10\/Custom-Food-Pouches-With-Logo-Bulk-3-Side-Seal-Packaging-Bags-3-600x600.jpg 600w, https:\/\/www.stanleypackage.com\/wp-content\/uploads\/2025\/10\/Custom-Food-Pouches-With-Logo-Bulk-3-Side-Seal-Packaging-Bags-3-100x100.jpg 100w\" sizes=\"(max-width: 750px) 100vw, 750px\" \/><\/figure>\n<\/div>\n\n\n\n<div class=\"wp-block-column is-layout-flow wp-block-column-is-layout-flow\">\n<figure class=\"wp-block-image size-full\"><img decoding=\"async\" width=\"750\" height=\"750\" src=\"https:\/\/www.stanleypackage.com\/wp-content\/uploads\/2025\/10\/Custom-Food-Pouches-With-Logo-Bulk-3-Side-Seal-Packaging-Bags-7.jpg\" alt=\"\" class=\"wp-image-3574\" srcset=\"https:\/\/www.stanleypackage.com\/wp-content\/uploads\/2025\/10\/Custom-Food-Pouches-With-Logo-Bulk-3-Side-Seal-Packaging-Bags-7.jpg 750w, https:\/\/www.stanleypackage.com\/wp-content\/uploads\/2025\/10\/Custom-Food-Pouches-With-Logo-Bulk-3-Side-Seal-Packaging-Bags-7-300x300.jpg 300w, https:\/\/www.stanleypackage.com\/wp-content\/uploads\/2025\/10\/Custom-Food-Pouches-With-Logo-Bulk-3-Side-Seal-Packaging-Bags-7-150x150.jpg 150w, https:\/\/www.stanleypackage.com\/wp-content\/uploads\/2025\/10\/Custom-Food-Pouches-With-Logo-Bulk-3-Side-Seal-Packaging-Bags-7-12x12.jpg 12w, https:\/\/www.stanleypackage.com\/wp-content\/uploads\/2025\/10\/Custom-Food-Pouches-With-Logo-Bulk-3-Side-Seal-Packaging-Bags-7-600x600.jpg 600w, https:\/\/www.stanleypackage.com\/wp-content\/uploads\/2025\/10\/Custom-Food-Pouches-With-Logo-Bulk-3-Side-Seal-Packaging-Bags-7-100x100.jpg 100w\" sizes=\"(max-width: 750px) 100vw, 750px\" \/><\/figure>\n<\/div>\n<\/div>\n<\/div>\n<\/div>\n\n\n\n<p><\/p>","protected":false},"excerpt":{"rendered":"<p>Bienvenue sur le site d'achat de sachets alimentaires en vrac. Nos sachets alimentaires imprim\u00e9s sur mesure combinent des propri\u00e9t\u00e9s de haute barri\u00e8re et de durabilit\u00e9, avec une encoche facile \u00e0 d\u00e9chirer et un orifice de remplissage par le haut pour r\u00e9pondre \u00e0 une vari\u00e9t\u00e9 de besoins en mati\u00e8re d'emballage et de pr\u00e9sentation des aliments.<\/p>\n<table style=\"border-collapse: collapse; width: 365.02pt;\" border=\"0\" width=\"365\" cellspacing=\"0\" cellpadding=\"0\">\n<tbody>\n<tr style=\"height: 16.00pt;\">\n<td class=\"et2\" style=\"height: 16.00pt; width: 97.50pt;\" width=\"97\" height=\"16\">Fabricant<\/td>\n<td class=\"et2\" style=\"width: 267.50pt;\" width=\"267\">Stanley<\/td>\n<\/tr>\n<tr style=\"height: 16.00pt;\">\n<td class=\"et2\" style=\"height: 16.00pt; width: 97.50pt;\" width=\"97\" height=\"16\">Types de pochettes<\/td>\n<td class=\"et2\" style=\"width: 267.50pt;\" width=\"267\">Pochette Stand Up<\/td>\n<\/tr>\n<tr style=\"height: 31.00pt;\">\n<td class=\"et2\" style=\"height: 31.00pt; width: 97.50pt;\" width=\"97\" height=\"31\">Mat\u00e9riau<\/td>\n<td class=\"et2\" style=\"width: 267.50pt;\" width=\"267\">PET12\/VMPET12\/PE110<\/td>\n<\/tr>\n<tr style=\"height: 16.00pt;\">\n<td class=\"et2\" style=\"height: 16.00pt; width: 97.50pt;\" width=\"97\" height=\"16\">Dossier sp\u00e9cial<\/td>\n<td class=\"et2\" style=\"width: 267.50pt;\" width=\"267\">Encoche de d\u00e9chirure, remplissage par le haut<\/td>\n<\/tr>\n<tr style=\"height: 16.00pt;\">\n<td class=\"et2\" style=\"height: 16.00pt; width: 97.50pt;\" width=\"97\" height=\"16\">Manipulation de surface<\/td>\n<td class=\"et2\" style=\"width: 267.50pt;\" width=\"267\">Impression en h\u00e9liogravure<\/td>\n<\/tr>\n<tr style=\"height: 16.00pt;\">\n<td class=\"et2\" style=\"height: 16.00pt; width: 97.50pt;\" width=\"97\" height=\"16\">Couleur<\/td>\n<td class=\"et2\" style=\"width: 267.50pt;\" width=\"267\">Jusqu'\u00e0 10 couleurs<\/td>\n<\/tr>\n<tr style=\"height: 16.00pt;\">\n<td class=\"et2\" style=\"height: 16.00pt; width: 97.50pt;\" width=\"97\" height=\"16\">Utilisation<\/td>\n<td class=\"et2\" style=\"width: 267.50pt;\" width=\"267\">Flocons d'avoine, caf\u00e9, snacks, noix, aliments secs<\/td>\n<\/tr>\n<tr style=\"height: 16.00pt;\">\n<td class=\"et2\" style=\"height: 16.00pt; width: 97.50pt;\" width=\"97\" height=\"16\">MOQ<\/td>\n<td class=\"et2\" style=\"width: 267.50pt;\" width=\"267\">50 000 pi\u00e8ces<\/td>\n<\/tr>\n<tr style=\"height: 16.00pt;\">\n<td class=\"et2\" style=\"height: 16.00pt; width: 97.50pt;\" width=\"97\" height=\"16\">Commande personnalis\u00e9e<\/td>\n<td class=\"et2\" style=\"width: 267.50pt;\" width=\"267\">Accepter le support OEM \u00c9chantillon gratuit<\/td>\n<\/tr>\n<\/tbody>\n<\/table>","protected":false},"featured_media":3575,"comment_status":"closed","ping_status":"closed","template":"","meta":{"_acf_changed":false},"product_brand":[],"product_cat":[30],"product_tag":[],"class_list":{"0":"post-3572","1":"product","2":"type-product","3":"status-publish","4":"has-post-thumbnail","6":"product_cat-stand-up-pouch-manufacturer","7":"pa_food-packaging-oatmeal-pouch","8":"pa_food-packaging-snack-food-pouch","9":"pa_food-packaging-ready-meal-pouch","11":"first","12":"instock","13":"shipping-taxable","14":"product-type-simple"},"acf":[],"_links":{"self":[{"href":"https:\/\/www.stanleypackage.com\/fr\/wp-json\/wp\/v2\/product\/3572","targetHints":{"allow":["GET"]}}],"collection":[{"href":"https:\/\/www.stanleypackage.com\/fr\/wp-json\/wp\/v2\/product"}],"about":[{"href":"https:\/\/www.stanleypackage.com\/fr\/wp-json\/wp\/v2\/types\/product"}],"replies":[{"embeddable":true,"href":"https:\/\/www.stanleypackage.com\/fr\/wp-json\/wp\/v2\/comments?post=3572"}],"wp:featuredmedia":[{"embeddable":true,"href":"https:\/\/www.stanleypackage.com\/fr\/wp-json\/wp\/v2\/media\/3575"}],"wp:attachment":[{"href":"https:\/\/www.stanleypackage.com\/fr\/wp-json\/wp\/v2\/media?parent=3572"}],"wp:term":[{"taxonomy":"product_brand","embeddable":true,"href":"https:\/\/www.stanleypackage.com\/fr\/wp-json\/wp\/v2\/product_brand?post=3572"},{"taxonomy":"product_cat","embeddable":true,"href":"https:\/\/www.stanleypackage.com\/fr\/wp-json\/wp\/v2\/product_cat?post=3572"},{"taxonomy":"product_tag","embeddable":true,"href":"https:\/\/www.stanleypackage.com\/fr\/wp-json\/wp\/v2\/product_tag?post=3572"}],"curies":[{"name":"wp","href":"https:\/\/api.w.org\/{rel}","templated":true}]}}