{"id":3590,"date":"2025-11-01T01:25:56","date_gmt":"2025-11-01T01:25:56","guid":{"rendered":"https:\/\/www.stanleypackage.com\/?post_type=product&#038;p=3590"},"modified":"2025-11-01T01:26:28","modified_gmt":"2025-11-01T01:26:28","slug":"oem-roll-stock-film","status":"publish","type":"product","link":"https:\/\/www.stanleypackage.com\/fr\/product\/oem-roll-stock-film\/","title":{"rendered":"Film en rouleau OEM, films d'emballage pour bonbons g\u00e9lifi\u00e9s sur mesure"},"content":{"rendered":"<div class=\"wp-block-columns is-layout-flex wp-container-core-columns-is-layout-9d6595d7 wp-block-columns-is-layout-flex\">\n<div class=\"wp-block-column is-layout-flow wp-block-column-is-layout-flow\">\n<h2 class=\"wp-block-heading\">Caract\u00e9ristiques du film en rouleau OEM<\/h2>\n\n\n\n<ul class=\"wp-block-list\">\n<li><strong>Convient aux lignes de production automatis\u00e9es :<\/strong> Ce film en rouleau OEM convient aux \u00e9quipements d'emballage automatiques \u00e0 grande vitesse, am\u00e9liorant l'efficacit\u00e9 de la production et permettant d'\u00e9conomiser du temps et de la main-d'\u0153uvre.<\/li>\n\n\n\n<li><strong>Mat\u00e9riau d'alumine : <\/strong>Notre film d'emballage pour snacks \u00e0 base de gel\u00e9e est fabriqu\u00e9 en alumine, qui poss\u00e8de d'excellentes propri\u00e9t\u00e9s de barri\u00e8re, emp\u00eachant efficacement les aliments de s'oxyder et de se d\u00e9t\u00e9riorer, et pr\u00e9servant la fra\u00eecheur des aliments.<\/li>\n\n\n\n<li><strong>Possibilit\u00e9 d'apposer un logo personnalis\u00e9 sur l'emballage : <\/strong>Notre film en rouleau OEM peut \u00eatre personnalis\u00e9 avec n'importe quel logo, ce qui renforce la notori\u00e9t\u00e9 de la marque de nos clients.<\/li>\n\n\n\n<li><strong>Prend en charge une vari\u00e9t\u00e9 de processus de surface : <\/strong>Notre film d'emballage pour snacks g\u00e9lifi\u00e9s personnalis\u00e9 peut choisir des proc\u00e9d\u00e9s d'impression sp\u00e9ciaux tels que mat, brillant, lumi\u00e8re locale UV, etc. pour am\u00e9liorer la stratification de l'emballage et la reconnaissance de la marque.<\/li>\n\n\n\n<li><strong>Convient \u00e0 une grande vari\u00e9t\u00e9 de tailles et de formes d'aliments :<\/strong> Notre film en rouleau OEM peut \u00eatre personnalis\u00e9 avec des motifs d'impression et des sp\u00e9cifications selon les besoins du client. Il convient aux produits alimentaires de tailles et de formes diff\u00e9rentes.<\/li>\n<\/ul>\n\n\n\n<div class=\"wp-block-columns is-layout-flex wp-container-core-columns-is-layout-9d6595d7 wp-block-columns-is-layout-flex\">\n<div class=\"wp-block-column is-layout-flow wp-block-column-is-layout-flow\">\n<figure class=\"wp-block-image size-full\"><img decoding=\"async\" width=\"750\" height=\"750\" src=\"https:\/\/www.stanleypackage.com\/wp-content\/uploads\/2025\/10\/Bulk-Custom-Printed-Roll-Stock-Films-Jelly-Packaging-Films-7.jpg\" alt=\"\" class=\"wp-image-3591\" srcset=\"https:\/\/www.stanleypackage.com\/wp-content\/uploads\/2025\/10\/Bulk-Custom-Printed-Roll-Stock-Films-Jelly-Packaging-Films-7.jpg 750w, https:\/\/www.stanleypackage.com\/wp-content\/uploads\/2025\/10\/Bulk-Custom-Printed-Roll-Stock-Films-Jelly-Packaging-Films-7-300x300.jpg 300w, https:\/\/www.stanleypackage.com\/wp-content\/uploads\/2025\/10\/Bulk-Custom-Printed-Roll-Stock-Films-Jelly-Packaging-Films-7-150x150.jpg 150w, https:\/\/www.stanleypackage.com\/wp-content\/uploads\/2025\/10\/Bulk-Custom-Printed-Roll-Stock-Films-Jelly-Packaging-Films-7-12x12.jpg 12w, https:\/\/www.stanleypackage.com\/wp-content\/uploads\/2025\/10\/Bulk-Custom-Printed-Roll-Stock-Films-Jelly-Packaging-Films-7-600x600.jpg 600w, https:\/\/www.stanleypackage.com\/wp-content\/uploads\/2025\/10\/Bulk-Custom-Printed-Roll-Stock-Films-Jelly-Packaging-Films-7-100x100.jpg 100w\" sizes=\"(max-width: 750px) 100vw, 750px\" \/><\/figure>\n<\/div>\n\n\n\n<div class=\"wp-block-column is-layout-flow wp-block-column-is-layout-flow\">\n<figure class=\"wp-block-image size-full\"><img decoding=\"async\" width=\"750\" height=\"750\" src=\"https:\/\/www.stanleypackage.com\/wp-content\/uploads\/2025\/10\/Bulk-Custom-Printed-Roll-Stock-Films-Jelly-Packaging-Films-3.jpg\" alt=\"\" class=\"wp-image-3592\" srcset=\"https:\/\/www.stanleypackage.com\/wp-content\/uploads\/2025\/10\/Bulk-Custom-Printed-Roll-Stock-Films-Jelly-Packaging-Films-3.jpg 750w, https:\/\/www.stanleypackage.com\/wp-content\/uploads\/2025\/10\/Bulk-Custom-Printed-Roll-Stock-Films-Jelly-Packaging-Films-3-300x300.jpg 300w, https:\/\/www.stanleypackage.com\/wp-content\/uploads\/2025\/10\/Bulk-Custom-Printed-Roll-Stock-Films-Jelly-Packaging-Films-3-150x150.jpg 150w, https:\/\/www.stanleypackage.com\/wp-content\/uploads\/2025\/10\/Bulk-Custom-Printed-Roll-Stock-Films-Jelly-Packaging-Films-3-12x12.jpg 12w, https:\/\/www.stanleypackage.com\/wp-content\/uploads\/2025\/10\/Bulk-Custom-Printed-Roll-Stock-Films-Jelly-Packaging-Films-3-600x600.jpg 600w, https:\/\/www.stanleypackage.com\/wp-content\/uploads\/2025\/10\/Bulk-Custom-Printed-Roll-Stock-Films-Jelly-Packaging-Films-3-100x100.jpg 100w\" sizes=\"(max-width: 750px) 100vw, 750px\" \/><\/figure>\n<\/div>\n<\/div>\n<\/div>\n<\/div>\n\n\n\n<p><\/p>","protected":false},"excerpt":{"rendered":"<p>Nous vous invitons \u00e0 commander des rouleaux de film OEM. Ce film d'emballage personnalis\u00e9 pour snacks \u00e0 base de gel\u00e9e est fabriqu\u00e9 \u00e0 partir d'alumine, ce qui permet de prolonger efficacement la dur\u00e9e de conservation des aliments. Il supporte les logos personnalis\u00e9s et une vari\u00e9t\u00e9 d'effets sp\u00e9ciaux tels que mat, brillant, UV, etc.<\/p>\n<table style=\"border-collapse: collapse; width: 365.02pt;\" border=\"0\" width=\"365\" cellspacing=\"0\" cellpadding=\"0\">\n<tbody>\n<tr style=\"height: 16.00pt;\">\n<td class=\"et2\" style=\"height: 16.00pt; width: 97.50pt;\" width=\"97\" height=\"16\">Fabricant<\/td>\n<td class=\"et2\" style=\"width: 267.50pt;\" width=\"267\">Stanley<\/td>\n<\/tr>\n<tr style=\"height: 16.00pt;\">\n<td class=\"et2\" style=\"height: 16.00pt; width: 97.50pt;\" width=\"97\" height=\"16\">Types de pochettes<\/td>\n<td class=\"et3\">Film d'emballage pour pochettes<\/td>\n<\/tr>\n<tr style=\"height: 16.00pt;\">\n<td class=\"et2\" style=\"height: 16.00pt; width: 97.50pt;\" width=\"97\" height=\"16\">Mat\u00e9riau<\/td>\n<td class=\"et2\" style=\"width: 267.50pt;\" width=\"267\">Oxyde d'aluminium PET12\/BOPA15\/MBPE55<\/td>\n<\/tr>\n<tr style=\"height: 16.00pt;\">\n<td class=\"et2\" style=\"height: 16.00pt; width: 97.50pt;\" width=\"97\" height=\"16\">Dossier sp\u00e9cial<\/td>\n<td class=\"et2\" style=\"width: 267.50pt;\" width=\"267\">Emballage automatique, emballage en alumine,\u00a0<\/td>\n<\/tr>\n<tr style=\"height: 16.00pt;\">\n<td class=\"et2\" style=\"height: 16.00pt; width: 97.50pt;\" width=\"97\" height=\"16\">Manipulation de surface<\/td>\n<td class=\"et2\" style=\"width: 267.50pt;\" width=\"267\">Impression en h\u00e9liogravure<\/td>\n<\/tr>\n<tr style=\"height: 16.00pt;\">\n<td class=\"et2\" style=\"height: 16.00pt; width: 97.50pt;\" width=\"97\" height=\"16\">Couleur<\/td>\n<td class=\"et2\" style=\"width: 267.50pt;\" width=\"267\">Impression recto-verso, jusqu'\u00e0 10 couleurs<\/td>\n<\/tr>\n<tr style=\"height: 16.00pt;\">\n<td class=\"et2\" style=\"height: 16.00pt; width: 97.50pt;\" width=\"97\" height=\"16\">Utilisation<\/td>\n<td class=\"et2\" style=\"width: 267.50pt;\" width=\"267\">Gel\u00e9e, Snack, Bonbons, Noix<\/td>\n<\/tr>\n<tr style=\"height: 16.00pt;\">\n<td class=\"et2\" style=\"height: 16.00pt; width: 97.50pt;\" width=\"97\" height=\"16\">MOQ<\/td>\n<td class=\"et2\" style=\"width: 267.50pt;\" width=\"267\">50 000 pi\u00e8ces<\/td>\n<\/tr>\n<tr style=\"height: 16.00pt;\">\n<td class=\"et2\" style=\"height: 16.00pt; width: 97.50pt;\" width=\"97\" height=\"16\">Commande personnalis\u00e9e<\/td>\n<td class=\"et2\" style=\"width: 267.50pt;\" width=\"267\">Acceptation de l'OEM, prise en charge de l'\u00e9chantillonnage gratuit<\/td>\n<\/tr>\n<\/tbody>\n<\/table>","protected":false},"featured_media":3593,"comment_status":"closed","ping_status":"closed","template":"","meta":{"_acf_changed":false},"product_brand":[],"product_cat":[26],"product_tag":[],"class_list":{"0":"post-3590","1":"product","2":"type-product","3":"status-publish","4":"has-post-thumbnail","6":"product_cat-packaging-film-manufacturer","7":"pa_food-packaging-snack-food-pouch","9":"first","10":"instock","11":"shipping-taxable","12":"product-type-simple"},"acf":[],"_links":{"self":[{"href":"https:\/\/www.stanleypackage.com\/fr\/wp-json\/wp\/v2\/product\/3590","targetHints":{"allow":["GET"]}}],"collection":[{"href":"https:\/\/www.stanleypackage.com\/fr\/wp-json\/wp\/v2\/product"}],"about":[{"href":"https:\/\/www.stanleypackage.com\/fr\/wp-json\/wp\/v2\/types\/product"}],"replies":[{"embeddable":true,"href":"https:\/\/www.stanleypackage.com\/fr\/wp-json\/wp\/v2\/comments?post=3590"}],"wp:featuredmedia":[{"embeddable":true,"href":"https:\/\/www.stanleypackage.com\/fr\/wp-json\/wp\/v2\/media\/3593"}],"wp:attachment":[{"href":"https:\/\/www.stanleypackage.com\/fr\/wp-json\/wp\/v2\/media?parent=3590"}],"wp:term":[{"taxonomy":"product_brand","embeddable":true,"href":"https:\/\/www.stanleypackage.com\/fr\/wp-json\/wp\/v2\/product_brand?post=3590"},{"taxonomy":"product_cat","embeddable":true,"href":"https:\/\/www.stanleypackage.com\/fr\/wp-json\/wp\/v2\/product_cat?post=3590"},{"taxonomy":"product_tag","embeddable":true,"href":"https:\/\/www.stanleypackage.com\/fr\/wp-json\/wp\/v2\/product_tag?post=3590"}],"curies":[{"name":"wp","href":"https:\/\/api.w.org\/{rel}","templated":true}]}}