{"id":3621,"date":"2025-11-04T08:54:03","date_gmt":"2025-11-04T08:54:03","guid":{"rendered":"https:\/\/www.stanleypackage.com\/?post_type=product&#038;p=3621"},"modified":"2025-11-04T08:54:10","modified_gmt":"2025-11-04T08:54:10","slug":"tea-pouches-wholesale","status":"publish","type":"product","link":"https:\/\/www.stanleypackage.com\/fr\/product\/tea-pouches-wholesale\/","title":{"rendered":"Sachets de th\u00e9 personnalis\u00e9s Wholesale, Emballage de sachets de th\u00e9 individuels"},"content":{"rendered":"<div class=\"wp-block-columns is-layout-flex wp-container-core-columns-is-layout-9d6595d7 wp-block-columns-is-layout-flex\">\n<div class=\"wp-block-column is-layout-flow wp-block-column-is-layout-flow\">\n<h2 class=\"wp-block-heading\">Caract\u00e9ristiques des pochettes de th\u00e9 personnalis\u00e9es en gros<\/h2>\n\n\n\n<ul class=\"wp-block-list\">\n<li><strong>Conception facile \u00e0 d\u00e9chirer : <\/strong>Nos sachets de th\u00e9 personnalis\u00e9s en gros sont dot\u00e9s d'un design facile \u00e0 d\u00e9chirer, ce qui permet aux clients d'ouvrir le produit sans avoir besoin d'outils, ce qui le rend pratique \u00e0 utiliser.<\/li>\n\n\n\n<li><strong>Prise en charge d'une vari\u00e9t\u00e9 de processus de surface :<\/strong> Nos emballages de th\u00e9 en sachet imprim\u00e9s sur mesure peuvent choisir des proc\u00e9d\u00e9s d'impression sp\u00e9ciaux tels que le mat, le brillant, la lumi\u00e8re locale UV, etc. pour am\u00e9liorer la stratification de l'emballage et la reconnaissance de la marque.<\/li>\n\n\n\n<li><strong>Mat\u00e9riau \u00e0 haute barri\u00e8re : <\/strong>Ces sachets de th\u00e9 personnalis\u00e9s utilisent un mat\u00e9riau composite \u00e0 trois couches (MOPP\/VMPET\/PE) pour la solidit\u00e9 et la r\u00e9sistance \u00e0 la d\u00e9chirure, bloquant la lumi\u00e8re, l'oxyg\u00e8ne et l'humidit\u00e9, prolongeant ainsi la dur\u00e9e de conservation de votre produit.<\/li>\n\n\n\n<li><strong>Personnalis\u00e9 Impression : <\/strong>Nos emballages en gros de sachets de th\u00e9 aux fruits peuvent \u00eatre personnalis\u00e9s par l'OEM, ce qui permet une conception flexible des motifs et des logos pour am\u00e9liorer la reconnaissance de la marque et aider \u00e0 diff\u00e9rencier le marketing de votre produit.<\/li>\n\n\n\n<li><strong>Soutien aux \u00e9chantillons gratuits :<\/strong> Nous fournissons des \u00e9chantillons gratuits pour les sachets de th\u00e9 personnalis\u00e9s en gros afin de faciliter la confirmation du mat\u00e9riau et de l'effet d'impression, ce qui rend les achats plus s\u00fbrs et les commandes en gros plus s\u00fbres.<\/li>\n<\/ul>\n\n\n\n<div class=\"wp-block-columns is-layout-flex wp-container-core-columns-is-layout-9d6595d7 wp-block-columns-is-layout-flex\">\n<div class=\"wp-block-column is-layout-flow wp-block-column-is-layout-flow\">\n<figure class=\"wp-block-image size-full\"><img decoding=\"async\" width=\"750\" height=\"750\" src=\"https:\/\/www.stanleypackage.com\/wp-content\/uploads\/2025\/11\/Custom-Printed-Tea-Packaging-Fruit-Tea-Pouches-Bulk-3.jpg\" alt=\"\" class=\"wp-image-3622\" srcset=\"https:\/\/www.stanleypackage.com\/wp-content\/uploads\/2025\/11\/Custom-Printed-Tea-Packaging-Fruit-Tea-Pouches-Bulk-3.jpg 750w, https:\/\/www.stanleypackage.com\/wp-content\/uploads\/2025\/11\/Custom-Printed-Tea-Packaging-Fruit-Tea-Pouches-Bulk-3-300x300.jpg 300w, https:\/\/www.stanleypackage.com\/wp-content\/uploads\/2025\/11\/Custom-Printed-Tea-Packaging-Fruit-Tea-Pouches-Bulk-3-150x150.jpg 150w, https:\/\/www.stanleypackage.com\/wp-content\/uploads\/2025\/11\/Custom-Printed-Tea-Packaging-Fruit-Tea-Pouches-Bulk-3-12x12.jpg 12w, https:\/\/www.stanleypackage.com\/wp-content\/uploads\/2025\/11\/Custom-Printed-Tea-Packaging-Fruit-Tea-Pouches-Bulk-3-600x600.jpg 600w, https:\/\/www.stanleypackage.com\/wp-content\/uploads\/2025\/11\/Custom-Printed-Tea-Packaging-Fruit-Tea-Pouches-Bulk-3-100x100.jpg 100w\" sizes=\"(max-width: 750px) 100vw, 750px\" \/><\/figure>\n<\/div>\n\n\n\n<div class=\"wp-block-column is-layout-flow wp-block-column-is-layout-flow\">\n<figure class=\"wp-block-image size-full\"><img decoding=\"async\" width=\"750\" height=\"750\" src=\"https:\/\/www.stanleypackage.com\/wp-content\/uploads\/2025\/11\/Custom-Printed-Tea-Packaging-Fruit-Tea-Pouches-Bulk-6.jpg\" alt=\"\" class=\"wp-image-3623\" srcset=\"https:\/\/www.stanleypackage.com\/wp-content\/uploads\/2025\/11\/Custom-Printed-Tea-Packaging-Fruit-Tea-Pouches-Bulk-6.jpg 750w, https:\/\/www.stanleypackage.com\/wp-content\/uploads\/2025\/11\/Custom-Printed-Tea-Packaging-Fruit-Tea-Pouches-Bulk-6-300x300.jpg 300w, https:\/\/www.stanleypackage.com\/wp-content\/uploads\/2025\/11\/Custom-Printed-Tea-Packaging-Fruit-Tea-Pouches-Bulk-6-150x150.jpg 150w, https:\/\/www.stanleypackage.com\/wp-content\/uploads\/2025\/11\/Custom-Printed-Tea-Packaging-Fruit-Tea-Pouches-Bulk-6-12x12.jpg 12w, https:\/\/www.stanleypackage.com\/wp-content\/uploads\/2025\/11\/Custom-Printed-Tea-Packaging-Fruit-Tea-Pouches-Bulk-6-600x600.jpg 600w, https:\/\/www.stanleypackage.com\/wp-content\/uploads\/2025\/11\/Custom-Printed-Tea-Packaging-Fruit-Tea-Pouches-Bulk-6-100x100.jpg 100w\" sizes=\"(max-width: 750px) 100vw, 750px\" \/><\/figure>\n<\/div>\n<\/div>\n<\/div>\n<\/div>\n\n\n\n<p><\/p>","protected":false},"excerpt":{"rendered":"<p>Bienvenue dans le domaine de l'emballage de th\u00e9 en sachet en vrac. Nos sachets de th\u00e9 en gros sont con\u00e7us pour la conservation des th\u00e9s aux fruits, des tisanes et d'autres produits secs, et offrent d'excellentes propri\u00e9t\u00e9s d'\u00e9tanch\u00e9it\u00e9 \u00e0 la lumi\u00e8re et \u00e0 l'humidit\u00e9. Nous prenons en charge l'impression personnalis\u00e9e OEM et des \u00e9chantillons gratuits sont disponibles.<\/p>\n<table style=\"border-collapse: collapse; width: 365.02pt;\" border=\"0\" width=\"365\" cellspacing=\"0\" cellpadding=\"0\">\n<tbody>\n<tr style=\"height: 16.00pt;\">\n<td class=\"et2\" style=\"height: 16.00pt; width: 97.50pt;\" width=\"97\" height=\"16\">Fabricant<\/td>\n<td class=\"et2\" style=\"width: 267.50pt;\" width=\"267\">Stanley<\/td>\n<\/tr>\n<tr style=\"height: 16.00pt;\">\n<td class=\"et2\" style=\"height: 16.00pt; width: 97.50pt;\" width=\"97\" height=\"16\">Types de pochettes<\/td>\n<td class=\"et2\" style=\"width: 267.50pt;\" width=\"267\">Pochette \u00e0 sceller sur trois c\u00f4t\u00e9s<\/td>\n<\/tr>\n<tr style=\"height: 31.00pt;\">\n<td class=\"et2\" style=\"height: 31.00pt; width: 97.50pt;\" width=\"97\" height=\"31\">Mat\u00e9riau<\/td>\n<td class=\"et2\" style=\"width: 267.50pt;\" width=\"267\">MOPP25\/VMPET12\/PE60<\/td>\n<\/tr>\n<tr style=\"height: 16.00pt;\">\n<td class=\"et2\" style=\"height: 16.00pt; width: 97.50pt;\" width=\"97\" height=\"16\">Dossier sp\u00e9cial<\/td>\n<td class=\"et2\" style=\"width: 267.50pt;\" width=\"267\">\u00a0Conception facile \u00e0 d\u00e9chirer<\/td>\n<\/tr>\n<tr style=\"height: 16.00pt;\">\n<td class=\"et2\" style=\"height: 16.00pt; width: 97.50pt;\" width=\"97\" height=\"16\">Manipulation de surface<\/td>\n<td class=\"et2\" style=\"width: 267.50pt;\" width=\"267\">Impression en h\u00e9liogravure<\/td>\n<\/tr>\n<tr style=\"height: 16.00pt;\">\n<td class=\"et2\" style=\"height: 16.00pt; width: 97.50pt;\" width=\"97\" height=\"16\">Couleur<\/td>\n<td class=\"et2\" style=\"width: 267.50pt;\" width=\"267\">Jusqu'\u00e0 10 couleurs<\/td>\n<\/tr>\n<tr style=\"height: 16.00pt;\">\n<td class=\"et2\" style=\"height: 16.00pt; width: 97.50pt;\" width=\"97\" height=\"16\">Utilisation<\/td>\n<td class=\"et2\" style=\"width: 267.50pt;\" width=\"267\">Sachets de th\u00e9, snacks, noix, aliments secs<\/td>\n<\/tr>\n<tr style=\"height: 16.00pt;\">\n<td class=\"et2\" style=\"height: 16.00pt; width: 97.50pt;\" width=\"97\" height=\"16\">MOQ<\/td>\n<td class=\"et2\" style=\"width: 267.50pt;\" width=\"267\">50 000 pi\u00e8ces<\/td>\n<\/tr>\n<tr style=\"height: 16.00pt;\">\n<td class=\"et2\" style=\"height: 16.00pt; width: 97.50pt;\" width=\"97\" height=\"16\">Commande personnalis\u00e9e<\/td>\n<td class=\"et2\" style=\"width: 267.50pt;\" width=\"267\">Accepter le support OEM \u00c9chantillon gratuit<\/td>\n<\/tr>\n<\/tbody>\n<\/table>","protected":false},"featured_media":3624,"comment_status":"closed","ping_status":"closed","template":"","meta":{"_acf_changed":false},"product_brand":[],"product_cat":[28,31],"product_tag":[],"class_list":{"0":"post-3621","1":"product","2":"type-product","3":"status-publish","4":"has-post-thumbnail","6":"product_cat-three-side-seal-pouch-manufacturer","7":"product_cat-lay-flat-pouch-manufacturer","8":"pa_food-packaging-tea-pouch-packaging","10":"first","11":"instock","12":"shipping-taxable","13":"product-type-simple"},"acf":[],"_links":{"self":[{"href":"https:\/\/www.stanleypackage.com\/fr\/wp-json\/wp\/v2\/product\/3621","targetHints":{"allow":["GET"]}}],"collection":[{"href":"https:\/\/www.stanleypackage.com\/fr\/wp-json\/wp\/v2\/product"}],"about":[{"href":"https:\/\/www.stanleypackage.com\/fr\/wp-json\/wp\/v2\/types\/product"}],"replies":[{"embeddable":true,"href":"https:\/\/www.stanleypackage.com\/fr\/wp-json\/wp\/v2\/comments?post=3621"}],"wp:featuredmedia":[{"embeddable":true,"href":"https:\/\/www.stanleypackage.com\/fr\/wp-json\/wp\/v2\/media\/3624"}],"wp:attachment":[{"href":"https:\/\/www.stanleypackage.com\/fr\/wp-json\/wp\/v2\/media?parent=3621"}],"wp:term":[{"taxonomy":"product_brand","embeddable":true,"href":"https:\/\/www.stanleypackage.com\/fr\/wp-json\/wp\/v2\/product_brand?post=3621"},{"taxonomy":"product_cat","embeddable":true,"href":"https:\/\/www.stanleypackage.com\/fr\/wp-json\/wp\/v2\/product_cat?post=3621"},{"taxonomy":"product_tag","embeddable":true,"href":"https:\/\/www.stanleypackage.com\/fr\/wp-json\/wp\/v2\/product_tag?post=3621"}],"curies":[{"name":"wp","href":"https:\/\/api.w.org\/{rel}","templated":true}]}}