{"id":3645,"date":"2025-11-04T09:51:03","date_gmt":"2025-11-04T09:51:03","guid":{"rendered":"https:\/\/www.stanleypackage.com\/?post_type=product&#038;p=3645"},"modified":"2025-11-04T09:51:11","modified_gmt":"2025-11-04T09:51:11","slug":"embossed-vacuum-pouches-wholesale","status":"publish","type":"product","link":"https:\/\/www.stanleypackage.com\/fr\/product\/embossed-vacuum-pouches-wholesale\/","title":{"rendered":"Sacs sous vide gaufr\u00e9s Wholesale, sacs d'emballage de qualit\u00e9 alimentaire"},"content":{"rendered":"<div class=\"wp-block-columns is-layout-flex wp-container-core-columns-is-layout-9d6595d7 wp-block-columns-is-layout-flex\">\n<div class=\"wp-block-column is-layout-flow wp-block-column-is-layout-flow\">\n<h2 class=\"wp-block-heading\">Caract\u00e9ristiques des sachets sous vide gaufr\u00e9s en gros<\/h2>\n\n\n\n<ul class=\"wp-block-list\">\n<li><strong>Processus de scellement pr\u00e9cis des bords : <\/strong>Nos sachets sous vide gaufr\u00e9s en gros ont un bord de scellage pr\u00e9cis, robuste et peu susceptible de se fendre, ce qui garantit la qualit\u00e9 et la s\u00e9curit\u00e9 des aliments.<\/li>\n\n\n\n<li><strong>Respectueux de l'environnement et recyclable : <\/strong>Nos sachets sous vide alimentaires en gros sont fabriqu\u00e9s \u00e0 partir de mat\u00e9riaux anti-oxydation, s\u00fbrs, non toxiques, respectueux de l'environnement et recyclables. Ils r\u00e9pondent ainsi \u00e0 la strat\u00e9gie de d\u00e9veloppement durable.<\/li>\n\n\n\n<li><strong>Facile \u00e0 d\u00e9chirer :<\/strong> Ces sachets sous vide gaufr\u00e9s en gros sont dot\u00e9s d'une encoche d'ouverture facile, qui permet aux consommateurs de les ouvrir ais\u00e9ment, sans aucun outil, et sont pratiques \u00e0 utiliser.<\/li>\n\n\n\n<li><strong>Conception du vide :<\/strong> Nos sachets sous vide alimentaires en gros adoptent une conception sous vide, qui peut bloquer efficacement l'air, r\u00e9duire le temps d'oxydation, prolonger la dur\u00e9e de conservation et la fra\u00eecheur des aliments, et \u00e9galement \u00e9conomiser de l'espace.<\/li>\n\n\n\n<li><strong>Un service personnalis\u00e9 pour r\u00e9pondre aux besoins :<\/strong>\u00a0Nous fournissons une vari\u00e9t\u00e9 d'options de personnalisation pour les sachets sous vide gaufr\u00e9s en gros, et pouvons concevoir diff\u00e9rentes formes, tailles et motifs d'impression selon les besoins du client pour am\u00e9liorer la personnalisation de la marque et la comp\u00e9titivit\u00e9 du march\u00e9.<\/li>\n\n\n\n<li><strong>Conception de la fermeture \u00e0 glissi\u00e8re et de la soupape d'air :<\/strong> Nos sachets alimentaires sous vide sont \u00e9quip\u00e9s de doubles fermetures \u00e0 glissi\u00e8re et de valves d'air, qui emp\u00eachent les aliments de fuir et permettent \u00e0 l'air exc\u00e9dentaire d'\u00eatre expuls\u00e9, pr\u00e9servant ainsi la fra\u00eecheur des aliments.<\/li>\n<\/ul>\n\n\n\n<div class=\"wp-block-columns is-layout-flex wp-container-core-columns-is-layout-9d6595d7 wp-block-columns-is-layout-flex\">\n<div class=\"wp-block-column is-layout-flow wp-block-column-is-layout-flow\">\n<figure class=\"wp-block-image size-full\"><img decoding=\"async\" width=\"750\" height=\"750\" src=\"https:\/\/www.stanleypackage.com\/wp-content\/uploads\/2025\/11\/Vacuum-Pouches-Wholesale-Custom-Food-Grade-Plastic-Packaging-Bags.jpg\" alt=\"\" class=\"wp-image-3648\" srcset=\"https:\/\/www.stanleypackage.com\/wp-content\/uploads\/2025\/11\/Vacuum-Pouches-Wholesale-Custom-Food-Grade-Plastic-Packaging-Bags.jpg 750w, https:\/\/www.stanleypackage.com\/wp-content\/uploads\/2025\/11\/Vacuum-Pouches-Wholesale-Custom-Food-Grade-Plastic-Packaging-Bags-300x300.jpg 300w, https:\/\/www.stanleypackage.com\/wp-content\/uploads\/2025\/11\/Vacuum-Pouches-Wholesale-Custom-Food-Grade-Plastic-Packaging-Bags-150x150.jpg 150w, https:\/\/www.stanleypackage.com\/wp-content\/uploads\/2025\/11\/Vacuum-Pouches-Wholesale-Custom-Food-Grade-Plastic-Packaging-Bags-12x12.jpg 12w, https:\/\/www.stanleypackage.com\/wp-content\/uploads\/2025\/11\/Vacuum-Pouches-Wholesale-Custom-Food-Grade-Plastic-Packaging-Bags-600x600.jpg 600w, https:\/\/www.stanleypackage.com\/wp-content\/uploads\/2025\/11\/Vacuum-Pouches-Wholesale-Custom-Food-Grade-Plastic-Packaging-Bags-100x100.jpg 100w\" sizes=\"(max-width: 750px) 100vw, 750px\" \/><\/figure>\n<\/div>\n\n\n\n<div class=\"wp-block-column is-layout-flow wp-block-column-is-layout-flow\">\n<figure class=\"wp-block-image size-full\"><img decoding=\"async\" width=\"750\" height=\"750\" src=\"https:\/\/www.stanleypackage.com\/wp-content\/uploads\/2025\/11\/Vacuum-Pouches-Wholesale-Custom-Food-Grade-Plastic-Packaging-Bags-5.jpg\" alt=\"\" class=\"wp-image-3649\" srcset=\"https:\/\/www.stanleypackage.com\/wp-content\/uploads\/2025\/11\/Vacuum-Pouches-Wholesale-Custom-Food-Grade-Plastic-Packaging-Bags-5.jpg 750w, https:\/\/www.stanleypackage.com\/wp-content\/uploads\/2025\/11\/Vacuum-Pouches-Wholesale-Custom-Food-Grade-Plastic-Packaging-Bags-5-300x300.jpg 300w, https:\/\/www.stanleypackage.com\/wp-content\/uploads\/2025\/11\/Vacuum-Pouches-Wholesale-Custom-Food-Grade-Plastic-Packaging-Bags-5-150x150.jpg 150w, https:\/\/www.stanleypackage.com\/wp-content\/uploads\/2025\/11\/Vacuum-Pouches-Wholesale-Custom-Food-Grade-Plastic-Packaging-Bags-5-12x12.jpg 12w, https:\/\/www.stanleypackage.com\/wp-content\/uploads\/2025\/11\/Vacuum-Pouches-Wholesale-Custom-Food-Grade-Plastic-Packaging-Bags-5-600x600.jpg 600w, https:\/\/www.stanleypackage.com\/wp-content\/uploads\/2025\/11\/Vacuum-Pouches-Wholesale-Custom-Food-Grade-Plastic-Packaging-Bags-5-100x100.jpg 100w\" sizes=\"(max-width: 750px) 100vw, 750px\" \/><\/figure>\n<\/div>\n<\/div>\n<\/div>\n<\/div>\n\n\n\n<p><\/p>","protected":false},"excerpt":{"rendered":"<p>Nous vous invitons \u00e0 commander en gros des sachets sous vide gaufr\u00e9s. Nos sachets alimentaires sous vide sont \u00e9quip\u00e9s d'une conception sous vide, d'une double fermeture \u00e9clair, d'une valve d'air et d'une conception facile \u00e0 d\u00e9chirer, ce qui prolonge la fra\u00eecheur des aliments et facilite l'ouverture et l'utilisation. Possibilit\u00e9 de personnalisation compl\u00e8te.<\/p>\n<table style=\"border-collapse: collapse; width: 365.02pt;\" border=\"0\" width=\"365\" cellspacing=\"0\" cellpadding=\"0\">\n<tbody>\n<tr style=\"height: 16.00pt;\">\n<td class=\"et2\" style=\"height: 16.00pt; width: 97.50pt;\" width=\"97\" height=\"16\">Fabricant<\/td>\n<td class=\"et2\" style=\"width: 267.50pt;\" width=\"267\">Stanley<\/td>\n<\/tr>\n<tr style=\"height: 16.00pt;\">\n<td class=\"et2\" style=\"height: 16.00pt; width: 97.50pt;\" width=\"97\" height=\"16\">Types de pochettes<\/td>\n<td class=\"et2\" style=\"width: 267.50pt;\" width=\"267\">Sac sous vide<\/td>\n<\/tr>\n<tr style=\"height: 16.00pt;\">\n<td class=\"et2\" style=\"height: 16.00pt; width: 97.50pt;\" width=\"97\" height=\"16\">Mat\u00e9riau<\/td>\n<td class=\"et2\" style=\"width: 267.50pt;\" width=\"267\">BOPA15\/PE90<\/td>\n<\/tr>\n<tr style=\"height: 16.00pt;\">\n<td class=\"et2\" style=\"height: 16.00pt; width: 97.50pt;\" width=\"97\" height=\"16\">Dossier sp\u00e9cial<\/td>\n<td class=\"et2\" style=\"width: 267.50pt;\" width=\"267\">Fermeture \u00e0 glissi\u00e8re, soupape d'air, encoche de d\u00e9chirure, conception sous vide<\/td>\n<\/tr>\n<tr style=\"height: 16.00pt;\">\n<td class=\"et2\" style=\"height: 16.00pt; width: 97.50pt;\" width=\"97\" height=\"16\">Manipulation de surface<\/td>\n<td class=\"et2\" style=\"width: 267.50pt;\" width=\"267\">Impression en h\u00e9liogravure<\/td>\n<\/tr>\n<tr style=\"height: 16.00pt;\">\n<td class=\"et2\" style=\"height: 16.00pt; width: 97.50pt;\" width=\"97\" height=\"16\">Couleur<\/td>\n<td class=\"et2\" style=\"width: 267.50pt;\" width=\"267\">Impression recto-verso, jusqu'\u00e0 10 couleurs<\/td>\n<\/tr>\n<tr style=\"height: 16.00pt;\">\n<td class=\"et2\" style=\"height: 16.00pt; width: 97.50pt;\" width=\"97\" height=\"16\">Utilisation<\/td>\n<td class=\"et2\" style=\"width: 267.50pt;\" width=\"267\">Noix, Flocons d'avoine, Snack, Produits surgel\u00e9s, Plats pr\u00e9par\u00e9s<\/td>\n<\/tr>\n<tr style=\"height: 16.00pt;\">\n<td class=\"et2\" style=\"height: 16.00pt; width: 97.50pt;\" width=\"97\" height=\"16\">MOQ<\/td>\n<td class=\"et2\" style=\"width: 267.50pt;\" width=\"267\">50 000 pi\u00e8ces<\/td>\n<\/tr>\n<tr style=\"height: 16.00pt;\">\n<td class=\"et2\" style=\"height: 16.00pt; width: 97.50pt;\" width=\"97\" height=\"16\">Commande personnalis\u00e9e<\/td>\n<td class=\"et2\" style=\"width: 267.50pt;\" width=\"267\">Acceptation de l'OEM, prise en charge de l'\u00e9chantillonnage gratuit<\/td>\n<\/tr>\n<\/tbody>\n<\/table>","protected":false},"featured_media":3650,"comment_status":"closed","ping_status":"closed","template":"","meta":{"_acf_changed":false},"product_brand":[],"product_cat":[68,31,28,18],"product_tag":[],"class_list":{"0":"post-3645","1":"product","2":"type-product","3":"status-publish","4":"has-post-thumbnail","6":"product_cat-vacuum-pouches-wholesale","7":"product_cat-lay-flat-pouch-manufacturer","8":"product_cat-three-side-seal-pouch-manufacturer","9":"product_cat-zipper-pouch-manufacturer","10":"pa_food-packaging-ready-meal-pouch","11":"pa_food-packaging-frozen-food-pouch","13":"first","14":"instock","15":"shipping-taxable","16":"product-type-simple"},"acf":[],"_links":{"self":[{"href":"https:\/\/www.stanleypackage.com\/fr\/wp-json\/wp\/v2\/product\/3645","targetHints":{"allow":["GET"]}}],"collection":[{"href":"https:\/\/www.stanleypackage.com\/fr\/wp-json\/wp\/v2\/product"}],"about":[{"href":"https:\/\/www.stanleypackage.com\/fr\/wp-json\/wp\/v2\/types\/product"}],"replies":[{"embeddable":true,"href":"https:\/\/www.stanleypackage.com\/fr\/wp-json\/wp\/v2\/comments?post=3645"}],"wp:featuredmedia":[{"embeddable":true,"href":"https:\/\/www.stanleypackage.com\/fr\/wp-json\/wp\/v2\/media\/3650"}],"wp:attachment":[{"href":"https:\/\/www.stanleypackage.com\/fr\/wp-json\/wp\/v2\/media?parent=3645"}],"wp:term":[{"taxonomy":"product_brand","embeddable":true,"href":"https:\/\/www.stanleypackage.com\/fr\/wp-json\/wp\/v2\/product_brand?post=3645"},{"taxonomy":"product_cat","embeddable":true,"href":"https:\/\/www.stanleypackage.com\/fr\/wp-json\/wp\/v2\/product_cat?post=3645"},{"taxonomy":"product_tag","embeddable":true,"href":"https:\/\/www.stanleypackage.com\/fr\/wp-json\/wp\/v2\/product_tag?post=3645"}],"curies":[{"name":"wp","href":"https:\/\/api.w.org\/{rel}","templated":true}]}}