{"id":3666,"date":"2025-11-11T09:42:59","date_gmt":"2025-11-11T09:42:59","guid":{"rendered":"https:\/\/www.stanleypackage.com\/?post_type=product&#038;p=3666"},"modified":"2025-11-11T09:43:05","modified_gmt":"2025-11-11T09:43:05","slug":"custom-candy-bags","status":"publish","type":"product","link":"https:\/\/www.stanleypackage.com\/fr\/product\/custom-candy-bags\/","title":{"rendered":"Sacs \u00e0 bonbons personnalis\u00e9s avec fermeture \u00e9clair, pochettes de rangement OEM d'usine"},"content":{"rendered":"<div class=\"wp-block-columns is-layout-flex wp-container-core-columns-is-layout-9d6595d7 wp-block-columns-is-layout-flex\">\n<div class=\"wp-block-column is-layout-flow wp-block-column-is-layout-flow\">\n<h2 class=\"wp-block-heading\">Caract\u00e9ristiques des sacs \u00e0 bonbons personnalis\u00e9s<\/h2>\n\n\n\n<ul class=\"wp-block-list\">\n<li><strong>Structure autoportante du fond du sac : <\/strong>Ces sachets de bonbons personnalis\u00e9s ont une forme stable et conviennent \u00e0 la mise en rayon. Ils am\u00e9liorent l'effet visuel des produits \u00e0 grignoter.<\/li>\n\n\n\n<li><strong>\u00c9quip\u00e9 d'un trou de suspension : <\/strong>Ces pochettes d'usine OEM sont dot\u00e9es de trous de suspension, ce qui permet de les suspendre, d'\u00e9largir les sc\u00e9narios de vente et d'am\u00e9liorer la commodit\u00e9 de la vente au d\u00e9tail.<\/li>\n\n\n\n<li><strong>Facile \u00e0 d\u00e9chirer : <\/strong>Ces sacs \u00e0 bonbons personnalis\u00e9s sont dot\u00e9s d'encoches permettant de d\u00e9chirer facilement l'emballage, de faciliter l'ouverture et d'am\u00e9liorer l'exp\u00e9rience de l'utilisateur.<\/li>\n\n\n\n<li><strong>Fermeture \u00e0 glissi\u00e8re \u00e9tanche :<\/strong> Nos pochettes \u00e0 fermeture \u00e9clair permettent de multiples ouvertures et fermetures, conservent la fra\u00eecheur et l'hygi\u00e8ne des bonbons et des snacks, et sont adapt\u00e9es \u00e0 la consommation quotidienne.<\/li>\n\n\n\n<li><strong>Mat\u00e9riaux composites de haute qualit\u00e9 PET\/VMPET\/PE : <\/strong>Nos sacs \u00e0 bonbons personnalis\u00e9s ont de bonnes propri\u00e9t\u00e9s de barri\u00e8re, sont r\u00e9sistants \u00e0 l'humidit\u00e9 et \u00e0 l'oxydation, et garantissent la qualit\u00e9 des aliments.<\/li>\n\n\n\n<li><strong>Convient \u00e0 divers aliments \u00e0 grignoter :<\/strong> Ces sachets OEM \u00e0 fermeture \u00e9clair conviennent parfaitement \u00e0 l'emballage de produits alimentaires tels que les bonbons durs, les bonbons mous, les guimauves, les fruits confits, les noix, etc.<\/li>\n\n\n\n<li><strong>Conception des trous d'a\u00e9ration :<\/strong> Nos sacs \u00e0 bonbons personnalis\u00e9s sont \u00e9quip\u00e9s de trous d'a\u00e9ration qui permettent \u00e0 l'air int\u00e9rieur de s'\u00e9chapper. Cela permet d'\u00e9viter que les articles ne s'oxydent et ne deviennent humides, prolongeant ainsi leur dur\u00e9e de conservation.<\/li>\n<\/ul>\n\n\n\n<div class=\"wp-block-columns is-layout-flex wp-container-core-columns-is-layout-9d6595d7 wp-block-columns-is-layout-flex\">\n<div class=\"wp-block-column is-layout-flow wp-block-column-is-layout-flow\">\n<figure class=\"wp-block-image size-full\"><img decoding=\"async\" width=\"750\" height=\"750\" src=\"https:\/\/www.stanleypackage.com\/wp-content\/uploads\/2025\/11\/Custom-Stand-Up-Pouches-Wholesale-Candy-Pouch-With-Zipper-2.jpg\" alt=\"\" class=\"wp-image-3667\" srcset=\"https:\/\/www.stanleypackage.com\/wp-content\/uploads\/2025\/11\/Custom-Stand-Up-Pouches-Wholesale-Candy-Pouch-With-Zipper-2.jpg 750w, https:\/\/www.stanleypackage.com\/wp-content\/uploads\/2025\/11\/Custom-Stand-Up-Pouches-Wholesale-Candy-Pouch-With-Zipper-2-300x300.jpg 300w, https:\/\/www.stanleypackage.com\/wp-content\/uploads\/2025\/11\/Custom-Stand-Up-Pouches-Wholesale-Candy-Pouch-With-Zipper-2-150x150.jpg 150w, https:\/\/www.stanleypackage.com\/wp-content\/uploads\/2025\/11\/Custom-Stand-Up-Pouches-Wholesale-Candy-Pouch-With-Zipper-2-12x12.jpg 12w, https:\/\/www.stanleypackage.com\/wp-content\/uploads\/2025\/11\/Custom-Stand-Up-Pouches-Wholesale-Candy-Pouch-With-Zipper-2-600x600.jpg 600w, https:\/\/www.stanleypackage.com\/wp-content\/uploads\/2025\/11\/Custom-Stand-Up-Pouches-Wholesale-Candy-Pouch-With-Zipper-2-100x100.jpg 100w\" sizes=\"(max-width: 750px) 100vw, 750px\" \/><\/figure>\n<\/div>\n\n\n\n<div class=\"wp-block-column is-layout-flow wp-block-column-is-layout-flow\">\n<figure class=\"wp-block-image size-full\"><img decoding=\"async\" width=\"750\" height=\"750\" src=\"https:\/\/www.stanleypackage.com\/wp-content\/uploads\/2025\/11\/Custom-Stand-Up-Pouches-Wholesale-Candy-Pouch-With-Zipper-4.jpg\" alt=\"\" class=\"wp-image-3668\" srcset=\"https:\/\/www.stanleypackage.com\/wp-content\/uploads\/2025\/11\/Custom-Stand-Up-Pouches-Wholesale-Candy-Pouch-With-Zipper-4.jpg 750w, https:\/\/www.stanleypackage.com\/wp-content\/uploads\/2025\/11\/Custom-Stand-Up-Pouches-Wholesale-Candy-Pouch-With-Zipper-4-300x300.jpg 300w, https:\/\/www.stanleypackage.com\/wp-content\/uploads\/2025\/11\/Custom-Stand-Up-Pouches-Wholesale-Candy-Pouch-With-Zipper-4-150x150.jpg 150w, https:\/\/www.stanleypackage.com\/wp-content\/uploads\/2025\/11\/Custom-Stand-Up-Pouches-Wholesale-Candy-Pouch-With-Zipper-4-12x12.jpg 12w, https:\/\/www.stanleypackage.com\/wp-content\/uploads\/2025\/11\/Custom-Stand-Up-Pouches-Wholesale-Candy-Pouch-With-Zipper-4-600x600.jpg 600w, https:\/\/www.stanleypackage.com\/wp-content\/uploads\/2025\/11\/Custom-Stand-Up-Pouches-Wholesale-Candy-Pouch-With-Zipper-4-100x100.jpg 100w\" sizes=\"(max-width: 750px) 100vw, 750px\" \/><\/figure>\n<\/div>\n<\/div>\n<\/div>\n<\/div>","protected":false},"excerpt":{"rendered":"<p>Bienvenue aux sacs \u00e0 bonbons personnalis\u00e9s en vrac. Nos sachets OEM sont dot\u00e9s d'une fermeture \u00e0 glissi\u00e8re, d'une encoche de d\u00e9chirement et d'un trou de suspension. Ils sont sp\u00e9cialement con\u00e7us pour les bonbons, les fruits secs, les snacks et autres aliments \u00e0 grignoter, afin d'am\u00e9liorer l'effet de pr\u00e9sentation du produit en rayon.<\/p>\n<table width=\"365\">\n<tbody>\n<tr>\n<td width=\"97\">Fabricant<\/td>\n<td width=\"267\">Stanley<\/td>\n<\/tr>\n<tr>\n<td width=\"97\">Types de pochettes<\/td>\n<td width=\"267\">Stand Up Pouch, Zipper Pouch<\/td>\n<\/tr>\n<tr>\n<td width=\"97\">Mat\u00e9riau<\/td>\n<td width=\"267\">PET12\/1\/2VMPET12\/PE100<\/td>\n<\/tr>\n<tr>\n<td width=\"97\">Dossier sp\u00e9cial<\/td>\n<td width=\"267\">Trou de suspension, fermeture \u00e0 glissi\u00e8re, encoche de d\u00e9chirure, trou d'a\u00e9ration<\/td>\n<\/tr>\n<tr>\n<td width=\"97\">Manipulation de surface<\/td>\n<td width=\"267\">Impression en h\u00e9liogravure<\/td>\n<\/tr>\n<tr>\n<td width=\"97\">Couleur<\/td>\n<td width=\"267\">Impression double face, jusqu'\u00e0 10 couleurs<\/td>\n<\/tr>\n<tr>\n<td width=\"97\">Utilisation<\/td>\n<td width=\"267\">Bonbons, gommes, noix, fruits secs, etc.<\/td>\n<\/tr>\n<tr>\n<td width=\"97\">MOQ<\/td>\n<td width=\"267\">50 000 pi\u00e8ces<\/td>\n<\/tr>\n<tr>\n<td width=\"97\">Commande personnalis\u00e9e<\/td>\n<td width=\"267\">Acceptation de l'OEM , \u00c9chantillon gratuit<\/td>\n<\/tr>\n<\/tbody>\n<\/table>","protected":false},"featured_media":3669,"comment_status":"closed","ping_status":"closed","template":"","meta":{"_acf_changed":false},"product_brand":[],"product_cat":[30,18],"product_tag":[],"class_list":{"0":"post-3666","1":"product","2":"type-product","3":"status-publish","4":"has-post-thumbnail","6":"product_cat-stand-up-pouch-manufacturer","7":"product_cat-zipper-pouch-manufacturer","8":"pa_food-packaging-snack-food-pouch","10":"first","11":"instock","12":"shipping-taxable","13":"product-type-simple"},"acf":[],"_links":{"self":[{"href":"https:\/\/www.stanleypackage.com\/fr\/wp-json\/wp\/v2\/product\/3666","targetHints":{"allow":["GET"]}}],"collection":[{"href":"https:\/\/www.stanleypackage.com\/fr\/wp-json\/wp\/v2\/product"}],"about":[{"href":"https:\/\/www.stanleypackage.com\/fr\/wp-json\/wp\/v2\/types\/product"}],"replies":[{"embeddable":true,"href":"https:\/\/www.stanleypackage.com\/fr\/wp-json\/wp\/v2\/comments?post=3666"}],"wp:featuredmedia":[{"embeddable":true,"href":"https:\/\/www.stanleypackage.com\/fr\/wp-json\/wp\/v2\/media\/3669"}],"wp:attachment":[{"href":"https:\/\/www.stanleypackage.com\/fr\/wp-json\/wp\/v2\/media?parent=3666"}],"wp:term":[{"taxonomy":"product_brand","embeddable":true,"href":"https:\/\/www.stanleypackage.com\/fr\/wp-json\/wp\/v2\/product_brand?post=3666"},{"taxonomy":"product_cat","embeddable":true,"href":"https:\/\/www.stanleypackage.com\/fr\/wp-json\/wp\/v2\/product_cat?post=3666"},{"taxonomy":"product_tag","embeddable":true,"href":"https:\/\/www.stanleypackage.com\/fr\/wp-json\/wp\/v2\/product_tag?post=3666"}],"curies":[{"name":"wp","href":"https:\/\/api.w.org\/{rel}","templated":true}]}}