{"id":3674,"date":"2025-11-11T09:52:53","date_gmt":"2025-11-11T09:52:53","guid":{"rendered":"https:\/\/www.stanleypackage.com\/?post_type=product&#038;p=3674"},"modified":"2025-11-11T09:53:00","modified_gmt":"2025-11-11T09:53:00","slug":"custom-food-pouch","status":"publish","type":"product","link":"https:\/\/www.stanleypackage.com\/fr\/product\/custom-food-pouch\/","title":{"rendered":"Pochette alimentaire personnalis\u00e9e, pochette scell\u00e9e sur 3 c\u00f4t\u00e9s, emballage de poudre alimentaire"},"content":{"rendered":"<div class=\"wp-block-columns is-layout-flex wp-container-core-columns-is-layout-9d6595d7 wp-block-columns-is-layout-flex\">\n<div class=\"wp-block-column is-layout-flow wp-block-column-is-layout-flow\">\n<h2 class=\"wp-block-heading\">Caract\u00e9ristiques de la pochette alimentaire personnalis\u00e9e<\/h2>\n\n\n\n<ul class=\"wp-block-list\">\n<li><strong>Excellente \u00e9tanch\u00e9it\u00e9 : <\/strong>Les trois c\u00f4t\u00e9s de notre sachet alimentaire personnalis\u00e9 pour poudre garantissent une fermeture herm\u00e9tique, bloquant efficacement l'air et l'humidit\u00e9, emp\u00eachant la poudre s\u00e8che ou les boissons solides de s'agglutiner.<\/li>\n\n\n\n<li><strong>Mat\u00e9riau composite \u00e0 haute barri\u00e8re : <\/strong>Ces sachets d'emballage de poudre alimentaire sont fabriqu\u00e9s sur mesure avec un mat\u00e9riau composite PET12\/PE65 mat qui offre une protection \u00e9tonnante contre l'humidit\u00e9 et l'oxydation, tout en pr\u00e9sentant des caract\u00e9ristiques de r\u00e9sistance \u00e0 la d\u00e9chirure et \u00e0 l'\u00e9crasement. Cette combinaison permet d'obtenir un emballage qui restera intact pendant le transport et le stockage, prot\u00e9geant ainsi votre produit en poudre.<\/li>\n\n\n\n<li><strong>Design facile \u00e0 d\u00e9chirer :<\/strong> Ces sachets alimentaires personnalis\u00e9s con\u00e7us pour le conditionnement de poudres s\u00e8ches sont dot\u00e9s d'une encoche facile \u00e0 d\u00e9chirer, qui permet de les ouvrir sans utiliser de ciseaux ou de couteaux, une option plus attrayante pour l'exp\u00e9rience de l'utilisateur.<\/li>\n\n\n\n<li><strong>Serr\u00e9 <\/strong><span style=\"box-sizing: border-box; margin: 0px; padding: 0px;\"><strong>Bords scell\u00e9s :\u00a0<\/strong>Les bords de nos sachets d'emballage de poudre alimentaire personnalis\u00e9s \u00e0 scellage sur trois c\u00f4t\u00e9s sont serr\u00e9s et lisses,<\/span> et attrayants, et ils ne sont pas susceptibles de se fissurer. Ils peuvent garantir efficacement la s\u00e9curit\u00e9 alimentaire.<\/li>\n\n\n\n<li><strong>Personnalisation flexible : <\/strong>Nos sachets alimentaires sur mesure offrent des options de personnalisation compl\u00e8tes en termes de taille, de capacit\u00e9, de graphisme et d'impression, r\u00e9pondant ainsi aux besoins d'emballage de diverses marques et de divers produits.<\/li>\n<\/ul>\n\n\n\n<div class=\"wp-block-columns is-layout-flex wp-container-core-columns-is-layout-9d6595d7 wp-block-columns-is-layout-flex\">\n<div class=\"wp-block-column is-layout-flow wp-block-column-is-layout-flow\">\n<figure class=\"wp-block-image size-full\"><img decoding=\"async\" width=\"750\" height=\"750\" src=\"https:\/\/www.stanleypackage.com\/wp-content\/uploads\/2025\/11\/Custom-Dry-Powder-Packaging-Bags-Wholesale-3-side-seal-pouch-2.jpg\" alt=\"\" class=\"wp-image-3676\" srcset=\"https:\/\/www.stanleypackage.com\/wp-content\/uploads\/2025\/11\/Custom-Dry-Powder-Packaging-Bags-Wholesale-3-side-seal-pouch-2.jpg 750w, https:\/\/www.stanleypackage.com\/wp-content\/uploads\/2025\/11\/Custom-Dry-Powder-Packaging-Bags-Wholesale-3-side-seal-pouch-2-300x300.jpg 300w, https:\/\/www.stanleypackage.com\/wp-content\/uploads\/2025\/11\/Custom-Dry-Powder-Packaging-Bags-Wholesale-3-side-seal-pouch-2-150x150.jpg 150w, https:\/\/www.stanleypackage.com\/wp-content\/uploads\/2025\/11\/Custom-Dry-Powder-Packaging-Bags-Wholesale-3-side-seal-pouch-2-12x12.jpg 12w, https:\/\/www.stanleypackage.com\/wp-content\/uploads\/2025\/11\/Custom-Dry-Powder-Packaging-Bags-Wholesale-3-side-seal-pouch-2-600x600.jpg 600w, https:\/\/www.stanleypackage.com\/wp-content\/uploads\/2025\/11\/Custom-Dry-Powder-Packaging-Bags-Wholesale-3-side-seal-pouch-2-100x100.jpg 100w\" sizes=\"(max-width: 750px) 100vw, 750px\" \/><\/figure>\n<\/div>\n\n\n\n<div class=\"wp-block-column is-layout-flow wp-block-column-is-layout-flow\">\n<figure class=\"wp-block-image size-full\"><img decoding=\"async\" width=\"750\" height=\"750\" src=\"https:\/\/www.stanleypackage.com\/wp-content\/uploads\/2025\/11\/Custom-Dry-Powder-Packaging-Bags-Wholesale-3-side-seal-pouch-3.jpg\" alt=\"Pochette alimentaire personnalis\u00e9e, pochette scell\u00e9e sur 3 c\u00f4t\u00e9s, emballage de poudre alimentaire\" class=\"wp-image-3677\" srcset=\"https:\/\/www.stanleypackage.com\/wp-content\/uploads\/2025\/11\/Custom-Dry-Powder-Packaging-Bags-Wholesale-3-side-seal-pouch-3.jpg 750w, https:\/\/www.stanleypackage.com\/wp-content\/uploads\/2025\/11\/Custom-Dry-Powder-Packaging-Bags-Wholesale-3-side-seal-pouch-3-300x300.jpg 300w, https:\/\/www.stanleypackage.com\/wp-content\/uploads\/2025\/11\/Custom-Dry-Powder-Packaging-Bags-Wholesale-3-side-seal-pouch-3-150x150.jpg 150w, https:\/\/www.stanleypackage.com\/wp-content\/uploads\/2025\/11\/Custom-Dry-Powder-Packaging-Bags-Wholesale-3-side-seal-pouch-3-12x12.jpg 12w, https:\/\/www.stanleypackage.com\/wp-content\/uploads\/2025\/11\/Custom-Dry-Powder-Packaging-Bags-Wholesale-3-side-seal-pouch-3-600x600.jpg 600w, https:\/\/www.stanleypackage.com\/wp-content\/uploads\/2025\/11\/Custom-Dry-Powder-Packaging-Bags-Wholesale-3-side-seal-pouch-3-100x100.jpg 100w\" sizes=\"(max-width: 750px) 100vw, 750px\" \/><\/figure>\n<\/div>\n<\/div>\n<\/div>\n<\/div>\n\n\n\n<p><\/p>","protected":false},"excerpt":{"rendered":"<p>Nous vous invitons \u00e0 commander des sachets alimentaires personnalis\u00e9s. Ces sachets d'emballage de poudre alimentaire personnalis\u00e9s \u00e0 haute barri\u00e8re sont dot\u00e9s d'une conception de scellage sur trois c\u00f4t\u00e9s avec une encoche facile \u00e0 d\u00e9chirer. Fabriqu\u00e9s en PET12\/PE65 mat, l'impression personnalis\u00e9e est disponible.<\/p>\n<table style=\"border-collapse: collapse; width: 312.77pt;\" border=\"0\" width=\"417\" cellspacing=\"0\" cellpadding=\"0\">\n<tbody>\n<tr style=\"height: 12.75pt;\">\n<td class=\"et2\" style=\"height: 12.75pt; width: 91.40pt;\" width=\"121\" height=\"17\">Fabricant<\/td>\n<td class=\"et2\" style=\"width: 222.00pt;\" width=\"296\">Stanley<\/td>\n<\/tr>\n<tr style=\"height: 12.75pt;\">\n<td class=\"et2\" style=\"height: 12.75pt; width: 91.40pt;\" width=\"121\" height=\"17\">Types de pochettes<\/td>\n<td class=\"et3\">Pochette scell\u00e9e sur trois c\u00f4t\u00e9s<\/td>\n<\/tr>\n<tr style=\"height: 12.75pt;\">\n<td class=\"et2\" style=\"height: 12.75pt; width: 91.40pt;\" width=\"121\" height=\"17\">Mat\u00e9riau<\/td>\n<td class=\"et2\" style=\"width: 222.00pt;\" width=\"296\">PET12\/PE65<\/td>\n<\/tr>\n<tr style=\"height: 25.50pt;\">\n<td class=\"et2\" style=\"height: 25.50pt; width: 91.40pt;\" width=\"121\" height=\"34\">Dossier sp\u00e9cial<\/td>\n<td class=\"et2\" style=\"width: 222.00pt;\" width=\"296\">Barri\u00e8re \u00e9lev\u00e9e, encoche facile \u00e0 d\u00e9chirer<\/td>\n<\/tr>\n<tr style=\"height: 12.75pt;\">\n<td class=\"et2\" style=\"height: 12.75pt; width: 91.40pt;\" width=\"121\" height=\"17\">Manipulation de surface<\/td>\n<td class=\"et2\" style=\"width: 222.00pt;\" width=\"296\">Impression en h\u00e9liogravure<\/td>\n<\/tr>\n<tr style=\"height: 12.75pt;\">\n<td class=\"et2\" style=\"height: 12.75pt; width: 91.40pt;\" width=\"121\" height=\"17\">Couleur<\/td>\n<td class=\"et2\" style=\"width: 222.00pt;\" width=\"296\">Jusqu'\u00e0 10 couleurs<\/td>\n<\/tr>\n<tr style=\"height: 12.75pt;\">\n<td class=\"et2\" style=\"height: 12.75pt; width: 91.40pt;\" width=\"121\" height=\"17\">Utilisation<\/td>\n<td class=\"et3\">boissons solides, collation<\/td>\n<\/tr>\n<tr style=\"height: 12.75pt;\">\n<td class=\"et2\" style=\"height: 12.75pt; width: 91.40pt;\" width=\"121\" height=\"17\">MOQ<\/td>\n<td class=\"et2\" style=\"width: 222.00pt;\" width=\"296\">50 000 pi\u00e8ces<\/td>\n<\/tr>\n<tr style=\"height: 12.75pt;\">\n<td class=\"et2\" style=\"height: 12.75pt; width: 91.40pt;\" width=\"121\" height=\"17\">Commande personnalis\u00e9e<\/td>\n<td class=\"et2\" style=\"width: 222.00pt;\" width=\"296\">Acceptation de l'OEM , \u00c9chantillon gratuit<\/td>\n<\/tr>\n<\/tbody>\n<\/table>\n<p>&nbsp;<\/p>","protected":false},"featured_media":3678,"comment_status":"closed","ping_status":"closed","template":"","meta":{"_acf_changed":false},"product_brand":[],"product_cat":[28,31],"product_tag":[],"class_list":{"0":"post-3674","1":"product","2":"type-product","3":"status-publish","4":"has-post-thumbnail","6":"product_cat-three-side-seal-pouch-manufacturer","7":"product_cat-lay-flat-pouch-manufacturer","8":"pa_food-packaging-sauce-condiment-pouches","9":"pa_food-packaging-ready-meal-pouch","11":"first","12":"instock","13":"shipping-taxable","14":"product-type-simple"},"acf":[],"_links":{"self":[{"href":"https:\/\/www.stanleypackage.com\/fr\/wp-json\/wp\/v2\/product\/3674","targetHints":{"allow":["GET"]}}],"collection":[{"href":"https:\/\/www.stanleypackage.com\/fr\/wp-json\/wp\/v2\/product"}],"about":[{"href":"https:\/\/www.stanleypackage.com\/fr\/wp-json\/wp\/v2\/types\/product"}],"replies":[{"embeddable":true,"href":"https:\/\/www.stanleypackage.com\/fr\/wp-json\/wp\/v2\/comments?post=3674"}],"wp:featuredmedia":[{"embeddable":true,"href":"https:\/\/www.stanleypackage.com\/fr\/wp-json\/wp\/v2\/media\/3678"}],"wp:attachment":[{"href":"https:\/\/www.stanleypackage.com\/fr\/wp-json\/wp\/v2\/media?parent=3674"}],"wp:term":[{"taxonomy":"product_brand","embeddable":true,"href":"https:\/\/www.stanleypackage.com\/fr\/wp-json\/wp\/v2\/product_brand?post=3674"},{"taxonomy":"product_cat","embeddable":true,"href":"https:\/\/www.stanleypackage.com\/fr\/wp-json\/wp\/v2\/product_cat?post=3674"},{"taxonomy":"product_tag","embeddable":true,"href":"https:\/\/www.stanleypackage.com\/fr\/wp-json\/wp\/v2\/product_tag?post=3674"}],"curies":[{"name":"wp","href":"https:\/\/api.w.org\/{rel}","templated":true}]}}