{"id":3687,"date":"2025-11-11T10:00:58","date_gmt":"2025-11-11T10:00:58","guid":{"rendered":"https:\/\/www.stanleypackage.com\/?post_type=product&#038;p=3687"},"modified":"2025-11-11T10:01:04","modified_gmt":"2025-11-11T10:01:04","slug":"dried-fruit-packaging-wholesale","status":"publish","type":"product","link":"https:\/\/www.stanleypackage.com\/fr\/product\/dried-fruit-packaging-wholesale\/","title":{"rendered":"OEM Emballages pour fruits secs Wholesale, Sachets imprim\u00e9s personnalis\u00e9s"},"content":{"rendered":"<div class=\"wp-block-columns is-layout-flex wp-container-core-columns-is-layout-9d6595d7 wp-block-columns-is-layout-flex\">\n<div class=\"wp-block-column is-layout-flow wp-block-column-is-layout-flow\">\n<h2 class=\"wp-block-heading\">Features of Dried Fruit Packaging Wholesale<\/h2>\n\n\n\n<ul class=\"wp-block-list\">\n<li><strong>Stable, autoportant Fond :<\/strong>\u00a0Our dried fruit packaging wholesale have a standing bottom and stand stably when displayed, enhancing the shelf display effect and product grade.<\/li>\n\n\n\n<li><strong>D\u00e9tails de la conception humanis\u00e9e :<\/strong> Our custom printed stand-up pouches feature a reusable sealing zipper for multiple openings and closings. And the easy-tear notch allows for easy opening by consumers. Besides, our food pouches also equipped with hanging holes for convenient hook display<\/li>\n\n\n\n<li><strong>Remplissage et scellement efficaces :<\/strong> The top-filling design of these dried fruit packaging wholesale makes the packaging process more efficient and hygienic, making them particularly suitable for high-volume production on assembly lines.<\/li>\n\n\n\n<li><strong>Large application : <\/strong>These custom printed stand-up pouches for snack with zipper are suitable for packaging a variety of foods, including coffee beans, nuts, grains, tea, and pet food, allowing brands to meet the market needs of multiple product categories with a single package.<\/li>\n\n\n\n<li><strong>Prise en charge de la personnalisation de la taille et de l'impression :\u00a0<\/strong>Our dried fruit packaging wholesale can be customized in size, printing pattern, and bag type details according to product requirements to create a unique packaging solution for the brand.<\/li>\n\n\n\n<li><strong>Clear Window Design:<\/strong> The back of our dried fruit packaging wholesale features a window design, which enables customers to see the shape and color of the food, thereby more easily stimulating their desire to purchase.<\/li>\n<\/ul>\n\n\n\n<div class=\"wp-block-columns is-layout-flex wp-container-core-columns-is-layout-9d6595d7 wp-block-columns-is-layout-flex\">\n<div class=\"wp-block-column is-layout-flow wp-block-column-is-layout-flow\">\n<figure class=\"wp-block-image size-full\"><img decoding=\"async\" width=\"750\" height=\"750\" src=\"https:\/\/www.stanleypackage.com\/wp-content\/uploads\/2025\/11\/Dried-Fruit-Packaging-Bags-Wholesale-Custom-Snack-Pouches-2.jpg\" alt=\"\" class=\"wp-image-3688\" srcset=\"https:\/\/www.stanleypackage.com\/wp-content\/uploads\/2025\/11\/Dried-Fruit-Packaging-Bags-Wholesale-Custom-Snack-Pouches-2.jpg 750w, https:\/\/www.stanleypackage.com\/wp-content\/uploads\/2025\/11\/Dried-Fruit-Packaging-Bags-Wholesale-Custom-Snack-Pouches-2-300x300.jpg 300w, https:\/\/www.stanleypackage.com\/wp-content\/uploads\/2025\/11\/Dried-Fruit-Packaging-Bags-Wholesale-Custom-Snack-Pouches-2-150x150.jpg 150w, https:\/\/www.stanleypackage.com\/wp-content\/uploads\/2025\/11\/Dried-Fruit-Packaging-Bags-Wholesale-Custom-Snack-Pouches-2-12x12.jpg 12w, https:\/\/www.stanleypackage.com\/wp-content\/uploads\/2025\/11\/Dried-Fruit-Packaging-Bags-Wholesale-Custom-Snack-Pouches-2-600x600.jpg 600w, https:\/\/www.stanleypackage.com\/wp-content\/uploads\/2025\/11\/Dried-Fruit-Packaging-Bags-Wholesale-Custom-Snack-Pouches-2-100x100.jpg 100w\" sizes=\"(max-width: 750px) 100vw, 750px\" \/><\/figure>\n<\/div>\n\n\n\n<div class=\"wp-block-column is-layout-flow wp-block-column-is-layout-flow\">\n<figure class=\"wp-block-image size-full\"><img decoding=\"async\" width=\"750\" height=\"750\" src=\"https:\/\/www.stanleypackage.com\/wp-content\/uploads\/2025\/11\/Dried-Fruit-Packaging-Bags-Wholesale-Custom-Snack-Pouches-3.jpg\" alt=\"\" class=\"wp-image-3689\" srcset=\"https:\/\/www.stanleypackage.com\/wp-content\/uploads\/2025\/11\/Dried-Fruit-Packaging-Bags-Wholesale-Custom-Snack-Pouches-3.jpg 750w, https:\/\/www.stanleypackage.com\/wp-content\/uploads\/2025\/11\/Dried-Fruit-Packaging-Bags-Wholesale-Custom-Snack-Pouches-3-300x300.jpg 300w, https:\/\/www.stanleypackage.com\/wp-content\/uploads\/2025\/11\/Dried-Fruit-Packaging-Bags-Wholesale-Custom-Snack-Pouches-3-150x150.jpg 150w, https:\/\/www.stanleypackage.com\/wp-content\/uploads\/2025\/11\/Dried-Fruit-Packaging-Bags-Wholesale-Custom-Snack-Pouches-3-12x12.jpg 12w, https:\/\/www.stanleypackage.com\/wp-content\/uploads\/2025\/11\/Dried-Fruit-Packaging-Bags-Wholesale-Custom-Snack-Pouches-3-600x600.jpg 600w, https:\/\/www.stanleypackage.com\/wp-content\/uploads\/2025\/11\/Dried-Fruit-Packaging-Bags-Wholesale-Custom-Snack-Pouches-3-100x100.jpg 100w\" sizes=\"(max-width: 750px) 100vw, 750px\" \/><\/figure>\n<\/div>\n<\/div>\n<\/div>\n<\/div>\n\n\n\n<p><\/p>","protected":false},"excerpt":{"rendered":"<p>Nous vous invitons \u00e0 acheter en gros des emballages pour fruits secs OEM. Nos sachets imprim\u00e9s personnalis\u00e9s sont dot\u00e9s d'une fermeture \u00e0 glissi\u00e8re r\u00e9utilisable, d'un trou de suspension, d'une encoche facile \u00e0 d\u00e9chirer et d'un orifice de remplissage par le haut afin de r\u00e9pondre \u00e0 une grande vari\u00e9t\u00e9 de besoins en mati\u00e8re d'emballage et de pr\u00e9sentation de produits alimentaires.<\/p>\n<table style=\"border-collapse: collapse; width: 365.02pt;\" border=\"0\" width=\"365\" cellspacing=\"0\" cellpadding=\"0\">\n<tbody>\n<tr style=\"height: 16.00pt;\">\n<td class=\"et2\" style=\"height: 16.00pt; width: 97.50pt;\" width=\"97\" height=\"16\">Fabricant<\/td>\n<td class=\"et2\" style=\"width: 267.50pt;\" width=\"267\">Stanley<\/td>\n<\/tr>\n<tr style=\"height: 16.00pt;\">\n<td class=\"et2\" style=\"height: 16.00pt; width: 97.50pt;\" width=\"97\" height=\"16\">Types de pochettes<\/td>\n<td class=\"et2\" style=\"width: 267.50pt;\" width=\"267\">Stand Up Pouch, pochette \u00e0 fermeture \u00e9clair<\/td>\n<\/tr>\n<tr style=\"height: 31.00pt;\">\n<td class=\"et2\" style=\"height: 31.00pt; width: 97.50pt;\" width=\"97\" height=\"31\">Mat\u00e9riau<\/td>\n<td class=\"et2\" style=\"width: 267.50pt;\" width=\"267\">PET12\/1\/2VMPET12\/PE82<\/td>\n<\/tr>\n<tr style=\"height: 16.00pt;\">\n<td class=\"et2\" style=\"height: 16.00pt; width: 97.50pt;\" width=\"97\" height=\"16\">Dossier sp\u00e9cial<\/td>\n<td class=\"et2\" style=\"width: 267.50pt;\" width=\"267\">Encoche de d\u00e9chirure, remplissage par le haut, fermeture \u00e0 glissi\u00e8re, trou de suspension<\/td>\n<\/tr>\n<tr style=\"height: 16.00pt;\">\n<td class=\"et2\" style=\"height: 16.00pt; width: 97.50pt;\" width=\"97\" height=\"16\">Manipulation de surface<\/td>\n<td class=\"et2\" style=\"width: 267.50pt;\" width=\"267\">Impression en h\u00e9liogravure<\/td>\n<\/tr>\n<tr style=\"height: 16.00pt;\">\n<td class=\"et2\" style=\"height: 16.00pt; width: 97.50pt;\" width=\"97\" height=\"16\">Couleur<\/td>\n<td class=\"et2\" style=\"width: 267.50pt;\" width=\"267\">Jusqu'\u00e0 10 couleurs<\/td>\n<\/tr>\n<tr style=\"height: 16.00pt;\">\n<td class=\"et2\" style=\"height: 16.00pt; width: 97.50pt;\" width=\"97\" height=\"16\">Utilisation<\/td>\n<td class=\"et2\" style=\"width: 267.50pt;\" width=\"267\">Aliments secs, snacks, noix<\/td>\n<\/tr>\n<tr style=\"height: 16.00pt;\">\n<td class=\"et2\" style=\"height: 16.00pt; width: 97.50pt;\" width=\"97\" height=\"16\">MOQ<\/td>\n<td class=\"et2\" style=\"width: 267.50pt;\" width=\"267\">50 000 pi\u00e8ces<\/td>\n<\/tr>\n<tr style=\"height: 16.00pt;\">\n<td class=\"et2\" style=\"height: 16.00pt; width: 97.50pt;\" width=\"97\" height=\"16\">Commande personnalis\u00e9e<\/td>\n<td class=\"et2\" style=\"width: 267.50pt;\" width=\"267\">Accepter le support OEM \u00c9chantillon gratuit<\/td>\n<\/tr>\n<\/tbody>\n<\/table>","protected":false},"featured_media":3522,"comment_status":"closed","ping_status":"closed","template":"","meta":{"_acf_changed":false},"product_brand":[],"product_cat":[18,30],"product_tag":[],"class_list":{"0":"post-3687","1":"product","2":"type-product","3":"status-publish","4":"has-post-thumbnail","6":"product_cat-zipper-pouch-manufacturer","7":"product_cat-stand-up-pouch-manufacturer","8":"pa_food-packaging-snack-food-pouch","10":"first","11":"instock","12":"shipping-taxable","13":"product-type-simple"},"acf":[],"_links":{"self":[{"href":"https:\/\/www.stanleypackage.com\/fr\/wp-json\/wp\/v2\/product\/3687","targetHints":{"allow":["GET"]}}],"collection":[{"href":"https:\/\/www.stanleypackage.com\/fr\/wp-json\/wp\/v2\/product"}],"about":[{"href":"https:\/\/www.stanleypackage.com\/fr\/wp-json\/wp\/v2\/types\/product"}],"replies":[{"embeddable":true,"href":"https:\/\/www.stanleypackage.com\/fr\/wp-json\/wp\/v2\/comments?post=3687"}],"wp:featuredmedia":[{"embeddable":true,"href":"https:\/\/www.stanleypackage.com\/fr\/wp-json\/wp\/v2\/media\/3522"}],"wp:attachment":[{"href":"https:\/\/www.stanleypackage.com\/fr\/wp-json\/wp\/v2\/media?parent=3687"}],"wp:term":[{"taxonomy":"product_brand","embeddable":true,"href":"https:\/\/www.stanleypackage.com\/fr\/wp-json\/wp\/v2\/product_brand?post=3687"},{"taxonomy":"product_cat","embeddable":true,"href":"https:\/\/www.stanleypackage.com\/fr\/wp-json\/wp\/v2\/product_cat?post=3687"},{"taxonomy":"product_tag","embeddable":true,"href":"https:\/\/www.stanleypackage.com\/fr\/wp-json\/wp\/v2\/product_tag?post=3687"}],"curies":[{"name":"wp","href":"https:\/\/api.w.org\/{rel}","templated":true}]}}