{"id":3703,"date":"2025-11-11T10:18:54","date_gmt":"2025-11-11T10:18:54","guid":{"rendered":"https:\/\/www.stanleypackage.com\/?post_type=product&#038;p=3703"},"modified":"2025-11-11T10:19:00","modified_gmt":"2025-11-11T10:19:00","slug":"custom-printed-drink-pouches","status":"publish","type":"product","link":"https:\/\/www.stanleypackage.com\/fr\/product\/custom-printed-drink-pouches\/","title":{"rendered":"Pochettes \u00e0 boissons imprim\u00e9es sur mesure, pochettes \u00e0 boissons g\u00e9lifi\u00e9es de forme OEM"},"content":{"rendered":"<div class=\"wp-block-columns is-layout-flex wp-container-core-columns-is-layout-9d6595d7 wp-block-columns-is-layout-flex\">\n<div class=\"wp-block-column is-layout-flow wp-block-column-is-layout-flow\">\n<h2 class=\"wp-block-heading\">Caract\u00e9ristiques des poches \u00e0 boisson imprim\u00e9es sur mesure<\/h2>\n\n\n\n<ul class=\"wp-block-list\">\n<li><strong>Pochettes debout, faciles \u00e0 pr\u00e9senter et \u00e0 ranger : <\/strong>Ces poches \u00e0 boissons imprim\u00e9es personnalis\u00e9es sont dot\u00e9es d'une structure de base durable, qui am\u00e9liore la pr\u00e9sentation en rayon, \u00e9conomise de l'espace de stockage et facilite les ventes finales.<\/li>\n\n\n\n<li><strong>Forme irr\u00e9guli\u00e8re :<\/strong> Ces sachets de gel\u00e9e en forme d'OEM sont dot\u00e9s d'une forme unique qui garantit la reconnaissance du produit et la popularit\u00e9 de la marque dans les rayons.<\/li>\n\n\n\n<li><strong>Facile \u00e0 d\u00e9chirer :<\/strong> Nos poches \u00e0 boissons imprim\u00e9es personnalis\u00e9es adoptent une d\u00e9chirure facile, qui est simple et non publique, ce qui facilite l'ouverture pour les clients.<\/li>\n\n\n\n<li><strong>La conception du trou de supermarch\u00e9 est pratique pour l'exposition : <\/strong>Nos sachets de gel\u00e9e en forme d'OEM sont con\u00e7us avec des trous de supermarch\u00e9, qui peuvent \u00eatre suspendus aux \u00e9tag\u00e8res. Cela permet non seulement de faciliter la pr\u00e9sentation, mais aussi d'\u00e9conomiser de l'espace.<\/li>\n\n\n\n<li><strong>Soutenir la personnalisation de la marque pour r\u00e9pondre aux divers besoins en mati\u00e8re d'emballage : <\/strong>Nos poches \u00e0 boissons imprim\u00e9es personnalis\u00e9es en gros prennent en charge l'impression, les motifs et la capacit\u00e9 afin de r\u00e9pondre aux besoins uniques des clients en mati\u00e8re d'emballage.<\/li>\n<\/ul>\n\n\n\n<div class=\"wp-block-columns is-layout-flex wp-container-core-columns-is-layout-9d6595d7 wp-block-columns-is-layout-flex\">\n<div class=\"wp-block-column is-layout-flow wp-block-column-is-layout-flow\">\n<figure class=\"wp-block-image size-full\"><img decoding=\"async\" width=\"750\" height=\"750\" src=\"https:\/\/www.stanleypackage.com\/wp-content\/uploads\/2025\/11\/Custom-Irregular-Shape-Pouches-Wholesale-Stand-Up-Pouch-Of-Jelly-4.jpg\" alt=\"\" class=\"wp-image-3704\" srcset=\"https:\/\/www.stanleypackage.com\/wp-content\/uploads\/2025\/11\/Custom-Irregular-Shape-Pouches-Wholesale-Stand-Up-Pouch-Of-Jelly-4.jpg 750w, https:\/\/www.stanleypackage.com\/wp-content\/uploads\/2025\/11\/Custom-Irregular-Shape-Pouches-Wholesale-Stand-Up-Pouch-Of-Jelly-4-300x300.jpg 300w, https:\/\/www.stanleypackage.com\/wp-content\/uploads\/2025\/11\/Custom-Irregular-Shape-Pouches-Wholesale-Stand-Up-Pouch-Of-Jelly-4-150x150.jpg 150w, https:\/\/www.stanleypackage.com\/wp-content\/uploads\/2025\/11\/Custom-Irregular-Shape-Pouches-Wholesale-Stand-Up-Pouch-Of-Jelly-4-12x12.jpg 12w, https:\/\/www.stanleypackage.com\/wp-content\/uploads\/2025\/11\/Custom-Irregular-Shape-Pouches-Wholesale-Stand-Up-Pouch-Of-Jelly-4-600x600.jpg 600w, https:\/\/www.stanleypackage.com\/wp-content\/uploads\/2025\/11\/Custom-Irregular-Shape-Pouches-Wholesale-Stand-Up-Pouch-Of-Jelly-4-100x100.jpg 100w\" sizes=\"(max-width: 750px) 100vw, 750px\" \/><\/figure>\n<\/div>\n\n\n\n<div class=\"wp-block-column is-layout-flow wp-block-column-is-layout-flow\">\n<figure class=\"wp-block-image size-full\"><img decoding=\"async\" width=\"750\" height=\"750\" src=\"https:\/\/www.stanleypackage.com\/wp-content\/uploads\/2025\/11\/Custom-Irregular-Shape-Pouches-Wholesale-Stand-Up-Pouch-Of-Jelly-5.jpg\" alt=\"\" class=\"wp-image-3705\" srcset=\"https:\/\/www.stanleypackage.com\/wp-content\/uploads\/2025\/11\/Custom-Irregular-Shape-Pouches-Wholesale-Stand-Up-Pouch-Of-Jelly-5.jpg 750w, https:\/\/www.stanleypackage.com\/wp-content\/uploads\/2025\/11\/Custom-Irregular-Shape-Pouches-Wholesale-Stand-Up-Pouch-Of-Jelly-5-300x300.jpg 300w, https:\/\/www.stanleypackage.com\/wp-content\/uploads\/2025\/11\/Custom-Irregular-Shape-Pouches-Wholesale-Stand-Up-Pouch-Of-Jelly-5-150x150.jpg 150w, https:\/\/www.stanleypackage.com\/wp-content\/uploads\/2025\/11\/Custom-Irregular-Shape-Pouches-Wholesale-Stand-Up-Pouch-Of-Jelly-5-12x12.jpg 12w, https:\/\/www.stanleypackage.com\/wp-content\/uploads\/2025\/11\/Custom-Irregular-Shape-Pouches-Wholesale-Stand-Up-Pouch-Of-Jelly-5-600x600.jpg 600w, https:\/\/www.stanleypackage.com\/wp-content\/uploads\/2025\/11\/Custom-Irregular-Shape-Pouches-Wholesale-Stand-Up-Pouch-Of-Jelly-5-100x100.jpg 100w\" sizes=\"(max-width: 750px) 100vw, 750px\" \/><\/figure>\n<\/div>\n<\/div>\n<\/div>\n<\/div>","protected":false},"excerpt":{"rendered":"<p>Nous vous invitons \u00e0 acheter des poches \u00e0 boissons imprim\u00e9es personnalis\u00e9es. Nos sachets de gel\u00e9e debout de forme OEM ont un design facile \u00e0 d\u00e9chirer, une forme irr\u00e9guli\u00e8re et des trous de supermarch\u00e9, ce qui permet une impression personnalis\u00e9e.<\/p>\n<table style=\"border-collapse: collapse; width: 327.77pt;\" border=\"0\" width=\"437\" cellspacing=\"0\" cellpadding=\"0\">\n<tbody>\n<tr style=\"height: 12.75pt;\">\n<td class=\"et2\" style=\"height: 12.75pt; width: 91.40pt;\" width=\"121\" height=\"17\">Fabricant<\/td>\n<td class=\"et2\" style=\"width: 237.00pt;\" width=\"316\">Stanley<\/td>\n<\/tr>\n<tr style=\"height: 12.75pt;\">\n<td class=\"et2\" style=\"height: 12.75pt; width: 91.40pt;\" width=\"121\" height=\"17\">Types de pochettes<\/td>\n<td class=\"et3\">Stand-up Pouch, Pochette de forme irr\u00e9guli\u00e8re<\/td>\n<\/tr>\n<tr style=\"height: 12.75pt;\">\n<td class=\"et2\" style=\"height: 12.75pt; width: 91.40pt;\" width=\"121\" height=\"17\">Mat\u00e9riau<\/td>\n<td class=\"et2\" style=\"width: 237.00pt;\" width=\"316\">PET12\/1\/2VMPET12\/PE100<\/td>\n<\/tr>\n<tr style=\"height: 12.75pt;\">\n<td class=\"et2\" style=\"height: 12.75pt; width: 91.40pt;\" width=\"121\" height=\"17\">Dossier sp\u00e9cial<\/td>\n<td class=\"et2\" style=\"width: 237.00pt;\" width=\"316\">Bas montant, Encoche facile \u00e0 d\u00e9chirer, Irr\u00e9gulier<\/td>\n<\/tr>\n<tr style=\"height: 12.75pt;\">\n<td class=\"et2\" style=\"height: 12.75pt; width: 91.40pt;\" width=\"121\" height=\"17\">Manipulation de surface<\/td>\n<td class=\"et2\" style=\"width: 237.00pt;\" width=\"316\">Impression en h\u00e9liogravure<\/td>\n<\/tr>\n<tr style=\"height: 12.75pt;\">\n<td class=\"et2\" style=\"height: 12.75pt; width: 91.40pt;\" width=\"121\" height=\"17\">Couleur<\/td>\n<td class=\"et2\" style=\"width: 237.00pt;\" width=\"316\">Jusqu'\u00e0 10 couleurs<\/td>\n<\/tr>\n<tr style=\"height: 12.75pt;\">\n<td class=\"et2\" style=\"height: 12.75pt; width: 91.40pt;\" width=\"121\" height=\"17\">Utilisation<\/td>\n<td class=\"et3\">Bonbons, noix, snacks, pain, gel\u00e9e<\/td>\n<\/tr>\n<tr style=\"height: 12.75pt;\">\n<td class=\"et2\" style=\"height: 12.75pt; width: 91.40pt;\" width=\"121\" height=\"17\">MOQ<\/td>\n<td class=\"et2\" style=\"width: 237.00pt;\" width=\"316\">50 000 pi\u00e8ces<\/td>\n<\/tr>\n<tr style=\"height: 12.75pt;\">\n<td class=\"et2\" style=\"height: 12.75pt; width: 91.40pt;\" width=\"121\" height=\"17\">Commande personnalis\u00e9e<\/td>\n<td class=\"et2\" style=\"width: 237.00pt;\" width=\"316\">Acceptation de l'OEM, prise en charge de l'\u00e9chantillonnage gratuit<\/td>\n<\/tr>\n<\/tbody>\n<\/table>","protected":false},"featured_media":3706,"comment_status":"closed","ping_status":"closed","template":"","meta":{"_acf_changed":false},"product_brand":[],"product_cat":[30,22],"product_tag":[],"class_list":{"0":"post-3703","1":"product","2":"type-product","3":"status-publish","4":"has-post-thumbnail","6":"product_cat-stand-up-pouch-manufacturer","7":"product_cat-shaped-pouches-factory","8":"pa_food-packaging-snack-food-pouch","9":"pa_food-packaging-drink-beverage-pouch","11":"first","12":"instock","13":"shipping-taxable","14":"product-type-simple"},"acf":[],"_links":{"self":[{"href":"https:\/\/www.stanleypackage.com\/fr\/wp-json\/wp\/v2\/product\/3703","targetHints":{"allow":["GET"]}}],"collection":[{"href":"https:\/\/www.stanleypackage.com\/fr\/wp-json\/wp\/v2\/product"}],"about":[{"href":"https:\/\/www.stanleypackage.com\/fr\/wp-json\/wp\/v2\/types\/product"}],"replies":[{"embeddable":true,"href":"https:\/\/www.stanleypackage.com\/fr\/wp-json\/wp\/v2\/comments?post=3703"}],"wp:featuredmedia":[{"embeddable":true,"href":"https:\/\/www.stanleypackage.com\/fr\/wp-json\/wp\/v2\/media\/3706"}],"wp:attachment":[{"href":"https:\/\/www.stanleypackage.com\/fr\/wp-json\/wp\/v2\/media?parent=3703"}],"wp:term":[{"taxonomy":"product_brand","embeddable":true,"href":"https:\/\/www.stanleypackage.com\/fr\/wp-json\/wp\/v2\/product_brand?post=3703"},{"taxonomy":"product_cat","embeddable":true,"href":"https:\/\/www.stanleypackage.com\/fr\/wp-json\/wp\/v2\/product_cat?post=3703"},{"taxonomy":"product_tag","embeddable":true,"href":"https:\/\/www.stanleypackage.com\/fr\/wp-json\/wp\/v2\/product_tag?post=3703"}],"curies":[{"name":"wp","href":"https:\/\/api.w.org\/{rel}","templated":true}]}}