{"id":3719,"date":"2025-11-11T10:38:35","date_gmt":"2025-11-11T10:38:35","guid":{"rendered":"https:\/\/www.stanleypackage.com\/?post_type=product&#038;p=3719"},"modified":"2025-11-11T10:38:41","modified_gmt":"2025-11-11T10:38:41","slug":"custom-spouted-pouches","status":"publish","type":"product","link":"https:\/\/www.stanleypackage.com\/fr\/product\/custom-spouted-pouches\/","title":{"rendered":"Pochettes \u00e0 bec en vrac personnalis\u00e9es pour d\u00e9odorant anti-transpirant"},"content":{"rendered":"<div class=\"wp-block-columns is-layout-flex wp-container-core-columns-is-layout-9d6595d7 wp-block-columns-is-layout-flex\">\n<div class=\"wp-block-column is-layout-flow wp-block-column-is-layout-flow\">\n<h2 class=\"wp-block-heading\">Caract\u00e9ristiques des pochettes \u00e0 goulot sur mesure<\/h2>\n\n\n\n<ul class=\"wp-block-list\">\n<li><strong>Structure multicouche \u00e0 haute r\u00e9sistance pour assurer un conditionnement s\u00fbr des liquides :<\/strong> Nos sachets \u00e0 becs personnalis\u00e9s sont fabriqu\u00e9s en mat\u00e9riau composite PET12\/AL7\/PE60, qui r\u00e9siste \u00e0 l'\u00e9tirement et aux fuites et convient aux produits de soins personnels.<\/li>\n\n\n\n<li><strong>Conception de la buse + joint lat\u00e9ral, bonne exp\u00e9rience d'utilisation : <\/strong>La structure de cette poche flexible OEM pour les soins personnels est facile \u00e0 presser et \u00e0 utiliser.<\/li>\n\n\n\n<li><strong>Emballage compact :<\/strong> Nos pochettes \u00e0 bec personnalis\u00e9es sont compactes et \u00e9l\u00e9gantes, ce qui les rend faciles \u00e0 transporter lors des sorties et peu encombrantes. Elles sont parfaites pour les voyages.<\/li>\n\n\n\n<li><strong>Prise en charge de l'impression personnalis\u00e9e et des sp\u00e9cifications de taille :<\/strong> Cette poche flexible OEM pour soins personnels peut personnaliser le motif, le logo, la taille et la position de la buse en fonction des besoins du client pour r\u00e9pondre aux projets OEM\/ODM.<\/li>\n\n\n\n<li><strong>Convient \u00e0 une vari\u00e9t\u00e9 de produits de soins personnels : <\/strong>Nos sachets \u00e0 goulot personnalis\u00e9s conviennent \u00e0 l'emballage de produits de soins personnels tels que le shampoing, l'apr\u00e8s-shampoing, le gel douche, etc., et sont largement utilis\u00e9s dans les supermarch\u00e9s et les cha\u00eenes de magasins de produits de beaut\u00e9.<\/li>\n<\/ul>\n\n\n\n<div class=\"wp-block-columns is-layout-flex wp-container-core-columns-is-layout-9d6595d7 wp-block-columns-is-layout-flex\">\n<div class=\"wp-block-column is-layout-flow wp-block-column-is-layout-flow\">\n<figure class=\"wp-block-image size-full\"><img decoding=\"async\" width=\"750\" height=\"750\" src=\"https:\/\/www.stanleypackage.com\/wp-content\/uploads\/2025\/11\/Custom-Spout-Pouch-Bags-Wholesale-Personal-Care-Spout-Pouch.webp\" alt=\"\" class=\"wp-image-3724\" srcset=\"https:\/\/www.stanleypackage.com\/wp-content\/uploads\/2025\/11\/Custom-Spout-Pouch-Bags-Wholesale-Personal-Care-Spout-Pouch.webp 750w, https:\/\/www.stanleypackage.com\/wp-content\/uploads\/2025\/11\/Custom-Spout-Pouch-Bags-Wholesale-Personal-Care-Spout-Pouch-300x300.webp 300w, https:\/\/www.stanleypackage.com\/wp-content\/uploads\/2025\/11\/Custom-Spout-Pouch-Bags-Wholesale-Personal-Care-Spout-Pouch-150x150.webp 150w, https:\/\/www.stanleypackage.com\/wp-content\/uploads\/2025\/11\/Custom-Spout-Pouch-Bags-Wholesale-Personal-Care-Spout-Pouch-12x12.webp 12w, https:\/\/www.stanleypackage.com\/wp-content\/uploads\/2025\/11\/Custom-Spout-Pouch-Bags-Wholesale-Personal-Care-Spout-Pouch-600x600.webp 600w, https:\/\/www.stanleypackage.com\/wp-content\/uploads\/2025\/11\/Custom-Spout-Pouch-Bags-Wholesale-Personal-Care-Spout-Pouch-100x100.webp 100w\" sizes=\"(max-width: 750px) 100vw, 750px\" \/><\/figure>\n<\/div>\n\n\n\n<div class=\"wp-block-column is-layout-flow wp-block-column-is-layout-flow\">\n<figure class=\"wp-block-image size-full\"><img decoding=\"async\" width=\"750\" height=\"750\" src=\"https:\/\/www.stanleypackage.com\/wp-content\/uploads\/2025\/11\/Custom-Spout-Pouch-Bags-Wholesale-Personal-Care-Spout-Pouch-6.webp\" alt=\"\" class=\"wp-image-3725\" srcset=\"https:\/\/www.stanleypackage.com\/wp-content\/uploads\/2025\/11\/Custom-Spout-Pouch-Bags-Wholesale-Personal-Care-Spout-Pouch-6.webp 750w, https:\/\/www.stanleypackage.com\/wp-content\/uploads\/2025\/11\/Custom-Spout-Pouch-Bags-Wholesale-Personal-Care-Spout-Pouch-6-300x300.webp 300w, https:\/\/www.stanleypackage.com\/wp-content\/uploads\/2025\/11\/Custom-Spout-Pouch-Bags-Wholesale-Personal-Care-Spout-Pouch-6-150x150.webp 150w, https:\/\/www.stanleypackage.com\/wp-content\/uploads\/2025\/11\/Custom-Spout-Pouch-Bags-Wholesale-Personal-Care-Spout-Pouch-6-12x12.webp 12w, https:\/\/www.stanleypackage.com\/wp-content\/uploads\/2025\/11\/Custom-Spout-Pouch-Bags-Wholesale-Personal-Care-Spout-Pouch-6-600x600.webp 600w, https:\/\/www.stanleypackage.com\/wp-content\/uploads\/2025\/11\/Custom-Spout-Pouch-Bags-Wholesale-Personal-Care-Spout-Pouch-6-100x100.webp 100w\" sizes=\"(max-width: 750px) 100vw, 750px\" \/><\/figure>\n<\/div>\n<\/div>\n<\/div>\n<\/div>\n\n\n\n<p><\/p>","protected":false},"excerpt":{"rendered":"<p>Nous vous invitons \u00e0 acheter des sachets \u00e0 goulot personnalis\u00e9s. Notre usine OEM de poche souple pour d\u00e9odorant anti-transpirant prend en charge une vari\u00e9t\u00e9 de techniques d'impression, correspondant parfaitement \u00e0 l'identit\u00e9 de votre marque.<\/p>\n<table style=\"border-collapse: collapse; width: 334.02pt;\" border=\"0\" width=\"334\" cellspacing=\"0\" cellpadding=\"0\">\n<tbody>\n<tr style=\"height: 16.00pt;\">\n<td class=\"et2\" style=\"height: 16.00pt; width: 97.50pt;\" width=\"97\" height=\"16\">Fabricant<\/td>\n<td class=\"et2\" style=\"width: 236.80pt;\" width=\"236\">Stanley<\/td>\n<\/tr>\n<tr style=\"height: 16.00pt;\">\n<td class=\"et2\" style=\"height: 16.00pt; width: 97.50pt;\" width=\"97\" height=\"16\">Types de pochettes<\/td>\n<td class=\"et3\">Pochette \u00e0 bec<\/td>\n<\/tr>\n<tr style=\"height: 16.00pt;\">\n<td class=\"et2\" style=\"height: 16.00pt; width: 97.50pt;\" width=\"97\" height=\"16\">Mat\u00e9riau<\/td>\n<td class=\"et2\" style=\"width: 236.80pt;\" width=\"236\">PET12\/AL7\/PE60<\/td>\n<\/tr>\n<tr style=\"height: 16.00pt;\">\n<td class=\"et2\" style=\"height: 16.00pt; width: 97.50pt;\" width=\"97\" height=\"16\">Dossier sp\u00e9cial<\/td>\n<td class=\"et2\" style=\"width: 236.80pt;\" width=\"236\">Bec, joint lat\u00e9ral, fond autoportant<\/td>\n<\/tr>\n<tr style=\"height: 16.00pt;\">\n<td class=\"et2\" style=\"height: 16.00pt; width: 97.50pt;\" width=\"97\" height=\"16\">Manipulation de surface<\/td>\n<td class=\"et2\" style=\"width: 236.80pt;\" width=\"236\">Impression en h\u00e9liogravure<\/td>\n<\/tr>\n<tr style=\"height: 16.00pt;\">\n<td class=\"et2\" style=\"height: 16.00pt; width: 97.50pt;\" width=\"97\" height=\"16\">Couleur<\/td>\n<td class=\"et2\" style=\"width: 236.80pt;\" width=\"236\">Jusqu'\u00e0 10 couleurs<\/td>\n<\/tr>\n<tr style=\"height: 16.00pt;\">\n<td class=\"et2\" style=\"height: 16.00pt; width: 97.50pt;\" width=\"97\" height=\"16\">Utilisation<\/td>\n<td>Shampooing, gel douche, cr\u00e8me, lotion<\/td>\n<\/tr>\n<tr style=\"height: 16.00pt;\">\n<td class=\"et2\" style=\"height: 16.00pt; width: 97.50pt;\" width=\"97\" height=\"16\">MOQ<\/td>\n<td class=\"et2\" style=\"width: 236.80pt;\" width=\"236\">50 000 pi\u00e8ces<\/td>\n<\/tr>\n<tr style=\"height: 16.00pt;\">\n<td class=\"et2\" style=\"height: 16.00pt; width: 97.50pt;\" width=\"97\" height=\"16\">Commande personnalis\u00e9e<\/td>\n<td class=\"et2\" style=\"width: 236.80pt;\" width=\"236\">Acceptation de l'OEM et de l'ODM, prise en charge de l'\u00e9chantillonnage gratuit<\/td>\n<\/tr>\n<\/tbody>\n<\/table>","protected":false},"featured_media":3726,"comment_status":"closed","ping_status":"closed","template":"","meta":{"_acf_changed":false},"product_brand":[],"product_cat":[32],"product_tag":[],"class_list":{"0":"post-3719","1":"product","2":"type-product","3":"status-publish","4":"has-post-thumbnail","6":"product_cat-spout-pouch-manufacturer","7":"pa_non-food-packaging-cosmetic-packaging-pouches","9":"first","10":"instock","11":"shipping-taxable","12":"product-type-simple"},"acf":[],"_links":{"self":[{"href":"https:\/\/www.stanleypackage.com\/fr\/wp-json\/wp\/v2\/product\/3719","targetHints":{"allow":["GET"]}}],"collection":[{"href":"https:\/\/www.stanleypackage.com\/fr\/wp-json\/wp\/v2\/product"}],"about":[{"href":"https:\/\/www.stanleypackage.com\/fr\/wp-json\/wp\/v2\/types\/product"}],"replies":[{"embeddable":true,"href":"https:\/\/www.stanleypackage.com\/fr\/wp-json\/wp\/v2\/comments?post=3719"}],"wp:featuredmedia":[{"embeddable":true,"href":"https:\/\/www.stanleypackage.com\/fr\/wp-json\/wp\/v2\/media\/3726"}],"wp:attachment":[{"href":"https:\/\/www.stanleypackage.com\/fr\/wp-json\/wp\/v2\/media?parent=3719"}],"wp:term":[{"taxonomy":"product_brand","embeddable":true,"href":"https:\/\/www.stanleypackage.com\/fr\/wp-json\/wp\/v2\/product_brand?post=3719"},{"taxonomy":"product_cat","embeddable":true,"href":"https:\/\/www.stanleypackage.com\/fr\/wp-json\/wp\/v2\/product_cat?post=3719"},{"taxonomy":"product_tag","embeddable":true,"href":"https:\/\/www.stanleypackage.com\/fr\/wp-json\/wp\/v2\/product_tag?post=3719"}],"curies":[{"name":"wp","href":"https:\/\/api.w.org\/{rel}","templated":true}]}}