{"id":3731,"date":"2025-11-15T01:08:49","date_gmt":"2025-11-15T01:08:49","guid":{"rendered":"https:\/\/www.stanleypackage.com\/?post_type=product&#038;p=3731"},"modified":"2025-11-15T01:08:56","modified_gmt":"2025-11-15T01:08:56","slug":"custom-print-coffee-bags","status":"publish","type":"product","link":"https:\/\/www.stanleypackage.com\/fr\/product\/custom-print-coffee-bags\/","title":{"rendered":"Sacs de caf\u00e9 imprim\u00e9s sur mesure, sachets de caf\u00e9 instantan\u00e9 \u00e0 fond plat"},"content":{"rendered":"<div class=\"wp-block-columns is-layout-flex wp-container-core-columns-is-layout-9d6595d7 wp-block-columns-is-layout-flex\">\n<div class=\"wp-block-column is-layout-flow wp-block-column-is-layout-flow\">\n<h2 class=\"wp-block-heading\">Features of Custom Print Coffee Bags<\/h2>\n\n\n\n<ul class=\"wp-block-list\">\n<li><strong>Conception 3D des bords lat\u00e9raux : <\/strong>The side of our custom print coffee bags adopts a 3D design, making our packaging look more three-dimensional and beautiful, thus attracting the attention of customers.<\/li>\n\n\n\n<li><strong>Conception du fond stable :<\/strong> These wholesale flat bottom pouches ensure a stable stand on shelves or display counters, enhancing shelf appearance while maximizing internal capacity.<\/li>\n\n\n\n<li><strong>Conception facile \u00e0 d\u00e9chirer :<\/strong> Our custom print coffee bags are equipped with an easy-tear notch that allows for easy opening by consumers.<\/li>\n\n\n\n<li><strong>Prise en charge de la personnalisation de la taille et de la marque :\u00a0<\/strong>Our wholesale flat bottom pouches can be customized in size, printing pattern, and bag type details according to product requirements to create a unique packaging solution for the brand.<\/li>\n\n\n\n<li><strong>Forme et effet sp\u00e9ciaux : <\/strong>Our custom print coffee bags wholesale offers the option to customize the shape of the bags as well as the printing effects, such as UV, matte, glossy, etc.<\/li>\n<\/ul>\n\n\n\n<div class=\"wp-block-columns is-layout-flex wp-container-core-columns-is-layout-9d6595d7 wp-block-columns-is-layout-flex\">\n<div class=\"wp-block-column is-layout-flow wp-block-column-is-layout-flow\">\n<figure class=\"wp-block-image size-full\"><img decoding=\"async\" width=\"750\" height=\"750\" src=\"https:\/\/www.stanleypackage.com\/wp-content\/uploads\/2025\/11\/Custom-Instant-Coffee-Packaging-Pouch-Wholesale-8-Side-Seal-Box-Bottom-Pouch-7.webp\" alt=\"Sacs de caf\u00e9 imprim\u00e9s sur mesure, sachets de caf\u00e9 instantan\u00e9 \u00e0 fond plat\" class=\"wp-image-3734\" srcset=\"https:\/\/www.stanleypackage.com\/wp-content\/uploads\/2025\/11\/Custom-Instant-Coffee-Packaging-Pouch-Wholesale-8-Side-Seal-Box-Bottom-Pouch-7.webp 750w, https:\/\/www.stanleypackage.com\/wp-content\/uploads\/2025\/11\/Custom-Instant-Coffee-Packaging-Pouch-Wholesale-8-Side-Seal-Box-Bottom-Pouch-7-300x300.webp 300w, https:\/\/www.stanleypackage.com\/wp-content\/uploads\/2025\/11\/Custom-Instant-Coffee-Packaging-Pouch-Wholesale-8-Side-Seal-Box-Bottom-Pouch-7-150x150.webp 150w, https:\/\/www.stanleypackage.com\/wp-content\/uploads\/2025\/11\/Custom-Instant-Coffee-Packaging-Pouch-Wholesale-8-Side-Seal-Box-Bottom-Pouch-7-12x12.webp 12w, https:\/\/www.stanleypackage.com\/wp-content\/uploads\/2025\/11\/Custom-Instant-Coffee-Packaging-Pouch-Wholesale-8-Side-Seal-Box-Bottom-Pouch-7-600x600.webp 600w, https:\/\/www.stanleypackage.com\/wp-content\/uploads\/2025\/11\/Custom-Instant-Coffee-Packaging-Pouch-Wholesale-8-Side-Seal-Box-Bottom-Pouch-7-100x100.webp 100w\" sizes=\"(max-width: 750px) 100vw, 750px\" \/><\/figure>\n<\/div>\n\n\n\n<div class=\"wp-block-column is-layout-flow wp-block-column-is-layout-flow\">\n<figure class=\"wp-block-image size-full\"><img decoding=\"async\" width=\"750\" height=\"750\" src=\"https:\/\/www.stanleypackage.com\/wp-content\/uploads\/2025\/11\/Custom-Instant-Coffee-Packaging-Pouch-Wholesale-8-Side-Seal-Box-Bottom-Pouch.webp\" alt=\"\" class=\"wp-image-3733\" srcset=\"https:\/\/www.stanleypackage.com\/wp-content\/uploads\/2025\/11\/Custom-Instant-Coffee-Packaging-Pouch-Wholesale-8-Side-Seal-Box-Bottom-Pouch.webp 750w, https:\/\/www.stanleypackage.com\/wp-content\/uploads\/2025\/11\/Custom-Instant-Coffee-Packaging-Pouch-Wholesale-8-Side-Seal-Box-Bottom-Pouch-300x300.webp 300w, https:\/\/www.stanleypackage.com\/wp-content\/uploads\/2025\/11\/Custom-Instant-Coffee-Packaging-Pouch-Wholesale-8-Side-Seal-Box-Bottom-Pouch-150x150.webp 150w, https:\/\/www.stanleypackage.com\/wp-content\/uploads\/2025\/11\/Custom-Instant-Coffee-Packaging-Pouch-Wholesale-8-Side-Seal-Box-Bottom-Pouch-12x12.webp 12w, https:\/\/www.stanleypackage.com\/wp-content\/uploads\/2025\/11\/Custom-Instant-Coffee-Packaging-Pouch-Wholesale-8-Side-Seal-Box-Bottom-Pouch-600x600.webp 600w, https:\/\/www.stanleypackage.com\/wp-content\/uploads\/2025\/11\/Custom-Instant-Coffee-Packaging-Pouch-Wholesale-8-Side-Seal-Box-Bottom-Pouch-100x100.webp 100w\" sizes=\"(max-width: 750px) 100vw, 750px\" \/><\/figure>\n<\/div>\n<\/div>\n<\/div>\n<\/div>","protected":false},"excerpt":{"rendered":"<p>Welcome to order custom print coffee bags. Our wholesale flat bottom pouches for instant coffee feature an easy-tear notch, support special shape and brand customization.<\/p>\n<table style=\"border-collapse: collapse; width: 365.02pt;\" border=\"0\" width=\"365\" cellspacing=\"0\" cellpadding=\"0\">\n<tbody>\n<tr style=\"height: 16.00pt;\">\n<td class=\"et2\" style=\"height: 16.00pt; width: 97.50pt;\" width=\"97\" height=\"16\">Fabricant<\/td>\n<td class=\"et2\" style=\"width: 267.50pt;\" width=\"267\">Stanley<\/td>\n<\/tr>\n<tr style=\"height: 16.00pt;\">\n<td class=\"et2\" style=\"height: 16.00pt; width: 97.50pt;\" width=\"97\" height=\"16\">Types de pochettes<\/td>\n<td class=\"et2\" style=\"width: 267.50pt;\" width=\"267\">Pochette \u00e0 fond plat \u00e0 8 soudures lat\u00e9rales<\/td>\n<\/tr>\n<tr style=\"height: 31.00pt;\">\n<td class=\"et2\" style=\"height: 31.00pt; width: 97.50pt;\" width=\"97\" height=\"31\">Mat\u00e9riau<\/td>\n<td class=\"et2\" style=\"width: 267.50pt;\" width=\"267\">PET12\/White Kraft Paper 50g\/PE60 Ultra-Low Temperature<\/td>\n<\/tr>\n<tr style=\"height: 16.00pt;\">\n<td class=\"et2\" style=\"height: 16.00pt; width: 97.50pt;\" width=\"97\" height=\"16\">Dossier sp\u00e9cial<\/td>\n<td class=\"et2\" style=\"width: 267.50pt;\" width=\"267\">8 Joint lat\u00e9ral, encoche de d\u00e9chirure,\u00a0<\/td>\n<\/tr>\n<tr style=\"height: 16.00pt;\">\n<td class=\"et2\" style=\"height: 16.00pt; width: 97.50pt;\" width=\"97\" height=\"16\">Manipulation de surface<\/td>\n<td class=\"et2\" style=\"width: 267.50pt;\" width=\"267\">Impression en h\u00e9liogravure<\/td>\n<\/tr>\n<tr style=\"height: 16.00pt;\">\n<td class=\"et2\" style=\"height: 16.00pt; width: 97.50pt;\" width=\"97\" height=\"16\">Couleur<\/td>\n<td class=\"et2\" style=\"width: 267.50pt;\" width=\"267\">Jusqu'\u00e0 10 couleurs<\/td>\n<\/tr>\n<tr style=\"height: 16.00pt;\">\n<td class=\"et2\" style=\"height: 16.00pt; width: 97.50pt;\" width=\"97\" height=\"16\">Utilisation<\/td>\n<td class=\"et2\" style=\"width: 267.50pt;\" width=\"267\">Caf\u00e9\u3001Snack\u3001Pain<\/td>\n<\/tr>\n<tr style=\"height: 16.00pt;\">\n<td class=\"et2\" style=\"height: 16.00pt; width: 97.50pt;\" width=\"97\" height=\"16\">MOQ<\/td>\n<td class=\"et2\" style=\"width: 267.50pt;\" width=\"267\">50 000 pi\u00e8ces<\/td>\n<\/tr>\n<tr style=\"height: 16.00pt;\">\n<td class=\"et2\" style=\"height: 16.00pt; width: 97.50pt;\" width=\"97\" height=\"16\">Commande personnalis\u00e9e<\/td>\n<td class=\"et2\" style=\"width: 267.50pt;\" width=\"267\">Accepter le support OEM \u00c9chantillon gratuit<\/td>\n<\/tr>\n<\/tbody>\n<\/table>","protected":false},"featured_media":3732,"comment_status":"closed","ping_status":"closed","template":"","meta":{"_acf_changed":false},"product_brand":[],"product_cat":[24],"product_tag":[],"class_list":{"0":"post-3731","1":"product","2":"type-product","3":"status-publish","4":"has-post-thumbnail","6":"product_cat-flat-bottom-pouch-manufacturer","7":"pa_food-packaging-coffee-packaging-pouch","9":"first","10":"instock","11":"shipping-taxable","12":"product-type-simple"},"acf":[],"_links":{"self":[{"href":"https:\/\/www.stanleypackage.com\/fr\/wp-json\/wp\/v2\/product\/3731","targetHints":{"allow":["GET"]}}],"collection":[{"href":"https:\/\/www.stanleypackage.com\/fr\/wp-json\/wp\/v2\/product"}],"about":[{"href":"https:\/\/www.stanleypackage.com\/fr\/wp-json\/wp\/v2\/types\/product"}],"replies":[{"embeddable":true,"href":"https:\/\/www.stanleypackage.com\/fr\/wp-json\/wp\/v2\/comments?post=3731"}],"wp:featuredmedia":[{"embeddable":true,"href":"https:\/\/www.stanleypackage.com\/fr\/wp-json\/wp\/v2\/media\/3732"}],"wp:attachment":[{"href":"https:\/\/www.stanleypackage.com\/fr\/wp-json\/wp\/v2\/media?parent=3731"}],"wp:term":[{"taxonomy":"product_brand","embeddable":true,"href":"https:\/\/www.stanleypackage.com\/fr\/wp-json\/wp\/v2\/product_brand?post=3731"},{"taxonomy":"product_cat","embeddable":true,"href":"https:\/\/www.stanleypackage.com\/fr\/wp-json\/wp\/v2\/product_cat?post=3731"},{"taxonomy":"product_tag","embeddable":true,"href":"https:\/\/www.stanleypackage.com\/fr\/wp-json\/wp\/v2\/product_tag?post=3731"}],"curies":[{"name":"wp","href":"https:\/\/api.w.org\/{rel}","templated":true}]}}