{"id":3771,"date":"2025-11-15T01:27:02","date_gmt":"2025-11-15T01:27:02","guid":{"rendered":"https:\/\/www.stanleypackage.com\/?post_type=product&#038;p=3771"},"modified":"2025-11-15T01:27:10","modified_gmt":"2025-11-15T01:27:10","slug":"three-side-seal-pouches-with-zipper","status":"publish","type":"product","link":"https:\/\/www.stanleypackage.com\/fr\/product\/three-side-seal-pouches-with-zipper\/","title":{"rendered":"Pochettes scell\u00e9es sur trois c\u00f4t\u00e9s avec fermeture \u00e0 glissi\u00e8re Approvisionnement en gros"},"content":{"rendered":"<div class=\"wp-block-columns is-layout-flex wp-container-core-columns-is-layout-9d6595d7 wp-block-columns-is-layout-flex\">\n<div class=\"wp-block-column is-layout-flow wp-block-column-is-layout-flow\">\n<h2 class=\"wp-block-heading\">Caract\u00e9ristiques des pochettes personnalis\u00e9es \u00e0 fermeture \u00e9clair sur trois c\u00f4t\u00e9s<\/h2>\n\n\n\n<ul class=\"wp-block-list\">\n<li><strong>Bords herm\u00e9tiquement ferm\u00e9s :<\/strong>\u00a0Les bords de nos pochettes \u00e0 fermeture \u00e9clair \u00e0 trois c\u00f4t\u00e9s sont serr\u00e9s, lisses et attrayants, et ils ne sont pas susceptibles de se fissurer.<\/li>\n\n\n\n<li><strong>Personnalisation flexible :<\/strong> Nos sachets plats en gros OEM offrent des options de personnalisation compl\u00e8tes en termes de taille, de capacit\u00e9, de graphisme et d'impression, r\u00e9pondant ainsi aux besoins d'emballage de diverses marques et de divers produits.<\/li>\n\n\n\n<li><strong>Facile \u00e0 d\u00e9chirer :<\/strong> Ces pochettes personnalis\u00e9es \u00e0 trois c\u00f4t\u00e9s avec fermeture \u00e0 glissi\u00e8re pour les produits quotidiens sont dot\u00e9es d'encoches de d\u00e9chirement qui permettent de d\u00e9chirer facilement l'emballage, de faciliter l'ouverture et d'am\u00e9liorer l'exp\u00e9rience de l'utilisateur.<\/li>\n\n\n\n<li><strong>Fermeture \u00e0 glissi\u00e8re \u00e9tanche :<\/strong> Nos pochettes \u00e0 plat avec fermetures \u00e0 glissi\u00e8re permettent des ouvertures et des fermetures multiples et sont adapt\u00e9es \u00e0 la consommation quotidienne.<\/li>\n\n\n\n<li><strong>Convient \u00e0 divers aliments \u00e0 grignoter :<\/strong> Ces sachets personnalis\u00e9s \u00e0 fermeture \u00e0 glissi\u00e8re sur trois c\u00f4t\u00e9s sont largement adapt\u00e9s \u00e0 divers besoins d'emballage de produits chimiques quotidiens, tels que les masques de beaut\u00e9, les soins de la peau, le savon liquide, le shampoing, etc.<\/li>\n<\/ul>\n\n\n\n<div class=\"wp-block-columns is-layout-flex wp-container-core-columns-is-layout-9d6595d7 wp-block-columns-is-layout-flex\">\n<div class=\"wp-block-column is-layout-flow wp-block-column-is-layout-flow\">\n<figure class=\"wp-block-image size-full\"><img decoding=\"async\" width=\"750\" height=\"750\" src=\"https:\/\/www.stanleypackage.com\/wp-content\/uploads\/2025\/11\/Custom-Daily-Chemical-Bags-With-Zipper-Wholesale-OEM-3-Side-Seal-Pouches-5.webp\" alt=\"\" class=\"wp-image-3772\" srcset=\"https:\/\/www.stanleypackage.com\/wp-content\/uploads\/2025\/11\/Custom-Daily-Chemical-Bags-With-Zipper-Wholesale-OEM-3-Side-Seal-Pouches-5.webp 750w, https:\/\/www.stanleypackage.com\/wp-content\/uploads\/2025\/11\/Custom-Daily-Chemical-Bags-With-Zipper-Wholesale-OEM-3-Side-Seal-Pouches-5-300x300.webp 300w, https:\/\/www.stanleypackage.com\/wp-content\/uploads\/2025\/11\/Custom-Daily-Chemical-Bags-With-Zipper-Wholesale-OEM-3-Side-Seal-Pouches-5-150x150.webp 150w, https:\/\/www.stanleypackage.com\/wp-content\/uploads\/2025\/11\/Custom-Daily-Chemical-Bags-With-Zipper-Wholesale-OEM-3-Side-Seal-Pouches-5-12x12.webp 12w, https:\/\/www.stanleypackage.com\/wp-content\/uploads\/2025\/11\/Custom-Daily-Chemical-Bags-With-Zipper-Wholesale-OEM-3-Side-Seal-Pouches-5-600x600.webp 600w, https:\/\/www.stanleypackage.com\/wp-content\/uploads\/2025\/11\/Custom-Daily-Chemical-Bags-With-Zipper-Wholesale-OEM-3-Side-Seal-Pouches-5-100x100.webp 100w\" sizes=\"(max-width: 750px) 100vw, 750px\" \/><\/figure>\n<\/div>\n\n\n\n<div class=\"wp-block-column is-layout-flow wp-block-column-is-layout-flow\">\n<figure class=\"wp-block-image size-full\"><img decoding=\"async\" width=\"750\" height=\"750\" src=\"https:\/\/www.stanleypackage.com\/wp-content\/uploads\/2025\/11\/Custom-Daily-Chemical-Bags-With-Zipper-Wholesale-OEM-3-Side-Seal-Pouches-6.webp\" alt=\"\" class=\"wp-image-3773\" srcset=\"https:\/\/www.stanleypackage.com\/wp-content\/uploads\/2025\/11\/Custom-Daily-Chemical-Bags-With-Zipper-Wholesale-OEM-3-Side-Seal-Pouches-6.webp 750w, https:\/\/www.stanleypackage.com\/wp-content\/uploads\/2025\/11\/Custom-Daily-Chemical-Bags-With-Zipper-Wholesale-OEM-3-Side-Seal-Pouches-6-300x300.webp 300w, https:\/\/www.stanleypackage.com\/wp-content\/uploads\/2025\/11\/Custom-Daily-Chemical-Bags-With-Zipper-Wholesale-OEM-3-Side-Seal-Pouches-6-150x150.webp 150w, https:\/\/www.stanleypackage.com\/wp-content\/uploads\/2025\/11\/Custom-Daily-Chemical-Bags-With-Zipper-Wholesale-OEM-3-Side-Seal-Pouches-6-12x12.webp 12w, https:\/\/www.stanleypackage.com\/wp-content\/uploads\/2025\/11\/Custom-Daily-Chemical-Bags-With-Zipper-Wholesale-OEM-3-Side-Seal-Pouches-6-600x600.webp 600w, https:\/\/www.stanleypackage.com\/wp-content\/uploads\/2025\/11\/Custom-Daily-Chemical-Bags-With-Zipper-Wholesale-OEM-3-Side-Seal-Pouches-6-100x100.webp 100w\" sizes=\"(max-width: 750px) 100vw, 750px\" \/><\/figure>\n<\/div>\n<\/div>\n<\/div>\n<\/div>","protected":false},"excerpt":{"rendered":"<p>Nous vous invitons \u00e0 commander des sachets \u00e0 fermeture \u00e0 glissi\u00e8re sur trois c\u00f4t\u00e9s. Nos pochettes \u00e0 plat sont dot\u00e9es d'une fermeture \u00e0 glissi\u00e8re et d'une encoche de d\u00e9chirement. Elles sont sp\u00e9cialement con\u00e7ues pour les masques de beaut\u00e9, les soins de la peau, les savons liquides et autres produits chimiques quotidiens, afin d'am\u00e9liorer l'effet de pr\u00e9sentation du produit en rayon.<\/p>\n<table width=\"365\">\n<tbody>\n<tr>\n<td width=\"97\">Fabricant<\/td>\n<td width=\"267\">Stanley<\/td>\n<\/tr>\n<tr>\n<td width=\"97\">Types de pochettes<\/td>\n<td width=\"267\">Pochette \u00e0 fermeture 3 c\u00f4t\u00e9s, pochette \u00e0 fermeture \u00e9clair<\/td>\n<\/tr>\n<tr>\n<td width=\"97\">Mat\u00e9riau<\/td>\n<td width=\"267\">MOPP25\/PET12\/PE80<\/td>\n<\/tr>\n<tr>\n<td width=\"97\">Dossier sp\u00e9cial<\/td>\n<td width=\"267\">\u00a0Fermeture \u00e0 glissi\u00e8re, encoche de d\u00e9chirure<\/td>\n<\/tr>\n<tr>\n<td width=\"97\">Manipulation de surface<\/td>\n<td width=\"267\">Impression en h\u00e9liogravure<\/td>\n<\/tr>\n<tr>\n<td width=\"97\">Couleur<\/td>\n<td width=\"267\">Impression double face, jusqu'\u00e0 10 couleurs<\/td>\n<\/tr>\n<tr>\n<td width=\"97\">Utilisation<\/td>\n<td width=\"267\">Masque pour le visage, Soins de la peau, Savon liquide, etc.<\/td>\n<\/tr>\n<tr>\n<td width=\"97\">MOQ<\/td>\n<td width=\"267\">50 000 pi\u00e8ces<\/td>\n<\/tr>\n<tr>\n<td width=\"97\">Commande personnalis\u00e9e<\/td>\n<td width=\"267\">Acceptation de l'OEM , \u00c9chantillon gratuit<\/td>\n<\/tr>\n<\/tbody>\n<\/table>","protected":false},"featured_media":3774,"comment_status":"closed","ping_status":"closed","template":"","meta":{"_acf_changed":false},"product_brand":[],"product_cat":[18,31,28],"product_tag":[],"class_list":{"0":"post-3771","1":"product","2":"type-product","3":"status-publish","4":"has-post-thumbnail","6":"product_cat-zipper-pouch-manufacturer","7":"product_cat-lay-flat-pouch-manufacturer","8":"product_cat-three-side-seal-pouch-manufacturer","9":"pa_non-food-packaging-cosmetic-packaging-pouches","10":"pa_non-food-packaging-soap-detergent-pouches","12":"first","13":"instock","14":"shipping-taxable","15":"product-type-simple"},"acf":[],"_links":{"self":[{"href":"https:\/\/www.stanleypackage.com\/fr\/wp-json\/wp\/v2\/product\/3771","targetHints":{"allow":["GET"]}}],"collection":[{"href":"https:\/\/www.stanleypackage.com\/fr\/wp-json\/wp\/v2\/product"}],"about":[{"href":"https:\/\/www.stanleypackage.com\/fr\/wp-json\/wp\/v2\/types\/product"}],"replies":[{"embeddable":true,"href":"https:\/\/www.stanleypackage.com\/fr\/wp-json\/wp\/v2\/comments?post=3771"}],"wp:featuredmedia":[{"embeddable":true,"href":"https:\/\/www.stanleypackage.com\/fr\/wp-json\/wp\/v2\/media\/3774"}],"wp:attachment":[{"href":"https:\/\/www.stanleypackage.com\/fr\/wp-json\/wp\/v2\/media?parent=3771"}],"wp:term":[{"taxonomy":"product_brand","embeddable":true,"href":"https:\/\/www.stanleypackage.com\/fr\/wp-json\/wp\/v2\/product_brand?post=3771"},{"taxonomy":"product_cat","embeddable":true,"href":"https:\/\/www.stanleypackage.com\/fr\/wp-json\/wp\/v2\/product_cat?post=3771"},{"taxonomy":"product_tag","embeddable":true,"href":"https:\/\/www.stanleypackage.com\/fr\/wp-json\/wp\/v2\/product_tag?post=3771"}],"curies":[{"name":"wp","href":"https:\/\/api.w.org\/{rel}","templated":true}]}}