{"id":3786,"date":"2025-11-20T03:04:13","date_gmt":"2025-11-20T03:04:13","guid":{"rendered":"https:\/\/www.stanleypackage.com\/?post_type=product&#038;p=3786"},"modified":"2025-11-20T03:40:46","modified_gmt":"2025-11-20T03:40:46","slug":"customized-stand-up-pouch","status":"publish","type":"product","link":"https:\/\/www.stanleypackage.com\/fr\/product\/customized-stand-up-pouch\/","title":{"rendered":"Pochettes personnalis\u00e9es, pochettes en aluminium de qualit\u00e9 alimentaire, vente en gros"},"content":{"rendered":"<div class=\"wp-block-columns is-layout-flex wp-container-core-columns-is-layout-9d6595d7 wp-block-columns-is-layout-flex\">\n<div class=\"wp-block-column is-layout-flow wp-block-column-is-layout-flow\">\n<h2 class=\"wp-block-heading\">Caract\u00e9ristiques de la pochette personnalis\u00e9e<\/h2>\n\n\n\n<ul class=\"wp-block-list\">\n<li><strong>Structure autoportante du fond du sac :<\/strong> Ces sachets sur pied personnalis\u00e9s ont une forme stable, adapt\u00e9e \u00e0 la mise en rayon, et am\u00e9liorent l'effet visuel de pr\u00e9sentation des produits de snacking.<\/li>\n\n\n\n<li><strong>Facile \u00e0 d\u00e9chirer : <\/strong>Ces sachets en aluminium de qualit\u00e9 alimentaire pour boissons instantan\u00e9es sont dot\u00e9s d'encoches de d\u00e9chirement qui permettent de d\u00e9chirer facilement l'emballage, de faciliter l'ouverture et d'am\u00e9liorer l'exp\u00e9rience de l'utilisateur.<\/li>\n\n\n\n<li><strong>Mat\u00e9riaux composites de haute qualit\u00e9 BOPP\/VMPET\/PE : <\/strong>Nos sachets \u00e0 fond plat personnalis\u00e9s ont de bonnes propri\u00e9t\u00e9s de barri\u00e8re, sont r\u00e9sistants \u00e0 l'humidit\u00e9 et \u00e0 l'oxydation, et garantissent la qualit\u00e9 des aliments.<\/li>\n\n\n\n<li><strong>Mat\u00e9riau en aluminium pur, bonne propri\u00e9t\u00e9 de barri\u00e8re : <\/strong>Nos sachets alimentaires en gros sont fabriqu\u00e9s en aluminium pur, qui poss\u00e8de d'excellentes propri\u00e9t\u00e9s de barri\u00e8re \u00e0 l'oxyg\u00e8ne, de r\u00e9sistance \u00e0 l'humidit\u00e9 et \u00e0 la lumi\u00e8re, ce qui permet de prolonger efficacement la dur\u00e9e de conservation des boissons instantan\u00e9es.<\/li>\n\n\n\n<li><strong>Soutenir la personnalisation de la marque pour r\u00e9pondre aux divers besoins en mati\u00e8re d'emballage : <\/strong>Nos sachets sur mesure pour boissons instantan\u00e9es peuvent \u00eatre imprim\u00e9s, imprim\u00e9s avec des motifs et des capacit\u00e9s diff\u00e9rents afin de r\u00e9pondre aux besoins uniques des clients en mati\u00e8re d'emballage.<\/li>\n<\/ul>\n\n\n\n<div class=\"wp-block-columns is-layout-flex wp-container-core-columns-is-layout-9d6595d7 wp-block-columns-is-layout-flex\">\n<div class=\"wp-block-column is-layout-flow wp-block-column-is-layout-flow\">\n<figure class=\"wp-block-image size-full\"><img decoding=\"async\" width=\"750\" height=\"750\" src=\"https:\/\/www.stanleypackage.com\/wp-content\/uploads\/2025\/11\/Custom-Stand-Up-Pouch-Wholesale-Packaging-Bag-for-Instant-Beverage-6.jpg\" alt=\"\" class=\"wp-image-3787\" srcset=\"https:\/\/www.stanleypackage.com\/wp-content\/uploads\/2025\/11\/Custom-Stand-Up-Pouch-Wholesale-Packaging-Bag-for-Instant-Beverage-6.jpg 750w, https:\/\/www.stanleypackage.com\/wp-content\/uploads\/2025\/11\/Custom-Stand-Up-Pouch-Wholesale-Packaging-Bag-for-Instant-Beverage-6-300x300.jpg 300w, https:\/\/www.stanleypackage.com\/wp-content\/uploads\/2025\/11\/Custom-Stand-Up-Pouch-Wholesale-Packaging-Bag-for-Instant-Beverage-6-150x150.jpg 150w, https:\/\/www.stanleypackage.com\/wp-content\/uploads\/2025\/11\/Custom-Stand-Up-Pouch-Wholesale-Packaging-Bag-for-Instant-Beverage-6-12x12.jpg 12w, https:\/\/www.stanleypackage.com\/wp-content\/uploads\/2025\/11\/Custom-Stand-Up-Pouch-Wholesale-Packaging-Bag-for-Instant-Beverage-6-600x600.jpg 600w, https:\/\/www.stanleypackage.com\/wp-content\/uploads\/2025\/11\/Custom-Stand-Up-Pouch-Wholesale-Packaging-Bag-for-Instant-Beverage-6-100x100.jpg 100w\" sizes=\"(max-width: 750px) 100vw, 750px\" \/><\/figure>\n<\/div>\n\n\n\n<div class=\"wp-block-column is-layout-flow wp-block-column-is-layout-flow\">\n<figure class=\"wp-block-image size-full\"><img decoding=\"async\" width=\"750\" height=\"750\" src=\"https:\/\/www.stanleypackage.com\/wp-content\/uploads\/2025\/11\/Custom-Stand-Up-Pouch-Wholesale-Packaging-Bag-for-Instant-Beverage-7.jpg\" alt=\"\" class=\"wp-image-3788\" srcset=\"https:\/\/www.stanleypackage.com\/wp-content\/uploads\/2025\/11\/Custom-Stand-Up-Pouch-Wholesale-Packaging-Bag-for-Instant-Beverage-7.jpg 750w, https:\/\/www.stanleypackage.com\/wp-content\/uploads\/2025\/11\/Custom-Stand-Up-Pouch-Wholesale-Packaging-Bag-for-Instant-Beverage-7-300x300.jpg 300w, https:\/\/www.stanleypackage.com\/wp-content\/uploads\/2025\/11\/Custom-Stand-Up-Pouch-Wholesale-Packaging-Bag-for-Instant-Beverage-7-150x150.jpg 150w, https:\/\/www.stanleypackage.com\/wp-content\/uploads\/2025\/11\/Custom-Stand-Up-Pouch-Wholesale-Packaging-Bag-for-Instant-Beverage-7-12x12.jpg 12w, https:\/\/www.stanleypackage.com\/wp-content\/uploads\/2025\/11\/Custom-Stand-Up-Pouch-Wholesale-Packaging-Bag-for-Instant-Beverage-7-600x600.jpg 600w, https:\/\/www.stanleypackage.com\/wp-content\/uploads\/2025\/11\/Custom-Stand-Up-Pouch-Wholesale-Packaging-Bag-for-Instant-Beverage-7-100x100.jpg 100w\" sizes=\"(max-width: 750px) 100vw, 750px\" \/><\/figure>\n<\/div>\n<\/div>\n<\/div>\n<\/div>","protected":false},"excerpt":{"rendered":"<p>Nous vous invitons \u00e0 commander en gros des sachets en aluminium de qualit\u00e9 alimentaire. Nos sachets personnalis\u00e9s sont dot\u00e9s d'une encoche facile \u00e0 d\u00e9chirer. Ils sont sp\u00e9cialement con\u00e7us pour les boissons instantan\u00e9es et poss\u00e8dent d'excellentes propri\u00e9t\u00e9s de barri\u00e8re \u00e0 l'oxyg\u00e8ne, de r\u00e9sistance \u00e0 l'humidit\u00e9 et de r\u00e9sistance \u00e0 la lumi\u00e8re. Support personnalis\u00e9.<\/p>\n<table width=\"365\">\n<tbody>\n<tr>\n<td width=\"97\">Fabricant<\/td>\n<td width=\"267\">Stanley<\/td>\n<\/tr>\n<tr>\n<td width=\"97\">Types de pochettes<\/td>\n<td width=\"267\">Pochette Stand Up<\/td>\n<\/tr>\n<tr>\n<td width=\"97\">Mat\u00e9riau<\/td>\n<td width=\"267\">BOPP28\/VMPET12\/PE58<\/td>\n<\/tr>\n<tr>\n<td width=\"97\">Dossier sp\u00e9cial<\/td>\n<td width=\"267\">\u00a0Encoche de d\u00e9chirure<\/td>\n<\/tr>\n<tr>\n<td width=\"97\">Manipulation de surface<\/td>\n<td width=\"267\">Impression en h\u00e9liogravure<\/td>\n<\/tr>\n<tr>\n<td width=\"97\">Couleur<\/td>\n<td width=\"267\">Impression double face, jusqu'\u00e0 10 couleurs<\/td>\n<\/tr>\n<tr>\n<td width=\"97\">Utilisation<\/td>\n<td width=\"267\">\u00a0caf\u00e9 instantan\u00e9, lait en poudre, lait de soja, etc.<\/td>\n<\/tr>\n<tr>\n<td width=\"97\">MOQ<\/td>\n<td width=\"267\">50 000 pi\u00e8ces<\/td>\n<\/tr>\n<tr>\n<td width=\"97\">Commande personnalis\u00e9e<\/td>\n<td width=\"267\">Acceptation de l'OEM , \u00c9chantillon gratuit<\/td>\n<\/tr>\n<\/tbody>\n<\/table>","protected":false},"featured_media":3789,"comment_status":"closed","ping_status":"closed","template":"","meta":{"_acf_changed":false},"product_brand":[],"product_cat":[30],"product_tag":[],"class_list":{"0":"post-3786","1":"product","2":"type-product","3":"status-publish","4":"has-post-thumbnail","6":"product_cat-stand-up-pouch-manufacturer","7":"pa_food-packaging-food-powder-packaging","8":"pa_food-packaging-drink-beverage-pouch","10":"first","11":"instock","12":"shipping-taxable","13":"product-type-simple"},"acf":[],"_links":{"self":[{"href":"https:\/\/www.stanleypackage.com\/fr\/wp-json\/wp\/v2\/product\/3786","targetHints":{"allow":["GET"]}}],"collection":[{"href":"https:\/\/www.stanleypackage.com\/fr\/wp-json\/wp\/v2\/product"}],"about":[{"href":"https:\/\/www.stanleypackage.com\/fr\/wp-json\/wp\/v2\/types\/product"}],"replies":[{"embeddable":true,"href":"https:\/\/www.stanleypackage.com\/fr\/wp-json\/wp\/v2\/comments?post=3786"}],"wp:featuredmedia":[{"embeddable":true,"href":"https:\/\/www.stanleypackage.com\/fr\/wp-json\/wp\/v2\/media\/3789"}],"wp:attachment":[{"href":"https:\/\/www.stanleypackage.com\/fr\/wp-json\/wp\/v2\/media?parent=3786"}],"wp:term":[{"taxonomy":"product_brand","embeddable":true,"href":"https:\/\/www.stanleypackage.com\/fr\/wp-json\/wp\/v2\/product_brand?post=3786"},{"taxonomy":"product_cat","embeddable":true,"href":"https:\/\/www.stanleypackage.com\/fr\/wp-json\/wp\/v2\/product_cat?post=3786"},{"taxonomy":"product_tag","embeddable":true,"href":"https:\/\/www.stanleypackage.com\/fr\/wp-json\/wp\/v2\/product_tag?post=3786"}],"curies":[{"name":"wp","href":"https:\/\/api.w.org\/{rel}","templated":true}]}}