{"id":3794,"date":"2025-11-20T06:09:40","date_gmt":"2025-11-20T06:09:40","guid":{"rendered":"https:\/\/www.stanleypackage.com\/?post_type=product&#038;p=3794"},"modified":"2025-11-20T06:30:38","modified_gmt":"2025-11-20T06:30:38","slug":"custom-printed-doypack","status":"publish","type":"product","link":"https:\/\/www.stanleypackage.com\/fr\/product\/custom-printed-doypack\/","title":{"rendered":"Doypack avec fermeture \u00e0 glissi\u00e8re imprim\u00e9 sur mesure, OEM Cereal Stand Pouches"},"content":{"rendered":"<div class=\"wp-block-columns is-layout-flex wp-container-core-columns-is-layout-9d6595d7 wp-block-columns-is-layout-flex\">\n<div class=\"wp-block-column is-layout-flow wp-block-column-is-layout-flow\">\n<h2 class=\"wp-block-heading\">Caract\u00e9ristiques du Doypack imprim\u00e9 sur mesure<\/h2>\n\n\n\n<ul class=\"wp-block-list\">\n<li><strong>Pr\u00e9servation ultime de la fra\u00eecheur : <\/strong>Ce doypack imprim\u00e9 sur mesure est fabriqu\u00e9 \u00e0 partir d'un mat\u00e9riau composite PET\/AL\/PE. La couche de feuille d'aluminium (AL) se trouve au milieu et fournit la meilleure protection contre l'humidit\u00e9, l'oxyg\u00e8ne et la lumi\u00e8re, emp\u00eachant les c\u00e9r\u00e9ales et les snacks de ramollir ou de s'oxyder, et conservant leur texture croustillante et leur saveur fra\u00eeche pendant un certain temps.<\/li>\n\n\n\n<li><strong>Reprise d'\u00e9tanch\u00e9it\u00e9 pratique :<\/strong> Cette pochette \u00e0 fermeture \u00e0 glissi\u00e8re OEM est facile \u00e0 ouvrir et \u00e0 fermer avec une bonne \u00e9tanch\u00e9it\u00e9. Les consommateurs peuvent la refermer \u00e0 tout moment apr\u00e8s l'avoir ouverte, ce qui r\u00e9sout imm\u00e9diatement le probl\u00e8me des restes, tout en \u00e9tant pratique et en r\u00e9duisant les d\u00e9chets.<\/li>\n\n\n\n<li><strong>Performance exceptionnelle des \u00e9tag\u00e8res : <\/strong>Ce doypack imprim\u00e9 personnalis\u00e9 unique tient debout sans support et offre une grande surface d'affichage. Gr\u00e2ce \u00e0 une impression personnalis\u00e9e compl\u00e8te en couleurs haute d\u00e9finition, il met pleinement en valeur les logos des marques et les informations sur les produits, ce qui lui permet de se d\u00e9marquer dans les rayons des magasins et d'attirer l'attention des consommateurs.<\/li>\n\n\n\n<li><strong>Robuste, solide et fonctionnel : <\/strong>Nos sachets OEM \u00e0 fermeture \u00e0 glissi\u00e8re sont fabriqu\u00e9s dans un mat\u00e9riau solide qui r\u00e9siste \u00e0 la perforation et \u00e0 l'abrasion. La fiabilit\u00e9 est garantie tout au long des op\u00e9rations de remplissage et d'exp\u00e9dition et, en fin de compte, lors de l'utilisation par le consommateur.<\/li>\n\n\n\n<li><strong>Conception conviviale : <\/strong>Notre doypack imprim\u00e9 sur mesure combine une stabilit\u00e9 autoportante avec une ouverture facile \u00e0 d\u00e9chirer pour un versement et un d\u00e9ballage ais\u00e9s et pratiques, ce qui am\u00e9liore consid\u00e9rablement l'exp\u00e9rience de l'utilisateur et accro\u00eet la satisfaction du produit.<\/li>\n<\/ul>\n\n\n\n<div class=\"wp-block-columns is-layout-flex wp-container-core-columns-is-layout-9d6595d7 wp-block-columns-is-layout-flex\">\n<div class=\"wp-block-column is-layout-flow wp-block-column-is-layout-flow\">\n<figure class=\"wp-block-image size-full\"><img decoding=\"async\" width=\"750\" height=\"750\" src=\"https:\/\/www.stanleypackage.com\/wp-content\/uploads\/2025\/11\/Moisture-Proof-Stand-Up-Zipper-Pouches-Wholesale-Packaging-Bag-for-Cereal-2.jpg\" alt=\"\" class=\"wp-image-3798\" srcset=\"https:\/\/www.stanleypackage.com\/wp-content\/uploads\/2025\/11\/Moisture-Proof-Stand-Up-Zipper-Pouches-Wholesale-Packaging-Bag-for-Cereal-2.jpg 750w, https:\/\/www.stanleypackage.com\/wp-content\/uploads\/2025\/11\/Moisture-Proof-Stand-Up-Zipper-Pouches-Wholesale-Packaging-Bag-for-Cereal-2-300x300.jpg 300w, https:\/\/www.stanleypackage.com\/wp-content\/uploads\/2025\/11\/Moisture-Proof-Stand-Up-Zipper-Pouches-Wholesale-Packaging-Bag-for-Cereal-2-150x150.jpg 150w, https:\/\/www.stanleypackage.com\/wp-content\/uploads\/2025\/11\/Moisture-Proof-Stand-Up-Zipper-Pouches-Wholesale-Packaging-Bag-for-Cereal-2-12x12.jpg 12w, https:\/\/www.stanleypackage.com\/wp-content\/uploads\/2025\/11\/Moisture-Proof-Stand-Up-Zipper-Pouches-Wholesale-Packaging-Bag-for-Cereal-2-600x600.jpg 600w, https:\/\/www.stanleypackage.com\/wp-content\/uploads\/2025\/11\/Moisture-Proof-Stand-Up-Zipper-Pouches-Wholesale-Packaging-Bag-for-Cereal-2-100x100.jpg 100w\" sizes=\"(max-width: 750px) 100vw, 750px\" \/><\/figure>\n<\/div>\n\n\n\n<div class=\"wp-block-column is-layout-flow wp-block-column-is-layout-flow\">\n<figure class=\"wp-block-image size-full\"><img decoding=\"async\" width=\"750\" height=\"750\" src=\"https:\/\/www.stanleypackage.com\/wp-content\/uploads\/2025\/11\/Moisture-Proof-Stand-Up-Zipper-Pouches-Wholesale-Packaging-Bag-for-Cereal-6.jpg\" alt=\"\" class=\"wp-image-3799\" srcset=\"https:\/\/www.stanleypackage.com\/wp-content\/uploads\/2025\/11\/Moisture-Proof-Stand-Up-Zipper-Pouches-Wholesale-Packaging-Bag-for-Cereal-6.jpg 750w, https:\/\/www.stanleypackage.com\/wp-content\/uploads\/2025\/11\/Moisture-Proof-Stand-Up-Zipper-Pouches-Wholesale-Packaging-Bag-for-Cereal-6-300x300.jpg 300w, https:\/\/www.stanleypackage.com\/wp-content\/uploads\/2025\/11\/Moisture-Proof-Stand-Up-Zipper-Pouches-Wholesale-Packaging-Bag-for-Cereal-6-150x150.jpg 150w, https:\/\/www.stanleypackage.com\/wp-content\/uploads\/2025\/11\/Moisture-Proof-Stand-Up-Zipper-Pouches-Wholesale-Packaging-Bag-for-Cereal-6-12x12.jpg 12w, https:\/\/www.stanleypackage.com\/wp-content\/uploads\/2025\/11\/Moisture-Proof-Stand-Up-Zipper-Pouches-Wholesale-Packaging-Bag-for-Cereal-6-600x600.jpg 600w, https:\/\/www.stanleypackage.com\/wp-content\/uploads\/2025\/11\/Moisture-Proof-Stand-Up-Zipper-Pouches-Wholesale-Packaging-Bag-for-Cereal-6-100x100.jpg 100w\" sizes=\"(max-width: 750px) 100vw, 750px\" \/><\/figure>\n<\/div>\n<\/div>\n<\/div>\n<\/div>\n\n\n\n<p><\/p>","protected":false},"excerpt":{"rendered":"<p>Nous vous invitons \u00e0 commander notre doypack imprim\u00e9 personnalis\u00e9. Cette pochette OEM \u00e0 fermeture \u00e0 glissi\u00e8re est sp\u00e9cialement con\u00e7ue pour les aliments secs tels que les c\u00e9r\u00e9ales et les snacks. Elle est fabriqu\u00e9e \u00e0 partir de mat\u00e9riaux \u00e0 haute barri\u00e8re et offre donc une excellente protection contre l'humidit\u00e9, l'oxyg\u00e8ne et la lumi\u00e8re.<\/p>\n<table width=\"365\">\n<tbody>\n<tr>\n<td width=\"97\">Fabricant<\/td>\n<td width=\"267\">Stanley<\/td>\n<\/tr>\n<tr>\n<td width=\"97\">Types de pochettes<\/td>\n<td width=\"267\">Stand Up Pouch, Zipper Pouch<\/td>\n<\/tr>\n<tr>\n<td width=\"97\">Mat\u00e9riau<\/td>\n<td width=\"267\">PET12\/AL7\/PE85<\/td>\n<\/tr>\n<tr>\n<td width=\"97\">Dossier sp\u00e9cial<\/td>\n<td width=\"267\">Fermeture \u00e0 glissi\u00e8re, encoche de d\u00e9chirure<\/td>\n<\/tr>\n<tr>\n<td width=\"97\">Manipulation de surface<\/td>\n<td width=\"267\">Impression en h\u00e9liogravure<\/td>\n<\/tr>\n<tr>\n<td width=\"97\">Couleur<\/td>\n<td width=\"267\">Impression double face, jusqu'\u00e0 10 couleurs<\/td>\n<\/tr>\n<tr>\n<td width=\"97\">Utilisation<\/td>\n<td width=\"267\">\u00a0bonbons, th\u00e9, noix, gel\u00e9e, etc.<\/td>\n<\/tr>\n<tr>\n<td width=\"97\">MOQ<\/td>\n<td width=\"267\">50 000 pi\u00e8ces<\/td>\n<\/tr>\n<tr>\n<td width=\"97\">Commande personnalis\u00e9e<\/td>\n<td width=\"267\">Acceptation de l'OEM , \u00c9chantillon gratuit<\/td>\n<\/tr>\n<\/tbody>\n<\/table>","protected":false},"featured_media":3800,"comment_status":"closed","ping_status":"closed","template":"","meta":{"_acf_changed":false},"product_brand":[],"product_cat":[30,18],"product_tag":[],"class_list":{"0":"post-3794","1":"product","2":"type-product","3":"status-publish","4":"has-post-thumbnail","6":"product_cat-stand-up-pouch-manufacturer","7":"product_cat-zipper-pouch-manufacturer","8":"pa_food-packaging-oatmeal-pouch","9":"pa_food-packaging-snack-food-pouch","11":"first","12":"instock","13":"shipping-taxable","14":"product-type-simple"},"acf":[],"_links":{"self":[{"href":"https:\/\/www.stanleypackage.com\/fr\/wp-json\/wp\/v2\/product\/3794","targetHints":{"allow":["GET"]}}],"collection":[{"href":"https:\/\/www.stanleypackage.com\/fr\/wp-json\/wp\/v2\/product"}],"about":[{"href":"https:\/\/www.stanleypackage.com\/fr\/wp-json\/wp\/v2\/types\/product"}],"replies":[{"embeddable":true,"href":"https:\/\/www.stanleypackage.com\/fr\/wp-json\/wp\/v2\/comments?post=3794"}],"wp:featuredmedia":[{"embeddable":true,"href":"https:\/\/www.stanleypackage.com\/fr\/wp-json\/wp\/v2\/media\/3800"}],"wp:attachment":[{"href":"https:\/\/www.stanleypackage.com\/fr\/wp-json\/wp\/v2\/media?parent=3794"}],"wp:term":[{"taxonomy":"product_brand","embeddable":true,"href":"https:\/\/www.stanleypackage.com\/fr\/wp-json\/wp\/v2\/product_brand?post=3794"},{"taxonomy":"product_cat","embeddable":true,"href":"https:\/\/www.stanleypackage.com\/fr\/wp-json\/wp\/v2\/product_cat?post=3794"},{"taxonomy":"product_tag","embeddable":true,"href":"https:\/\/www.stanleypackage.com\/fr\/wp-json\/wp\/v2\/product_tag?post=3794"}],"curies":[{"name":"wp","href":"https:\/\/api.w.org\/{rel}","templated":true}]}}