{"id":3805,"date":"2025-11-20T06:38:43","date_gmt":"2025-11-20T06:38:43","guid":{"rendered":"https:\/\/www.stanleypackage.com\/?post_type=product&#038;p=3805"},"modified":"2025-11-20T06:38:49","modified_gmt":"2025-11-20T06:38:49","slug":"foil-pouches-wholesale","status":"publish","type":"product","link":"https:\/\/www.stanleypackage.com\/fr\/product\/foil-pouches-wholesale\/","title":{"rendered":"Pochettes en aluminium \u00e0 fond plat Wholesale, Emballage de boisson en poudre"},"content":{"rendered":"<div class=\"wp-block-columns is-layout-flex wp-container-core-columns-is-layout-9d6595d7 wp-block-columns-is-layout-flex\">\n<div class=\"wp-block-column is-layout-flow wp-block-column-is-layout-flow\">\n<h2 class=\"wp-block-heading\">Caract\u00e9ristiques des sachets \u00e0 fond plat en aluminium (vente en gros)<\/h2>\n\n\n\n<ul class=\"wp-block-list\">\n<li><strong>Protection sup\u00e9rieure contre l'humidit\u00e9 et la fra\u00eecheur : <\/strong>Nos sachets en aluminium personnalis\u00e9s utilisent des substrats composites multicouches et des couches de feuilles d'aluminium pour offrir des propri\u00e9t\u00e9s sup\u00e9rieures de barri\u00e8re \u00e0 l'humidit\u00e9 et \u00e0 l'oxyg\u00e8ne. Cela emp\u00eache les produits en poudre de s'agglutiner ou de s'oxyder, ce qui permet de conserver leurs ingr\u00e9dients actifs et leur go\u00fbt frais intact pour une utilisation \u00e0 long terme.<\/li>\n\n\n\n<li><strong>Emballage robuste \u00e0 fond plat : <\/strong>La conception unique \u00e0 fond plat de ces sacs d'emballage de boissons en poudre OEM leur permet de se tenir debout de mani\u00e8re stable, ce qui permet de gagner de l'espace en rayon et facilite le stockage et l'acc\u00e8s pour les consommateurs. Le versement de la poudre se fait en douceur et de mani\u00e8re pratique, ce qui am\u00e9liore consid\u00e9rablement l'exp\u00e9rience de l'utilisateur.<\/li>\n\n\n\n<li><strong>Pr\u00e9sentation visuelle de haut niveau exceptionnelle : <\/strong>Nos pochettes en aluminium personnalis\u00e9es offrent un d\u00e9grad\u00e9 blanc-vert \u00e9tonnant et une impression num\u00e9rique qui donne \u00e0 votre emballage un aspect frais, professionnel et haut de gamme qui attire l'\u0153il du consommateur et \u00e9l\u00e8ve la distinction de votre marque par rapport \u00e0 la concurrence.<\/li>\n\n\n\n<li><strong>Robuste et r\u00e9sistant \u00e0 la perforation :<\/strong> Nos emballages OEM pour boissons en poudre sont fabriqu\u00e9s dans un mat\u00e9riau robuste offrant une bonne r\u00e9sistance \u00e0 la perforation et \u00e0 l'abrasion afin de prot\u00e9ger le contenu depuis le transport et le stockage jusqu'\u00e0 l'utilisation.<\/li>\n\n\n\n<li><strong>Un choix de gros \u00e0 forte valeur ajout\u00e9e :<\/strong> Ces pochettes en aluminium personnalis\u00e9es en gros offrent une protection de haut niveau et un aspect am\u00e9lior\u00e9 \u00e0 un prix avantageux, ce qui est un excellent choix pour les propri\u00e9taires de marques qui ont besoin d'acheter des volumes et des prix de gros.<\/li>\n<\/ul>\n\n\n\n<div class=\"wp-block-columns is-layout-flex wp-container-core-columns-is-layout-9d6595d7 wp-block-columns-is-layout-flex\">\n<div class=\"wp-block-column is-layout-flow wp-block-column-is-layout-flow\">\n<figure class=\"wp-block-image size-full\"><img decoding=\"async\" width=\"750\" height=\"750\" src=\"https:\/\/www.stanleypackage.com\/wp-content\/uploads\/2025\/11\/Food-Grade-Stand-Up-Pouch-With-Zipper-Wholesale-Custom-Drinks-Packaging-3.jpg\" alt=\"\" class=\"wp-image-3807\" srcset=\"https:\/\/www.stanleypackage.com\/wp-content\/uploads\/2025\/11\/Food-Grade-Stand-Up-Pouch-With-Zipper-Wholesale-Custom-Drinks-Packaging-3.jpg 750w, https:\/\/www.stanleypackage.com\/wp-content\/uploads\/2025\/11\/Food-Grade-Stand-Up-Pouch-With-Zipper-Wholesale-Custom-Drinks-Packaging-3-300x300.jpg 300w, https:\/\/www.stanleypackage.com\/wp-content\/uploads\/2025\/11\/Food-Grade-Stand-Up-Pouch-With-Zipper-Wholesale-Custom-Drinks-Packaging-3-150x150.jpg 150w, https:\/\/www.stanleypackage.com\/wp-content\/uploads\/2025\/11\/Food-Grade-Stand-Up-Pouch-With-Zipper-Wholesale-Custom-Drinks-Packaging-3-12x12.jpg 12w, https:\/\/www.stanleypackage.com\/wp-content\/uploads\/2025\/11\/Food-Grade-Stand-Up-Pouch-With-Zipper-Wholesale-Custom-Drinks-Packaging-3-600x600.jpg 600w, https:\/\/www.stanleypackage.com\/wp-content\/uploads\/2025\/11\/Food-Grade-Stand-Up-Pouch-With-Zipper-Wholesale-Custom-Drinks-Packaging-3-100x100.jpg 100w\" sizes=\"(max-width: 750px) 100vw, 750px\" \/><\/figure>\n<\/div>\n\n\n\n<div class=\"wp-block-column is-layout-flow wp-block-column-is-layout-flow\">\n<figure class=\"wp-block-image size-full\"><img decoding=\"async\" width=\"750\" height=\"750\" src=\"https:\/\/www.stanleypackage.com\/wp-content\/uploads\/2025\/11\/Food-Grade-Stand-Up-Pouch-With-Zipper-Wholesale-Custom-Drinks-Packaging-4.jpg\" alt=\"\" class=\"wp-image-3808\" srcset=\"https:\/\/www.stanleypackage.com\/wp-content\/uploads\/2025\/11\/Food-Grade-Stand-Up-Pouch-With-Zipper-Wholesale-Custom-Drinks-Packaging-4.jpg 750w, https:\/\/www.stanleypackage.com\/wp-content\/uploads\/2025\/11\/Food-Grade-Stand-Up-Pouch-With-Zipper-Wholesale-Custom-Drinks-Packaging-4-300x300.jpg 300w, https:\/\/www.stanleypackage.com\/wp-content\/uploads\/2025\/11\/Food-Grade-Stand-Up-Pouch-With-Zipper-Wholesale-Custom-Drinks-Packaging-4-150x150.jpg 150w, https:\/\/www.stanleypackage.com\/wp-content\/uploads\/2025\/11\/Food-Grade-Stand-Up-Pouch-With-Zipper-Wholesale-Custom-Drinks-Packaging-4-12x12.jpg 12w, https:\/\/www.stanleypackage.com\/wp-content\/uploads\/2025\/11\/Food-Grade-Stand-Up-Pouch-With-Zipper-Wholesale-Custom-Drinks-Packaging-4-600x600.jpg 600w, https:\/\/www.stanleypackage.com\/wp-content\/uploads\/2025\/11\/Food-Grade-Stand-Up-Pouch-With-Zipper-Wholesale-Custom-Drinks-Packaging-4-100x100.jpg 100w\" sizes=\"(max-width: 750px) 100vw, 750px\" \/><\/figure>\n<\/div>\n<\/div>\n<\/div>\n<\/div>\n\n\n\n<p><\/p>","protected":false},"excerpt":{"rendered":"<p>Nous vous invitons \u00e0 commander des sachets d'emballage pour boissons en poudre OEM. Ces sachets en aluminium personnalis\u00e9s sont con\u00e7us sp\u00e9cifiquement pour les suppl\u00e9ments en poudre tels que les boissons solides en poudre et les prot\u00e9ines en poudre. Fabriqu\u00e9s \u00e0 partir d'un mat\u00e9riau composite \u00e0 haute barri\u00e8re, ils offrent une excellente protection contre l'humidit\u00e9 et l'oxyg\u00e8ne.<\/p>\n<table style=\"border-collapse: collapse; width: 365.02pt;\" border=\"0\" width=\"365\" cellspacing=\"0\" cellpadding=\"0\">\n<tbody>\n<tr style=\"height: 16.00pt;\">\n<td class=\"et2\" style=\"height: 16.00pt; width: 97.50pt;\" width=\"97\" height=\"16\">Fabricant<\/td>\n<td class=\"et2\" style=\"width: 267.50pt;\" width=\"267\">Stanley<\/td>\n<\/tr>\n<tr style=\"height: 16.00pt;\">\n<td class=\"et2\" style=\"height: 16.00pt; width: 97.50pt;\" width=\"97\" height=\"16\">Types de pochettes<\/td>\n<td class=\"et2\" style=\"width: 267.50pt;\" width=\"267\">Pochette \u00e0 fond plat avec fermeture \u00e0 8 c\u00f4t\u00e9s, pochette \u00e0 fermeture \u00e9clair<\/td>\n<\/tr>\n<tr style=\"height: 31.00pt;\">\n<td class=\"et2\" style=\"height: 31.00pt; width: 97.50pt;\" width=\"97\" height=\"31\">Mat\u00e9riau<\/td>\n<td class=\"et2\" style=\"width: 267.50pt;\" width=\"267\">Devant et derri\u00e8re : MOPP25\/VMPET12\/PE105<br \/>C\u00f4t\u00e9s : PET12\/VMPET12\/PE105<\/td>\n<\/tr>\n<tr style=\"height: 16.00pt;\">\n<td class=\"et2\" style=\"height: 16.00pt; width: 97.50pt;\" width=\"97\" height=\"16\">Dossier sp\u00e9cial<\/td>\n<td class=\"et2\" style=\"width: 267.50pt;\" width=\"267\">Encoche de d\u00e9chirure, remplissage du bas, fermeture \u00e0 glissi\u00e8re<\/td>\n<\/tr>\n<tr style=\"height: 16.00pt;\">\n<td class=\"et2\" style=\"height: 16.00pt; width: 97.50pt;\" width=\"97\" height=\"16\">Manipulation de surface<\/td>\n<td class=\"et2\" style=\"width: 267.50pt;\" width=\"267\">Impression en h\u00e9liogravure<\/td>\n<\/tr>\n<tr style=\"height: 16.00pt;\">\n<td class=\"et2\" style=\"height: 16.00pt; width: 97.50pt;\" width=\"97\" height=\"16\">Couleur<\/td>\n<td class=\"et2\" style=\"width: 267.50pt;\" width=\"267\">Jusqu'\u00e0 10 couleurs<\/td>\n<\/tr>\n<tr style=\"height: 16.00pt;\">\n<td class=\"et2\" style=\"height: 16.00pt; width: 97.50pt;\" width=\"97\" height=\"16\">Utilisation<\/td>\n<td class=\"et2\" style=\"width: 267.50pt;\" width=\"267\">Boissons solides, suppl\u00e9ments en poudre, aliments secs<\/td>\n<\/tr>\n<tr style=\"height: 16.00pt;\">\n<td class=\"et2\" style=\"height: 16.00pt; width: 97.50pt;\" width=\"97\" height=\"16\">MOQ<\/td>\n<td class=\"et2\" style=\"width: 267.50pt;\" width=\"267\">50 000 pi\u00e8ces<\/td>\n<\/tr>\n<tr style=\"height: 16.00pt;\">\n<td class=\"et2\" style=\"height: 16.00pt; width: 97.50pt;\" width=\"97\" height=\"16\">Commande personnalis\u00e9e<\/td>\n<td class=\"et2\" style=\"width: 267.50pt;\" width=\"267\">Accepter le support OEM \u00c9chantillon gratuit<\/td>\n<\/tr>\n<\/tbody>\n<\/table>","protected":false},"featured_media":3809,"comment_status":"closed","ping_status":"closed","template":"","meta":{"_acf_changed":false},"product_brand":[],"product_cat":[24,18],"product_tag":[],"class_list":{"0":"post-3805","1":"product","2":"type-product","3":"status-publish","4":"has-post-thumbnail","6":"product_cat-flat-bottom-pouch-manufacturer","7":"product_cat-zipper-pouch-manufacturer","8":"pa_food-packaging-food-powder-packaging","9":"pa_food-packaging-drink-beverage-pouch","11":"first","12":"instock","13":"shipping-taxable","14":"product-type-simple"},"acf":[],"_links":{"self":[{"href":"https:\/\/www.stanleypackage.com\/fr\/wp-json\/wp\/v2\/product\/3805","targetHints":{"allow":["GET"]}}],"collection":[{"href":"https:\/\/www.stanleypackage.com\/fr\/wp-json\/wp\/v2\/product"}],"about":[{"href":"https:\/\/www.stanleypackage.com\/fr\/wp-json\/wp\/v2\/types\/product"}],"replies":[{"embeddable":true,"href":"https:\/\/www.stanleypackage.com\/fr\/wp-json\/wp\/v2\/comments?post=3805"}],"wp:featuredmedia":[{"embeddable":true,"href":"https:\/\/www.stanleypackage.com\/fr\/wp-json\/wp\/v2\/media\/3809"}],"wp:attachment":[{"href":"https:\/\/www.stanleypackage.com\/fr\/wp-json\/wp\/v2\/media?parent=3805"}],"wp:term":[{"taxonomy":"product_brand","embeddable":true,"href":"https:\/\/www.stanleypackage.com\/fr\/wp-json\/wp\/v2\/product_brand?post=3805"},{"taxonomy":"product_cat","embeddable":true,"href":"https:\/\/www.stanleypackage.com\/fr\/wp-json\/wp\/v2\/product_cat?post=3805"},{"taxonomy":"product_tag","embeddable":true,"href":"https:\/\/www.stanleypackage.com\/fr\/wp-json\/wp\/v2\/product_tag?post=3805"}],"curies":[{"name":"wp","href":"https:\/\/api.w.org\/{rel}","templated":true}]}}