{"id":3817,"date":"2025-11-20T06:52:29","date_gmt":"2025-11-20T06:52:29","guid":{"rendered":"https:\/\/www.stanleypackage.com\/?post_type=product&#038;p=3817"},"modified":"2025-11-20T06:52:36","modified_gmt":"2025-11-20T06:52:36","slug":"oem-snack-pouches","status":"publish","type":"product","link":"https:\/\/www.stanleypackage.com\/fr\/product\/oem-snack-pouches\/","title":{"rendered":"Pochettes pour snacks OEM, pochettes pour bonbons sur mesure"},"content":{"rendered":"<div class=\"wp-block-columns is-layout-flex wp-container-core-columns-is-layout-9d6595d7 wp-block-columns-is-layout-flex\">\n<div class=\"wp-block-column is-layout-flow wp-block-column-is-layout-flow\">\n<h2 class=\"wp-block-heading\">Caract\u00e9ristiques des sachets Snack OEM<\/h2>\n\n\n\n<ul class=\"wp-block-list\">\n<li><strong>Un affichage transparent pour stimuler la consommation :<\/strong> La fen\u00eatre transparente de ces sachets OEM pour snacks permet aux consommateurs de voir l'aspect r\u00e9el du bonbon ou du snack \u00e0 l'int\u00e9rieur sans ouvrir l'emballage, ce qui permet de renforcer la confiance, de stimuler le d\u00e9sir d'achat et de r\u00e9duire le temps de prise de d\u00e9cision.<\/li>\n\n\n\n<li><strong>L'exp\u00e9rience de l'utilisateur : <\/strong>Nos sachets de confiserie personnalis\u00e9s allient la stabilit\u00e9 d'un fond de sachet \u00e0 la facilit\u00e9 d'ouverture d'une ouverture d\u00e9chirable, ce qui facilite la pr\u00e9sentation en rayon et l'acc\u00e8s des consommateurs, am\u00e9liorant ainsi la convivialit\u00e9.<\/li>\n\n\n\n<li><strong>Un fort attrait pour les rayons : <\/strong>Nos sachets OEM pour snacks permettent une impression haute d\u00e9finition jusqu'\u00e0 10 couleurs, avec des couleurs vibrantes et riches, et le trou de suspension du supermarch\u00e9 garantit que l'emballage attire fermement l'attention des consommateurs sur un rayon encombr\u00e9.<\/li>\n\n\n\n<li><strong>Protection fiable des mat\u00e9riaux : <\/strong>Nos sachets d'emballage de bonbons personnalis\u00e9s utilisent une structure composite BOPP\/PET\/PE pour offrir une protection sup\u00e9rieure contre l'humidit\u00e9 et une grande durabilit\u00e9. Ces sachets sont parfaits pour prot\u00e9ger le contenu des effets n\u00e9fastes de l'humidit\u00e9 et de l'environnement impr\u00e9visible, afin de conserver le croustillant et la fra\u00eecheur du snack.<\/li>\n\n\n\n<li><strong>Co\u00fbt-efficacit\u00e9 direct d'usine : <\/strong>Nous offrons un service complet, de la conception \u00e0 la production, pour les sachets OEM pour snacks, ce qui vous garantit des emballages multifonctionnels de haute qualit\u00e9 \u00e0 des prix de gros plus comp\u00e9titifs.<\/li>\n<\/ul>\n\n\n\n<div class=\"wp-block-columns is-layout-flex wp-container-core-columns-is-layout-9d6595d7 wp-block-columns-is-layout-flex\">\n<div class=\"wp-block-column is-layout-flow wp-block-column-is-layout-flow\">\n<figure class=\"wp-block-image size-full\"><img decoding=\"async\" width=\"750\" height=\"750\" src=\"https:\/\/www.stanleypackage.com\/wp-content\/uploads\/2025\/11\/Custom-Candy-Packaging-Bags-Wholesale-Stand-Up-Pouch-Of-Snack.jpg\" alt=\"\" class=\"wp-image-3818\" srcset=\"https:\/\/www.stanleypackage.com\/wp-content\/uploads\/2025\/11\/Custom-Candy-Packaging-Bags-Wholesale-Stand-Up-Pouch-Of-Snack.jpg 750w, https:\/\/www.stanleypackage.com\/wp-content\/uploads\/2025\/11\/Custom-Candy-Packaging-Bags-Wholesale-Stand-Up-Pouch-Of-Snack-300x300.jpg 300w, https:\/\/www.stanleypackage.com\/wp-content\/uploads\/2025\/11\/Custom-Candy-Packaging-Bags-Wholesale-Stand-Up-Pouch-Of-Snack-150x150.jpg 150w, https:\/\/www.stanleypackage.com\/wp-content\/uploads\/2025\/11\/Custom-Candy-Packaging-Bags-Wholesale-Stand-Up-Pouch-Of-Snack-12x12.jpg 12w, https:\/\/www.stanleypackage.com\/wp-content\/uploads\/2025\/11\/Custom-Candy-Packaging-Bags-Wholesale-Stand-Up-Pouch-Of-Snack-600x600.jpg 600w, https:\/\/www.stanleypackage.com\/wp-content\/uploads\/2025\/11\/Custom-Candy-Packaging-Bags-Wholesale-Stand-Up-Pouch-Of-Snack-100x100.jpg 100w\" sizes=\"(max-width: 750px) 100vw, 750px\" \/><\/figure>\n<\/div>\n\n\n\n<div class=\"wp-block-column is-layout-flow wp-block-column-is-layout-flow\">\n<figure class=\"wp-block-image size-full\"><img decoding=\"async\" width=\"750\" height=\"750\" src=\"https:\/\/www.stanleypackage.com\/wp-content\/uploads\/2025\/11\/Custom-Candy-Packaging-Bags-Wholesale-Stand-Up-Pouch-Of-Snack-7.jpg\" alt=\"\" class=\"wp-image-3819\" srcset=\"https:\/\/www.stanleypackage.com\/wp-content\/uploads\/2025\/11\/Custom-Candy-Packaging-Bags-Wholesale-Stand-Up-Pouch-Of-Snack-7.jpg 750w, https:\/\/www.stanleypackage.com\/wp-content\/uploads\/2025\/11\/Custom-Candy-Packaging-Bags-Wholesale-Stand-Up-Pouch-Of-Snack-7-300x300.jpg 300w, https:\/\/www.stanleypackage.com\/wp-content\/uploads\/2025\/11\/Custom-Candy-Packaging-Bags-Wholesale-Stand-Up-Pouch-Of-Snack-7-150x150.jpg 150w, https:\/\/www.stanleypackage.com\/wp-content\/uploads\/2025\/11\/Custom-Candy-Packaging-Bags-Wholesale-Stand-Up-Pouch-Of-Snack-7-12x12.jpg 12w, https:\/\/www.stanleypackage.com\/wp-content\/uploads\/2025\/11\/Custom-Candy-Packaging-Bags-Wholesale-Stand-Up-Pouch-Of-Snack-7-600x600.jpg 600w, https:\/\/www.stanleypackage.com\/wp-content\/uploads\/2025\/11\/Custom-Candy-Packaging-Bags-Wholesale-Stand-Up-Pouch-Of-Snack-7-100x100.jpg 100w\" sizes=\"(max-width: 750px) 100vw, 750px\" \/><\/figure>\n<\/div>\n<\/div>\n<\/div>\n<\/div>","protected":false},"excerpt":{"rendered":"<p>Nous vous invitons \u00e0 commander des sachets pour snacks OEM. Nos sachets d'emballage de bonbons personnalis\u00e9s combinent un fond de sachet qui tient debout, une fen\u00eatre transparente et un trou de suspension de supermarch\u00e9, supportant une impression personnalis\u00e9e haute d\u00e9finition jusqu'\u00e0 10 couleurs pour mettre parfaitement en valeur le produit et l'image de la marque.<\/p>\n<table style=\"border-collapse: collapse; width: 327.77pt;\" border=\"0\" width=\"437\" cellspacing=\"0\" cellpadding=\"0\">\n<tbody>\n<tr style=\"height: 12.75pt;\">\n<td class=\"et2\" style=\"height: 12.75pt; width: 91.40pt;\" width=\"121\" height=\"17\">Fabricant<\/td>\n<td class=\"et2\" style=\"width: 237.00pt;\" width=\"316\">Stanley<\/td>\n<\/tr>\n<tr style=\"height: 12.75pt;\">\n<td class=\"et2\" style=\"height: 12.75pt; width: 91.40pt;\" width=\"121\" height=\"17\">Types de pochettes<\/td>\n<td class=\"et3\">Pochette de rangement<\/td>\n<\/tr>\n<tr style=\"height: 12.75pt;\">\n<td class=\"et2\" style=\"height: 12.75pt; width: 91.40pt;\" width=\"121\" height=\"17\">Mat\u00e9riau<\/td>\n<td class=\"et2\" style=\"width: 237.00pt;\" width=\"316\">BOPP38\/PET12\/PE60<\/td>\n<\/tr>\n<tr style=\"height: 12.75pt;\">\n<td class=\"et2\" style=\"height: 12.75pt; width: 91.40pt;\" width=\"121\" height=\"17\">Dossier sp\u00e9cial<\/td>\n<td class=\"et2\" style=\"width: 237.00pt;\" width=\"316\">Fond debout, Fen\u00eatre transparente, Trou de supermarch\u00e9<\/td>\n<\/tr>\n<tr style=\"height: 12.75pt;\">\n<td class=\"et2\" style=\"height: 12.75pt; width: 91.40pt;\" width=\"121\" height=\"17\">Manipulation de surface<\/td>\n<td class=\"et2\" style=\"width: 237.00pt;\" width=\"316\">Impression en h\u00e9liogravure<\/td>\n<\/tr>\n<tr style=\"height: 12.75pt;\">\n<td class=\"et2\" style=\"height: 12.75pt; width: 91.40pt;\" width=\"121\" height=\"17\">Couleur<\/td>\n<td class=\"et2\" style=\"width: 237.00pt;\" width=\"316\">Jusqu'\u00e0 10 couleurs<\/td>\n<\/tr>\n<tr style=\"height: 12.75pt;\">\n<td class=\"et2\" style=\"height: 12.75pt; width: 91.40pt;\" width=\"121\" height=\"17\">Utilisation<\/td>\n<td class=\"et3\">Bonbons, noix, snacks<\/td>\n<\/tr>\n<tr style=\"height: 12.75pt;\">\n<td class=\"et2\" style=\"height: 12.75pt; width: 91.40pt;\" width=\"121\" height=\"17\">MOQ<\/td>\n<td class=\"et2\" style=\"width: 237.00pt;\" width=\"316\">50 000 pi\u00e8ces<\/td>\n<\/tr>\n<tr style=\"height: 12.75pt;\">\n<td class=\"et2\" style=\"height: 12.75pt; width: 91.40pt;\" width=\"121\" height=\"17\">Commande personnalis\u00e9e<\/td>\n<td class=\"et2\" style=\"width: 237.00pt;\" width=\"316\">Acceptation de l'OEM, prise en charge de l'\u00e9chantillonnage gratuit<\/td>\n<\/tr>\n<\/tbody>\n<\/table>","protected":false},"featured_media":3820,"comment_status":"closed","ping_status":"closed","template":"","meta":{"_acf_changed":false},"product_brand":[],"product_cat":[30],"product_tag":[],"class_list":{"0":"post-3817","1":"product","2":"type-product","3":"status-publish","4":"has-post-thumbnail","6":"product_cat-stand-up-pouch-manufacturer","7":"pa_food-packaging-snack-food-pouch","9":"first","10":"instock","11":"shipping-taxable","12":"product-type-simple"},"acf":[],"_links":{"self":[{"href":"https:\/\/www.stanleypackage.com\/fr\/wp-json\/wp\/v2\/product\/3817","targetHints":{"allow":["GET"]}}],"collection":[{"href":"https:\/\/www.stanleypackage.com\/fr\/wp-json\/wp\/v2\/product"}],"about":[{"href":"https:\/\/www.stanleypackage.com\/fr\/wp-json\/wp\/v2\/types\/product"}],"replies":[{"embeddable":true,"href":"https:\/\/www.stanleypackage.com\/fr\/wp-json\/wp\/v2\/comments?post=3817"}],"wp:featuredmedia":[{"embeddable":true,"href":"https:\/\/www.stanleypackage.com\/fr\/wp-json\/wp\/v2\/media\/3820"}],"wp:attachment":[{"href":"https:\/\/www.stanleypackage.com\/fr\/wp-json\/wp\/v2\/media?parent=3817"}],"wp:term":[{"taxonomy":"product_brand","embeddable":true,"href":"https:\/\/www.stanleypackage.com\/fr\/wp-json\/wp\/v2\/product_brand?post=3817"},{"taxonomy":"product_cat","embeddable":true,"href":"https:\/\/www.stanleypackage.com\/fr\/wp-json\/wp\/v2\/product_cat?post=3817"},{"taxonomy":"product_tag","embeddable":true,"href":"https:\/\/www.stanleypackage.com\/fr\/wp-json\/wp\/v2\/product_tag?post=3817"}],"curies":[{"name":"wp","href":"https:\/\/api.w.org\/{rel}","templated":true}]}}