{"id":3835,"date":"2025-11-20T07:49:16","date_gmt":"2025-11-20T07:49:16","guid":{"rendered":"https:\/\/www.stanleypackage.com\/?post_type=product&#038;p=3835"},"modified":"2025-11-20T07:49:23","modified_gmt":"2025-11-20T07:49:23","slug":"oem-flat-bottom-box-pouch","status":"publish","type":"product","link":"https:\/\/www.stanleypackage.com\/fr\/product\/oem-flat-bottom-box-pouch\/","title":{"rendered":"Bo\u00eete \u00e0 fond plat OEM, emballage de flocons d'avoine avec impression personnalis\u00e9e"},"content":{"rendered":"<div class=\"wp-block-columns is-layout-flex wp-container-core-columns-is-layout-9d6595d7 wp-block-columns-is-layout-flex\">\n<div class=\"wp-block-column is-layout-flow wp-block-column-is-layout-flow\">\n<h2 class=\"wp-block-heading\">Caract\u00e9ristiques de la pochette de bo\u00eete \u00e0 fond plat OEM<\/h2>\n\n\n\n<ul class=\"wp-block-list\">\n<li><strong>Forme unique de la bo\u00eete pour un aspect haut de gamme : <\/strong>Cette pochette OEM \u00e0 fond plat est dot\u00e9e d'un processus de scellage sur 8 c\u00f4t\u00e9s et cr\u00e9e un fond de bo\u00eete stable, ce qui lui conf\u00e8re un aspect magnifique et de qualit\u00e9 sup\u00e9rieure.<\/li>\n\n\n\n<li><strong>Stabilit\u00e9 sup\u00e9rieure en rayon : <\/strong>La structure large et plate du fond de ce sac \u00e0 sceller 8 c\u00f4t\u00e9s offre une stabilit\u00e9 in\u00e9gal\u00e9e, garantissant une stabilit\u00e9 \u00e0 toute \u00e9preuve sur l'\u00e9tag\u00e8re, emp\u00eachant efficacement le basculement et maximisant la surface d'exposition.<\/li>\n\n\n\n<li><strong>Exp\u00e9rience tactile et visuelle luxueuse :<\/strong> La face avant de cette pochette OEM \u00e0 fond plat est recouverte d'un traitement de surface PET mat, ce qui conf\u00e8re au mat\u00e9riau une r\u00e9sistance tr\u00e8s efficace aux rayures et un toucher d\u00e9licat et \u00e9l\u00e9gant, qui lui conf\u00e8re un aspect subtilement plus haut de gamme.<\/li>\n\n\n\n<li><strong>Affichage de marque de haute pr\u00e9cision : <\/strong>Notre sac \u00e0 sceller 8 c\u00f4t\u00e9s permet une impression personnalis\u00e9e haute d\u00e9finition jusqu'\u00e0 10 couleurs, avec une grande fid\u00e9lit\u00e9 des couleurs et des d\u00e9tails de motifs exquis, mettant parfaitement en valeur les logos et les conceptions complexes de la marque.<\/li>\n\n\n\n<li><strong>Excellente durabilit\u00e9 et protection : <\/strong>Notre pochette \u00e0 fond plat OEM est fabriqu\u00e9e en mat\u00e9riaux composites OPP et PET, offrant d'excellentes propri\u00e9t\u00e9s de r\u00e9sistance et de barri\u00e8re, de r\u00e9sistance \u00e0 l'humidit\u00e9 et de r\u00e9sistance \u00e0 la d\u00e9chirure, prot\u00e9geant efficacement la fra\u00eecheur et la qualit\u00e9 des produits tels que l'avoine et les c\u00e9r\u00e9ales \u00e0 l'int\u00e9rieur.<\/li>\n<\/ul>\n\n\n\n<div class=\"wp-block-columns is-layout-flex wp-container-core-columns-is-layout-9d6595d7 wp-block-columns-is-layout-flex\">\n<div class=\"wp-block-column is-layout-flow wp-block-column-is-layout-flow\">\n<figure class=\"wp-block-image size-full\"><img decoding=\"async\" width=\"750\" height=\"750\" src=\"https:\/\/www.stanleypackage.com\/wp-content\/uploads\/2025\/11\/Custom-Print-Oatmeal-Bags-Instant-Food-Flat-Bottom-Pouches-5.webp\" alt=\"\" class=\"wp-image-3840\" srcset=\"https:\/\/www.stanleypackage.com\/wp-content\/uploads\/2025\/11\/Custom-Print-Oatmeal-Bags-Instant-Food-Flat-Bottom-Pouches-5.webp 750w, https:\/\/www.stanleypackage.com\/wp-content\/uploads\/2025\/11\/Custom-Print-Oatmeal-Bags-Instant-Food-Flat-Bottom-Pouches-5-300x300.webp 300w, https:\/\/www.stanleypackage.com\/wp-content\/uploads\/2025\/11\/Custom-Print-Oatmeal-Bags-Instant-Food-Flat-Bottom-Pouches-5-150x150.webp 150w, https:\/\/www.stanleypackage.com\/wp-content\/uploads\/2025\/11\/Custom-Print-Oatmeal-Bags-Instant-Food-Flat-Bottom-Pouches-5-12x12.webp 12w, https:\/\/www.stanleypackage.com\/wp-content\/uploads\/2025\/11\/Custom-Print-Oatmeal-Bags-Instant-Food-Flat-Bottom-Pouches-5-600x600.webp 600w, https:\/\/www.stanleypackage.com\/wp-content\/uploads\/2025\/11\/Custom-Print-Oatmeal-Bags-Instant-Food-Flat-Bottom-Pouches-5-100x100.webp 100w\" sizes=\"(max-width: 750px) 100vw, 750px\" \/><\/figure>\n<\/div>\n\n\n\n<div class=\"wp-block-column is-layout-flow wp-block-column-is-layout-flow\">\n<figure class=\"wp-block-image size-full\"><img decoding=\"async\" width=\"750\" height=\"750\" src=\"https:\/\/www.stanleypackage.com\/wp-content\/uploads\/2025\/11\/Custom-Print-Oatmeal-Bags-Instant-Food-Flat-Bottom-Pouches-4.webp\" alt=\"\" class=\"wp-image-3841\" srcset=\"https:\/\/www.stanleypackage.com\/wp-content\/uploads\/2025\/11\/Custom-Print-Oatmeal-Bags-Instant-Food-Flat-Bottom-Pouches-4.webp 750w, https:\/\/www.stanleypackage.com\/wp-content\/uploads\/2025\/11\/Custom-Print-Oatmeal-Bags-Instant-Food-Flat-Bottom-Pouches-4-300x300.webp 300w, https:\/\/www.stanleypackage.com\/wp-content\/uploads\/2025\/11\/Custom-Print-Oatmeal-Bags-Instant-Food-Flat-Bottom-Pouches-4-150x150.webp 150w, https:\/\/www.stanleypackage.com\/wp-content\/uploads\/2025\/11\/Custom-Print-Oatmeal-Bags-Instant-Food-Flat-Bottom-Pouches-4-12x12.webp 12w, https:\/\/www.stanleypackage.com\/wp-content\/uploads\/2025\/11\/Custom-Print-Oatmeal-Bags-Instant-Food-Flat-Bottom-Pouches-4-600x600.webp 600w, https:\/\/www.stanleypackage.com\/wp-content\/uploads\/2025\/11\/Custom-Print-Oatmeal-Bags-Instant-Food-Flat-Bottom-Pouches-4-100x100.webp 100w\" sizes=\"(max-width: 750px) 100vw, 750px\" \/><\/figure>\n<\/div>\n<\/div>\n<\/div>\n<\/div>\n\n\n\n<p><\/p>","protected":false},"excerpt":{"rendered":"<p>Nous vous invitons \u00e0 commander des sachets \u00e0 fond plat OEM. Ce sac \u00e0 sceller sur 8 c\u00f4t\u00e9s est id\u00e9al pour les aliments secs, tels que l'avoine et les c\u00e9r\u00e9ales. Le fond large et plat assure une stabilit\u00e9 optimale en rayon et se distinguera par une impression en 10 couleurs.<\/p>\n<table style=\"border-collapse: collapse; width: 365.02pt;\" border=\"0\" width=\"365\" cellspacing=\"0\" cellpadding=\"0\">\n<tbody>\n<tr style=\"height: 16.00pt;\">\n<td class=\"et2\" style=\"height: 16.00pt; width: 97.50pt;\" width=\"97\" height=\"16\">Fabricant<\/td>\n<td class=\"et2\" style=\"width: 267.50pt;\" width=\"267\">Stanley<\/td>\n<\/tr>\n<tr style=\"height: 16.00pt;\">\n<td class=\"et2\" style=\"height: 16.00pt; width: 97.50pt;\" width=\"97\" height=\"16\">Types de pochettes<\/td>\n<td class=\"et2\" style=\"width: 267.50pt;\" width=\"267\">Pochette \u00e0 fond plat \u00e0 8 soudures lat\u00e9rales<\/td>\n<\/tr>\n<tr style=\"height: 31.00pt;\">\n<td class=\"et2\" style=\"height: 31.00pt; width: 97.50pt;\" width=\"97\" height=\"31\">Mat\u00e9riau<\/td>\n<td class=\"et2\" style=\"width: 267.50pt;\" width=\"267\">Au recto : PET15\/POPP60\/PE70 mat<br \/>Face : PET15\/POPP60\/PE50 mat<\/td>\n<\/tr>\n<tr style=\"height: 16.00pt;\">\n<td class=\"et2\" style=\"height: 16.00pt; width: 97.50pt;\" width=\"97\" height=\"16\">Dossier sp\u00e9cial<\/td>\n<td class=\"et2\" style=\"width: 267.50pt;\" width=\"267\">8 Joint lat\u00e9ral, encoche de d\u00e9chirure<\/td>\n<\/tr>\n<tr style=\"height: 16.00pt;\">\n<td class=\"et2\" style=\"height: 16.00pt; width: 97.50pt;\" width=\"97\" height=\"16\">Manipulation de surface<\/td>\n<td class=\"et2\" style=\"width: 267.50pt;\" width=\"267\">Impression en h\u00e9liogravure<\/td>\n<\/tr>\n<tr style=\"height: 16.00pt;\">\n<td class=\"et2\" style=\"height: 16.00pt; width: 97.50pt;\" width=\"97\" height=\"16\">Couleur<\/td>\n<td class=\"et2\" style=\"width: 267.50pt;\" width=\"267\">Jusqu'\u00e0 10 couleurs<\/td>\n<\/tr>\n<tr style=\"height: 16.00pt;\">\n<td class=\"et2\" style=\"height: 16.00pt; width: 97.50pt;\" width=\"97\" height=\"16\">Utilisation<\/td>\n<td class=\"et2\" style=\"width: 267.50pt;\" width=\"267\">Caf\u00e9\u3001Snack\u3001Pain<\/td>\n<\/tr>\n<tr style=\"height: 16.00pt;\">\n<td class=\"et2\" style=\"height: 16.00pt; width: 97.50pt;\" width=\"97\" height=\"16\">MOQ<\/td>\n<td class=\"et2\" style=\"width: 267.50pt;\" width=\"267\">50 000 pi\u00e8ces<\/td>\n<\/tr>\n<tr style=\"height: 16.00pt;\">\n<td class=\"et2\" style=\"height: 16.00pt; width: 97.50pt;\" width=\"97\" height=\"16\">Commande personnalis\u00e9e<\/td>\n<td class=\"et2\" style=\"width: 267.50pt;\" width=\"267\">Accepter le support OEM \u00c9chantillon gratuit<\/td>\n<\/tr>\n<\/tbody>\n<\/table>","protected":false},"featured_media":3836,"comment_status":"closed","ping_status":"closed","template":"","meta":{"_acf_changed":false},"product_brand":[],"product_cat":[24],"product_tag":[],"class_list":{"0":"post-3835","1":"product","2":"type-product","3":"status-publish","4":"has-post-thumbnail","6":"product_cat-flat-bottom-pouch-manufacturer","7":"pa_food-packaging-oatmeal-pouch","9":"first","10":"instock","11":"shipping-taxable","12":"product-type-simple"},"acf":[],"_links":{"self":[{"href":"https:\/\/www.stanleypackage.com\/fr\/wp-json\/wp\/v2\/product\/3835","targetHints":{"allow":["GET"]}}],"collection":[{"href":"https:\/\/www.stanleypackage.com\/fr\/wp-json\/wp\/v2\/product"}],"about":[{"href":"https:\/\/www.stanleypackage.com\/fr\/wp-json\/wp\/v2\/types\/product"}],"replies":[{"embeddable":true,"href":"https:\/\/www.stanleypackage.com\/fr\/wp-json\/wp\/v2\/comments?post=3835"}],"wp:featuredmedia":[{"embeddable":true,"href":"https:\/\/www.stanleypackage.com\/fr\/wp-json\/wp\/v2\/media\/3836"}],"wp:attachment":[{"href":"https:\/\/www.stanleypackage.com\/fr\/wp-json\/wp\/v2\/media?parent=3835"}],"wp:term":[{"taxonomy":"product_brand","embeddable":true,"href":"https:\/\/www.stanleypackage.com\/fr\/wp-json\/wp\/v2\/product_brand?post=3835"},{"taxonomy":"product_cat","embeddable":true,"href":"https:\/\/www.stanleypackage.com\/fr\/wp-json\/wp\/v2\/product_cat?post=3835"},{"taxonomy":"product_tag","embeddable":true,"href":"https:\/\/www.stanleypackage.com\/fr\/wp-json\/wp\/v2\/product_tag?post=3835"}],"curies":[{"name":"wp","href":"https:\/\/api.w.org\/{rel}","templated":true}]}}