{"id":3842,"date":"2025-11-26T06:33:35","date_gmt":"2025-11-26T06:33:35","guid":{"rendered":"https:\/\/www.stanleypackage.com\/?post_type=product&#038;p=3842"},"modified":"2025-11-26T06:33:42","modified_gmt":"2025-11-26T06:33:42","slug":"custom-printed-pouch","status":"publish","type":"product","link":"https:\/\/www.stanleypackage.com\/fr\/product\/custom-printed-pouch\/","title":{"rendered":"Pochette imprim\u00e9e personnalis\u00e9e de qualit\u00e9 alimentaire, pochettes OEM pour snacks de fruits"},"content":{"rendered":"<div class=\"wp-block-columns is-layout-flex wp-container-core-columns-is-layout-9d6595d7 wp-block-columns-is-layout-flex\">\n<div class=\"wp-block-column is-layout-flow wp-block-column-is-layout-flow\">\n<h2 class=\"wp-block-heading\">Caract\u00e9ristiques de la pochette imprim\u00e9e personnalis\u00e9e pour les collations aux fruits<\/h2>\n\n\n\n<ul class=\"wp-block-list\">\n<li><strong>Mat\u00e9riaux de qualit\u00e9 alimentaire s\u00fbrs, prot\u00e9geant la sant\u00e9 : <\/strong>Cette pochette imprim\u00e9e personnalis\u00e9e pour les snacks utilise un mat\u00e9riau composite PET12\/MBPE105 qui r\u00e9pond aux normes nationales. S\u00fbr et inodore, il offre une protection sanitaire fiable pour les emballages alimentaires, ce qui permet aux consommateurs de d\u00e9guster leurs aliments en toute tranquillit\u00e9.<\/li>\n\n\n\n<li><strong>Conception autoportante du fond, affichage de qualit\u00e9 sup\u00e9rieure : <\/strong>Nos sachets \u00e0 fond plat ont un design distinct qui permet un emballage stable en rayon, ce qui permet d'utiliser au mieux l'espace en rayon et la pr\u00e9sentation visuelle, am\u00e9liorant ainsi la qualit\u00e9 per\u00e7ue du produit et l'image du terminal.<\/li>\n\n\n\n<li><strong>Ouverture d'un seul coup, acc\u00e8s facile :<\/strong> L'ouverture facile \u00e0 d\u00e9chirer de cette pochette imprim\u00e9e personnalis\u00e9e pour snacks rend l'ouverture du sac facile et sans effort, ce qui am\u00e9liore consid\u00e9rablement la commodit\u00e9 et l'exp\u00e9rience pour les consommateurs.<\/li>\n\n\n\n<li><strong>Facile \u00e0 suspendre, peu encombrant : <\/strong>Nos pochettes sur mesure sont dot\u00e9es de trous de suspension pr\u00e9-perc\u00e9s en haut, ce qui permet d'utiliser pleinement les \u00e9tag\u00e8res suspendues des supermarch\u00e9s pour une pr\u00e9sentation tridimensionnelle. Cela permet non seulement d'\u00e9conomiser de l'espace d'affichage, mais aussi d'augmenter la visibilit\u00e9 du produit.<\/li>\n\n\n\n<li><strong>Blocage sup\u00e9rieur de la lumi\u00e8re et pr\u00e9servation de la fra\u00eecheur : <\/strong>Nos sachets imprim\u00e9s personnalis\u00e9s pour les snacks ont d'excellentes propri\u00e9t\u00e9s de blocage de la lumi\u00e8re et de r\u00e9sistance \u00e0 l'humidit\u00e9, emp\u00eachant efficacement la lumi\u00e8re directe du soleil et l'intrusion de l'humidit\u00e9, ce qui contribue \u00e0 pr\u00e9server la saveur, la couleur et la texture croustillante originales des fruits et des snacks.<\/li>\n<\/ul>\n\n\n\n<div class=\"wp-block-columns is-layout-flex wp-container-core-columns-is-layout-9d6595d7 wp-block-columns-is-layout-flex\">\n<div class=\"wp-block-column is-layout-flow wp-block-column-is-layout-flow\">\n<figure class=\"wp-block-image size-full\"><img decoding=\"async\" width=\"750\" height=\"750\" src=\"https:\/\/www.stanleypackage.com\/wp-content\/uploads\/2025\/11\/OEM-Food-Package-Bag-Custom-Print-Preserved-Friut-Stand-Up-Pouch-2.jpg\" alt=\"\" class=\"wp-image-3843\" srcset=\"https:\/\/www.stanleypackage.com\/wp-content\/uploads\/2025\/11\/OEM-Food-Package-Bag-Custom-Print-Preserved-Friut-Stand-Up-Pouch-2.jpg 750w, https:\/\/www.stanleypackage.com\/wp-content\/uploads\/2025\/11\/OEM-Food-Package-Bag-Custom-Print-Preserved-Friut-Stand-Up-Pouch-2-300x300.jpg 300w, https:\/\/www.stanleypackage.com\/wp-content\/uploads\/2025\/11\/OEM-Food-Package-Bag-Custom-Print-Preserved-Friut-Stand-Up-Pouch-2-150x150.jpg 150w, https:\/\/www.stanleypackage.com\/wp-content\/uploads\/2025\/11\/OEM-Food-Package-Bag-Custom-Print-Preserved-Friut-Stand-Up-Pouch-2-12x12.jpg 12w, https:\/\/www.stanleypackage.com\/wp-content\/uploads\/2025\/11\/OEM-Food-Package-Bag-Custom-Print-Preserved-Friut-Stand-Up-Pouch-2-600x600.jpg 600w, https:\/\/www.stanleypackage.com\/wp-content\/uploads\/2025\/11\/OEM-Food-Package-Bag-Custom-Print-Preserved-Friut-Stand-Up-Pouch-2-100x100.jpg 100w\" sizes=\"(max-width: 750px) 100vw, 750px\" \/><\/figure>\n<\/div>\n\n\n\n<div class=\"wp-block-column is-layout-flow wp-block-column-is-layout-flow\">\n<figure class=\"wp-block-image size-full\"><img decoding=\"async\" width=\"750\" height=\"750\" src=\"https:\/\/www.stanleypackage.com\/wp-content\/uploads\/2025\/11\/OEM-Food-Package-Bag-Custom-Print-Preserved-Friut-Stand-Up-Pouch-5.jpg\" alt=\"\" class=\"wp-image-3844\" srcset=\"https:\/\/www.stanleypackage.com\/wp-content\/uploads\/2025\/11\/OEM-Food-Package-Bag-Custom-Print-Preserved-Friut-Stand-Up-Pouch-5.jpg 750w, https:\/\/www.stanleypackage.com\/wp-content\/uploads\/2025\/11\/OEM-Food-Package-Bag-Custom-Print-Preserved-Friut-Stand-Up-Pouch-5-300x300.jpg 300w, https:\/\/www.stanleypackage.com\/wp-content\/uploads\/2025\/11\/OEM-Food-Package-Bag-Custom-Print-Preserved-Friut-Stand-Up-Pouch-5-150x150.jpg 150w, https:\/\/www.stanleypackage.com\/wp-content\/uploads\/2025\/11\/OEM-Food-Package-Bag-Custom-Print-Preserved-Friut-Stand-Up-Pouch-5-12x12.jpg 12w, https:\/\/www.stanleypackage.com\/wp-content\/uploads\/2025\/11\/OEM-Food-Package-Bag-Custom-Print-Preserved-Friut-Stand-Up-Pouch-5-600x600.jpg 600w, https:\/\/www.stanleypackage.com\/wp-content\/uploads\/2025\/11\/OEM-Food-Package-Bag-Custom-Print-Preserved-Friut-Stand-Up-Pouch-5-100x100.jpg 100w\" sizes=\"(max-width: 750px) 100vw, 750px\" \/><\/figure>\n<\/div>\n<\/div>\n<\/div>\n<\/div>","protected":false},"excerpt":{"rendered":"<p>Bienvenue sur le site de commande de sachets imprim\u00e9s personnalis\u00e9s pour les snacks. Nos sachets personnalis\u00e9s sont fabriqu\u00e9s \u00e0 partir de mat\u00e9riaux composites s\u00fbrs et respectueux de l'environnement, offrant une excellente protection. La structure inf\u00e9rieure autoportante facilite une pr\u00e9sentation stable.<\/p>\n<table style=\"border-collapse: collapse; width: 327.77pt;\" border=\"0\" width=\"437\" cellspacing=\"0\" cellpadding=\"0\">\n<tbody>\n<tr style=\"height: 12.75pt;\">\n<td class=\"et2\" style=\"height: 12.75pt; width: 91.40pt;\" width=\"121\" height=\"17\">Fabricant<\/td>\n<td class=\"et2\" style=\"width: 237.00pt;\" width=\"316\">Stanley<\/td>\n<\/tr>\n<tr style=\"height: 12.75pt;\">\n<td class=\"et2\" style=\"height: 12.75pt; width: 91.40pt;\" width=\"121\" height=\"17\">Types de pochettes<\/td>\n<td class=\"et3\">Pochette de rangement<\/td>\n<\/tr>\n<tr style=\"height: 12.75pt;\">\n<td class=\"et2\" style=\"height: 12.75pt; width: 91.40pt;\" width=\"121\" height=\"17\">Mat\u00e9riau<\/td>\n<td class=\"et2\" style=\"width: 237.00pt;\" width=\"316\">PET12\/MBPE105<\/td>\n<\/tr>\n<tr style=\"height: 12.75pt;\">\n<td class=\"et2\" style=\"height: 12.75pt; width: 91.40pt;\" width=\"121\" height=\"17\">Dossier sp\u00e9cial<\/td>\n<td class=\"et2\" style=\"width: 237.00pt;\" width=\"316\">Fond de la pochette, encoche de d\u00e9chirure facile, trou de suspension<\/td>\n<\/tr>\n<tr style=\"height: 12.75pt;\">\n<td class=\"et2\" style=\"height: 12.75pt; width: 91.40pt;\" width=\"121\" height=\"17\">Manipulation de surface<\/td>\n<td class=\"et2\" style=\"width: 237.00pt;\" width=\"316\">Impression en h\u00e9liogravure<\/td>\n<\/tr>\n<tr style=\"height: 12.75pt;\">\n<td class=\"et2\" style=\"height: 12.75pt; width: 91.40pt;\" width=\"121\" height=\"17\">Couleur<\/td>\n<td class=\"et2\" style=\"width: 237.00pt;\" width=\"316\">Jusqu'\u00e0 10 couleurs<\/td>\n<\/tr>\n<tr style=\"height: 12.75pt;\">\n<td class=\"et2\" style=\"height: 12.75pt; width: 91.40pt;\" width=\"121\" height=\"17\">Utilisation<\/td>\n<td class=\"et3\">Fruits \u00e0 grignoter, bonbons, noix, aliments secs<\/td>\n<\/tr>\n<tr style=\"height: 12.75pt;\">\n<td class=\"et2\" style=\"height: 12.75pt; width: 91.40pt;\" width=\"121\" height=\"17\">MOQ<\/td>\n<td class=\"et2\" style=\"width: 237.00pt;\" width=\"316\">50 000 pi\u00e8ces<\/td>\n<\/tr>\n<tr style=\"height: 12.75pt;\">\n<td class=\"et2\" style=\"height: 12.75pt; width: 91.40pt;\" width=\"121\" height=\"17\">Commande personnalis\u00e9e<\/td>\n<td class=\"et2\" style=\"width: 237.00pt;\" width=\"316\">Acceptation de l'OEM, prise en charge de l'\u00e9chantillonnage gratuit<\/td>\n<\/tr>\n<\/tbody>\n<\/table>","protected":false},"featured_media":3845,"comment_status":"closed","ping_status":"closed","template":"","meta":{"_acf_changed":false},"product_brand":[],"product_cat":[30],"product_tag":[],"class_list":{"0":"post-3842","1":"product","2":"type-product","3":"status-publish","4":"has-post-thumbnail","6":"product_cat-stand-up-pouch-manufacturer","7":"pa_food-packaging-snack-food-pouch","9":"first","10":"instock","11":"shipping-taxable","12":"product-type-simple"},"acf":[],"_links":{"self":[{"href":"https:\/\/www.stanleypackage.com\/fr\/wp-json\/wp\/v2\/product\/3842","targetHints":{"allow":["GET"]}}],"collection":[{"href":"https:\/\/www.stanleypackage.com\/fr\/wp-json\/wp\/v2\/product"}],"about":[{"href":"https:\/\/www.stanleypackage.com\/fr\/wp-json\/wp\/v2\/types\/product"}],"replies":[{"embeddable":true,"href":"https:\/\/www.stanleypackage.com\/fr\/wp-json\/wp\/v2\/comments?post=3842"}],"wp:featuredmedia":[{"embeddable":true,"href":"https:\/\/www.stanleypackage.com\/fr\/wp-json\/wp\/v2\/media\/3845"}],"wp:attachment":[{"href":"https:\/\/www.stanleypackage.com\/fr\/wp-json\/wp\/v2\/media?parent=3842"}],"wp:term":[{"taxonomy":"product_brand","embeddable":true,"href":"https:\/\/www.stanleypackage.com\/fr\/wp-json\/wp\/v2\/product_brand?post=3842"},{"taxonomy":"product_cat","embeddable":true,"href":"https:\/\/www.stanleypackage.com\/fr\/wp-json\/wp\/v2\/product_cat?post=3842"},{"taxonomy":"product_tag","embeddable":true,"href":"https:\/\/www.stanleypackage.com\/fr\/wp-json\/wp\/v2\/product_tag?post=3842"}],"curies":[{"name":"wp","href":"https:\/\/api.w.org\/{rel}","templated":true}]}}