{"id":3849,"date":"2025-11-26T04:02:57","date_gmt":"2025-11-26T04:02:57","guid":{"rendered":"https:\/\/www.stanleypackage.com\/?post_type=product&#038;p=3849"},"modified":"2025-11-26T04:03:04","modified_gmt":"2025-11-26T04:03:04","slug":"face-sheet-mask-packaging","status":"publish","type":"product","link":"https:\/\/www.stanleypackage.com\/fr\/product\/face-sheet-mask-packaging\/","title":{"rendered":"Emballage de masques de protection, sachets en aluminium \u00e0 3 soudures sur mesure"},"content":{"rendered":"<div class=\"wp-block-columns is-layout-flex wp-container-core-columns-is-layout-9d6595d7 wp-block-columns-is-layout-flex\">\n<div class=\"wp-block-column is-layout-flow wp-block-column-is-layout-flow\">\n<h2 class=\"wp-block-heading\">Caract\u00e9ristiques de l'emballage des masques sur mesure<\/h2>\n\n\n\n<ul class=\"wp-block-list\">\n<li><strong>Feuille d'aluminium de premi\u00e8re qualit\u00e9 \u00e0 haute barri\u00e8re : <\/strong>Notre emballage personnalis\u00e9 pour les masques en feuilles utilise une feuille d'aluminium (AL7) qui bloque parfaitement la lumi\u00e8re, l'oxyg\u00e8ne et l'humidit\u00e9. Cela garantit que les ingr\u00e9dients actifs contenus dans l'essence du masque restent frais jusqu'\u00e0 ce qu'ils soient pr\u00eats \u00e0 \u00eatre utilis\u00e9s, vous procurant ainsi des avantages efficaces en mati\u00e8re de soins de la peau lors de l'utilisation du masque.<\/li>\n\n\n\n<li><strong>Impression haute d\u00e9finition recto-verso :<\/strong> Notre pochette en aluminium \u00e0 sceller sur trois c\u00f4t\u00e9s permet une impression double face exquise avec jusqu'\u00e0 10 couleurs, ce qui permet de diffuser des informations compl\u00e8tes sur la marque et d'obtenir une sensation haut de gamme.<\/li>\n\n\n\n<li><strong>Conception conviviale, commode et pratique : <\/strong>Le trou d'accrochage situ\u00e9 sur le dessus de cet emballage personnalis\u00e9 pour masque de beaut\u00e9 permet de le suspendre dans les rayons des supermarch\u00e9s, ce qui am\u00e9liore l'efficacit\u00e9 de la pr\u00e9sentation. L'ouverture facile \u00e0 d\u00e9chirer permet une ouverture en douceur et sans effort, optimisant ainsi l'exp\u00e9rience du consommateur.<\/li>\n\n\n\n<li><strong>Mat\u00e9riau durable et \u00e9tanche : <\/strong>Ce sachet personnalis\u00e9 \u00e0 trois c\u00f4t\u00e9s combine une couche ext\u00e9rieure en PET et une couche int\u00e9rieure en PE de grande \u00e9paisseur, ce qui lui conf\u00e8re une excellente r\u00e9sistance \u00e0 la traction et \u00e0 la perforation.<\/li>\n\n\n\n<li><strong>Personnalisation flexible et soutien aux \u00e9chantillons : <\/strong>Nous offrons des services complets de personnalisation OEM pour les emballages de masques de protection personnalis\u00e9s. Les tailles, les formes et les motifs peuvent tous \u00eatre con\u00e7us en fonction de vos besoins, et un \u00e9chantillonnage gratuit est disponible.<\/li>\n<\/ul>\n\n\n\n<div class=\"wp-block-columns is-layout-flex wp-container-core-columns-is-layout-9d6595d7 wp-block-columns-is-layout-flex\">\n<div class=\"wp-block-column is-layout-flow wp-block-column-is-layout-flow\">\n<figure class=\"wp-block-image size-full\"><img decoding=\"async\" width=\"750\" height=\"750\" src=\"https:\/\/www.stanleypackage.com\/wp-content\/uploads\/2025\/11\/Custom-Packaging-Bag-Of-Face-Mask-Factory-OEM-3-Side-Seal-Pouch-3.webp\" alt=\"\" class=\"wp-image-3850\" srcset=\"https:\/\/www.stanleypackage.com\/wp-content\/uploads\/2025\/11\/Custom-Packaging-Bag-Of-Face-Mask-Factory-OEM-3-Side-Seal-Pouch-3.webp 750w, https:\/\/www.stanleypackage.com\/wp-content\/uploads\/2025\/11\/Custom-Packaging-Bag-Of-Face-Mask-Factory-OEM-3-Side-Seal-Pouch-3-300x300.webp 300w, https:\/\/www.stanleypackage.com\/wp-content\/uploads\/2025\/11\/Custom-Packaging-Bag-Of-Face-Mask-Factory-OEM-3-Side-Seal-Pouch-3-150x150.webp 150w, https:\/\/www.stanleypackage.com\/wp-content\/uploads\/2025\/11\/Custom-Packaging-Bag-Of-Face-Mask-Factory-OEM-3-Side-Seal-Pouch-3-12x12.webp 12w, https:\/\/www.stanleypackage.com\/wp-content\/uploads\/2025\/11\/Custom-Packaging-Bag-Of-Face-Mask-Factory-OEM-3-Side-Seal-Pouch-3-600x600.webp 600w, https:\/\/www.stanleypackage.com\/wp-content\/uploads\/2025\/11\/Custom-Packaging-Bag-Of-Face-Mask-Factory-OEM-3-Side-Seal-Pouch-3-100x100.webp 100w\" sizes=\"(max-width: 750px) 100vw, 750px\" \/><\/figure>\n<\/div>\n\n\n\n<div class=\"wp-block-column is-layout-flow wp-block-column-is-layout-flow\">\n<figure class=\"wp-block-image size-full\"><img decoding=\"async\" width=\"750\" height=\"750\" src=\"https:\/\/www.stanleypackage.com\/wp-content\/uploads\/2025\/11\/Custom-Packaging-Bag-Of-Face-Mask-Factory-OEM-3-Side-Seal-Pouch-7.webp\" alt=\"\" class=\"wp-image-3851\" srcset=\"https:\/\/www.stanleypackage.com\/wp-content\/uploads\/2025\/11\/Custom-Packaging-Bag-Of-Face-Mask-Factory-OEM-3-Side-Seal-Pouch-7.webp 750w, https:\/\/www.stanleypackage.com\/wp-content\/uploads\/2025\/11\/Custom-Packaging-Bag-Of-Face-Mask-Factory-OEM-3-Side-Seal-Pouch-7-300x300.webp 300w, https:\/\/www.stanleypackage.com\/wp-content\/uploads\/2025\/11\/Custom-Packaging-Bag-Of-Face-Mask-Factory-OEM-3-Side-Seal-Pouch-7-150x150.webp 150w, https:\/\/www.stanleypackage.com\/wp-content\/uploads\/2025\/11\/Custom-Packaging-Bag-Of-Face-Mask-Factory-OEM-3-Side-Seal-Pouch-7-12x12.webp 12w, https:\/\/www.stanleypackage.com\/wp-content\/uploads\/2025\/11\/Custom-Packaging-Bag-Of-Face-Mask-Factory-OEM-3-Side-Seal-Pouch-7-600x600.webp 600w, https:\/\/www.stanleypackage.com\/wp-content\/uploads\/2025\/11\/Custom-Packaging-Bag-Of-Face-Mask-Factory-OEM-3-Side-Seal-Pouch-7-100x100.webp 100w\" sizes=\"(max-width: 750px) 100vw, 750px\" \/><\/figure>\n<\/div>\n<\/div>\n<\/div>\n<\/div>","protected":false},"excerpt":{"rendered":"<p>Nous vous invitons \u00e0 commander des emballages personnalis\u00e9s pour vos masques de beaut\u00e9. Cette pochette en aluminium personnalis\u00e9e, scell\u00e9e sur trois c\u00f4t\u00e9s, bloque efficacement la lumi\u00e8re, l'oxyg\u00e8ne et l'humidit\u00e9. La pochette est dot\u00e9e d'un trou de suspension et d'une ouverture facile \u00e0 d\u00e9chirer pour une pr\u00e9sentation pratique au d\u00e9tail et une utilisation par le consommateur.<\/p>\n<table width=\"365\">\n<tbody>\n<tr>\n<td width=\"97\">Fabricant<\/td>\n<td width=\"267\">Stanley<\/td>\n<\/tr>\n<tr>\n<td width=\"97\">Types de pochettes<\/td>\n<td width=\"267\">Pochette \u00e0 3 soudures lat\u00e9rales<\/td>\n<\/tr>\n<tr>\n<td width=\"97\">Mat\u00e9riau<\/td>\n<td width=\"267\">PET12\/AL7\/PE105<\/td>\n<\/tr>\n<tr>\n<td width=\"97\">Dossier sp\u00e9cial<\/td>\n<td width=\"267\">Trou de suspension, encoche de d\u00e9chirure\u00a0<\/td>\n<\/tr>\n<tr>\n<td width=\"97\">Manipulation de surface<\/td>\n<td width=\"267\">Impression en h\u00e9liogravure<\/td>\n<\/tr>\n<tr>\n<td width=\"97\">Couleur<\/td>\n<td width=\"267\">Impression recto-verso, jusqu'\u00e0 10 couleurs<\/td>\n<\/tr>\n<tr>\n<td width=\"97\">Utilisation<\/td>\n<td width=\"267\">masque facial, cr\u00e8me pour les yeux, lotion<\/td>\n<\/tr>\n<tr>\n<td width=\"97\">MOQ<\/td>\n<td width=\"267\">50 000 pi\u00e8ces<\/td>\n<\/tr>\n<tr>\n<td width=\"97\">Commande personnalis\u00e9e<\/td>\n<td width=\"267\">Acceptation de l'OEM, prise en charge de l'\u00e9chantillonnage gratuit<\/td>\n<\/tr>\n<\/tbody>\n<\/table>","protected":false},"featured_media":3852,"comment_status":"closed","ping_status":"closed","template":"","meta":{"_acf_changed":false},"product_brand":[],"product_cat":[28,31],"product_tag":[],"class_list":{"0":"post-3849","1":"product","2":"type-product","3":"status-publish","4":"has-post-thumbnail","6":"product_cat-three-side-seal-pouch-manufacturer","7":"product_cat-lay-flat-pouch-manufacturer","8":"pa_non-food-packaging-cosmetic-packaging-pouches","10":"first","11":"instock","12":"shipping-taxable","13":"product-type-simple"},"acf":[],"_links":{"self":[{"href":"https:\/\/www.stanleypackage.com\/fr\/wp-json\/wp\/v2\/product\/3849","targetHints":{"allow":["GET"]}}],"collection":[{"href":"https:\/\/www.stanleypackage.com\/fr\/wp-json\/wp\/v2\/product"}],"about":[{"href":"https:\/\/www.stanleypackage.com\/fr\/wp-json\/wp\/v2\/types\/product"}],"replies":[{"embeddable":true,"href":"https:\/\/www.stanleypackage.com\/fr\/wp-json\/wp\/v2\/comments?post=3849"}],"wp:featuredmedia":[{"embeddable":true,"href":"https:\/\/www.stanleypackage.com\/fr\/wp-json\/wp\/v2\/media\/3852"}],"wp:attachment":[{"href":"https:\/\/www.stanleypackage.com\/fr\/wp-json\/wp\/v2\/media?parent=3849"}],"wp:term":[{"taxonomy":"product_brand","embeddable":true,"href":"https:\/\/www.stanleypackage.com\/fr\/wp-json\/wp\/v2\/product_brand?post=3849"},{"taxonomy":"product_cat","embeddable":true,"href":"https:\/\/www.stanleypackage.com\/fr\/wp-json\/wp\/v2\/product_cat?post=3849"},{"taxonomy":"product_tag","embeddable":true,"href":"https:\/\/www.stanleypackage.com\/fr\/wp-json\/wp\/v2\/product_tag?post=3849"}],"curies":[{"name":"wp","href":"https:\/\/api.w.org\/{rel}","templated":true}]}}